{"id":4692,"date":"2025-05-14T22:43:12","date_gmt":"2025-05-14T22:43:12","guid":{"rendered":"https:\/\/aplicaexcelcontable.com\/cys\/?page_id=4692"},"modified":"2025-06-18T20:48:24","modified_gmt":"2025-06-18T20:48:24","slug":"sesiones-gratis-entrenamiento-sa","status":"publish","type":"page","link":"https:\/\/aplicaexcelcontable.com\/cys\/sesiones-gratis-entrenamiento-sa\/","title":{"rendered":"Sesiones gratis Entrenamiento SA"},"content":{"rendered":"<p style=\"text-align: center;\">Entrenamiento en vivo<\/p>\n<h1 style=\"text-align: center;\">[Clase #1 Entrenamiento en vivo]<\/h1>\n<p style=\"text-align: center;\">Para descargar el Sistema Contable Avanzado y solicitar los archivos complementarios que se comparte en las clases, tan solo inscr\u00edbete desde aqu\u00ed &gt;&gt; <a href=\"https:\/\/buy.stripe.com\/6oEcOlakz3i40Wk7tD\" target=\"_blank\" style=\"outline: none;\">Inscribirme en el Entrenamiento<\/a> &lt;&lt;.<\/p>\n<h3 style=\"text-align: center;\">Ver repetici\u00f3n de la Clase en vivo #1<\/h3>\n<h2>Accede a todas las clases hoy!<\/h2>\n<p style=\"\">Puedes acceder a las clases en vivo, ver las repeticiones en el horario de preferencia, descargar los archivos libres en Excel, tan solo inscr\u00edbete en el Curso entrenamiento:<\/p>\n<h6 style=\"\">Clase en Vivo #1<\/h6>\n<p style=\"\">Tendr\u00e1s acceso a la primera clase en vivo del Entrenamiento Sistema Contable Avanzado, la clase #2,3,4 (Estar\u00e1 disponible solo para alumnos inscritos) &nbsp;y dos sesiones mas estar\u00e1n dedicadas solo para el Sistema Contable Avanzado.<\/p>\n<h3 style=\"text-align: center;\">Ver primeros minutos de la Clase en vivo #2, #3, #4<\/h3>\n<h6 style=\"\">Clase en Vivo #5<\/h6>\n<p style=\"\">Esta clase en vivo estar\u00e1 activo para ti, te notificaremos por correo cuando comencemos, la clase 5,6,7 y 8 ((Estar\u00e1 disponible solo para alumnos inscritos) sera un Entrenamiento exclusivo para el Sistema de Facturaci\u00f3n e Inventario Avanzado.<\/p>\n<h3 style=\"text-align: center;\">Ver primeros minutos de la Clase en vivo #6, #7 y #8<\/h3>\n<h6 style=\"\">Clase en Vivo #9 y 10<\/h6>\n<p style=\"\">Exclusivo para Alumnos Inscritos en el Curso Entrenamiento.<\/p>\n<h6 style=\"\">Clase en Vivo # 11,12,13,14,15,16 y 17<\/h6>\n<p style=\"\">Exclusivo para Alumnos Inscritos en el Curso Entrenamiento.<\/p>\n<h2>Listo para ser parte del Curso Entrenamiento Completo?<\/h2>\n<p>Inscr\u00edbete hoy desde el siguiente enlace:<\/p>\n","protected":false},"excerpt":{"rendered":"<p>Entrenamiento en vivo [Clase #1 Entrenamiento en vivo] Para descargar el Sistema Contable Avanzado y solicitar los archivos complementarios que se comparte en las clases, tan solo inscr\u00edbete desde aqu\u00ed &gt;&gt; Inscribirme en el Entrenamiento &lt;&lt;. Ver repetici\u00f3n de la Clase en vivo #1 Accede a todas las clases hoy! Puedes acceder a las clases [&hellip;]<\/p>\n","protected":false},"author":1,"featured_media":0,"parent":0,"menu_order":0,"comment_status":"closed","ping_status":"closed","template":"","meta":{"footnotes":"","tve_updated_post":"","tve_custom_css":"","tve_user_custom_css":"","tve_globals":{},"tcb2_ready":1,"tcb_editor_enabled":1,"tve_landing_page":"db8efac9780bb6239b14de0d9a0b343a","_tve_header":"0","_tve_footer":"0"},"class_list":["post-4692","page","type-page","status-publish","hentry","post-wrapper","thrv_wrapper"],"_links":{"self":[{"href":"https:\/\/aplicaexcelcontable.com\/cys\/wp-json\/wp\/v2\/pages\/4692","targetHints":{"allow":["GET"]}}],"collection":[{"href":"https:\/\/aplicaexcelcontable.com\/cys\/wp-json\/wp\/v2\/pages"}],"about":[{"href":"https:\/\/aplicaexcelcontable.com\/cys\/wp-json\/wp\/v2\/types\/page"}],"author":[{"embeddable":true,"href":"https:\/\/aplicaexcelcontable.com\/cys\/wp-json\/wp\/v2\/users\/1"}],"replies":[{"embeddable":true,"href":"https:\/\/aplicaexcelcontable.com\/cys\/wp-json\/wp\/v2\/comments?post=4692"}],"version-history":[{"count":47,"href":"https:\/\/aplicaexcelcontable.com\/cys\/wp-json\/wp\/v2\/pages\/4692\/revisions"}],"predecessor-version":[{"id":4789,"href":"https:\/\/aplicaexcelcontable.com\/cys\/wp-json\/wp\/v2\/pages\/4692\/revisions\/4789"}],"wp:attachment":[{"href":"https:\/\/aplicaexcelcontable.com\/cys\/wp-json\/wp\/v2\/media?parent=4692"}],"curies":[{"name":"wp","href":"https:\/\/api.w.org\/{rel}","templated":true}]}}