{"id":3556,"date":"2020-06-03T16:15:29","date_gmt":"2020-06-03T16:15:29","guid":{"rendered":"https:\/\/aplicaexcelcontable.com\/cys\/clone-of-semana-1-curso-aec\/"},"modified":"2020-09-01T15:05:42","modified_gmt":"2020-09-01T15:05:42","slug":"capitulo1-curso-aec","status":"publish","type":"page","link":"https:\/\/aplicaexcelcontable.com\/cys\/capitulo1-curso-aec\/","title":{"rendered":"Capitulo1 Curso AEC"},"content":{"rendered":"<h2 style=\"text-align: right;\">Capitulo 1 &#8211; Curso AEC<\/h2>\n<h2 style=\"text-align: center;\"><a href=\"https:\/\/aplicaexcelcontable.com\/cys\/capitulo2-curso-aec\/\" style=\"outline: none;\"><u>Ver Capitulo 2<\/u><\/a><\/h2>\n<p style=\"text-align: justify;\">En este v\u00eddeo vamos a crear el libro de trabajo e insertar las hojas necesarias para el Sistema Contable.<\/p>\n<p style=\"text-align: justify;\">En este v\u00eddeo vamos a dise\u00f1ar el formulario para generar la p\u00f3liza de Diario paso a paso.&nbsp;<\/p>\n<p style=\"text-align: justify;\">En este v\u00eddeo vamos a dise\u00f1ar el formulario para generar la p\u00f3liza de Ingreso paso a paso.<\/p>\n<p style=\"text-align: justify;\">En este v\u00eddeo vamos a dise\u00f1ar el formulario para generar la p\u00f3liza de Egreso paso a paso.&nbsp;<\/p>\n<p style=\"text-align: justify;\">En este v\u00eddeo vamos a dise\u00f1ar el formulario para generar Notas de D\u00e9bito paso a paso.&nbsp;<\/p>\n<p style=\"text-align: justify;\">En este v\u00eddeo vamos a dise\u00f1ar el formulario para generar Notas de Cr\u00e9dito paso a paso.<\/p>\n<p style=\"text-align: justify;\">En este v\u00eddeo vamos a dise\u00f1ar el formulario para generar y guardar los Saldos Iniciales.&nbsp;<\/p>\n<p style=\"text-align: justify;\">En este v\u00eddeo vamos a dise\u00f1ar el formulario para generar y guardar las Transacciones de Cierre de Periodo.<\/p>\n<p style=\"text-align: justify;\">En este v\u00eddeo vamos a dise\u00f1ar la Hoja Diario paso a paso, para comenzar abrimos el &#8230;..<\/p>\n<p style=\"text-align: justify;\">En este v\u00eddeo vamos a dise\u00f1ar la Hoja Mayor paso a paso.<\/p>\n<p style=\"text-align: justify;\">En este v\u00eddeo vamos a dise\u00f1ar la Hoja1 para modificar e imprimir transacciones.<\/p>\n<p style=\"text-align: justify;\">En este v\u00eddeo vamos a dise\u00f1ar la Hoja2 para modificar e imprimir transacciones.<\/p>\n<p style=\"text-align: justify;\">En este v\u00eddeo vamos a dise\u00f1ar la Hoja Balance de Comprobaci\u00f3n paso a paso.<\/p>\n<p style=\"text-align: justify;\">En este v\u00eddeo vamos a dise\u00f1ar la Hoja Balance de 8 Columnas paso a paso.<\/p>\n<p style=\"text-align: justify;\">En este v\u00eddeo vamos a dise\u00f1ar la Hoja Balance de Comprobaci\u00f3n Mensual.<\/p>\n<p style=\"text-align: justify;\">En este v\u00eddeo vamos a dise\u00f1ar la Hoja Plan de Cuentas paso a paso.<\/p>\n<p style=\"text-align: justify;\">En este v\u00eddeo vamos a dise\u00f1ar la Hoja Balance General paso a paso.<\/p>\n<p style=\"text-align: justify;\">En este v\u00eddeo vamos a dise\u00f1ar la Hoja Balance de Resultado paso a paso.<\/p>\n<p style=\"text-align: justify;\">En este v\u00eddeo vamos a dise\u00f1ar la Hoja Seguimiento paso a paso.<\/p>\n<p style=\"text-align: justify;\">En este v\u00eddeo vamos a dise\u00f1ar las Hojas Clientes y Proveedores paso a paso.<\/p>\n<p style=\"text-align: justify;\">En este v\u00eddeo vamos a dise\u00f1ar las Hojas Cuentas y Control de Bancos paso a paso.<\/p>\n<p style=\"text-align: justify;\">En este v\u00eddeo vamos a dise\u00f1ar las Hojas Estados de Cuentas por Cobrar y Pagar.<\/p>\n","protected":false},"excerpt":{"rendered":"<p>Capitulo 1 &#8211; Curso AEC Ver Capitulo 2 En este v\u00eddeo vamos a crear el libro de trabajo e insertar las hojas necesarias para el Sistema Contable. En este v\u00eddeo vamos a dise\u00f1ar el formulario para generar la p\u00f3liza de Diario paso a paso.&nbsp; En este v\u00eddeo vamos a dise\u00f1ar el formulario para generar la [&hellip;]<\/p>\n","protected":false},"author":1,"featured_media":0,"parent":0,"menu_order":0,"comment_status":"closed","ping_status":"closed","template":"","meta":{"footnotes":""},"class_list":["post-3556","page","type-page","status-publish","hentry","post-wrapper","thrv_wrapper"],"_links":{"self":[{"href":"https:\/\/aplicaexcelcontable.com\/cys\/wp-json\/wp\/v2\/pages\/3556","targetHints":{"allow":["GET"]}}],"collection":[{"href":"https:\/\/aplicaexcelcontable.com\/cys\/wp-json\/wp\/v2\/pages"}],"about":[{"href":"https:\/\/aplicaexcelcontable.com\/cys\/wp-json\/wp\/v2\/types\/page"}],"author":[{"embeddable":true,"href":"https:\/\/aplicaexcelcontable.com\/cys\/wp-json\/wp\/v2\/users\/1"}],"replies":[{"embeddable":true,"href":"https:\/\/aplicaexcelcontable.com\/cys\/wp-json\/wp\/v2\/comments?post=3556"}],"version-history":[{"count":4,"href":"https:\/\/aplicaexcelcontable.com\/cys\/wp-json\/wp\/v2\/pages\/3556\/revisions"}],"predecessor-version":[{"id":3655,"href":"https:\/\/aplicaexcelcontable.com\/cys\/wp-json\/wp\/v2\/pages\/3556\/revisions\/3655"}],"wp:attachment":[{"href":"https:\/\/aplicaexcelcontable.com\/cys\/wp-json\/wp\/v2\/media?parent=3556"}],"curies":[{"name":"wp","href":"https:\/\/api.w.org\/{rel}","templated":true}]}}