{"id":63422,"date":"2025-06-30T17:14:09","date_gmt":"2025-06-30T23:14:09","guid":{"rendered":"https:\/\/aplicaexcelcontable.com\/blog\/?page_id=63422"},"modified":"2025-06-30T22:34:28","modified_gmt":"2025-07-01T04:34:28","slug":"videos-de-excel-y-contabilidad","status":"publish","type":"page","link":"https:\/\/aplicaexcelcontable.com\/blog\/videos-de-excel-y-contabilidad","title":{"rendered":"Videos de Excel y Contabilidad"},"content":{"rendered":"<h1 style=\"text-align: center;\">Cursos y Videos de Excel y Contabilidad en YouTube<strong><\/strong><\/h1>\n<h2 style=\"text-align: center;\">Como crear tu Sistema Contable en Excel Versi\u00f3n 1.0 &#8211;&nbsp; 55 videos:<\/h2>\n<p><span><a href=\"https:\/\/www.youtube.com\/playlist?list=PL3_OjXN4c_fGboqm3251mXav7Ycw6fw7x\" target=\"_blank\" rel=\"noopener\"><img decoding=\"async\" alt=\"Videos de Excel y Contabilidad\" data-id=\"63428\" width=\"362\" data-init-width=\"362\" height=\"476\" data-init-height=\"476\" title=\"Como crear tu SCv1 youtube\" src=\"https:\/\/aplicaexcelcontable.com\/blog\/wp-content\/uploads\/2025\/06\/Como-crear-tu-SCv1-youtube.png\" data-width=\"362\" data-height=\"476\" data-link-wrap=\"true\" style=\"aspect-ratio: auto 362 \/ 476;\" loading=\"lazy\"><\/a><\/span><\/p>\n<h2 style=\"text-align: center;\">Curso de Contabilidad Practica 11 videos:<\/h2>\n<p><span><a href=\"https:\/\/www.youtube.com\/playlist?list=PL3_OjXN4c_fGm-BV0w5GxLs0Dnl2pu9Mn\" target=\"_blank\" rel=\"noopener\"><img decoding=\"async\" alt=\"Videos de Excel y Contabilidad\" data-id=\"63431\" width=\"362\" data-init-width=\"362\" height=\"476\" data-init-height=\"476\" title=\"Curso de Contabilidad Practica en youtube\" src=\"https:\/\/aplicaexcelcontable.com\/blog\/wp-content\/uploads\/2025\/06\/Curso-de-Contabilidad-Practica-en-youtube.png\" data-width=\"362\" data-height=\"476\" data-link-wrap=\"true\" style=\"aspect-ratio: auto 362 \/ 476;\" loading=\"lazy\"><\/a><\/span><\/p>\n<h2 style=\"text-align: center;\">Como crear tu Sistema de Facturaci\u00f3n e Inventario v1.0:<\/h2>\n<p><span><a href=\"https:\/\/www.youtube.com\/playlist?list=PL3_OjXN4c_fHFe8oP4FDomb49KD2jW-I7\" target=\"_blank\" rel=\"noopener\"><img decoding=\"async\" alt=\"Videos de Excel y Contabilidad\" data-id=\"63434\" width=\"362\" data-init-width=\"362\" height=\"476\" data-init-height=\"476\" title=\"Como crear tu Sistema de Facturacion e Inventario v1.0 en youtube\" src=\"https:\/\/aplicaexcelcontable.com\/blog\/wp-content\/uploads\/2025\/06\/Como-crear-tu-Sistema-de-Facturacion-e-Inventario-v1.0-en-youtube.png\" data-width=\"362\" data-height=\"476\" data-link-wrap=\"true\" style=\"aspect-ratio: auto 362 \/ 476;\" loading=\"lazy\"><\/a><\/span><\/p>\n<h2 style=\"text-align: center;\">Como crear tu Sistema Contable en Excel Versi\u00f3n 3.0 &#8211;&nbsp; 3 videos:<\/h2>\n<p><span><a href=\"https:\/\/www.youtube.com\/playlist?list=PL3_OjXN4c_fFDJj0yPW-rklpZBlC1hCr4\" target=\"_blank\" rel=\"noopener\"><img decoding=\"async\" alt=\"Videos de Excel y Contabilidad\" data-id=\"63437\" width=\"362\" data-init-width=\"362\" height=\"476\" data-init-height=\"476\" title=\"Como crear tu Sistema Contable version 3.0 con Office 365 Youtube\" src=\"https:\/\/aplicaexcelcontable.com\/blog\/wp-content\/uploads\/2025\/06\/Como-crear-tu-Sistema-Contable-version-3.0-con-Office-365-Youtube.png\" data-width=\"362\" data-height=\"476\" data-link-wrap=\"true\" style=\"aspect-ratio: auto 362 \/ 476;\" loading=\"lazy\"><\/a><\/span><\/p>\n<h2 style=\"text-align: center;\">Curso como crear un Sistema de Control de Carteras:<\/h2>\n<p><span><a href=\"https:\/\/www.youtube.com\/playlist?list=PL3_OjXN4c_fG8Q_kUa_aMA6KhgCmwPcHu\" target=\"_blank\" rel=\"noopener\"><img decoding=\"async\" alt=\"Videos de Excel y Contabilidad\" data-id=\"63439\" width=\"362\" data-init-width=\"362\" height=\"476\" data-init-height=\"476\" title=\"Curso control de Carteras v1.0 en youtube\" src=\"https:\/\/aplicaexcelcontable.com\/blog\/wp-content\/uploads\/2025\/06\/Curso-control-de-Carteras-v1.0-en-youtube.png\" data-width=\"362\" data-height=\"476\" data-link-wrap=\"true\" style=\"aspect-ratio: auto 362 \/ 476;\" loading=\"lazy\"><\/a><\/span><\/p>\n<h2 style=\"text-align: center;\">Manual B\u00e1sico del Software Contable Administrativo<\/h2>\n<p><span><a href=\"https:\/\/www.youtube.com\/playlist?list=PL3_OjXN4c_fE3uXt23YL6UjCKyxyjKG8y\" target=\"_blank\" rel=\"noopener\"><img decoding=\"async\" alt=\"\" data-id=\"63447\" width=\"362\" data-init-width=\"362\" height=\"476\" data-init-height=\"476\" title=\"Software Contable - Admnistrativo en youtube\" src=\"https:\/\/aplicaexcelcontable.com\/blog\/wp-content\/uploads\/2025\/06\/Software-Contable-Admnistrativo-en-youtube.png\" data-width=\"362\" data-height=\"476\" data-link-wrap=\"true\" style=\"aspect-ratio: auto 362 \/ 476;\" loading=\"lazy\" data-init- data-><\/a><\/span><\/p>\n<h2 style=\"text-align: center;\">Curso Basico de UserForm en VBA (6 Videos):<\/h2>\n<p><span><a href=\"https:\/\/www.youtube.com\/playlist?list=PL3_OjXN4c_fFvlYLG3AJnQG3j9vxbsIFU\" target=\"_blank\" rel=\"noopener\"><img decoding=\"async\" alt=\"\" data-id=\"63449\" width=\"362\" data-init-width=\"362\" height=\"476\" data-init-height=\"476\" title=\"Curso Basico de UserForm en VBA\" src=\"https:\/\/aplicaexcelcontable.com\/blog\/wp-content\/uploads\/2025\/06\/Curso-Basico-de-UserForm-en-VBA.png\" data-width=\"362\" data-height=\"476\" data-link-wrap=\"true\" style=\"aspect-ratio: auto 362 \/ 476;\" loading=\"lazy\" data-init- data-><\/a><\/span><\/p>\n<h2 style=\"text-align: center;\">Curso de Formato Condicional Basico:<\/h2>\n<p><span><a href=\"https:\/\/www.youtube.com\/playlist?list=PL3_OjXN4c_fH1849TtledYy-ZMA9tBqUC\" target=\"_blank\" rel=\"noopener\"><img decoding=\"async\" alt=\"\" data-id=\"63452\" width=\"362\" data-init-width=\"362\" height=\"476\" data-init-height=\"476\" title=\"Mini Curso de Formato Condicional en Excel youtube\" src=\"https:\/\/aplicaexcelcontable.com\/blog\/wp-content\/uploads\/2025\/06\/Mini-Curso-de-Formato-Condicional-en-Excel-youtube.png\" data-width=\"362\" data-height=\"476\" data-link-wrap=\"true\" style=\"aspect-ratio: auto 362 \/ 476;\" loading=\"lazy\" data-init- data-><\/a><\/span><\/p>\n<h2 style=\"text-align: center;\">Manual B\u00e1sico del Software Contable Administrativo<\/h2>\n<p><span><a href=\"https:\/\/www.youtube.com\/playlist?list=PL3_OjXN4c_fFeDOiV6biRFK-musXhRjdy\" target=\"_blank\" rel=\"noopener\"><img decoding=\"async\" alt=\"\" data-id=\"63456\" width=\"362\" data-init-width=\"362\" height=\"476\" data-init-height=\"476\" title=\"Curso Basico de Excel y Contabilidad\" src=\"https:\/\/aplicaexcelcontable.com\/blog\/wp-content\/uploads\/2025\/06\/Curso-Basico-de-Excel-y-Contabilidad.png\" data-width=\"362\" data-height=\"476\" data-link-wrap=\"true\" style=\"aspect-ratio: auto 362 \/ 476;\" loading=\"lazy\" data-init- data-><\/a><\/span><\/p>\n","protected":false},"excerpt":{"rendered":"<p>Cursos y Videos de Excel y Contabilidad en YouTube Como crear tu Sistema Contable en Excel Versi\u00f3n 1.0 &#8211;&nbsp; 55 videos: Curso de Contabilidad Practica 11 videos: Como crear tu Sistema de Facturaci\u00f3n e Inventario v1.0: Como crear tu Sistema Contable en Excel Versi\u00f3n 3.0 &#8211;&nbsp; 3 videos: Curso como crear un Sistema de Control [&hellip;]<\/p>\n","protected":false},"author":1,"featured_media":0,"parent":0,"menu_order":0,"comment_status":"closed","ping_status":"closed","template":"","meta":{"footnotes":""},"class_list":["post-63422","page","type-page","status-publish","hentry","post-wrapper","thrv_wrapper"],"_links":{"self":[{"href":"https:\/\/aplicaexcelcontable.com\/blog\/wp-json\/wp\/v2\/pages\/63422","targetHints":{"allow":["GET"]}}],"collection":[{"href":"https:\/\/aplicaexcelcontable.com\/blog\/wp-json\/wp\/v2\/pages"}],"about":[{"href":"https:\/\/aplicaexcelcontable.com\/blog\/wp-json\/wp\/v2\/types\/page"}],"author":[{"embeddable":true,"href":"https:\/\/aplicaexcelcontable.com\/blog\/wp-json\/wp\/v2\/users\/1"}],"replies":[{"embeddable":true,"href":"https:\/\/aplicaexcelcontable.com\/blog\/wp-json\/wp\/v2\/comments?post=63422"}],"version-history":[{"count":24,"href":"https:\/\/aplicaexcelcontable.com\/blog\/wp-json\/wp\/v2\/pages\/63422\/revisions"}],"predecessor-version":[{"id":63457,"href":"https:\/\/aplicaexcelcontable.com\/blog\/wp-json\/wp\/v2\/pages\/63422\/revisions\/63457"}],"wp:attachment":[{"href":"https:\/\/aplicaexcelcontable.com\/blog\/wp-json\/wp\/v2\/media?parent=63422"}],"curies":[{"name":"wp","href":"https:\/\/api.w.org\/{rel}","templated":true}]}}