{"id":62460,"date":"2025-04-23T16:00:47","date_gmt":"2025-04-23T22:00:47","guid":{"rendered":"https:\/\/aplicaexcelcontable.com\/blog\/?page_id=62460"},"modified":"2026-01-22T16:13:58","modified_gmt":"2026-01-22T22:13:58","slug":"7-cursos-avanzados-en-pdf","status":"publish","type":"page","link":"https:\/\/aplicaexcelcontable.com\/blog\/7-cursos-avanzados-en-pdf","title":{"rendered":"7 Cursos avanzados en PDF"},"content":{"rendered":"<h1 style=\"text-align: center;\">PAQUETE DE 7 CURSOS AVANZADOS EN PDF<\/h1>\n<p style=\"text-align: justify;\"><span style=\"\">Dentro de este paquete, te voy a compartir 7 cursos avanzados en PDF.<\/span><\/p>\n<p style=\"text-align: justify;\"><span style=\"\">Si estas interesado en saber cu\u00e1les son los cursos, te invito a seguir leyendo, porque no solo descargaras los 7 cursos, tambi\u00e9n tengo varias sorpresa para ti.<\/span><\/p>\n<p style=\"text-align: justify;\"><span style=\"\">a continuaci\u00f3n, te compartir\u00e9 el detalle de cada uno:<\/span><\/p>\n<h3 style=\"text-align: center;\"><span data-text-highlight=\"bubble\" style=\"--tcb-text-highlight-color: rgb(235, 229, 14) !important;\">Curso como crear tu Sistema Contable en excel V1.0<\/span><\/h3>\n<p style=\"text-align: justify;\">Este curso se te entregara en PDF, podr\u00e1s crear paso a paso el Sistema Contable en Excel versi\u00f3n 1.0 utilizando las t\u00e9cnicas de dise\u00f1o &#8211; formulaci\u00f3n y programaci\u00f3n.<\/p>\n<p style=\"text-align: justify;\">Adicional, descargaras dos Cursos mas en PDF, La primera se trata del Curso b\u00e1sico &#8211; avanzado de excel, el segundo se trata del Curso basico de Contabilidad y Visual Basic para aplicaciones, es decir los fundamentos de la programacion en excel.<\/p>\n<h3 style=\"text-align: center;\"><span data-svg-config=\"{&quot;animationCount&quot;:1,&quot;animationDuration&quot;:1,&quot;animationDelay&quot;:1,&quot;strokeWidth&quot;:&quot;5&quot;}\" data-tcb-highlight-animation=\"viewport_once\" data-text-highlight=\"double-line\" style=\"--tcb-text-highlight-color: rgb(42, 187, 97) !important;\">Curso como crear tu Sistema de Facturacion e Inventario v1.0<\/span><\/h3>\n<p style=\"text-align: justify;\">Este curso se te entregara en PDF, podras crear paso a paso el Sistema de facturacion e inventario en excel version 1.0 utilizando las tecnicas de dise\u00f1o &#8211; formulacion y programacion.<\/p>\n<h3 style=\"text-align: center;\"><span data-svg-config=\"{&quot;animationCount&quot;:1,&quot;animationDuration&quot;:1,&quot;animationDelay&quot;:1,&quot;strokeWidth&quot;:5}\" data-tcb-highlight-animation=\"viewport_once\" data-text-highlight=\"marker-zig-zag\" style=\"--tcb-text-highlight-color: rgb(238, 12, 38) !important;\">Curso 1 y 2 de Programacion en excel <\/span><\/h3>\n<p style=\"text-align: justify;\">Estos 2 cursos se te entregara en PDF, en el primer curso de programacion, podras iniciar en el mundo de programacion en excel utilizando VBA, en el segundo cursos podras ver a mas profundidad todo sobre programacion en excel con VBA, incluye materiales de ejemplo.<\/p>\n<h3 style=\"text-align: center;\"><span data-svg-config=\"{&quot;animationCount&quot;:1,&quot;animationDuration&quot;:1,&quot;animationDelay&quot;:1,&quot;strokeWidth&quot;:&quot;4&quot;}\" data-tcb-highlight-animation=\"viewport_once\" data-text-highlight=\"wavy-2\" style=\"--tcb-text-highlight-color: rgb(241, 123, 12) !important;\">Curso como crear tu Plantilla de Control de Carteras v1.0<\/span><span style=\"--tcb-text-highlight-color: #2ABB61 !important;\"><\/span><span style=\"--tcb-text-highlight-color: #2ABB61 !important;\"><\/span><\/h3>\n<p style=\"text-align: justify;\">Este curso se te entregara en PDF, podras crear paso a paso la plantilla de Control de Carteras en excel version 1.0 utilizando las tecnicas de dise\u00f1o &#8211; formulacion y programacion.<\/p>\n<p style=\"text-align: center; letter-spacing: 1px;\">money back<\/p>\n<p style=\"\"><span style=\"font-weight: normal;\">100%<\/span><\/p>\n<p style=\"\"><strong>30 day guarantee<\/strong><\/p>\n<h2 style=\"\">100% <span style=\"color: var(--tcb-local-color-79dc9);\">Garantizado!<\/span><\/h2>\n<p style=\"text-align: justify;\">Si no est\u00e1 encantado de este nuevo paquete, te reembolsaremos todo el pedido.<\/p>\n<h3 style=\"text-align: center;\"><span data-svg-config=\"{&quot;animationCount&quot;:1,&quot;animationDuration&quot;:1,&quot;animationDelay&quot;:1,&quot;strokeWidth&quot;:&quot;4&quot;}\" data-tcb-highlight-animation=\"viewport_once\" data-text-highlight=\"wavy-2\" style=\"--tcb-text-highlight-color: rgb(241, 123, 12) !important;\">Sorpresa solo para los primeros 20 en comprar<\/span><\/h3>\n<p style=\"text-align: justify;\">Se el primero en comprar los 6+1 cursos en PDF, al comprar hoy, si eres uno de los primeros 20, te regalaremos dos bonos:<\/p>\n<ul>\n<li style=\"\"><span>Sistema Contable en Excel versi\u00f3n 3.0 y 5.0.<\/span><\/li>\n<li style=\"\"><span>Sistema de Facturacion e Inventario en excel version 3.0 y 5.0.<\/span><\/li>\n<li><span>PDF del Curso B\u00e1sico de Contabilidad<\/span><\/li>\n<\/ul>\n<h3 style=\"\">El precio especial Estar\u00e1 disponible solo por 7 D\u00edas a $ 37 USD<\/h3>\n<p><span style=\"font-size: 20px !important; --tcb-applied-color: rgb(8, 0, 0) !important; color: rgb(8, 0, 0) !important;\">Cualquier duda o pregunta, puedes escribirme por whatsapp o bien en el chat de la pagina.<\/span><\/p>\n<p><span style=\"font-size: 20px !important; --tcb-applied-color: rgb(8, 0, 0) !important; color: rgb(8, 0, 0) !important;\">Saludos,<\/span><\/p>\n<p><span><img decoding=\"async\" alt=\"\" data-id=\"62409\" width=\"150\" data-init-width=\"141\" height=\"165\" data-init-height=\"155\" title=\"Roger Perez (1)\" src=\"https:\/\/aplicaexcelcontable.com\/blog\/wp-content\/uploads\/2025\/04\/Roger-Perez-1.png\" data-width=\"150\" data-height=\"165\" style=\"aspect-ratio: auto 141 \/ 155;\" loading=\"lazy\" data-><\/span><\/p>\n<p><strong><span style=\"font-size: 20px !important; --tcb-applied-color: rgb(8, 0, 0) !important; color: rgb(8, 0, 0) !important;\">Roger Perez &#8211; \u00abAutomatizar tu negocio con AppSheet y Excel es un paso al exito\u00bb.<\/span><\/strong><\/p>\n<p><span style=\"\"><img decoding=\"async\" alt=\"\" data-id=\"62471\" width=\"270\" data-init-width=\"308\" height=\"270\" data-init-height=\"308\" title=\"7 Cursos para ti! (1)\" src=\"https:\/\/aplicaexcelcontable.com\/blog\/wp-content\/uploads\/2025\/04\/7-Cursos-para-ti-1.png\" data-width=\"270\" data-height=\"270\" style=\"aspect-ratio: auto 308 \/ 308;\" ml-d=\"-2.326999999999998\" mt-d=\"0\" loading=\"lazy\" data-><\/span><\/p>\n<p style=\"text-align: center;\">Precio Normal a <span style=\"text-decoration: line-through;\">187<\/span> USD<\/p>\n<p style=\"text-align: center;\"><em><strong>Ahora solo por 37 USD (80% OFF)<\/strong><\/em><\/p>\n<p style=\"text-align: center;\"><strong>Copyright Aplica Excel Contable. All Rights Reserved.<\/strong><\/p>\n","protected":false},"excerpt":{"rendered":"<p>PAQUETE DE 7 CURSOS AVANZADOS EN PDF Dentro de este paquete, te voy a compartir 7 cursos avanzados en PDF. Si estas interesado en saber cu\u00e1les son los cursos, te invito a seguir leyendo, porque no solo descargaras los 7 cursos, tambi\u00e9n tengo varias sorpresa para ti. a continuaci\u00f3n, te compartir\u00e9 el detalle de cada [&hellip;]<\/p>\n","protected":false},"author":1,"featured_media":0,"parent":0,"menu_order":0,"comment_status":"closed","ping_status":"closed","template":"","meta":{"footnotes":""},"class_list":["post-62460","page","type-page","status-publish","hentry","post-wrapper","thrv_wrapper"],"_links":{"self":[{"href":"https:\/\/aplicaexcelcontable.com\/blog\/wp-json\/wp\/v2\/pages\/62460","targetHints":{"allow":["GET"]}}],"collection":[{"href":"https:\/\/aplicaexcelcontable.com\/blog\/wp-json\/wp\/v2\/pages"}],"about":[{"href":"https:\/\/aplicaexcelcontable.com\/blog\/wp-json\/wp\/v2\/types\/page"}],"author":[{"embeddable":true,"href":"https:\/\/aplicaexcelcontable.com\/blog\/wp-json\/wp\/v2\/users\/1"}],"replies":[{"embeddable":true,"href":"https:\/\/aplicaexcelcontable.com\/blog\/wp-json\/wp\/v2\/comments?post=62460"}],"version-history":[{"count":3,"href":"https:\/\/aplicaexcelcontable.com\/blog\/wp-json\/wp\/v2\/pages\/62460\/revisions"}],"predecessor-version":[{"id":65459,"href":"https:\/\/aplicaexcelcontable.com\/blog\/wp-json\/wp\/v2\/pages\/62460\/revisions\/65459"}],"wp:attachment":[{"href":"https:\/\/aplicaexcelcontable.com\/blog\/wp-json\/wp\/v2\/media?parent=62460"}],"curies":[{"name":"wp","href":"https:\/\/api.w.org\/{rel}","templated":true}]}}