{"id":62433,"date":"2025-04-20T09:31:22","date_gmt":"2025-04-20T15:31:22","guid":{"rendered":"https:\/\/aplicaexcelcontable.com\/blog\/?page_id=62433"},"modified":"2026-03-01T09:17:14","modified_gmt":"2026-03-01T15:17:14","slug":"sistema-contable-avanzado-en-excel","status":"publish","type":"page","link":"https:\/\/aplicaexcelcontable.com\/blog\/sistema-contable-avanzado-en-excel","title":{"rendered":"Sistema Contable Avanzado en Excel"},"content":{"rendered":"<h1 style=\"text-align: center;\">\u00bfListo para iniciar con el Sistema Contable avanzado &nbsp;en Excel?<\/h1>\n<p style=\"text-align: center;\">&gt;&gt; Inicia hoy a llevar la contabilidad de tu negocio o bien la contabilidad de tus clientes &lt;&lt;<\/p>\n<p style=\"text-align: center;\">A continuaci\u00f3n, te dejo la presentaci\u00f3n del Sistema contable Avanzado en Excel \u00faltima versi\u00f3n:<\/p>\n<h3 style=\"text-align: center;\">Comienza hoy mismo con tu primera licencia gratis!<\/h3>\n<p style=\"text-align: justify;\">Hola! soy <strong>Roger P\u00e9rez<\/strong> CEO de Aplica Excel Contable y el encargado de guiarte paso a paso con la <em><strong>configuraci\u00f3n y personalizaci\u00f3n del Sistema contable Avanzado en Excel Ultima versi\u00f3n<\/strong><\/em>.<\/p>\n<p><span><img decoding=\"async\" alt=\"\" data-id=\"38243\" width=\"150\" data-init-width=\"150\" height=\"150\" data-init-height=\"150\" title=\"Roger-Perez-150x150\" src=\"https:\/\/aplicaexcelcontable.com\/blog\/wp-content\/uploads\/2018\/10\/Roger-Perez-150x150-1.png.webp\" data-width=\"150\" data-height=\"150\" style=\"aspect-ratio: auto 150 \/ 150;\" loading=\"lazy\" data-init- data-><\/span><\/p>\n<p style=\"\">Quieres automatizar el proceso contable de tu negocio ? Quieres llevar la contabilidad de tus clientes de forma automatizada ?<\/p>\n<p style=\"\">Lo se, llevar la contabilidad de forma manual &nbsp;es bastante tedioso y requiere de mucho tiempo y has pensando en un software contable que tenga ingrado todas las herramientas posibles con la configuracion y personalizacion adecuada.<\/p>\n<p style=\"\">Pero cuanto cuesta un software contable ?<\/p>\n<p style=\"\">Los software contable tienen un costo muy elevado, el cual obstaculiza la adquisici\u00f3n a due\u00f1os de negocios de la mediana y peque\u00f1a empresa.<\/p>\n<p style=\"\">Pero hoy quiero ofrecerte una soluci\u00f3n para que lleves la contabilidad de tu negocio y la contabilidad de tus clientes de forma autom\u00e1tica.<\/p>\n<p style=\"\">Te presento:<\/p>\n<h2 style=\"text-align: center;\">El Sistema Contable avanzado en excel<\/h2>\n<p style=\"text-align: center;\">Este consta de 3 secciones: Contabilizar, Reportes y Configuraciones mas una pesta\u00f1a Contabildad.<\/p>\n<p><span><img decoding=\"async\" alt=\"Sistema contable avanzado en Excel\" data-id=\"54819\" width=\"624\" data-init-width=\"624\" height=\"258\" data-init-height=\"258\" title=\"Sistema contable Avanzado\" src=\"https:\/\/aplicaexcelcontable.com\/blog\/wp-content\/uploads\/2023\/10\/Sistema-contable-version-8.6.png.webp\" data-width=\"624\" data-height=\"258\" style=\"aspect-ratio: auto 624 \/ 258;\" _mstalt=\"679042\" loading=\"lazy\"><\/span><\/p>\n<p style=\"text-align: justify;\">Imaginate por un momento, guardar las partidas contables con tan solo un clic en la hoja Diario y que automaticamente se genere el Balance de comprobacion, Balance General, Balance de Resultado, el Libro Mayor &nbsp;y otras caracteristicas que te presentare a continuaci\u00f3n:<\/p>\n<h2 style=\"text-align: center;\">Caracter\u00edsticas del Sistema Contable avanzado en excel<\/h2>\n<ul>\n<li style=\"\"><span>7 Formularios para grabar tus transacciones:<\/span><\/li>\n<li style=\"\"><span>Formulario para grabar tus Saldos Iniciales.<\/span><\/li>\n<li style=\"\"><span>Formulario para grabar Polizas o Comprobantes de Diario.<\/span><\/li>\n<li style=\"\"><span>Formulario para grabar Polizas o Comprobantes de Ingreso.<\/span><\/li>\n<li style=\"\"><span>Formulario para grabar Polizas o Comprobantes de Egresos.<\/span><\/li>\n<li style=\"\"><span>Formularios para grabar Notas de Debito o Cr\u00e9dito.<\/span><\/li>\n<li style=\"\"><span>Libro Diario ( La Hoja Base donde se guardara todas las transacciones).<\/span><\/li>\n<li style=\"\"><span>Libro Mayor: Podras ver los detalles de cada cuenta.<\/span><\/li>\n<li><span>Libro mayor mensual: Podras ver el mayor de cuentas por mes.<\/span><\/li>\n<li style=\"\"><span>Balance de Comprobacion Resumen ( Debe, Haber y Saldo).<\/span><\/li>\n<li style=\"\"><span>Balance de Comprobaci\u00f3n de 8 Columnas.<\/span><\/li>\n<li style=\"\"><span>Balance de Comprobaci\u00f3n mensual.<\/span><\/li>\n<li><span>Contiene una Pesta\u00f1a especial dentro de la cinta de opciones llamado \u00abContabilidad\u00bb.<\/span><\/li>\n<li><span>Puedes llevar la Contabilidad de Varias empresas ( Multiempresa).<\/span><\/li>\n<\/ul>\n<ul>\n<li style=\"\"><span>Libro de Banco por cuenta.<\/span><\/li>\n<li style=\"\"><span>Resumen de Saldos de Cuentas Bancarias.<\/span><\/li>\n<li><span>Conciliacion Bancarias.<\/span><\/li>\n<li><span>&nbsp;Genera tu Balance General o Estado de situaci\u00f3n patrimonial.<\/span><\/li>\n<li style=\"\"><span>Genera tu Balance de Resultado o Estado de Resultado.<\/span><\/li>\n<li><span>Genera el Flujo de Caja.<\/span><\/li>\n<li style=\"\"><span>Base de datos para clientes y Proveedores.<\/span><\/li>\n<li style=\"\"><span>Genera estados de cuenta de clientes y Proveedores.<\/span><\/li>\n<li style=\"\"><span>Resumen de Saldos de Clientes y Proveedores.<\/span><\/li>\n<li><span>Formularios para registrar Abonos de Clientes y Proveedores.<\/span><\/li>\n<li style=\"\"><span>Plan de cuentas Predeterminado ( Puedes sustituir o modificar el Plan de cuentas).<\/span><\/li>\n<li><span>Formulario para Cierre de Periodo Contable<\/span><\/li>\n<li style=\"\"><span>Manual del usuario de como utilizar el Sistema ( Explicado en video paso a paso.<\/span><\/li>\n<li><span>Soporte por chat, correo electr\u00f3nico, whatsapp y &nbsp;actualizaciones por 1 a\u00f1o.<\/span><\/li>\n<li><span>Puedes llevar el Sistema en tu Pen-drive (memoria USB) y utilizarlo en cualquier PC.<\/span><\/li>\n<li><span>Aun no tienes office 365? Pregunta por tu copia de office 365 (Activacion de office 365 solo para los primeros 20 en comprar).<\/span><\/li>\n<\/ul>\n<h2 style=\"text-align: center;\">Que dicen nuestros clientes<\/h2>\n<h1><em>\u00ab<\/em><\/h1>\n<p>Me parece f\u00e1cil de usar y muy practico para llevar la contabilidad de mis clientes, agradezco a Roger Perez por compartir este sistema con los contables.<\/p>\n<p style=\"text-align: left;\"><span style=\"font-family: &quot;Playfair Display&quot;; font-weight: 400;\"><strong><em><span style=\"font-size: 20px;\">Anna Olson &#8211; Guatemala<\/span><\/em><\/strong><\/span><\/p>\n<p style=\"text-align: left;\"><span style=\"font-family: &quot;Playfair Display&quot;; font-weight: 400;\"><strong><em><span style=\"font-size: 20px;\"><\/span><\/em><\/strong><\/span><span style=\"font-family: &quot;Playfair Display&quot;; font-weight: 400;\"><strong><em><span style=\"color: rgb(249, 239, 237);\">\/&nbsp;<\/span><\/em><\/strong><\/span><span style=\"font-family: Hind; font-weight: 400; font-size: 18px; color: rgb(249, 239, 237);\">Contador Independiente<\/span><\/p>\n<h1><em>\u00ab<\/em><\/h1>\n<p>Agradecido con Aplica excel Contable por compartir esta herramienta, me ha permitido llevar la contabilidad de mi negocio actualizado. Lo recomiendo.<\/p>\n<p style=\"text-align: left;\"><span style=\"font-family: &quot;Playfair Display&quot;; font-weight: 400;\"><strong><em><span style=\"font-size: 20px;\">Paul White &#8211; El Salvador&nbsp;<\/span> <\/em><\/strong><\/span><span style=\"font-family: &quot;Playfair Display&quot;; font-weight: 400;\"><strong><em><\/em><\/strong><\/span><span style=\"font-family: &quot;Playfair Display&quot;; font-weight: 400;\"><strong><em><span style=\"color: rgb(249, 239, 237);\">\/&nbsp;<\/span><\/em><\/strong><\/span><span style=\"font-family: Hind; font-weight: 400; font-size: 18px; color: rgb(249, 239, 237);\">Due\u00f1o de Negocio<\/span><\/p>\n<h1><em>\u00ab<\/em><\/h1>\n<p>Es genial la atenci\u00f3n y apoyo brindada, me ayudaron a personalizar el plan de cuentas y a realizar otras configuraciones que solicite. Nuevamente gracias por el apoyo.<\/p>\n<p style=\"text-align: left;\"><span style=\"font-family: &quot;Playfair Display&quot;; font-weight: 400;\"><strong><em><span style=\"font-size: 20px;\">July Pavon &#8211; Colombia<\/span><\/em><\/strong><\/span><span style=\"font-family: &quot;Playfair Display&quot;; font-weight: 400;\"><strong><em><span style=\"color: rgb(249, 239, 237);\">\/&nbsp;<\/span><\/em><\/strong><\/span><span style=\"font-family: Hind; font-weight: 400; font-size: 18px; color: rgb(249, 239, 237);\">Contadora<\/span><\/p>\n<h2 style=\"text-align: center;\">Cuales son los Requisitos para utilizar el Sistema Contable Avanzado en Excel ?<\/h2>\n<p style=\"\">Para poder utilizar el sistema debes de tener disponible los siguientes requisitos:<\/p>\n<ul>\n<li style=\"\"><span>Sistema operativo Windows.<\/span><\/li>\n<li style=\"\"><span>Office 365 o Office 2021 para Windows.<\/span><\/li>\n<li style=\"\"><span>Para los que tienen sistema operativo mac, podran correr el sistema utilizando un virtualizador de Windows.<\/span><\/li>\n<\/ul>\n<p style=\"\">Lo que estas apunto de comprar te permitira ahorrar mucho tiempo en tus labores diarios, te permitira tener al dia el Libro Diario, Libro Mayor, Balance de Comprobacion, Estados financieros, los estados de cuentas de clientes y proveedores, los saldos de Banco y mucho mas.<\/p>\n<p style=\"\">Y lo mas importante, te ahorraras mas de dos mil dolares, evitando el pago de software costosos.<\/p>\n<h2 style=\"text-align: center;\">Precio del Sistema Contable Avanzado en Excel<\/h2>\n<h3 style=\"text-align: center;\">PRUEBALO GRATIS POR 14 DIAS hoy mismo<\/h3>\n<p style=\"text-align: center;\"><em><strong>PRECIO UNICO: \u00abPru\u00e9balo por 14 d\u00edas\u00bb<\/strong><\/em><\/p>\n<ul>\n<li style=\"\"><span>Descarga del Sistema Contable avanzado versi\u00f3n 9.6.<\/span><\/li>\n<li><span>Sin limitaciones, podr\u00e1s utilizarlo en tu pc personal o en la pc que elijas activar la licencia.<\/span><\/li>\n<li style=\"\"><span>Soporte B\u00e1sico por WhatsApp (solo activaci\u00f3n).<\/span><\/li>\n<li><span>Incluye instructivo b\u00e1sico.<\/span><\/li>\n<li><span>No incluye acceso a los videos Instructivos de como configurar y usar el sistema.<\/span><\/li>\n<\/ul>\n<h3 style=\"text-align: center;\">licencia para 1 dispositivo + soporte<\/h3>\n<p style=\"text-align: center;\"><em><strong>PRECIO UNICO: Un solo pago de <span style=\"--tcb-applied-color: rgb(246, 9, 9)  !important; color: rgb(246, 9, 9); text-decoration: underline;\">47 USD<\/span><\/strong><\/em><\/p>\n<ul>\n<li style=\"\"><span>Descarga del Sistema Contable avanzado en su \u00faltima versi\u00f3n.<\/span><\/li>\n<li><span>Sin limitaciones, podr\u00e1s utilizarlo en tu pc personal o en la pc que elijas activar la licencia.<\/span><\/li>\n<li style=\"\"><span>Acceso a los videos Instructivos de como configurar y usar el sistema por 1 a\u00f1o.<\/span><\/li>\n<li style=\"\"><span>Soporte completo por 1 a\u00f1o (por Email, chat de la p\u00e1gina y el soporte directo por Whatsapp).<\/span><\/li>\n<li style=\"\"><span>Soporte por Anydesk o Teamviewer &nbsp;si es necesario.<\/span><\/li>\n<li style=\"\"><span>Acceso al Bono: Control de Stock v1.0.<\/span><\/li>\n<\/ul>\n<h2 style=\"text-align: center;\"><span data-svg-config=\"{&quot;animationCount&quot;:&quot;infinite&quot;,&quot;animationDuration&quot;:1,&quot;animationDelay&quot;:1,&quot;strokeWidth&quot;:&quot;4&quot;}\" data-tcb-highlight-animation=\"loop\" data-text-highlight=\"double-line\" style=\"--tcb-text-highlight-color: rgb(49, 5, 241) !important;\">BONO ESPECIAL 3<\/span><\/h2>\n<p style=\"\">Al ordenar el Sistema contable Avanzado en excel, te regalaremos el tercer bono especial, a continuaci\u00f3n los detalles:<\/p>\n<ul>\n<li style=\"\"><span style=\"\">Personalizaci\u00f3n del Plan de cuentas: Nos encargaremos de agregar tu plan de cuentas al sistema y entreg\u00e1rtelo ya listo con la configuraci\u00f3n recomendada.<\/span><\/li>\n<\/ul>\n<h2 style=\"text-align: center;\">GARANTIA DE SATISFACCION<\/h2>\n<h3 style=\"text-align: center;\"><strong>30 DIAS<\/strong> GARANTIA DE DEVOLUCION<\/h3>\n<p style=\"text-align: justify;\">Si el Sistema Contable Avanzado no cumple con tus expectativas durante los primeros 30 d\u00edas despu\u00e9s de tu compra, puedes escribirnos a rogerperez@aplicaexcelcontable.com y te devolveremos tu dinero sin hacer preguntas.<\/p>\n<p style=\"text-align: center;\"><strong>30 Dias<\/strong><\/p>\n<p>Garantia de Devolucion<\/p>\n<h2 style=\"text-align: center;\">Donde puedo descargar el Sistema y ver los videos de ayuda?<\/h2>\n<p style=\"\">A continuaci\u00f3n, te dejo el enlace, para que puedas ver la zona ayuda, donde tendr\u00e1s acceso a todo el material del Sistema Contable Avanzado en Excel:<\/p>\n<h2 style=\"text-align: center;\">PREGUNTAS FRECUENTES SOBRE EL SISTEMA CONTABLE AVANZADO EN EXCEL<\/h2>\n<p><span><\/span><\/p>\n<h4 style=\"\">\u00bfPuedo Cambiar Mi Plan De Cuentas?<\/h4>\n<p style=\"text-align: justify;\">Si, puedes modificar el Plan de cuentas predeterminado o bien puedes agregar tu propio plan contable (PUC) de acuerdo a la naturaleza de tu negocio.<\/p>\n<p style=\"text-align: justify;\">Tambi\u00e9n, como parte del soporte, puedes solicitar que se agregue tu plan de cuentas al correo rogerperez@aplicaexcelcontable.com.<\/p>\n<p><span><\/span><\/p>\n<h4 style=\"\">\u00bfEn Cuantas Computadoras Puedo Utilizar El Sistema?<\/h4>\n<p style=\"\">Podr\u00e1s utilizar el sistema seg\u00fan la cantidad de Licencias adquiridas, si compras 1, solo en un dispositivo, si compraste 2 o mas Licencias entonces podras utilizarlo y activarlo en otras PCs.<\/p>\n<p><span><\/span><\/p>\n<h4 style=\"\">\u00bfEste Sistema aplica o es valido para mi pais?<\/h4>\n<p style=\"text-align: justify;\">El Sistema Contable Avanzado en Excel&nbsp; est\u00e1 disponible para los usuarios de cualquier pa\u00eds que considere que le es de utilidad. Recomendamos ver la presentaci\u00f3n del Sistema en el Video, para su debida consideraci\u00f3n.<\/p>\n<p><span><\/span><\/p>\n<h4 style=\"\">\u00bfOfrecen una versi\u00f3n Demo?<\/h4>\n<p style=\"text-align: justify;\">Ofrecemos como demo la versi\u00f3n b\u00e1sica, puedes descargarlo pulsando clic en el bot\u00f3n Descargar:<\/p>\n<p><span><\/span><\/p>\n<h4 style=\"\">\u00bfComo es el Proceso de Pago?<\/h4>\n<p style=\"text-align: justify;\"><em><strong>Primer paso:<\/strong><\/em> Eliges tu Plan de pago y pulsas clic en el bot\u00f3n Ordenar Ahora.<\/p>\n<p style=\"text-align: justify;\"><em><strong>Segundo paso:<\/strong><\/em> Completas el formulario de pago<\/p>\n<p style=\"text-align: justify;\"><em><strong>Tercer paso: <\/strong><\/em>Una vez completado el pago, en la misma pagina de pago, te compartir\u00e9 el enlace de descarga del Sistema Contable Avanzado en Excel.<\/p>\n<p><span><\/span><\/p>\n<h4 style=\"\">Cuales son las opciones de pago?<\/h4>\n<p style=\"text-align: justify;\">Las opciones de pago que ofrecemos actualmente es totalmente Online, aceptamos: <strong>Tarjeta de D\u00e9bitos o bien tarjetas de Cr\u00e9dito.<\/strong><\/p>\n<p><span><\/span><\/p>\n<h4 style=\"\">\u00bfPuedo Pagar con Paypal?<\/h4>\n<p style=\"text-align: justify;\">Si, ahora puedes pagar con PayPal o bien con tarjeta de Debito o Cr\u00e9dito.<\/p>\n<p><span><\/span><\/p>\n<h4 style=\"\">\u00bfPuedo pagar con mi moneda Local?<\/h4>\n<p style=\"text-align: justify;\">Ahora se ofrece pagos en moneda local para M\u00e9xico, Argentina, Colombia, Nicaragua, Costa Rica.<\/p>\n<p style=\"text-align: justify;\">Para otros paises, el pago es en d\u00f3lares, pero se te cobrara el equivalente en tu moneda local.<\/p>\n<p><span><\/span><\/p>\n<h4 style=\"\">\u00bfAceptan otras formas de pago?<\/h4>\n<p style=\"\">No, por el momento solo aceptamos pago con tarjetas de D\u00e9bito o Cr\u00e9dito o bien PayPal.<\/p>\n<p style=\"\">Cualquier duda o pregunta, tan solo escr\u00edbenos a rogerperez@aplicaexcelcontable.com o bien escr\u00edbeme directamente en <a href=\"https:\/\/api.whatsapp.com\/send?phone=14123467860\" target=\"_blank\" rel=\"noopener\">WhatsApp<\/a>.Saludos,<\/p>\n<p><span><img decoding=\"async\" alt=\"\" data-id=\"47625\" width=\"162\" data-init-width=\"308\" height=\"162\" data-init-height=\"308\" title=\"Roger-Perez-1\" src=\"https:\/\/aplicaexcelcontable.com\/blog\/wp-content\/uploads\/2021\/12\/Roger-Perez-1-1.png.webp\" data-width=\"162\" style=\"aspect-ratio: auto 308 \/ 308;\" data-height=\"162\" loading=\"lazy\" data-><\/span><\/p>\n<p style=\"\"><strong>Roger Perez &#8211; Aplica Excel Contable<\/strong><\/p>\n","protected":false},"excerpt":{"rendered":"<p>\u00bfListo para iniciar con el Sistema Contable avanzado &nbsp;en Excel? &gt;&gt; Inicia hoy a llevar la contabilidad de tu negocio o bien la contabilidad de tus clientes &lt;&lt; A continuaci\u00f3n, te dejo la presentaci\u00f3n del Sistema contable Avanzado en Excel \u00faltima versi\u00f3n: Comienza hoy mismo con tu primera licencia gratis! Hola! soy Roger P\u00e9rez CEO [&hellip;]<\/p>\n","protected":false},"author":1,"featured_media":48594,"parent":0,"menu_order":0,"comment_status":"closed","ping_status":"closed","template":"","meta":{"footnotes":""},"class_list":["post-62433","page","type-page","status-publish","has-post-thumbnail","hentry","post-wrapper","thrv_wrapper"],"_links":{"self":[{"href":"https:\/\/aplicaexcelcontable.com\/blog\/wp-json\/wp\/v2\/pages\/62433","targetHints":{"allow":["GET"]}}],"collection":[{"href":"https:\/\/aplicaexcelcontable.com\/blog\/wp-json\/wp\/v2\/pages"}],"about":[{"href":"https:\/\/aplicaexcelcontable.com\/blog\/wp-json\/wp\/v2\/types\/page"}],"author":[{"embeddable":true,"href":"https:\/\/aplicaexcelcontable.com\/blog\/wp-json\/wp\/v2\/users\/1"}],"replies":[{"embeddable":true,"href":"https:\/\/aplicaexcelcontable.com\/blog\/wp-json\/wp\/v2\/comments?post=62433"}],"version-history":[{"count":18,"href":"https:\/\/aplicaexcelcontable.com\/blog\/wp-json\/wp\/v2\/pages\/62433\/revisions"}],"predecessor-version":[{"id":65478,"href":"https:\/\/aplicaexcelcontable.com\/blog\/wp-json\/wp\/v2\/pages\/62433\/revisions\/65478"}],"wp:featuredmedia":[{"embeddable":true,"href":"https:\/\/aplicaexcelcontable.com\/blog\/wp-json\/wp\/v2\/media\/48594"}],"wp:attachment":[{"href":"https:\/\/aplicaexcelcontable.com\/blog\/wp-json\/wp\/v2\/media?parent=62433"}],"curies":[{"name":"wp","href":"https:\/\/api.w.org\/{rel}","templated":true}]}}