{"id":62002,"date":"2025-04-10T22:05:03","date_gmt":"2025-04-11T04:05:03","guid":{"rendered":"https:\/\/aplicaexcelcontable.com\/blog\/?page_id=62002"},"modified":"2025-04-14T12:40:33","modified_gmt":"2025-04-14T18:40:33","slug":"servicios-aec","status":"publish","type":"page","link":"https:\/\/aplicaexcelcontable.com\/blog\/servicios-aec","title":{"rendered":"Servicios AEC"},"content":{"rendered":"<h1 style=\"text-align: center;\">Servicios AEC (Aplica Excel Contable)<\/h1>\n<h2 style=\"text-align: center;\">Gu\u00eda Paso a paso x WhatsApp<\/h2>\n<p><span><img decoding=\"async\" alt=\"Servicios AEC\" data-id=\"62389\" width=\"380\" data-init-width=\"630\" height=\"242\" data-init-height=\"400\" title=\"Guia paso a paso (1)\" src=\"https:\/\/aplicaexcelcontable.com\/blog\/wp-content\/uploads\/2025\/04\/Guia-paso-a-paso-1.png\" data-width=\"380\" data-height=\"242\" style=\"aspect-ratio: auto 630 \/ 400;\" loading=\"lazy\"><\/span><\/p>\n<p style=\"\">Con este paquete, tendr\u00e1s la gu\u00eda de Roger P\u00e9rez directamente desde WhatsApp.<\/p>\n<p style=\"text-align: center;\"><strong>\u00bfQue Incluye este Paquete?<\/strong><\/p>\n<p style=\"\">Si tienes pensado crear una Plantilla personalizada para tu negocio, proyectos personales, podr\u00e1s recibir directamente recomendaciones de Dise\u00f1os de Plantillas, Validaciones, Formulaciones y Programaci\u00f3n de Plantillas con VBA.<\/p>\n<p style=\"\">\u00bfCu\u00e1l es el Costo de este servicio?<\/p>\n<p style=\"\">Solo por un pago de 47 USD, tendr\u00e1s mi asesor\u00eda directa por WhatsApp durante 20 d\u00edas.<\/p>\n<h2 style=\"text-align: center;\">Dise\u00f1o de Plantillas en Excel y Google Sheet<\/h2>\n<p><span><img decoding=\"async\" alt=\"Servicios AEC\" data-id=\"62391\" width=\"380\" data-init-width=\"630\" height=\"242\" data-init-height=\"400\" title=\"Dise\u00f1o de Sistemas y Plantillas en Excel (1)\" src=\"https:\/\/aplicaexcelcontable.com\/blog\/wp-content\/uploads\/2025\/04\/Diseno-de-Sistemas-y-Plantillas-en-Excel-1.png\" data-width=\"380\" data-height=\"242\" style=\"aspect-ratio: auto 630 \/ 400;\" loading=\"lazy\"><\/span><\/p>\n<p style=\"\">Si estas buscando crear una plantilla o sistema personalizada en Excel + VBA, en Google Sheet + JavaScrip y requieres a un especialista en Excel, VBA, Google Sheet o JavaScrip.<\/p>\n<p style=\"\">Ofrecemos servicios de creaci\u00f3n de Plantillas o Sistemas desde cero, con un costo m\u00ednimo de 170 USD d\u00f3lares.<\/p>\n<p style=\"\">Puedes solicitar tu cotizaci\u00f3n hoy mismo contact\u00e1ndome directamente al WhatsApp:<\/p>\n<h2 style=\"text-align: center;\">Creaci\u00f3n de Aplicaciones en Appsheet + Mysql<\/h2>\n<p><span><img decoding=\"async\" alt=\"Servicios AEC\" data-id=\"62386\" width=\"380\" data-init-width=\"630\" height=\"242\" data-init-height=\"400\" title=\"Servicio creacion de App (1)\" src=\"https:\/\/aplicaexcelcontable.com\/blog\/wp-content\/uploads\/2025\/04\/Servicio-creacion-de-App-1.png\" data-width=\"380\" data-height=\"242\" style=\"aspect-ratio: auto 630 \/ 400;\" loading=\"lazy\"><\/span><\/p>\n<p style=\"\">Creamos aplicaciones para negocios, con Facturaci\u00f3n, control de Inventarios, Cuentas por cobrar, cuentas por pagar y mucho m\u00e1s seg\u00fan la necesidad del cliente.<\/p>\n<p style=\"\">Aplicaci\u00f3n que podr\u00e1s utilizar en tu Mobile, Tablet o bien en tu PC.<\/p>\n<p style=\"\">Tambi\u00e9n puedes solicitar crear niveles de usuarios para restringir ciertos accesos a funciones de la aplicaci\u00f3n.<\/p>\n<p style=\"\">El costo del servicio de este paquete es por hora, puedes solicitar tu cotizaci\u00f3n directamente en WhatsApp:<\/p>\n<p style=\"\">Actualmente tu puedes ver la lista de plantillas gratuitas creados en Aplica Excel Contable, desde el siguiente enlace: &gt;&gt; <a href=\"https:\/\/aplicaexcelcontable.com\/blog\/plantillas\/plantillas-gratis\" target=\"_blank\" style=\"outline: none;\"><em><strong>Ver desde aqu\u00ed <\/strong><\/em><\/a>&lt;&lt;.<\/p>\n<p style=\"\">Tambi\u00e9n puedes ver la lista de Plantillas Avanzadas, Aplicaciones creados en Aplica Excel Contable, desde el siguiente enlace: &gt;&gt; <a href=\"https:\/\/aplicaexcelcontable.com\/blog\/plantillas\/de-pago\" target=\"_blank\" style=\"outline: none;\">Ver desde aqu\u00ed<\/a> &lt;&lt;.<\/p>\n<p style=\"\">Cualquier duda o pregunta, no dudes en escribirme desde la p\u00e1gina de Chat &gt;&gt; <a href=\"https:\/\/aplicaexcelcontable.com\/blog\/contacto\" target=\"_blank\" style=\"outline: none;\">Puedes contactarme desde aqu\u00ed<\/a> &lt;&lt;.<\/p>\n<p style=\"\">Saludos,<\/p>\n<p><span><img decoding=\"async\" alt=\"\" data-id=\"62409\" width=\"124\" data-init-width=\"141\" height=\"136\" data-init-height=\"155\" title=\"Roger Perez (1)\" src=\"https:\/\/aplicaexcelcontable.com\/blog\/wp-content\/uploads\/2025\/04\/Roger-Perez-1.png\" data-width=\"124\" data-height=\"136\" style=\"aspect-ratio: auto 141 \/ 155;\" loading=\"lazy\" data-><\/span><\/p>\n<p style=\"\"><strong>Roger P\u00e9rez &#8211; CEO de Aplica Excel Contable<\/strong><\/p>\n<p><span><\/span><span><\/span><span><\/span><\/p>\n","protected":false},"excerpt":{"rendered":"<p>Servicios AEC (Aplica Excel Contable) Gu\u00eda Paso a paso x WhatsApp Con este paquete, tendr\u00e1s la gu\u00eda de Roger P\u00e9rez directamente desde WhatsApp. \u00bfQue Incluye este Paquete? Si tienes pensado crear una Plantilla personalizada para tu negocio, proyectos personales, podr\u00e1s recibir directamente recomendaciones de Dise\u00f1os de Plantillas, Validaciones, Formulaciones y Programaci\u00f3n de Plantillas con VBA. [&hellip;]<\/p>\n","protected":false},"author":1,"featured_media":0,"parent":0,"menu_order":0,"comment_status":"open","ping_status":"closed","template":"","meta":{"footnotes":""},"class_list":["post-62002","page","type-page","status-publish","hentry","post-wrapper","thrv_wrapper"],"_links":{"self":[{"href":"https:\/\/aplicaexcelcontable.com\/blog\/wp-json\/wp\/v2\/pages\/62002","targetHints":{"allow":["GET"]}}],"collection":[{"href":"https:\/\/aplicaexcelcontable.com\/blog\/wp-json\/wp\/v2\/pages"}],"about":[{"href":"https:\/\/aplicaexcelcontable.com\/blog\/wp-json\/wp\/v2\/types\/page"}],"author":[{"embeddable":true,"href":"https:\/\/aplicaexcelcontable.com\/blog\/wp-json\/wp\/v2\/users\/1"}],"replies":[{"embeddable":true,"href":"https:\/\/aplicaexcelcontable.com\/blog\/wp-json\/wp\/v2\/comments?post=62002"}],"version-history":[{"count":0,"href":"https:\/\/aplicaexcelcontable.com\/blog\/wp-json\/wp\/v2\/pages\/62002\/revisions"}],"wp:attachment":[{"href":"https:\/\/aplicaexcelcontable.com\/blog\/wp-json\/wp\/v2\/media?parent=62002"}],"curies":[{"name":"wp","href":"https:\/\/api.w.org\/{rel}","templated":true}]}}