{"id":47543,"date":"2021-12-20T10:29:12","date_gmt":"2021-12-20T16:29:12","guid":{"rendered":"https:\/\/aplicaexcelcontable.com\/blog\/?page_id=47543"},"modified":"2026-03-31T06:34:39","modified_gmt":"2026-03-31T12:34:39","slug":"sistema-de-facturacion-e-inventario-v6","status":"publish","type":"page","link":"https:\/\/aplicaexcelcontable.com\/blog\/sistema-de-facturacion-e-inventario-v6","title":{"rendered":"Sistema de facturacion e inventario v6"},"content":{"rendered":"<h1 style=\"text-align: center;\">Descarga tu Sistema de Facturaci\u00f3n e Inventario Avanzado<\/h1>\n<p style=\"text-align: center;\">\u00a1Lleva el control de tu Inventario, cuentas por cobrar, cuentas por pagar de forma autom\u00e1tica!<\/p>\n<p style=\"text-align: justify;\">Te gustar\u00eda descargar el Sistema de Facturaci\u00f3n e Inventario V7.5 con todas las funciones disponible para tu negocio?<\/p>\n<p style=\"text-align: justify;\">A continuaci\u00f3n, te dejo el siguiente video, para que veas en tiempo real el funcionamiento del sistema:<\/p>\n<p style=\"text-align: justify;\">\u00a1Hola! soy <b>Roger P\u00e9rez CEO<\/b>&nbsp;de Aplica Excel Contable y el encargado de guiarte paso a paso con la <em><b>configuraci\u00f3n y personalizaci\u00f3n del Sistema de Facturaci\u00f3n e Inventario V7.5 en Excel<\/b><\/em>.<\/p>\n<p><span><img decoding=\"async\" alt=\"\" data-id=\"38243\" width=\"150\" data-init-width=\"150\" height=\"150\" data-init-height=\"150\" title=\"Roger-Perez-150x150\" src=\"https:\/\/aplicaexcelcontable.com\/blog\/wp-content\/uploads\/2018\/10\/Roger-Perez-150x150-1.png.webp\" data-width=\"150\" data-height=\"150\" style=\"aspect-ratio: auto 150 \/ 150;\" loading=\"lazy\" data-init- data-><\/span><\/p>\n<p style=\"text-align: justify;\">Quieres llevar el control de tu Inventario, cuentas por cobrar y pagar de forma autom\u00e1tica y no lo has podido lograr ? quieres generar tus facturas, imprimirlos y guardarlos inmediatamente y no has podido ? quieres generar estados de cuentas de clientes y te queda poco tiempo para actualizarlo de forma manual ?<\/p>\n<p style=\"text-align: justify;\">Toda la soluci\u00f3n esta en un software contable que tenga integrado un modulo de Inventario, con la configuraci\u00f3n y personalizaci\u00f3n adecuada, pero cuanto cuesta un software contable ?<\/p>\n<p style=\"text-align: justify;\">Los software contable tienen un costo muy elevado, el cual obstaculiza la adquisici\u00f3n a due\u00f1os de negocios de la mediana y peque\u00f1a empresa.<\/p>\n<p style=\"text-align: justify;\"><strong>Pero hoy quiero ofrecerte una soluci\u00f3n para que lleves el Control de tu Inventario, cuentas por cobrar y pagar de forma autom\u00e1tica.<\/strong><\/p>\n<p style=\"text-align: justify;\">Te presento:<\/p>\n<h2 style=\"text-align: center;\">El Sistema Facturaci\u00f3n e Inventario Avanzado v7.5 en Excel<\/h2>\n<p style=\"text-align: justify;\">Este sistema consta de 3 secciones: Facturaci\u00f3n, Reportes y Configuraciones.&nbsp;<\/p>\n<p><span><img decoding=\"async\" alt=\"\" data-id=\"47551\" width=\"630\" data-init-width=\"630\" height=\"339\" data-init-height=\"339\" title=\"Sistema-de-GFI-v6\" src=\"https:\/\/aplicaexcelcontable.com\/blog\/wp-content\/uploads\/2021\/12\/Sistema-de-GFI-v6.png.webp\" data-width=\"630\" data-height=\"339\" style=\"aspect-ratio: auto 630 \/ 339;\" loading=\"lazy\" data-init- data-><\/span><\/p>\n<p style=\"\">Imag\u00ednate por un momento, guardar tus movimientos de entrada y salida con tan solo un clic en la Hoja Base de informaci\u00f3n y que autom\u00e1ticamente se genere tu Kardex, Resumen de saldos de Productos, Estados de Cuentas por cobrar de cada cliente, &nbsp;Reportes de ventas, Reportes de compra, te ahorraras mucho tiempo y trabajo.<\/p>\n<p style=\"\">A continuaci\u00f3n los detalles:<\/p>\n<h2 style=\"text-align: center;\">Caracter\u00edsticas del Sistema de Facturacion e Inventario Avanzado v7.5 en excel<\/h2>\n<ul>\n<li style=\"\"><span>8 Formularios para grabar tus transacciones:<\/span><\/li>\n<li style=\"\"><span>Formulario de Facturas de Compra.<\/span><\/li>\n<li style=\"\"><span>Formulario de Facturas de Venta.<\/span><\/li>\n<li style=\"\"><span>Formulario de Devoluci\u00f3n de compra y venta.<\/span><\/li>\n<li style=\"\"><span>Formulario de Cotizaci\u00f3n o Proformas.<\/span><\/li>\n<li style=\"\"><span>Formularios para Abono de clientes y proveedores.<\/span><\/li>\n<li style=\"\"><span>Formulario para grabar Saldo inicial de Inventario.<\/span><\/li>\n<li style=\"\"><span>Formulario para grabar saldo inicial de Cuentas por cobrar y pagar.<\/span><\/li>\n<li style=\"\"><span>Hoja Base para guardara toda la informaci\u00f3n.<\/span><\/li>\n<li style=\"\"><span>Hoja Base para Clientes y Proveedores.<\/span><\/li>\n<li style=\"\"><span>Resumen de Inventario (Entrada, Salida y Saldo).<\/span><\/li>\n<li><span>Hoja Base de Cotizaciones o proforma.<\/span><\/li>\n<li><span>Hoja de Catalogo de Productos ( Personalizable).<\/span><\/li>\n<\/ul>\n<ul>\n<li style=\"\"><span>Genera Kardex para cada producto o articulo.<\/span><\/li>\n<li style=\"\"><span>Resumen de Cuentas por cobrar.<\/span><\/li>\n<li><span>Resumen de cuentas por pagar.<\/span><\/li>\n<li style=\"\"><span>Genera Estado de cuentas por clientes y proveedores.<\/span><\/li>\n<li style=\"\"><span>Genera Reportes de compra y venta.<\/span><\/li>\n<li style=\"\"><span>Genera cierres de caja.<\/span><\/li>\n<li><span>Incluye una hoja para definir los Costos comerciales.<\/span><\/li>\n<li><span>Incluye formularios para Guardar nuevos clientes y Proveedores.<br \/><\/span><\/li>\n<li><span>Puedes llevar el Control de Inventario de varias empresas (Multiempresa).<br \/><\/span><\/li>\n<li><span>Contiene una Pesta\u00f1a especial dentro de la cinta de opciones llamado \u00abFacturaci\u00f3n\u00bb.<\/span><\/li>\n<li style=\"\"><span>Manual del usuario de como utilizar el Sistema ( Explicado en video paso a paso.<br \/><\/span><\/li>\n<li><span>Soporte por chat, correo electr\u00f3nico y &nbsp;actualizaciones por 1 a\u00f1o.<br \/><\/span><\/li>\n<li><span>Puedes llevar el Sistema en tu Pen-drive (memoria USB) y utilizarlo en cualquier PC.<\/span><\/li>\n<\/ul>\n<h2 style=\"text-align: center;\">Que dicen nuestros clientes<\/h2>\n<h1><em>\u00ab<\/em><\/h1>\n<p>Gracias al Sistema estoy llevando el control de mis compras y ventas de mercader\u00eda, me encanta lo facil de generar los Reportes de Venta y compra.<\/p>\n<p style=\"text-align: left;\"><span style=\"font-family: &quot;Playfair Display&quot;; font-weight: 400;\"><strong><em><span style=\"font-size: 20px;\">Alexa Rivera &#8211;&nbsp;<\/span><\/em><\/strong><\/span><span style=\"background-color: rgba(249, 239, 237, 0); font-size: 20px;\"><b>M\u00e9xico<\/b><\/span><\/p>\n<p style=\"text-align: left;\"><span style=\"font-family: &quot;Playfair Display&quot;; font-weight: 400;\"><strong><em><span style=\"font-size: 20px;\"><\/span><\/em><\/strong><\/span><span style=\"font-family: &quot;Playfair Display&quot;; font-weight: 400;\"><strong><em><span style=\"color: rgb(249, 239, 237);\">\/&nbsp;<\/span><\/em><\/strong><\/span><span style=\"font-family: Hind; font-weight: 400; font-size: 18px; color: rgb(249, 239, 237);\">Negocio Propio.<\/span><\/p>\n<h1><em>\u00ab<\/em><\/h1>\n<p>Que puedo decir Roger, es genial llevar el control de las ventas a cr\u00e9ditos &nbsp;y me parece muy bueno la hoja Resumen de Inventario, ya que me permite ver los saldos m\u00ednimos de productos.<\/p>\n<p style=\"text-align: left;\"><span style=\"font-family: &quot;Playfair Display&quot;; font-weight: 400;\"><strong><em><span style=\"font-size: 20px;\">Solano Castillo &#8211; Costa Rica<\/span><\/em><\/strong><\/span><br \/><span style=\"font-family: &quot;Playfair Display&quot;; font-weight: 400;\"><strong><em><span style=\"color: rgb(249, 239, 237);\">\/&nbsp;<\/span><\/em><\/strong><\/span><span style=\"font-family: Hind; font-weight: 400; font-size: 18px; color: rgb(249, 239, 237);\">Profesional Independiente<\/span><\/p>\n<h1><em>\u00ab<\/em><\/h1>\n<p>Recomiendo este sistema de Inventario es muy practico y f\u00e1cil de usar, el soporte que ofrece Aplica Excel Contable es muy personalizado, me parecio muy bien. Saludos y Abrazos!!<\/p>\n<p style=\"text-align: left;\"><span style=\"font-family: &quot;Playfair Display&quot;; font-weight: 400;\"><strong><em><span style=\"font-size: 20px;\">Ruby Peralta &#8211; Colombia<\/span><\/em><\/strong><\/span><br \/><span style=\"font-family: &quot;Playfair Display&quot;; font-weight: 400;\"><strong><em><span style=\"color: rgb(249, 239, 237);\">\/&nbsp;<\/span><\/em><\/strong><\/span><span style=\"font-family: Hind; font-weight: 400; font-size: 18px; color: rgb(249, 239, 237);\">Contadora<\/span><\/p>\n<p style=\"\">Lo que estas apunto de comprar te permitir\u00e1 ahorrar mucho tiempo en tus labores, te permitir\u00e1 tener al d\u00eda tu inventario, compras, ventas, cuentas por cobrar y pagar para una buena toma de decisi\u00f3n en su negocio.<\/p>\n<p style=\"\">Y lo mas importante, te ahorraras miles de d\u00f3lares, evitando el pago de software costosos.<\/p>\n<h2 style=\"text-align: center;\">Precio del Sistema FI Avanzado en Excel<\/h2>\n<h3 style=\"text-align: center;\">PRUEBALO GRATIS POR 14 DIAS hoy mismo<\/h3>\n<p style=\"text-align: center;\"><em><strong>PRECIO UNICO: \u00abPru\u00e9balo por 14 d\u00edas\u00bb<\/strong><\/em><\/p>\n<ul>\n<li style=\"\"><span>Descarga del Sistema de Facturaci\u00f3n e Inventario avanzado en su \u00faltima versi\u00f3n.<\/span><\/li>\n<li><span>Sin limitaciones, podr\u00e1s utilizarlo en tu pc personal o en la pc que elijas activar la licencia.<\/span><\/li>\n<li style=\"\"><span>Soporte B\u00e1sico por WhatsApp (solo activaci\u00f3n).<\/span><\/li>\n<li><span>Incluye instructivo b\u00e1sico.<\/span><\/li>\n<li><span>No incluye acceso a los videos Instructivos de como configurar y usar el sistema.<\/span><\/li>\n<\/ul>\n<h3 style=\"text-align: center;\">licencia para 1 dispositivo + soporte<\/h3>\n<p style=\"text-align: center;\"><em><strong>PRECIO UNICO: Un solo pago de <span style=\"--tcb-applied-color: rgb(246, 9, 9)  !important; color: rgb(246, 9, 9); text-decoration: underline;\">47 USD<\/span><\/strong><\/em><\/p>\n<ul>\n<li style=\"\"><span>Descarga del Sistema de Facturaci\u00f3n e Inventario avanzado en su \u00faltima versi\u00f3n.<\/span><\/li>\n<li><span>Sin limitaciones, podr\u00e1s utilizarlo en tu pc personal o en la pc que elijas activar la licencia.<\/span><\/li>\n<li style=\"\"><span>Acceso a los videos Instructivos de como configurar y usar el sistema por 1 a\u00f1o.<\/span><\/li>\n<li style=\"\"><span>Soporte completo por 1 a\u00f1o (por Email, chat de la p\u00e1gina y el soporte directo por Whatsapp).<\/span><\/li>\n<li style=\"\"><span>Soporte por Anydesk o Teamviewer &nbsp;si es necesario.<\/span><\/li>\n<\/ul>\n<h2 style=\"text-align: center;\">Bono especial<\/h2>\n<p style=\"\">Al comprar el d\u00eda de hoy, te vamos a compartir de forma gratuita dos bonos valorados en 99 USD, pero solo por hoy ser\u00e1 gratis para ti:<\/p>\n<ul>\n<li style=\"\"><span>1 Licencia del Sistema Contable Avanzado (Actualizado).<\/span><\/li>\n<li style=\"\"><span>Personalizaci\u00f3n del Catalogo de Productos: Nos encargaremos de agregar tu lista de Productos o art\u00edculos y entreg\u00e1rtelo ya listo con la configuraci\u00f3n recomendada.<\/span><\/li>\n<\/ul>\n<h2 style=\"text-align: center;\">Garant\u00eda de Satisfacci\u00f3n<\/h2>\n<h3 style=\"text-align: center;\"><strong>30 DIAS<\/strong> GARANTIA DE DEVOLUCION <img decoding=\"async\" role=\"img\" alt=\"\ud83d\udcb0\" src=\"https:\/\/s.w.org\/images\/core\/emoji\/13.1.0\/svg\/1f4b0.svg\" loading=\"lazy\"><\/h3>\n<p style=\"text-align: left;\">Si el sistema de Facturaci\u00f3n e Inventario v6.0 no cumple con tus expectativas &nbsp;durante los primeros 30 d\u00edas despu\u00e9s de tu compra, puedes escribirnos a rogerperez@aplicaexcelcontable.com y te devolveremos tu dinero sin hacer preguntas.<\/p>\n<h2 style=\"text-align: center;\">Como me env\u00edan el Sistema de Facturaci\u00f3n e Inventario despu\u00e9s del pago?<\/h2>\n<p style=\"text-align: justify;\">Una vez completado el proceso de pago, en la misma pagina de confirmacion de pago, te he dejado un enlace, para crear tu nombre de usuario y contrase\u00f1a, al iniciar sesion te llevara a la zona de miembros y desde alli podras descargarlo:<\/p>\n<h2 style=\"text-align: center;\">Donde puedo ver el manual del usuario?<\/h2>\n<p style=\"text-align: justify;\">Una vez completes el proceso de pago, un email ser\u00e1 enviado a tu bandeja de entrada con el Asunto: \u00ab<em><strong>Tus datos de acceso de la zona de Miembros<\/strong><\/em>\u00ab, dentro del email encontraras tus datos de acceso, Nombre de usuario y contrase\u00f1a para acceder a la Plataforma, una vez ingreses, podr\u00e1s ver los enlaces de videos:<\/p>\n<h2 style=\"text-align: center;\">Que contenido se comparte en el manual del usuario?<\/h2>\n<p style=\"text-align: justify;\">Todo el contenido esta explicado en video paso a paso, a continuaci\u00f3n los detalles del contenido:<\/p>\n<ul>\n<li style=\"\"><span>Como modificar o personalizar tu catalogo de productos o art\u00edculos.<\/span><\/li>\n<li><span>Como trabajar con la hoja de Costo Comercial.<\/span><\/li>\n<li style=\"\"><span>Como actualizar la lisa de Productos en la hoja Resumen.<\/span><\/li>\n<li><span>Pasos para configurar la Hoja Base y Basec.<\/span><\/li>\n<li><span>Como agregar tu lista de clientes y proveedores.<\/span><\/li>\n<li><span>Como agregar tu logo de empresa en el Recibo ofcial de caja y egreso de caja.<\/span><\/li>\n<li><span>Pasos para agregar el Saldo inicial de Inventario.<\/span><\/li>\n<li><span>Pasos para agregar el Saldo inicial de cuentas por cobrar y pagar.<\/span><\/li>\n<li><span>Pasos para grabar una factura de compra.<\/span><\/li>\n<li><span>Como grabar una factura de venta.<\/span><\/li>\n<\/ul>\n<ul>\n<li style=\"\"><span>Como crear una de Devolucion de compra y venta.<\/span><\/li>\n<li style=\"\"><span>Como crear cotizaciones o proformas.<\/span><\/li>\n<li style=\"\"><span>Como generar un abono de cliente.<\/span><\/li>\n<li><span>Como generar un abono a proveedores.<\/span><\/li>\n<li><span>Pasos para generar reportes de Inventario.<\/span><\/li>\n<li><span>Como generar Reportes de Cuentas por cobrar y pagar.<\/span><\/li>\n<li><span>Como generar Reportes de compra.<\/span><\/li>\n<li><span>Pasos para &nbsp;generar Reportes de venta.<\/span><\/li>\n<li><span>Como hacer un cierre de caja.<\/span><\/li>\n<li><span>&nbsp;Pasos para agregar el nombre de tu negocio en la cada hoja.<\/span><\/li>\n<\/ul>\n<h2 style=\"text-align: center;\">Puedo hacer cambios en la Plantilla ?<\/h2>\n<p style=\"text-align: justify;\">Si puedes hacer cambios en la Plantilla de Facturacion e Inventario, a continuacion una lista de los cambios que puedes hacer facilmente:<\/p>\n<ul>\n<li style=\"\"><span>Puedes cambiar el porcetaje de impuesto y asignar el que se aplica en tu pais.<\/span><\/li>\n<li style=\"\"><span>Puedes Agregar tu propio Catalogo de Productos o articulos.<\/span><\/li>\n<li style=\"\"><span>Puedes agregar tu propio encabezado en cada hoja ( Nombre del negocio, direccion, telefono).<br \/><\/span><\/li>\n<li style=\"\"><span>Puedes agregar tu logo de empresa o negocio en cada hoja.<br \/><\/span><\/li>\n<li style=\"\"><span>Y si los colores de botones no te gusta, puedes cambiarlo por el color que me mas te guste.<\/span><\/li>\n<\/ul>\n<h2 style=\"text-align: center;\">Preguntas Frecuentes<\/h2>\n<p><span><\/span><\/p>\n<h4 style=\"\">Puedo Cambiar mi Catalogo de Producto?<\/h4>\n<p style=\"text-align: justify;\">Si, puedes modificar el Catalogo de Productos a tu gusto.<\/p>\n<p style=\"text-align: justify;\">Tambi\u00e9n, como parte del soporte, puedes solicitar que se agregue tu catalogo de productos al correo rogerperez@aplicaexcelcontable.com.<\/p>\n<p><span><\/span><\/p>\n<h4 style=\"\">En cuantas computadoras puedo utilizar el Sistema?<\/h4>\n<p>Podr\u00e1s utilizar el archivo en las computadoras que tu quieras.<\/p>\n<p><span><\/span><\/p>\n<h4 style=\"\">Este Sistema aplica o es valido para mi pais?<\/h4>\n<p style=\"text-align: justify;\">El Sistema de Facturacion e Inventario V6.0 &nbsp;esta disponible para los usuarios de cualquier pa\u00eds que consideren que le es de utilidad. Recomendamos ver la presentaci\u00f3n del Sistema en el Video, para su debida consideraci\u00f3n.<\/p>\n<p><span><\/span><\/p>\n<h4 style=\"\">Ofrecen una versi\u00f3n Demo?<\/h4>\n<p style=\"text-align: justify;\">No, para la versi\u00f3n avanzada, solo ofrecemos la presentaci\u00f3n en video.<\/p>\n<p><span><\/span><\/p>\n<h4 style=\"\">Como es el Proceso de Pago?<\/h4>\n<p style=\"text-align: justify;\"><em><strong>Primer paso:<\/strong><\/em> Eliges tu Plan de pago y pulsas clic en el bot\u00f3n Ordenar Ahora.<\/p>\n<p style=\"text-align: justify;\"><em><strong>Segundo paso:<\/strong><\/em> Completas el formulario de pago<\/p>\n<p style=\"text-align: justify;\"><em><strong>Tercer paso: <\/strong><\/em>Una vez completado el pago, en la misma pagina de pago, te compartir\u00e9 el enlace de descarga del Sistema de Facturacion e Inventario v6.0.<\/p>\n<p><span><\/span><\/p>\n<h4 style=\"\">Cuales son las opciones de pago?<\/h4>\n<p style=\"text-align: justify;\">Las opciones de pago que ofrecemos actualmente es totalmente Online, aceptamos: <strong>Tarjeta de D\u00e9bitos o bien tarjetas de Cr\u00e9dito.<\/strong><\/p>\n<p><span><\/span><\/p>\n<h4 style=\"\">Puedo Pagar con Paypal?<\/h4>\n<p style=\"text-align: justify;\">Si, ahora puedes pagar con PayPal o bien con tarjeta de Debito o Cr\u00e9dito.<\/p>\n<p><span><\/span><\/p>\n<h4 style=\"\">Puedo pagar con mi moneda Local?<\/h4>\n<p style=\"text-align: justify;\">El pago es en d\u00f3lares, pero se te cobrara el equivalente en tu moneda local.<\/p>\n<p><span><\/span><\/p>\n<h4 style=\"\">Aceptan otras formas de pago?<\/h4>\n<p>Si, la otra forma de pago es por Western Union.<\/p>\n<p style=\"\"><span style=\"color: rgb(7, 0, 0);\">Cualquier duda o pregunta, tan solo escr\u00edbenos a rogerperez@aplicaexcelcontable.com o bien en el chat.<\/span><\/p>\n<p style=\"\"><span style=\"color: rgb(7, 0, 0);\"><\/span><span style=\"color: rgb(7, 0, 0);\">Saludos,<\/span><\/p>\n<p style=\"\"><strong>Roger Perez &#8211; Aplica Excel Contable<\/strong><\/p>\n","protected":false},"excerpt":{"rendered":"<p>Descarga tu Sistema de Facturaci\u00f3n e Inventario Avanzado \u00a1Lleva el control de tu Inventario, cuentas por cobrar, cuentas por pagar de forma autom\u00e1tica! Te gustar\u00eda descargar el Sistema de Facturaci\u00f3n e Inventario V7.5 con todas las funciones disponible para tu negocio? A continuaci\u00f3n, te dejo el siguiente video, para que veas en tiempo real el [&hellip;]<\/p>\n","protected":false},"author":1,"featured_media":0,"parent":0,"menu_order":0,"comment_status":"closed","ping_status":"closed","template":"","meta":{"footnotes":""},"class_list":["post-47543","page","type-page","status-publish","hentry","post-wrapper","thrv_wrapper"],"_links":{"self":[{"href":"https:\/\/aplicaexcelcontable.com\/blog\/wp-json\/wp\/v2\/pages\/47543","targetHints":{"allow":["GET"]}}],"collection":[{"href":"https:\/\/aplicaexcelcontable.com\/blog\/wp-json\/wp\/v2\/pages"}],"about":[{"href":"https:\/\/aplicaexcelcontable.com\/blog\/wp-json\/wp\/v2\/types\/page"}],"author":[{"embeddable":true,"href":"https:\/\/aplicaexcelcontable.com\/blog\/wp-json\/wp\/v2\/users\/1"}],"replies":[{"embeddable":true,"href":"https:\/\/aplicaexcelcontable.com\/blog\/wp-json\/wp\/v2\/comments?post=47543"}],"version-history":[{"count":8,"href":"https:\/\/aplicaexcelcontable.com\/blog\/wp-json\/wp\/v2\/pages\/47543\/revisions"}],"predecessor-version":[{"id":65483,"href":"https:\/\/aplicaexcelcontable.com\/blog\/wp-json\/wp\/v2\/pages\/47543\/revisions\/65483"}],"wp:attachment":[{"href":"https:\/\/aplicaexcelcontable.com\/blog\/wp-json\/wp\/v2\/media?parent=47543"}],"curies":[{"name":"wp","href":"https:\/\/api.w.org\/{rel}","templated":true}]}}