{"id":46261,"date":"2020-10-30T16:32:03","date_gmt":"2020-10-30T22:32:03","guid":{"rendered":"https:\/\/aplicaexcelcontable.com\/blog\/?page_id=46261"},"modified":"2025-09-24T22:19:37","modified_gmt":"2025-09-25T04:19:37","slug":"calendario-2022-en-excel","status":"publish","type":"page","link":"https:\/\/aplicaexcelcontable.com\/blog\/calendario-2022-en-excel","title":{"rendered":"Calendario 2022 en excel"},"content":{"rendered":"<h1 style=\"text-align: center;\">Descarga el calendario 2022 en excel<\/h1>\n<p>Estas listo para descargar el Calendario 2022 en excel ? Te gustar\u00eda descargar una agenda diaria?<\/p>\n<p><span><a href=\"https:\/\/aplicaexcelcontable.com\/blog\/wp-content\/uploads\/2020\/10\/Calendario-2022.png\"><img decoding=\"async\" alt=\"Calendario 2022\" data-id=\"46266\" width=\"541\" data-init-width=\"553\" height=\"433\" data-init-height=\"443\" title=\"Calendario 2022 en excel\" loading=\"lazy\" src=\"https:\/\/aplicaexcelcontable.com\/blog\/wp-content\/uploads\/2020\/10\/Calendario-2022.png.webp\" data-width=\"541\" data-height=\"433\" data-link-wrap=\"true\" style=\"aspect-ratio: auto 553 \/ 443;\"><\/a><\/span><\/p>\n<p style=\"text-align: justify;\">Si la respuesta a las preguntas es un si.. estas en el lugar correcto, por que hoy te voy a compartir el enlace de <strong>descarga de tu calendario 2022 en excel<\/strong>.<\/p>\n<p style=\"text-align: justify;\">Pero antes, d\u00e9jame presentarme: \u00ab<strong>Hola! Soy Roger Perez<\/strong>\u00bb CEO de Aplica Excel Contable y en este articulo, quiero compartirte una herramienta super \u00fatil.<\/p>\n<p>Ahora, si sobre todo eres super organizado, te recomiendo a que descargues este Archivo.<\/p>\n<p><span><a href=\"https:\/\/aplicaexcelcontable.com\/blog\/wp-content\/uploads\/2018\/10\/Roger-Perez-150x150-1.png\" target=\"_blank\"><img decoding=\"async\" loading=\"lazy\" alt=\"\" width=\"150\" height=\"150\" title=\"Roger-Perez-150x150\" data-id=\"38243\" src=\"https:\/\/aplicaexcelcontable.com\/blog\/wp-content\/uploads\/2018\/10\/Roger-Perez-150x150-1.png.webp\"><\/a><\/span><\/p>\n<ul>\n<li>Para que puedas manejar f\u00e1cilmente tus reuniones.<\/li>\n<li>Adem\u00e1s de eso, puedes imprimir el almanaque 2022 a color.<\/li>\n<li>Tambi\u00e9n de la &nbsp;Forma que t\u00fa quieras, Mensual o Anual.<\/li>\n<\/ul>\n<p>A continuaci\u00f3n, voy a dejarte el enlace de descarga:<\/p>\n<h2 style=\"text-align: center;\">Descarga el Archivo Calendario 2022 Excel<\/h2>\n<p><a href=\"https:\/\/aplicaexcelcontable.com\/blog\/?smd_process_download=1&amp;download_id=46238\" target=\"_blank\">                    <\/a><\/p>\n<h3><a href=\"https:\/\/aplicaexcelcontable.com\/blog\/?smd_process_download=1&amp;download_id=46238\" target=\"_blank\" style=\"outline: none;\"><span style=\"\">Haz clic aqu\u00ed para descargar el archivo<\/span><\/a><img decoding=\"async\" role=\"img\" alt=\"\ud83d\udc48\" src=\"https:\/\/s.w.org\/images\/core\/emoji\/13.0.0\/svg\/1f448.svg\"><\/h3>\n<p>Haz clic en el enlace o bien en la imagen para descargar el archivo que contiene el calendario y la agenda diaria.<\/p>\n<p style=\"text-align: justify;\">Para continuar, te dejo las caracter\u00edsticas del almanaque a\u00f1o 2022 en Excel:<\/p>\n<h3 style=\"text-align: center;\">Caracter\u00edsticas del almanaque 2022 en excel<\/h3>\n<p style=\"text-align: justify;\">Este archivo contiene las siguientes Herramientas:<\/p>\n<ul>\n<li><span>Almanaque Completo Anual incluye un cuadro para notas<\/span><\/li>\n<li><span>Calendario 2022 Anual<\/span><\/li>\n<li><span>Agenda Diaria (Calendario Diario) donde podr\u00e1s programar todas tus actividades<\/span><\/li>\n<li><span>Mini Calendario<\/span><\/li>\n<li><span>3 Modelos de Calendario Anual<\/span><\/li>\n<\/ul>\n<p style=\"text-align: justify;\">Estas son las caracter\u00edsticas del Calendario a\u00f1o 2022, ya lo descargaste? Si &nbsp;a un no lo has descargado, no esperes mas y desc\u00e1rgalo.&nbsp;<\/p>\n<p style=\"text-align: justify;\">Que tal te pareci\u00f3 el articulo de hoy? Te gusto?<\/p>\n<p style=\"text-align: justify;\">Si te gusto, te invito a compartirlo con tus amigos de <a href=\"https:\/\/www.facebook.com\/AplicaExceContable\/\" style=\"outline: none;\" target=\"_blank\" rel=\"noopener\">Facebook<\/a>, Pulsando clic en Compartir:<\/p>\n<p style=\"text-align: justify;\">Y para terminar voy a compartirte los enlaces del Calendario 2018, el Calendario 2019, 2020 y 2021.<\/p>\n<p style=\"text-align: justify;\">Adem\u00e1s, estoy seguro que te va ha interesar estos enlaces:<\/p>\n<ul>\n<li><span><a href=\"https:\/\/aplicaexcelcontable.com\/blog\/calendario-2018-en-excel\" target=\"_blank\" style=\"outline: none;\">Haz clic aqu\u00ed para Descargar el Calendario 2018<\/a><\/span><\/li>\n<li><span><a href=\"https:\/\/aplicaexcelcontable.com\/blog\/calendario-2019-excel.html\" style=\"outline: none;\" target=\"_blank\">Haz clic aqu\u00ed para descargar el Calendario 2019<\/a><\/span><\/li>\n<li><span><a href=\"https:\/\/aplicaexcelcontable.com\/blog\/calendario-2020-excel.html\" target=\"_blank\">Pulsa aqu\u00ed para descargar el calendario 2020<\/a><\/span><\/li>\n<li><span><a href=\"https:\/\/aplicaexcelcontable.com\/blog\/calendario-2021-en-excel.html\" target=\"_blank\">Haz clic aqu\u00ed para descargar el calendario 2021<\/a><\/span><\/li>\n<\/ul>\n<p style=\"text-align: justify;\">Para finalizar, cualquier duda o pregunta, tan solo <a href=\"https:\/\/aplicaexcelcontable.com\/blog\/contacto\" target=\"_blank\" style=\"outline: none;\">escr\u00edbenos en el chat<\/a> o bien a rogerperezb@gmail.com.<\/p>\n<p style=\"text-align: justify;\">Saludos,<\/p>\n<p style=\"text-align: justify;\"><strong>Roger Perez &#8211; Aplica Excel Contable<\/strong><\/p>\n","protected":false},"excerpt":{"rendered":"<p>Descarga el calendario 2022 en excel Estas listo para descargar el Calendario 2022 en excel ? Te gustar\u00eda descargar una agenda diaria? Si la respuesta a las preguntas es un si.. estas en el lugar correcto, por que hoy te voy a compartir el enlace de descarga de tu calendario 2022 en excel. Pero antes, [&hellip;]<\/p>\n","protected":false},"author":1,"featured_media":46266,"parent":0,"menu_order":0,"comment_status":"closed","ping_status":"closed","template":"","meta":{"footnotes":""},"class_list":["post-46261","page","type-page","status-publish","has-post-thumbnail","hentry","post-wrapper","thrv_wrapper"],"_links":{"self":[{"href":"https:\/\/aplicaexcelcontable.com\/blog\/wp-json\/wp\/v2\/pages\/46261","targetHints":{"allow":["GET"]}}],"collection":[{"href":"https:\/\/aplicaexcelcontable.com\/blog\/wp-json\/wp\/v2\/pages"}],"about":[{"href":"https:\/\/aplicaexcelcontable.com\/blog\/wp-json\/wp\/v2\/types\/page"}],"author":[{"embeddable":true,"href":"https:\/\/aplicaexcelcontable.com\/blog\/wp-json\/wp\/v2\/users\/1"}],"replies":[{"embeddable":true,"href":"https:\/\/aplicaexcelcontable.com\/blog\/wp-json\/wp\/v2\/comments?post=46261"}],"version-history":[{"count":1,"href":"https:\/\/aplicaexcelcontable.com\/blog\/wp-json\/wp\/v2\/pages\/46261\/revisions"}],"predecessor-version":[{"id":64897,"href":"https:\/\/aplicaexcelcontable.com\/blog\/wp-json\/wp\/v2\/pages\/46261\/revisions\/64897"}],"wp:featuredmedia":[{"embeddable":true,"href":"https:\/\/aplicaexcelcontable.com\/blog\/wp-json\/wp\/v2\/media\/46266"}],"wp:attachment":[{"href":"https:\/\/aplicaexcelcontable.com\/blog\/wp-json\/wp\/v2\/media?parent=46261"}],"curies":[{"name":"wp","href":"https:\/\/api.w.org\/{rel}","templated":true}]}}