{"id":44918,"date":"2019-10-14T18:13:49","date_gmt":"2019-10-15T00:13:49","guid":{"rendered":"https:\/\/aplicaexcelcontable.com\/blog\/?page_id=44918"},"modified":"2023-12-30T20:51:26","modified_gmt":"2023-12-31T02:51:26","slug":"formatos-de-celda-en-excel","status":"publish","type":"page","link":"https:\/\/aplicaexcelcontable.com\/blog\/formatos-de-celda-en-excel","title":{"rendered":"Formatos de Celda en Excel"},"content":{"rendered":"<p><span style=\"width: 100%;\"><a href=\"https:\/\/aplicaexcelcontable.com\/blog\/wp-content\/uploads\/2017\/12\/LogoblogAEC.jpg\" rel=\"\"><img decoding=\"async\" alt=\"\" width=\"145\" height=\"29\" title=\"LogoblogAEC\" data-id=\"27181\" src=\"\/\/aplicaexcelcontable.com\/blog\/wp-content\/uploads\/2017\/12\/LogoblogAEC.jpg\" style=\"aspect-ratio: auto 240 \/ 48;\" data-width=\"145\" data-height=\"29\" data-init-width=\"240\" data-init-height=\"48\" loading=\"lazy\" data-><\/a><\/span><\/p>\n<h1 style=\"text-align: center;\">Formatos de Celda en Excel<\/h1>\n<p style=\"\"><span style=\"color: rgb(4, 0, 0); font-size: 20px;\">\u00bfConoces cu\u00e1les son los formatos de Celda en Excel?<\/span><\/p>\n<p style=\"\"><span style=\"font-size: 20px;\"><span style=\"color: rgb(4, 0, 0);\">\u00bfTe Gustar\u00eda Conocerlo?<\/span><\/span><\/p>\n<p style=\"\"><span style=\"color: rgb(4, 0, 0); font-size: 20px;\">En este post, voy a mostrarte cuales son los tipos de formatos de Celda en Excel y tambi\u00e9n voy a mostrarte como aplicarlos.<\/span><\/p>\n<h2 style=\"text-align: center;\">Tipos de Formatos de Celda en Excel<\/h2>\n<p style=\"\"><span style=\"color: rgb(4, 0, 0); font-size: 20px;\">En Excel hay 6 Secciones de Formatos de Celda: Numero, Alineaci\u00f3n, Fuente, Borde, Relleno y Proteger.<\/span><\/p>\n<p style=\"\"><span style=\"color: rgb(4, 0, 0); font-size: 20px;\">Cada Secci\u00f3n tiene sus propias Categor\u00edas y comando.<\/span><\/p>\n<p><span style=\"width: 100%;\"><a href=\"https:\/\/aplicaexcelcontable.com\/blog\/wp-content\/uploads\/2019\/10\/Formatos-de-Celda-en-Excel-1.jpg\" target=\"_blank\" rel=\"noopener\"><img decoding=\"async\" alt=\"Formatos de Celda en Excel\" width=\"564\" height=\"72\" src=\"https:\/\/aplicaexcelcontable.com\/blog\/wp-content\/uploads\/2019\/10\/Formatos-de-Celda-en-Excel-1.jpg\" style=\"\" title=\"Formatos de Celda en Excel - 1\" data-id=\"44922\" loading=\"lazy\"><\/a><\/span><\/p>\n<p style=\"\">Vamos a ver c\u00f3mo utilizar cada secci\u00f3n de los Formatos de Celdas de Excel, para comenzar vamos a ver c\u00f3mo utilizar la secci\u00f3n Numero.<\/p>\n<h2 style=\"text-align: center;\">Formatos de Celda Secci\u00f3n Numero<\/h2>\n<p style=\"\">Dentro de esta secci\u00f3n encontraras 12 categor\u00edas de Formatos de Celdas: General, Numero, Moneda, Contabilidad, Fecha, Hora, Porcentaje, Fracci\u00f3n, Cient\u00edfica, Texto, Especial, Personalizado.<\/p>\n<p style=\"\">Vamos a ver cu\u00e1ndo y c\u00f3mo se utiliza cada categor\u00eda de Formatos de Celda Numero.<\/p>\n<p style=\"\"><strong>Categor\u00eda General<\/strong><\/p>\n<p style=\"\">La Categor\u00eda General se utiliza cuando querremos que una o varias Celdas no contenga un formato de Numero especifico, es decir, sin formato.<\/p>\n<p style=\"\"><strong>Categor\u00eda Numero<\/strong><\/p>\n<p style=\"\">Dentro de esta Categor\u00eda podemos aplicarle la cantidad de decimal a utilizar en un n\u00famero, tambi\u00e9n podemos utilizar el separador de miles y escoger el formato para los n\u00fameros negativos.<\/p>\n<p style=\"\"><strong>Ejemplo de Formato de Celda Numero<\/strong><\/p>\n<p style=\"\"><span style=\"color: rgb(4, 0, 0); font-size: 20px;\"><strong>Categor\u00eda Moneda<\/strong><\/span><\/p>\n<p style=\"\"><span style=\"color: rgb(4, 0, 0); font-size: 20px;\">Dentro de esta categor\u00eda podemos asignar monedas a los valores o n\u00fameros en Celda. Encontraras todas las monedas disponibles de todos los pa\u00edses.<\/span><\/p>\n<p style=\"\"><strong><span style=\"color: rgb(4, 0, 0); font-size: 20px;\">Ejemplo de Formato de Celda Moneda<\/span><\/strong><\/p>\n<p><span style=\"color: rgb(4, 0, 0); font-size: 20px;\"><strong>Categor\u00eda Fecha<\/strong><\/span><\/p>\n<p><span style=\"color: rgb(4, 0, 0); font-size: 20px;\">Dentro de esta Categor\u00eda podr\u00e1s aplicar a una celda el <\/span><a href=\"https:\/\/www.facebook.com\/AplicaExceContable\/\" target=\"_blank\" style=\"outline: none;\" rel=\"noopener\"><span style=\"color: rgb(4, 0, 0); font-size: 20px;\">Formato<\/span><\/a><span style=\"color: rgb(4, 0, 0); font-size: 20px;\"> de Fecha preferido para ti, si as\u00ed es, podr\u00e1s escoger un formato con fecha y hora y mucho m\u00e1s.<\/span><\/p>\n<p><span style=\"color: rgb(4, 0, 0); font-size: 20px;\"><strong>Ejemplo de Formato de Celda Fecha<\/strong><\/span><\/p>\n<p>Que tal te parecio los ejemplos de formatos excel de hoy? Te gusto ?<\/p>\n<p>Si te gusto, te invito a compartirlo con tus amigos de facebook pulsando clic en el boton compartir:<\/p>\n<p style=\"\">Cualquier duda o pregunta, tan solo escribenos en la sala de chat o bien escribinos un mensaje al correo rogerperezb@gmail.com.<\/p>\n<p style=\"\">Saludos,<\/p>\n<p style=\"\"><strong>Roger Perez &#8211; Aplica Excel Contable<\/strong><\/p>\n","protected":false},"excerpt":{"rendered":"<p>Formatos de Celda en Excel \u00bfConoces cu\u00e1les son los formatos de Celda en Excel? \u00bfTe Gustar\u00eda Conocerlo? En este post, voy a mostrarte cuales son los tipos de formatos de Celda en Excel y tambi\u00e9n voy a mostrarte como aplicarlos. Tipos de Formatos de Celda en Excel En Excel hay 6 Secciones de Formatos de [&hellip;]<\/p>\n","protected":false},"author":1,"featured_media":16775,"parent":0,"menu_order":0,"comment_status":"closed","ping_status":"closed","template":"","meta":{"footnotes":""},"class_list":["post-44918","page","type-page","status-publish","has-post-thumbnail","hentry","post-wrapper","thrv_wrapper"],"_links":{"self":[{"href":"https:\/\/aplicaexcelcontable.com\/blog\/wp-json\/wp\/v2\/pages\/44918","targetHints":{"allow":["GET"]}}],"collection":[{"href":"https:\/\/aplicaexcelcontable.com\/blog\/wp-json\/wp\/v2\/pages"}],"about":[{"href":"https:\/\/aplicaexcelcontable.com\/blog\/wp-json\/wp\/v2\/types\/page"}],"author":[{"embeddable":true,"href":"https:\/\/aplicaexcelcontable.com\/blog\/wp-json\/wp\/v2\/users\/1"}],"replies":[{"embeddable":true,"href":"https:\/\/aplicaexcelcontable.com\/blog\/wp-json\/wp\/v2\/comments?post=44918"}],"version-history":[{"count":0,"href":"https:\/\/aplicaexcelcontable.com\/blog\/wp-json\/wp\/v2\/pages\/44918\/revisions"}],"wp:featuredmedia":[{"embeddable":true,"href":"https:\/\/aplicaexcelcontable.com\/blog\/wp-json\/wp\/v2\/media\/16775"}],"wp:attachment":[{"href":"https:\/\/aplicaexcelcontable.com\/blog\/wp-json\/wp\/v2\/media?parent=44918"}],"curies":[{"name":"wp","href":"https:\/\/api.w.org\/{rel}","templated":true}]}}