{"id":44903,"date":"2019-10-14T14:56:47","date_gmt":"2019-10-14T20:56:47","guid":{"rendered":"https:\/\/aplicaexcelcontable.com\/blog\/?page_id=44903"},"modified":"2024-11-10T16:15:16","modified_gmt":"2024-11-10T22:15:16","slug":"llamar-precios-por-categoria-video2","status":"publish","type":"page","link":"https:\/\/aplicaexcelcontable.com\/blog\/llamar-precios-por-categoria-video2","title":{"rendered":"Llamar Precios por Categoria de un Cliente video2"},"content":{"rendered":"<h1 style=\"text-align: center;\" id=\"t-1731275021776\">Llamar Precios en excel por Categoria de un Cliente video2<\/h1>\n<p>Estas listo para ver los pasos de como llamar precios en excel por categoria de un cliente?<\/p>\n<h2 style=\"text-align: center;\" id=\"t-1731275021770\">Llamar Precios en excel &#8211; Formulas a utilizar En la Hoja FACTURA<\/h2>\n<p>Para poder llamar precios por categoria seleccionamos la Hoja FACTURA y nos ubicamos en la Celda C7, dentro de este vamos a sustituir el 2 por el numero 3 y pulsamos aceptar.<\/p>\n<p>En la Celda A18 vamos a escribir CATEGORIA:, seleccionamos de la A18:B18, le aplicamos combinar y centrar mas negrilla.<\/p>\n<p>En la Celda C18 escribimos la siguiente Formula:<\/p>\n<blockquote><p>=SI(C6&lt;&gt;\u00bb\u00bb;BUSCARV(C6;CLIENTES;2;0);\u00bb\u00bb)<\/p><\/blockquote>\n<p>Y pulsamos aceptar. Seleccionamos nuevamente la C18 y le aplicamos centrar m\u00e1s negrilla.<\/p>\n<p>Muy bien, ahora nos ubicamos en la Celda E10 y escribimos la siguiente Formula:<\/p>\n<blockquote><p>=MAX(SUMAR.SI.CONJUNTO(TABLAP[PRECIO UNIT];TABLAP[COD.PROD];B10;TABLAP[CAT];\u00bb=\u00bb&amp;$C$18))<\/p><\/blockquote>\n<p>Y pulsamos aceptar.<\/p>\n<p>Seleccionamos de la E10:E17 y rellenamos la formula hacia abajo y le aplicamos estilo millares.<\/p>\n<p>Muy bien, ahora para hacer la prueba tan solo seleccionamos el c\u00f3digo del producto, en este caso 1001, seguidamente seleccionamos el cliente, puedes notar que el precio cambia de acuerdo a la categor\u00eda del cliente.<\/p>\n<p>Para concluir tan solo oculta las Hojas, guardamos los cambios y listo.<\/p>\n<p>No olvides aplicar la categor\u00eda para los dem\u00e1s productos.<\/p>\n<h2 id=\"t-1731275021771\">Preguntas frecuentes llamar precios por categoria en excel<\/h2>\n<h3 id=\"t-1731275021772\">\u00bfC\u00f3mo concatenar precios en Excel?<\/h3>\n<p style=\"\">Para concatener precios en excel, primeramente debes de crear una hoja en excel y le nombraras productos.<\/p>\n<p style=\"\">A continuacion dentro de esta hoja vamos a estructurar una tabla que contenga los siguientes encabezados:<\/p>\n<ul>\n<li style=\"\">Codigo<\/li>\n<li style=\"\">Nombre del Producto<\/li>\n<li style=\"\">Costo<\/li>\n<li style=\"\">Precio<\/li>\n<\/ul>\n<p>En seguida en la fila dos agregamos los datos, dentro de codigo escribimos 1000, en nombre del producto escribimos Laptop HP, en costo escribimos 300 dolares y en precio escribimos 450 dolares.<\/p>\n<p>Ahora insertamos una nueva hoja y le nombraremos Formulario, dentro de este estructuramos el formato de una factura, si no sabes como &gt;&gt;<a href=\"https:\/\/aplicaexcelcontable.com\/blog\/sistema-de-facturacion.html\" target=\"_blank\" rel=\"noopener\"> Clic aqui para ver<\/a> &lt;&lt;.<\/p>\n<p>En seguida, para concatener los precios con el nombre del producto vamos a utilizar la funcion <a href=\"https:\/\/offers.hubspot.es\/formulas-de-excel-basicas-para-marketers?hubs_post-cta=bottom\" target=\"_blank\" style=\"outline: none;\" rel=\"noopener\">BuscarV<\/a> o bien la funcion BuscarX.<\/p>\n<p>Vamos a lograr que al seleccionar el codigo del producto, nos muestre el nombre del producto y mande a traer el precio del producto.<\/p>\n<p>\u00bfSabes como utilizar la funcion BUSCARV? &#8211; &gt;&gt; <a href=\"https:\/\/aplicaexcelcontable.com\/blog\/la-formula-excel-buscarv.html\" target=\"_blank\" style=\"outline: none;\" rel=\"noopener\">Ver video explicativo<\/a> &lt;&lt;.<\/p>\n<p>\u00bf Sabes como utilizar la funcion BUSCARX ? &#8211; &gt;&gt; <a href=\"https:\/\/aplicaexcelcontable.com\/blog\/funcion-buscarx.html\" target=\"_blank\" style=\"outline: none;\" rel=\"noopener\">Ver video explicativo<\/a> &lt;&lt;.<\/p>\n<h3 id=\"t-1731275021773\">\u00bfC\u00f3mo activar la funci\u00f3n cotizaci\u00f3n en Excel?<\/h3>\n<p style=\"\">El comando Cotizaci\u00f3n o funci\u00f3n cotizaci\u00f3n se puede activar desde la pesta\u00f1a Datos &gt;&gt; seccion tipos de datos y dentro de este podras encontrar la funci\u00f3n cotizaci\u00f3n.<\/p>\n<p style=\"\">Recuerda debes de tener nombres de empresas que participan en las bolsas de valores ya digitdo en las celdas de excel para que este te devuelva resultados.<\/p>\n<h3 id=\"t-1731275021774\">\u00bfC\u00f3mo ordenar precios en Excel?<\/h3>\n<p style=\"\">Para ordenar precios en excel, debes de utilizar el comando Ordenar de excel.<\/p>\n<p style=\"\">Este comando lo encuentras en la pesta\u00f1a Datos &gt;&gt; Seccion Ordenar y filtrar.<\/p>\n<h3 id=\"t-1731275021775\">\u00bfCu\u00e1l es la f\u00f3rmula de precio en Excel?<\/h3>\n<p style=\"\">Para determinar la formula de precio en excel debes de contar con los datos necesario de la compra realizada o bien de la produccion del articulo.<\/p>\n<p style=\"\">Es decir debes de tener una tabla con todos los valores necesario de la compra o produccion del producto o articulo, para que puedas crear la formula con referencias a celdas:<\/p>\n<blockquote style=\"\"><p>=C10+D10+F10<\/p><\/blockquote>\n<p style=\"text-align: justify;\">Cualquier duda o pregunta sobre llamar precios por categoria, tan solo escribenos a rogerperez@aplicaexcelcontable.com o bien en la pagina de contacto donde encontraras disponible el <a href=\"https:\/\/aplicaexcelcontable.com\/blog\/contacto\" target=\"_blank\" style=\"outline: none;\" rel=\"noopener\">chat online<\/a>.<\/p>\n<p style=\"text-align: justify;\">Hasta aqu\u00ed con este video de como llamar precios por categoria, nos vemos en otro <a href=\"https:\/\/www.facebook.com\/AplicaExceContable\/\" target=\"_blank\" style=\"outline: none;\" rel=\"noopener\">video<\/a> con m\u00e1s Tips Excel.<\/p>\n<p><span style=\"width: 100%;\"><a href=\"https:\/\/aplicaexcelcontable.com\/blog\/wp-content\/uploads\/2018\/10\/Roger-Perez-150x150-1.png\" target=\"_blank\" rel=\"noopener\"><img loading=\"lazy\" decoding=\"async\" alt=\"Llamar precios\" width=\"150\" height=\"150\" title=\"Roger-Perez-150x150\" data-id=\"38243\" src=\"https:\/\/aplicaexcelcontable.com\/blog\/wp-content\/uploads\/2018\/10\/Roger-Perez-150x150-1.png\" style=\"aspect-ratio: auto 150 \/ 150;\" data-width=\"150\" data-height=\"150\" data-init-width=\"150\" data-init-height=\"150\"><\/a><\/span><\/p>\n<p><strong>Roger Perez &#8211; Aplica Excel Contable<\/strong><\/p>\n<p>                    <span style=\"width: 100%;\"><img loading=\"lazy\" decoding=\"async\" alt=\"Llamar Precios\" width=\"118\" height=\"85\" title=\"Aplica Excel Contable - 1\" data-id=\"19524\" src=\"\/\/aplicaexcelcontable.com\/blog\/wp-content\/uploads\/2015\/12\/Aplica-Excel-Contable-1.png\" style=\"aspect-ratio: auto 349 \/ 253;\" data-width=\"118\" data-height=\"85\" data-init-width=\"349\" data-init-height=\"253\"><\/span><\/p>\n<h2 id=\"t-1731275021777\" style=\"text-align: center;\">Curso Aplica Excel Contable<\/h2>\n<h3 id=\"t-1731275021778\" style=\"text-align: center;\">120 V\u00eddeos paso a paso<\/h3>\n<ul>\n<li><span>Excel Basico &#8211; Avanzado<\/span><\/li>\n<li><span>Curso de VBA y Contabilidad<\/span><\/li>\n<li><span>Como crear tu Sistema Contable<\/span><\/li>\n<li><span>Como configurar y personalizar tu sistema&nbsp;<\/span><\/li>\n<\/ul>\n","protected":false},"excerpt":{"rendered":"<p>Llamar Precios en excel por Categoria de un Cliente video2 Estas listo para ver los pasos de como llamar precios en excel por categoria de un cliente? Llamar Precios en excel &#8211; Formulas a utilizar En la Hoja FACTURA Para poder llamar precios por categoria seleccionamos la Hoja FACTURA y nos ubicamos en la Celda [&hellip;]<\/p>\n","protected":false},"author":1,"featured_media":38540,"parent":0,"menu_order":0,"comment_status":"closed","ping_status":"closed","template":"","meta":{"footnotes":""},"class_list":["post-44903","page","type-page","status-publish","has-post-thumbnail","hentry","post-wrapper","thrv_wrapper"],"_links":{"self":[{"href":"https:\/\/aplicaexcelcontable.com\/blog\/wp-json\/wp\/v2\/pages\/44903","targetHints":{"allow":["GET"]}}],"collection":[{"href":"https:\/\/aplicaexcelcontable.com\/blog\/wp-json\/wp\/v2\/pages"}],"about":[{"href":"https:\/\/aplicaexcelcontable.com\/blog\/wp-json\/wp\/v2\/types\/page"}],"author":[{"embeddable":true,"href":"https:\/\/aplicaexcelcontable.com\/blog\/wp-json\/wp\/v2\/users\/1"}],"replies":[{"embeddable":true,"href":"https:\/\/aplicaexcelcontable.com\/blog\/wp-json\/wp\/v2\/comments?post=44903"}],"version-history":[{"count":0,"href":"https:\/\/aplicaexcelcontable.com\/blog\/wp-json\/wp\/v2\/pages\/44903\/revisions"}],"wp:featuredmedia":[{"embeddable":true,"href":"https:\/\/aplicaexcelcontable.com\/blog\/wp-json\/wp\/v2\/media\/38540"}],"wp:attachment":[{"href":"https:\/\/aplicaexcelcontable.com\/blog\/wp-json\/wp\/v2\/media?parent=44903"}],"curies":[{"name":"wp","href":"https:\/\/api.w.org\/{rel}","templated":true}]}}