{"id":44870,"date":"2019-10-14T13:31:56","date_gmt":"2019-10-14T19:31:56","guid":{"rendered":"https:\/\/aplicaexcelcontable.com\/blog\/?page_id=44870"},"modified":"2024-12-10T09:18:24","modified_gmt":"2024-12-10T15:18:24","slug":"pestania-desarrollador-en-excel","status":"publish","type":"page","link":"https:\/\/aplicaexcelcontable.com\/blog\/pestania-desarrollador-en-excel","title":{"rendered":"Pestania Desarrollador en Excel"},"content":{"rendered":"<h1 style=\"text-align: center;\">Como Activar la Pestania Desarrollador en Excel<\/h1>\n<p>Estas listo para ver los pasos de como activar la Pestania desarrollador en Excel?<\/p>\n<p><span style=\"width: 100%;\"><a href=\"https:\/\/aplicaexcelcontable.com\/blog\/wp-content\/uploads\/2019\/10\/Pestania-Desarrollador-1.png\" target=\"_blank\"><img decoding=\"async\" alt=\"Pestania Desarrollador en excel\" width=\"544\" height=\"262\" src=\"https:\/\/aplicaexcelcontable.com\/blog\/wp-content\/uploads\/2019\/10\/Pestania-Desarrollador-1.png\" style=\"aspect-ratio: auto 478 \/ 230;\" title=\"Pestania Desarrollador - 1\" data-id=\"44873\" data-width=\"544\" data-height=\"262\" data-init-width=\"478\" data-init-height=\"230\" loading=\"lazy\"><\/a><\/span><\/p>\n<p style=\"text-align: justify;\"><strong>\u00bfSabes c\u00f3mo activar la pestania Desarrollador en Excel?<\/strong>&nbsp;<\/p>\n<p style=\"text-align: justify;\"><strong>\u00bfQuieres aprender c\u00f3mo hacerlo?<\/strong>Hola Soy Roger Perez y en este tutorial vamos a ver los pasos de como Activar la Pestania Desarrollar&nbsp; en excel (Programador) en Excel 2010, 2013, 2016 y 2019.<\/p>\n<p style=\"text-align: justify;\">Vamos a Comenzar con los pasos de Como Activar la Pestania Desarrollador en excel (Programador):<\/p>\n<h2 style=\"text-align: center;\">Paso 1 &#8211; Pestania Desarrollador en Excel: Nos ubicamos en la Pesta\u00f1a Archivo y pulsamos clic en opciones.<\/h2>\n<p><span style=\"width: 100%;\"><a href=\"https:\/\/aplicaexcelcontable.com\/blog\/wp-content\/uploads\/2019\/10\/Pestania-Desarrollador-2.png\" target=\"_blank\"><img decoding=\"async\" alt=\"Pestania Desarrollador en excel\" width=\"533\" height=\"541\" title=\"Pestania Desarrollador - 2\" data-id=\"44877\" src=\"https:\/\/aplicaexcelcontable.com\/blog\/wp-content\/uploads\/2019\/10\/Pestania-Desarrollador-2.png\" style=\"aspect-ratio: auto 315 \/ 320;\" data-width=\"533\" data-height=\"541\" data-init-width=\"315\" data-init-height=\"320\" loading=\"lazy\"><\/a><\/span><\/p>\n<h2 style=\"text-align: center;\">Paso 2 &#8211; Pestania Desarrollador en Excel: Se presenta una venta, dentro de este nos ubicamos en Personalizar Cinta de Opciones:<\/h2>\n<p><span style=\"width: 100%;\"><a href=\"https:\/\/aplicaexcelcontable.com\/blog\/wp-content\/uploads\/2019\/10\/Pestania-Desarrollador-3.png\" target=\"_blank\"><img decoding=\"async\" alt=\"Pestania desarrollador\" width=\"533\" height=\"325\" title=\"Pestania Desarrollador - 3\" data-id=\"44880\" src=\"https:\/\/aplicaexcelcontable.com\/blog\/wp-content\/uploads\/2019\/10\/Pestania-Desarrollador-3.png\" style=\"aspect-ratio: auto 531 \/ 324;\" data-width=\"533\" data-height=\"325\" data-init-width=\"531\" data-init-height=\"324\" loading=\"lazy\"><\/a><\/span><\/p>\n<h2 style=\"text-align: justify;\">Paso 3 &#8211; Pestania Desarrollador en Excel: Dentro de este nos ubicamos en el lado Derecho donde dice \u201cPersonalizar la cinta de opciones\u201d.<\/h2>\n<p style=\"text-align: justify;\">Si notas dentro de esta lista, casi todas cuadritos est\u00e1n marcados con un check, pero el cuadrito para la Pesta\u00f1a Desarrollador no esta marcada:<\/p>\n<p><span style=\"width: 100%;\"><a href=\"https:\/\/aplicaexcelcontable.com\/blog\/wp-content\/uploads\/2019\/10\/Pestania-Desarrollador-4.png\" target=\"_blank\"><img decoding=\"async\" alt=\"Pestania Desarrollador\" width=\"533\" height=\"566\" title=\"Pestania Desarrollador - 4\" data-id=\"44882\" src=\"https:\/\/aplicaexcelcontable.com\/blog\/wp-content\/uploads\/2019\/10\/Pestania-Desarrollador-4.png\" style=\"aspect-ratio: auto 354 \/ 376;\" data-width=\"533\" data-height=\"566\" data-init-width=\"354\" data-init-height=\"376\" loading=\"lazy\"><\/a><\/span><\/p>\n<h2 style=\"\">Paso 4 &#8211; Pestania Desarrollador en Excel: Para que la Pesta\u00f1a pueda Mostrarse dentro de la Cinta de Opciones.<\/h2>\n<p style=\"text-align: justify;\">Tan solo activamos el cuadrito con un check, para eso pulsamos clic en el cuadrito y aceptamos:<\/p>\n<p><span style=\"width: 100%;\"><a href=\"https:\/\/aplicaexcelcontable.com\/blog\/wp-content\/uploads\/2019\/10\/Pestania-Desarrollador-5.png\" target=\"_blank\"><img decoding=\"async\" alt=\"Pestania Desarrollador\" width=\"533\" height=\"550\" title=\"Pestania Desarrollador - 5\" data-id=\"44884\" src=\"https:\/\/aplicaexcelcontable.com\/blog\/wp-content\/uploads\/2019\/10\/Pestania-Desarrollador-5.png\" style=\"aspect-ratio: auto 375 \/ 387;\" data-width=\"533\" data-height=\"550\" data-init-width=\"375\" data-init-height=\"387\" loading=\"lazy\"><\/a><\/span><\/p>\n<h2 style=\"\">5. Pestania Desarrollador en Excel &#8211; Ahora vamos a la cinta de opciones y verificamos que la Pesta\u00f1a Desarrollador ya esta activa, listo, ahora ya puedes utilizar todos los comandos disponible dentro de esta Pesta\u00f1a:<\/h2>\n<p><span style=\"width: 100%;\"><a href=\"https:\/\/aplicaexcelcontable.com\/blog\/wp-content\/uploads\/2019\/10\/Pestania-Desarrollador-6.png\" target=\"_blank\"><img decoding=\"async\" alt=\"Pestania Desarrollador\" width=\"533\" height=\"140\" title=\"Pestania Desarrollador - 6\" data-id=\"44886\" src=\"https:\/\/aplicaexcelcontable.com\/blog\/wp-content\/uploads\/2019\/10\/Pestania-Desarrollador-6.png\" style=\"aspect-ratio: auto 624 \/ 164;\" data-width=\"533\" data-height=\"140\" data-init-width=\"624\" data-init-height=\"164\" loading=\"lazy\"><\/a><\/span><\/p>\n<p>Te voy a compartir una peque\u00f1a intruccion a los Principales comandos de esta pesta\u00f1a.<\/p>\n<p>Para comenzar veamos la secci\u00f3n de Codigo, dentro de este tenemos 5 comandos.<\/p>\n<ul>\n<li>Visual Basic: Este sirve para abrir VBA (Visual Basic para aplicaciones).<\/li>\n<li>Macros: Desde aqu\u00ed podras ver todas las macros dispoibles.<\/li>\n<li>Grabar Macro: Con este comando a como su nombre lo indica, podras grabar macros.<\/li>\n<li>Usar referencias relativas: Se utiliza para Grabar macros con referencias relativas<\/li>\n<li>Seguridad de macros: Dentro de este se define el nivel de seguridad de la macro.<\/li>\n<\/ul>\n<p><span style=\"width: 100%;\"><a href=\"https:\/\/aplicaexcelcontable.com\/blog\/wp-content\/uploads\/2019\/10\/Pestania-Desarrollador-7.png\" target=\"_blank\"><img decoding=\"async\" alt=\"Pestania Desarrollador\" width=\"533\" height=\"271\" title=\"Pestania Desarrollador - 7\" data-id=\"44889\" src=\"https:\/\/aplicaexcelcontable.com\/blog\/wp-content\/uploads\/2019\/10\/Pestania-Desarrollador-7.png\" style=\"aspect-ratio: auto 277 \/ 141;\" data-width=\"533\" data-height=\"271\" data-init-width=\"277\" data-init-height=\"141\" loading=\"lazy\"><\/a><\/span><\/p>\n<p style=\"text-align: justify;\">Ahora veamos la secci\u00f3n de Controles, dentro de este tenemos 5 comandos:<\/p>\n<ul>\n<li style=\"text-align: justify;\">Insertar: Dentro de este encontraras botones de Formularios y botones ActiveX.<\/li>\n<li style=\"text-align: justify;\">Modo Dise\u00f1o: Este bot\u00f3n se utiliza para activar el dise\u00f1o y modificaci\u00f3n de los Botones ActiveX.<\/li>\n<li style=\"text-align: justify;\">Propiedades: Se utiliza para personalizar los controles ActiveX.<\/li>\n<li style=\"text-align: justify;\">Ver C\u00f3digo: Se utiliza para ver los c\u00f3digos aplicados a cada uno de los Controles ActiveX.<\/li>\n<li style=\"text-align: justify;\">Ejecutar Cuadro de Dialogo: Este comando sirve para ejecutar un cuadro de Dialogo personalizado.<\/li>\n<\/ul>\n<p>Que tal te pareci\u00f3 este tutorial?Si te gusto, te invito a que lo compartas con tus amigos de <a href=\"https:\/\/www.facebook.com\/AplicaExceContable\/\" target=\"_blank\" style=\"outline: none;\" rel=\"noopener\">Facebook<\/a>.<\/p>\n<p style=\"\">Cualquier duda o pregunta, puedes escribirme directamente en la<span style=\"--tcb-text-highlight-color: rgb(237, 243, 13) !important;\">&nbsp;<\/span><a href=\"#comentario\" style=\"outline: none;\"><span style=\"--tcb-text-highlight-color: rgb(237, 243, 13) !important;\">secci\u00f3n de comentarios<\/span><\/a>, en la <a href=\"https:\/\/aplicaexcelcontable.com\/blog\/contacto\" style=\"outline: none;\" target=\"_blank\"><span data-text-highlight=\"bubble\" style=\"--tcb-text-highlight-color: rgb(231, 100, 224) !important;\">pagina del chat<\/span><\/a>, directamente en <span style=\"--tcb-text-highlight-color: rgb(30, 184, 76) !important;\">whatsapp<\/span> o bien al correo electr\u00f3nico rogerperez@aplicaexcelcontable.com.<span style=\"--tcb-text-highlight-color: transparent !important;\"><\/span><\/p>\n<p style=\"\">Te saluda,<span style=\"--tcb-text-highlight-color: transparent !important;\"><\/span><\/p>\n<p style=\"\"><strong>Roger Perez \u2013 Aplica Excel Contable<\/strong><\/p>\n","protected":false},"excerpt":{"rendered":"<p>Como Activar la Pestania Desarrollador en Excel Estas listo para ver los pasos de como activar la Pestania desarrollador en Excel? \u00bfSabes c\u00f3mo activar la pestania Desarrollador en Excel?&nbsp; \u00bfQuieres aprender c\u00f3mo hacerlo?Hola Soy Roger Perez y en este tutorial vamos a ver los pasos de como Activar la Pestania Desarrollar&nbsp; en excel (Programador) en [&hellip;]<\/p>\n","protected":false},"author":1,"featured_media":44873,"parent":0,"menu_order":0,"comment_status":"closed","ping_status":"closed","template":"","meta":{"footnotes":""},"class_list":["post-44870","page","type-page","status-publish","has-post-thumbnail","hentry","post-wrapper","thrv_wrapper"],"_links":{"self":[{"href":"https:\/\/aplicaexcelcontable.com\/blog\/wp-json\/wp\/v2\/pages\/44870","targetHints":{"allow":["GET"]}}],"collection":[{"href":"https:\/\/aplicaexcelcontable.com\/blog\/wp-json\/wp\/v2\/pages"}],"about":[{"href":"https:\/\/aplicaexcelcontable.com\/blog\/wp-json\/wp\/v2\/types\/page"}],"author":[{"embeddable":true,"href":"https:\/\/aplicaexcelcontable.com\/blog\/wp-json\/wp\/v2\/users\/1"}],"replies":[{"embeddable":true,"href":"https:\/\/aplicaexcelcontable.com\/blog\/wp-json\/wp\/v2\/comments?post=44870"}],"version-history":[{"count":0,"href":"https:\/\/aplicaexcelcontable.com\/blog\/wp-json\/wp\/v2\/pages\/44870\/revisions"}],"wp:featuredmedia":[{"embeddable":true,"href":"https:\/\/aplicaexcelcontable.com\/blog\/wp-json\/wp\/v2\/media\/44873"}],"wp:attachment":[{"href":"https:\/\/aplicaexcelcontable.com\/blog\/wp-json\/wp\/v2\/media?parent=44870"}],"curies":[{"name":"wp","href":"https:\/\/api.w.org\/{rel}","templated":true}]}}