{"id":44601,"date":"2019-10-12T18:37:32","date_gmt":"2019-10-13T00:37:32","guid":{"rendered":"https:\/\/aplicaexcelcontable.com\/blog\/?page_id=44601"},"modified":"2019-10-12T18:53:43","modified_gmt":"2019-10-13T00:53:43","slug":"control-de-cuentas-por-cobrar-formulas","status":"publish","type":"page","link":"https:\/\/aplicaexcelcontable.com\/blog\/control-de-cuentas-por-cobrar-formulas","title":{"rendered":"control de cuentas por cobrar formulas"},"content":{"rendered":"<p><span style=\"width: 100%;\"><a href=\"https:\/\/aplicaexcelcontable.com\/blog\/wp-content\/uploads\/2017\/12\/LogoblogAEC.jpg\" rel=\"\"><img loading=\"lazy\" decoding=\"async\" alt=\"\" width=\"240\" height=\"48\" title=\"LogoblogAEC\" data-id=\"27181\" src=\"\/\/aplicaexcelcontable.com\/blog\/wp-content\/uploads\/2017\/12\/LogoblogAEC.jpg\" style=\"width: 100%;\"><\/a><\/span><\/p>\n<h1 style=\"text-align: center;\">Control de cuentas por cobrar formulas<\/h1>\n<p>Estas listo para continuar con el tema 7 &#8211; Control de cuentas por cobrar formulas ?<\/p>\n<p><span style=\"width: 100%;\"><a href=\"https:\/\/aplicaexcelcontable.com\/blog\/wp-content\/uploads\/2019\/10\/Formula-Cxc-1.png\" target=\"_blank\" rel=\"noopener noreferrer\"><img loading=\"lazy\" decoding=\"async\" alt=\"cuentas por cobrar formulas\" width=\"603\" height=\"62\" src=\"https:\/\/aplicaexcelcontable.com\/blog\/wp-content\/uploads\/2019\/10\/Formula-Cxc-1.png\" style=\"width: 100%;\" title=\"Formula Cxc 1\" data-id=\"44604\"><\/a><\/span>                    <\/p>\n<p style=\"text-align: justify;\">Continuamos con mas del Curso Como llevar el Control de tus cuentas por cobrar. Que tal fue con el tema Anterior, ya lo viste?<\/p>\n<p style=\"text-align: justify;\">Si a un no has visto el tema 6 \u00abComo Dise\u00f1ar la Hoja Menu \u00ab, tan solo pulsa clic en el bot\u00f3n para ver el tema:<\/p>\n<p style=\"text-align: justify;\">Hola Soy Roger Perez y hoy vamos a ver la parte central de todo este curso, se trata de las formulas a utilizar en la Hoja Seguimiento.<\/p>\n<p style=\"text-align: justify;\">Comencemos:<\/p>\n<h2 style=\"text-align: center;\">Cuentas por cobrar Formulas para la Columna \u201cDias de Mora\u201d<\/h2>\n<p style=\"text-align: justify;\">Para calcular los dias de mora para cada cliente vamos a escribir la siguiente f\u00f3rmula dentro de la celda D2:<\/p>\n<p style=\"text-align: justify;\">=SI(C2=ESBLANCO(0);0;SI(C2&lt;HOY();DIAS360(HOY();C2;FALSO);SI(C2&gt;HOY();DIAS360(HOY();C2;FALSO);0)))<\/p>\n<p style=\"text-align: justify;\">Esta formula se encargara de calcular los dias pendientes a vencer el credito (valor en positivo).<\/p>\n<p style=\"text-align: justify;\">Y de paso tambien calculara los dias vencidos comparando la fecha de vencimiento y la fecha actual (Valor en negativo). <\/p>\n<p style=\"text-align: justify;\">Te dejo nuevamente la formula en imagen:<\/p>\n<p><span style=\"width: 100%;\"><a href=\"https:\/\/aplicaexcelcontable.com\/blog\/wp-content\/uploads\/2019\/10\/Formula-Cxc-2.png\" target=\"_blank\" rel=\"noopener noreferrer\"><img loading=\"lazy\" decoding=\"async\" alt=\"cuentas por cobrar formulas\" width=\"603\" height=\"62\" title=\"Formula Cxc 2\" data-id=\"44608\" src=\"https:\/\/aplicaexcelcontable.com\/blog\/wp-content\/uploads\/2019\/10\/Formula-Cxc-2.png\" style=\"width: 100%;\"><\/a><\/span><\/p>\n<p style=\"text-align: justify;\">Ahora continuamos con mas Formulas:<\/p>\n<h2 style=\"text-align: center;\">Formulando la Columna \u201cEstado\u201d<\/h2>\n<p style=\"text-align: justify;\">Para mostrar el estado del cr\u00e9dito otorgado, vamos a utilizar dos parametros, Vencido o pendiente, para eso vamos a escribir la siguiente Formula dentro de la celda E2:<\/p>\n<p style=\"text-align: justify;\">=SI([@[DIAS DE MORA]]&lt;0;\u00bbVENCIDO\u00bb;SI([@[FECHA DE VENC.]]&gt;1;\u00bbPENDIENTE\u00bb;\u00bb\u00bb))<\/p>\n<p style=\"text-align: justify;\">Esta Formula se encargara de mostrar el Texto vencido si la fecha limite ya paso o bien Pendiente si a un la fecha de vencimiento no ha llegado. Te dejo una imagen de la formula:<\/p>\n<p><span style=\"width: 100%;\"><a href=\"https:\/\/aplicaexcelcontable.com\/blog\/wp-content\/uploads\/2019\/10\/Hoja-Menu-3.png\" target=\"_blank\" rel=\"noopener noreferrer\"><img loading=\"lazy\" decoding=\"async\" alt=\"cuentas por cobrar formulas\" width=\"492\" height=\"67\" title=\"Hoja Menu 3\" data-id=\"44592\" src=\"https:\/\/aplicaexcelcontable.com\/blog\/wp-content\/uploads\/2017\/02\/Formula-para-la-Columna-Estado.png\" style=\"width: 100%;\"><\/a><\/span><\/p>\n<p style=\"text-align: justify;\">Seguimos avanzando, ahora vamos a ver como formular la columna de Nombre de Cliente.<\/p>\n<h3 style=\"text-align: center;\">Formulando la Columna Nombre de Cliente y Nombre del Articulo<\/h3>\n<p style=\"text-align: justify;\">Vamos a preparar algo muy especial, que al escribir el c\u00f3digo nos muestre autom\u00e1ticamente el Nombre del cliente, de igual forma que al escribir el c\u00f3digo del art\u00edculo nos muestre el nombre del Art\u00edculo.<\/p>\n<p style=\"text-align: justify;\">Para eso nos ubicamos en la celda G2 y escribimos la siguiente f\u00f3rmula:<\/p>\n<p style=\"text-align: justify;\">=SI(F2&lt;&gt;0;BUSCARV(F2;CLIENTE;2;0);\u00bb\u00bb)<\/p>\n<p style=\"text-align: justify;\">Ahora, de igual forma vamos a aplicar formula dentro de la celda I2, escribimos la siguiente f\u00f3rmula:<\/p>\n<p style=\"text-align: justify;\">=SI(H2&lt;&gt;0;BUSCARV(H2;PRODUCTOS;2;0);\u00bb\u00bb)<\/p>\n<p style=\"text-align: justify;\">Otra formula similar para llamar la descripcion del articulo en la celda J2:<\/p>\n<p style=\"text-align: justify;\">=SI(H2&lt;&gt;0;BUSCARV(H2;PRODUCTOS;3;0);\u00bb\u00bb)<\/p>\n<p style=\"text-align: justify;\">Y la siguiente formula, para llamar el Precio:<\/p>\n<p style=\"text-align: justify;\">=SI(H2&lt;&gt;0;BUSCARV(H2;PRODUCTOS;4;0);\u00bb\u00bb)<\/p>\n<p style=\"text-align: justify;\">Y una penultima Formula para el c\u00e1lculo del impuesto, para eso vamos a escribir la siguiente f\u00f3rmula:<\/p>\n<p style=\"text-align: justify;\">=SI(L2&gt;0;([@CANTIDAD]*[@[PRECIO UNIT.]])*0,16;\u00bb\u00bb)<\/p>\n<p style=\"text-align: justify;\">No olvides que puedes modificar el porcentaje de tu impuesto por el de tu pais, para eso tan solo sustiye 0.16 por el porcentaje correcto. Por ejemplo si el 12% tan solo escribe 0.12 y listo.<\/p>\n<p style=\"text-align: justify;\">Ahora si, la ultima Formula para el calculo del Total, para eso escribimos la siguiente Formula:<\/p>\n<p style=\"text-align: justify;\">=SI(L2&gt;0;(K2*L2)+M2;\u00bb\u00bb)<\/p>\n<p style=\"text-align: justify;\">Listo, hemos concluido con la Formulacion de la Plantilla.<\/p>\n<p style=\"text-align: justify;\">Que tal te parecio el tema de hoy, Te gusto?<\/p>\n<p style=\"text-align: justify;\">Si te gusto, te invito a que lo compartas con tus amigos por email y por <a href=\"https:\/\/www.facebook.com\/AplicaExceContable\/\" target=\"_blank\" rel=\"noopener noreferrer\">Facebook<\/a>.<\/p>\n<p style=\"text-align: justify;\">Saludos,<\/p>\n<p style=\"text-align: justify;\"><strong>Roger Perez &#8211; Aplica Excel Contable<\/strong><\/p>\n","protected":false},"excerpt":{"rendered":"<p>Control de cuentas por cobrar formulas Estas listo para continuar con el tema 7 &#8211; Control de cuentas por cobrar formulas ? Continuamos con mas del Curso Como llevar el Control de tus cuentas por cobrar. Que tal fue con el tema Anterior, ya lo viste? Si a un no has visto el tema 6 [&hellip;]<\/p>\n","protected":false},"author":1,"featured_media":0,"parent":0,"menu_order":0,"comment_status":"closed","ping_status":"closed","template":"","meta":{"footnotes":""},"class_list":["post-44601","page","type-page","status-publish","hentry","post-wrapper","thrv_wrapper"],"_links":{"self":[{"href":"https:\/\/aplicaexcelcontable.com\/blog\/wp-json\/wp\/v2\/pages\/44601","targetHints":{"allow":["GET"]}}],"collection":[{"href":"https:\/\/aplicaexcelcontable.com\/blog\/wp-json\/wp\/v2\/pages"}],"about":[{"href":"https:\/\/aplicaexcelcontable.com\/blog\/wp-json\/wp\/v2\/types\/page"}],"author":[{"embeddable":true,"href":"https:\/\/aplicaexcelcontable.com\/blog\/wp-json\/wp\/v2\/users\/1"}],"replies":[{"embeddable":true,"href":"https:\/\/aplicaexcelcontable.com\/blog\/wp-json\/wp\/v2\/comments?post=44601"}],"version-history":[{"count":0,"href":"https:\/\/aplicaexcelcontable.com\/blog\/wp-json\/wp\/v2\/pages\/44601\/revisions"}],"wp:attachment":[{"href":"https:\/\/aplicaexcelcontable.com\/blog\/wp-json\/wp\/v2\/media?parent=44601"}],"curies":[{"name":"wp","href":"https:\/\/api.w.org\/{rel}","templated":true}]}}