{"id":44582,"date":"2019-10-12T12:36:47","date_gmt":"2019-10-12T18:36:47","guid":{"rendered":"https:\/\/aplicaexcelcontable.com\/blog\/?page_id=44582"},"modified":"2019-10-12T13:36:56","modified_gmt":"2019-10-12T19:36:56","slug":"control-de-cuentas-por-cobrar-hoja-menu","status":"publish","type":"page","link":"https:\/\/aplicaexcelcontable.com\/blog\/control-de-cuentas-por-cobrar-hoja-menu","title":{"rendered":"control de cuentas por cobrar hoja menu"},"content":{"rendered":"<p><span style=\"width: 100%;\"><a href=\"https:\/\/aplicaexcelcontable.com\/blog\/wp-content\/uploads\/2017\/12\/LogoblogAEC.jpg\" rel=\"\"><img loading=\"lazy\" decoding=\"async\" alt=\"\" width=\"240\" height=\"48\" title=\"LogoblogAEC\" data-id=\"27181\" src=\"\/\/aplicaexcelcontable.com\/blog\/wp-content\/uploads\/2017\/12\/LogoblogAEC.jpg\" style=\"width: 100%;\"><\/a><\/span><\/p>\n<h1 style=\"text-align: center;\">Dise\u00f1ando la hoja Menu para el Control de Cuentas por Cobrar<\/h1>\n<p>Estas listo para continuar con el tema 6 &#8211; Dise\u00f1o de la Hoja Menu ?<\/p>\n<p><span style=\"width: 100%;\"><a href=\"https:\/\/aplicaexcelcontable.com\/blog\/wp-content\/uploads\/2019\/10\/Hoja-Menu-1.png\" target=\"_blank\" rel=\"noopener noreferrer\"><img loading=\"lazy\" decoding=\"async\" alt=\"Hoja Menu\" width=\"630\" height=\"298\" src=\"https:\/\/aplicaexcelcontable.com\/blog\/wp-content\/uploads\/2019\/10\/Hoja-Menu-1.png\" style=\"width: 100%;\" title=\"Hoja Menu 1\" data-id=\"44585\"><\/a><\/span>                    <\/p>\n<p style=\"text-align: justify;\">Continuamos con mas del Curso Como llevar el Control de tus cuentas por cobrar. Que tal fue con el tema Anterior, ya lo viste?<\/p>\n<p style=\"text-align: justify;\">Si a un no has visto el tema 5 \u00abEstructurando la Hoja Resumen \u00ab, tan solo pulsa clic en el bot\u00f3n para ver el tema:<\/p>\n<p style=\"text-align: justify;\">Hemos avanzado en un 40% y hoy vamos a completar el dise\u00f1o, para eso sigamos los siguientes pasos:<\/p>\n<p style=\"text-align: justify;\">Seleccionamos de la B4:B18 y le aplicamos el comando combinar y centrar, ajustamos el ancho de columna a 40 pixeles y le aplicamos color de relleno verde.<\/p>\n<p style=\"text-align: justify;\">Continuamos con mas y seleccionamos de la C4:J5 y le aplicamos el comando combinar y centrar mas color de relleno verde.<\/p>\n<p style=\"text-align: justify;\">Seguidamente,seleccionamos de la J6:J18 y le aplicamos el comando combinar y centrar, ajustamos el ancho de columna a 40 pixeles y le aplicamos color de relleno verde.<\/p>\n<p style=\"text-align: justify;\">Seleccionamos de la C17:I18 y le aplicamos el comando combinar y centrar mas color de relleno verde.<\/p>\n<p style=\"text-align: justify;\">Ahora, vamos a insertar una forma rectangulo, para eso nos ubicamos en la pesta\u00f1a Insertar y nos ubicamos en Formas, seleccionamos rectagulo y lo dibujamos entre la C6 hasta la D16.<\/p>\n<p style=\"text-align: justify;\">Muy bien, ahora nos ubicamos en la pesta\u00f1a Formato y cambiamos el color de rrelleno de la forma a blanco:<\/p>\n<p><span style=\"width: 100%;\"><a href=\"https:\/\/aplicaexcelcontable.com\/blog\/wp-content\/uploads\/2019\/10\/Hoja-Menu-2.png\" target=\"_blank\" rel=\"noopener noreferrer\"><img loading=\"lazy\" decoding=\"async\" alt=\"Hoja Menu\" width=\"384\" height=\"375\" title=\"Hoja Menu 2\" data-id=\"44589\" src=\"https:\/\/aplicaexcelcontable.com\/blog\/wp-content\/uploads\/2019\/10\/Hoja-Menu-2.png\" style=\"width: 100%;\"><\/a><\/span><\/p>\n<p style=\"text-align: justify;\">Ahora, pulsamos clic derecho sobre la forma y seleccionamos editar texto. Escribimos Insertar tu Logo, si notas se esta escribiendo en blanco, seleccionamos el texto y le aplicamos color de fuente negro, le aplicamos negrilla y centramos el texto al centro de la forma.<\/p>\n<p style=\"text-align: justify;\">Hasta ahora, te dejo una imagen de como debe ir quedandote el dise\u00f1o:<\/p>\n<p><span style=\"width: 100%;\"><a href=\"https:\/\/aplicaexcelcontable.com\/blog\/wp-content\/uploads\/2019\/10\/Hoja-Menu-3.png\" target=\"_blank\" rel=\"noopener noreferrer\"><img loading=\"lazy\" decoding=\"async\" alt=\"\" width=\"561\" height=\"231\" title=\"Hoja Menu 3\" data-id=\"44592\" src=\"https:\/\/aplicaexcelcontable.com\/blog\/wp-content\/uploads\/2019\/10\/Hoja-Menu-3.png\" style=\"width: 100%;\"><\/a><\/span><\/p>\n<p style=\"text-align: justify;\">Excelente, ahora vamos a insertar una forma elipse, lo dibujamos entre E7 a la F8. Pulsamos clic derecho sobre la forma y seleccionamos editar texto.<\/p>\n<p style=\"text-align: justify;\">Dentro de este escribimos SEGUIMIENTO, seleccionamos el texto, le aplicamos negrilla, lo centramos al medio y centramos el contenido.<\/p>\n<p style=\"text-align: justify;\">Ahora, vamos a crear 3 copias de este bot\u00f3n, seleccionamos con un clic derecho sobre la forma y pulsamos clic en copiar, pulsamos clic derecho pegar, repetimos este paso dos veces y listo ya tenemos la copia.<\/p>\n<p style=\"text-align: justify;\">Ubicamos los botones de la siguiente forma:<\/p>\n<p><span style=\"width: 100%;\"><a href=\"https:\/\/aplicaexcelcontable.com\/blog\/wp-content\/uploads\/2019\/10\/Hoja-Menu-4.png\" target=\"_blank\" rel=\"noopener noreferrer\"><img loading=\"lazy\" decoding=\"async\" alt=\"Hoja Menu\" width=\"358\" height=\"132\" title=\"Hoja Menu 4\" data-id=\"44594\" src=\"https:\/\/aplicaexcelcontable.com\/blog\/wp-content\/uploads\/2019\/10\/Hoja-Menu-4.png\" style=\"width: 100%;\"><\/a><\/span><\/p>\n<h2 style=\"text-align: center;\">Nombrando botones de la Hoja Menu<\/h2>\n<p style=\"text-align: justify;\">Ahora, vamos a nombrar los botones, al segundo boton, le vamos a asignar el nombre CLIENTES, al tercer boton ARTICULOS y al cuarto boton RESUMEN.<\/p>\n<p style=\"text-align: justify;\">Ahora, para terminar de insertar botones, vamos a incluir una forma Flecha hacia la izquierda y lo dibujamos entre la F14 a la G15, nos ubicamos en la pesta\u00f1a Formato y cambiamos el color de relleno a rojo.<\/p>\n<p style=\"text-align: justify;\">Pulsamos clic derecho sobre la forma y seleccionamos editar texto, escribimos GUARDAR Y SALIR, seleccionamos el texto, alineamos al medio y centramos el texto.<\/p>\n<p style=\"text-align: justify;\">\u00daltimo paso para terminar el dise\u00f1o de la hoja menu, nos ubicamos en la Pesta\u00f1a vista y deseleccionamos la opci\u00f3n Lineas de Cuadricula, para que desaparesco las lineas y todo quede en blanco:<\/p>\n<p><span style=\"width: 100%;\"><a href=\"https:\/\/aplicaexcelcontable.com\/blog\/wp-content\/uploads\/2019\/10\/Hoja-Menu-5.png\" target=\"_blank\" rel=\"noopener noreferrer\"><img loading=\"lazy\" decoding=\"async\" alt=\"\" width=\"388\" height=\"114\" title=\"Hoja Menu 5\" data-id=\"44596\" src=\"https:\/\/aplicaexcelcontable.com\/blog\/wp-content\/uploads\/2019\/10\/Hoja-Menu-5.png\" style=\"width: 100%;\"><\/a><\/span><\/p>\n<p style=\"text-align: justify;\">Muy bien, tenemos listo el dise\u00f1o de la hoja menu y te debe de quedar tal a como se muestra en la primera imagen de esta pagina.<\/p>\n<p style=\"text-align: justify;\">Hasta aqu\u00ed con el tema del Dise\u00f1o, en el proximo post, vamos a ver las Formulas a utilizar para <a href=\"https:\/\/www.facebook.com\/AplicaExceContable\/\" target=\"_blank\" rel=\"noopener noreferrer\">automatizar<\/a> el proceso.<\/p>\n<p style=\"text-align: justify;\">Te saluda,<\/p>\n<p style=\"text-align: justify;\"><strong>Roger Perez &#8211; Aplica Excel Contable<\/strong><\/p>\n","protected":false},"excerpt":{"rendered":"<p>Dise\u00f1ando la hoja Menu para el Control de Cuentas por Cobrar Estas listo para continuar con el tema 6 &#8211; Dise\u00f1o de la Hoja Menu ? Continuamos con mas del Curso Como llevar el Control de tus cuentas por cobrar. Que tal fue con el tema Anterior, ya lo viste? Si a un no has [&hellip;]<\/p>\n","protected":false},"author":1,"featured_media":0,"parent":0,"menu_order":0,"comment_status":"closed","ping_status":"closed","template":"","meta":{"footnotes":""},"class_list":["post-44582","page","type-page","status-publish","hentry","post-wrapper","thrv_wrapper"],"_links":{"self":[{"href":"https:\/\/aplicaexcelcontable.com\/blog\/wp-json\/wp\/v2\/pages\/44582","targetHints":{"allow":["GET"]}}],"collection":[{"href":"https:\/\/aplicaexcelcontable.com\/blog\/wp-json\/wp\/v2\/pages"}],"about":[{"href":"https:\/\/aplicaexcelcontable.com\/blog\/wp-json\/wp\/v2\/types\/page"}],"author":[{"embeddable":true,"href":"https:\/\/aplicaexcelcontable.com\/blog\/wp-json\/wp\/v2\/users\/1"}],"replies":[{"embeddable":true,"href":"https:\/\/aplicaexcelcontable.com\/blog\/wp-json\/wp\/v2\/comments?post=44582"}],"version-history":[{"count":0,"href":"https:\/\/aplicaexcelcontable.com\/blog\/wp-json\/wp\/v2\/pages\/44582\/revisions"}],"wp:attachment":[{"href":"https:\/\/aplicaexcelcontable.com\/blog\/wp-json\/wp\/v2\/media?parent=44582"}],"curies":[{"name":"wp","href":"https:\/\/api.w.org\/{rel}","templated":true}]}}