{"id":44533,"date":"2019-10-12T09:42:07","date_gmt":"2019-10-12T15:42:07","guid":{"rendered":"https:\/\/aplicaexcelcontable.com\/blog\/?page_id=44533"},"modified":"2019-10-12T09:44:44","modified_gmt":"2019-10-12T15:44:44","slug":"control-de-cuentas-por-cobrar-hoja-resumen","status":"publish","type":"page","link":"https:\/\/aplicaexcelcontable.com\/blog\/control-de-cuentas-por-cobrar-hoja-resumen","title":{"rendered":"control de cuentas por cobrar hoja resumen"},"content":{"rendered":"<p><span style=\"width: 100%;\"><a href=\"https:\/\/aplicaexcelcontable.com\/blog\/wp-content\/uploads\/2017\/12\/LogoblogAEC.jpg\" rel=\"\"><img loading=\"lazy\" decoding=\"async\" alt=\"\" width=\"240\" height=\"48\" title=\"LogoblogAEC\" data-id=\"27181\" src=\"\/\/aplicaexcelcontable.com\/blog\/wp-content\/uploads\/2017\/12\/LogoblogAEC.jpg\" style=\"width: 100%;\"><\/a><\/span><\/p>\n<h1 style=\"text-align: center;\">Dise\u00f1ando la hoja resumen para el Control de Cuentas por Cobrar<\/h1>\n<p>Estas listo para continuar con el tema 4 &#8211; Dise\u00f1o de la Hoja resumen ?<\/p>\n<p><span style=\"width: 100%;\"><a href=\"https:\/\/aplicaexcelcontable.com\/blog\/wp-content\/uploads\/2019\/10\/Hoja-Resumen-1.png\" target=\"_blank\" rel=\"noopener noreferrer\"><img loading=\"lazy\" decoding=\"async\" alt=\"Hoja Resumen\" width=\"555\" height=\"187\" src=\"https:\/\/aplicaexcelcontable.com\/blog\/wp-content\/uploads\/2019\/10\/Hoja-Resumen-1.png\" style=\"width: 100%;\" title=\"Hoja Resumen - 1\" data-id=\"44536\"><\/a><\/span><\/p>\n<p style=\"text-align: justify;\">Continuamos con mas del Curso Como llevar el Control de tus cuentas por cobrar. Que tal fue con el tema Anterior, ya lo viste?<\/p>\n<p style=\"text-align: justify;\">Si a un no has visto el tema 3 \u00abDise\u00f1ando la Hoja Seguimiento\u00bb, tan solo pulsa clic en el bot\u00f3n para ver el tema:<\/p>\n<p style=\"text-align: justify;\">Antes de comenzar a crear la hoja Resumen, vamos a Nombrar las tablas que hemos creado recientemente.<\/p>\n<p style=\"text-align: justify;\">Para eso nos ubicamos en la hoja CLIENTES y seleccionamos la Celda A1, si notas ahora se activo una nueva pesta\u00f1a llamado DISE\u00d1O, nos ubicamos en esta pesta\u00f1a y cambiamos el nombre de la tabla, sustituimos tabla1 por CLIENTE:<\/p>\n<p><span style=\"width: 100%;\"><a href=\"https:\/\/aplicaexcelcontable.com\/blog\/wp-content\/uploads\/2019\/10\/Hoja-Resumen-2.png\"><img loading=\"lazy\" decoding=\"async\" alt=\"Hoja Resumen\" width=\"630\" height=\"239\" title=\"Hoja Resumen - 2\" data-id=\"44542\" src=\"https:\/\/aplicaexcelcontable.com\/blog\/wp-content\/uploads\/2019\/10\/Hoja-Resumen-2.png\" style=\"width: 100%;\"><\/a><\/span><\/p>\n<p style=\"text-align: justify;\">De igual forma, nos ubicamos en la Tabla Articulos y seleccionamos la Celda A1, nos ubicamos en la Pesta\u00f1a Dise\u00f1o y nombramos la tabla como PRODUCTOS:<\/p>\n<p><span style=\"width: 100%;\"><a href=\"https:\/\/aplicaexcelcontable.com\/blog\/wp-content\/uploads\/2019\/10\/Hoja-Resumen-3.png\"><img loading=\"lazy\" decoding=\"async\" alt=\"Hoja Resumen\" width=\"590\" height=\"215\" title=\"Hoja Resumen - 3\" data-id=\"44544\" src=\"https:\/\/aplicaexcelcontable.com\/blog\/wp-content\/uploads\/2019\/10\/Hoja-Resumen-3.png\" style=\"width: 100%;\"><\/a><\/span><\/p>\n<p style=\"text-align: justify;\">Siguiendo los mismos pasos, nos ubicamos en la hoja Seguimiento, seleccionamos la Celda A1 y nombramos la tabla como BASE:<\/p>\n<p><span style=\"width: 100%;\"><a href=\"https:\/\/aplicaexcelcontable.com\/blog\/wp-content\/uploads\/2019\/10\/Hoja-Resumen-4.png\"><img loading=\"lazy\" decoding=\"async\" alt=\"Hoja Resumen\" width=\"349\" height=\"230\" title=\"Hoja Resumen - 4\" data-id=\"44546\" src=\"https:\/\/aplicaexcelcontable.com\/blog\/wp-content\/uploads\/2019\/10\/Hoja-Resumen-4.png\" style=\"width: 100%;\"><\/a><\/span><\/p>\n<h2 style=\"text-align: center;\">Pasos para dise\u00f1ar la Hoja Resumen<\/h2>\n<p style=\"text-align: justify;\">Muy bien, ahora vamos a proceder a crear la hoja Resumen, esta hoja tendra una funcion muy especial y es por eso que lo vamos a crear con una tabla Dinamica insertada.<\/p>\n<p style=\"text-align: justify;\">Para eso sigamos los siguientes pasos:<\/p>\n<p style=\"text-align: justify;\">Nos ubicamos en la Hoja Seguimeinto y seleccionamos de la A1:N3.<\/p>\n<p style=\"text-align: justify;\">En seguida, nos ubicamos en la pesta\u00f1a Insertar y pulsamos clic en tabla dinamica, dentro de este selecciona las primeras opciones y pulsamos clic en aceptar.<\/p>\n<p><span style=\"width: 100%;\"><a href=\"https:\/\/aplicaexcelcontable.com\/blog\/wp-content\/uploads\/2019\/10\/Hoja-Resumen-5.png\"><img loading=\"lazy\" decoding=\"async\" alt=\"\" width=\"556\" height=\"509\" title=\"Hoja Resumen - 5\" data-id=\"44550\" src=\"https:\/\/aplicaexcelcontable.com\/blog\/wp-content\/uploads\/2019\/10\/Hoja-Resumen-5.png\" style=\"width: 100%;\"><\/a><\/span><\/p>\n<p>Puedes notar que excel inserta automaticamente una nueva hoja con el numero 5 (hoja5) ahora, tan solo cambiamos este nombre a RESUMEN.<\/p>\n<p><span style=\"width: 100%;\"><a href=\"https:\/\/aplicaexcelcontable.com\/blog\/wp-content\/uploads\/2019\/10\/Hoja-Resumen-6.png\"><img loading=\"lazy\" decoding=\"async\" alt=\"Hoja Resumen\" width=\"540\" height=\"249\" title=\"Hoja Resumen - 6\" data-id=\"44552\" src=\"https:\/\/aplicaexcelcontable.com\/blog\/wp-content\/uploads\/2019\/10\/Hoja-Resumen-6.png\" style=\"width: 100%;\"><\/a><\/span><\/p>\n<p>Esta hoja lo vamos a estructurar paso a paso m\u00e1s adelante y antes de terminar, le vamos a agregar las flechas correspondiente para la hoja Seguimiento y la hoja Resumen.<\/p>\n<p>Para eso nos ubicamos en la hoja Articulos y copiamos la flecha.<\/p>\n<p>Ahora, para la Hoja Seguimento, pegamos la flecha copiada y lo ubicamos entre la celda O1 a la P2.<\/p>\n<p>Para la Hoja Resumen, pegamos la flecha copiada y lo ubicamos entre la Celda G1 a la H3.<\/p>\n<p>Hasta aqu\u00ed con el tema de hoy, no olvides compartir este tema con tus amigos por email y por <a href=\"https:\/\/www.facebook.com\/AplicaExceContable\/\" target=\"_blank\" rel=\"noopener noreferrer\">facebook<\/a>.<\/p>\n<p>Saludos,<\/p>\n<p><strong>Roger Perez &#8211; Aplica Excel Contable<\/strong><\/p>\n","protected":false},"excerpt":{"rendered":"<p>Dise\u00f1ando la hoja resumen para el Control de Cuentas por Cobrar Estas listo para continuar con el tema 4 &#8211; Dise\u00f1o de la Hoja resumen ? Continuamos con mas del Curso Como llevar el Control de tus cuentas por cobrar. Que tal fue con el tema Anterior, ya lo viste? Si a un no has [&hellip;]<\/p>\n","protected":false},"author":1,"featured_media":0,"parent":0,"menu_order":0,"comment_status":"closed","ping_status":"closed","template":"","meta":{"footnotes":""},"class_list":["post-44533","page","type-page","status-publish","hentry","post-wrapper","thrv_wrapper"],"_links":{"self":[{"href":"https:\/\/aplicaexcelcontable.com\/blog\/wp-json\/wp\/v2\/pages\/44533","targetHints":{"allow":["GET"]}}],"collection":[{"href":"https:\/\/aplicaexcelcontable.com\/blog\/wp-json\/wp\/v2\/pages"}],"about":[{"href":"https:\/\/aplicaexcelcontable.com\/blog\/wp-json\/wp\/v2\/types\/page"}],"author":[{"embeddable":true,"href":"https:\/\/aplicaexcelcontable.com\/blog\/wp-json\/wp\/v2\/users\/1"}],"replies":[{"embeddable":true,"href":"https:\/\/aplicaexcelcontable.com\/blog\/wp-json\/wp\/v2\/comments?post=44533"}],"version-history":[{"count":0,"href":"https:\/\/aplicaexcelcontable.com\/blog\/wp-json\/wp\/v2\/pages\/44533\/revisions"}],"wp:attachment":[{"href":"https:\/\/aplicaexcelcontable.com\/blog\/wp-json\/wp\/v2\/media?parent=44533"}],"curies":[{"name":"wp","href":"https:\/\/api.w.org\/{rel}","templated":true}]}}