{"id":44510,"date":"2019-10-12T08:51:13","date_gmt":"2019-10-12T14:51:13","guid":{"rendered":"https:\/\/aplicaexcelcontable.com\/blog\/?page_id=44510"},"modified":"2019-10-12T08:57:34","modified_gmt":"2019-10-12T14:57:34","slug":"control-de-cuentas-por-cobrar-hoja-seguimiento","status":"publish","type":"page","link":"https:\/\/aplicaexcelcontable.com\/blog\/control-de-cuentas-por-cobrar-hoja-seguimiento","title":{"rendered":"control de cuentas por cobrar hoja seguimiento"},"content":{"rendered":"<p><span style=\"width: 100%;\"><a href=\"https:\/\/aplicaexcelcontable.com\/blog\/wp-content\/uploads\/2017\/12\/LogoblogAEC.jpg\" rel=\"\"><img loading=\"lazy\" decoding=\"async\" alt=\"\" width=\"240\" height=\"48\" title=\"LogoblogAEC\" data-id=\"27181\" src=\"\/\/aplicaexcelcontable.com\/blog\/wp-content\/uploads\/2017\/12\/LogoblogAEC.jpg\" style=\"width: 100%;\"><\/a><\/span><\/p>\n<h1 style=\"text-align: center;\">Dise\u00f1ando la hoja seguimiento para el Control de Cuentas por Cobrar<\/h1>\n<p>Estas listo para continuar con el tema 3 &#8211; Dise\u00f1o de la Hoja seguimiento ?<\/p>\n<p><span style=\"width: 100%;\"><a href=\"https:\/\/aplicaexcelcontable.com\/blog\/wp-content\/uploads\/2019\/10\/Hoja-seguimiento-1.png\"><img loading=\"lazy\" decoding=\"async\" alt=\"Hoja seguimiento\" width=\"575\" height=\"227\" src=\"https:\/\/aplicaexcelcontable.com\/blog\/wp-content\/uploads\/2019\/10\/Hoja-seguimiento-1.png\" style=\"width: 100%;\" title=\"Hoja seguimiento - 1\" data-id=\"44514\"><\/a><\/span>                    <\/p>\n<p style=\"text-align: justify;\">Continuamos con mas del Curso Como llevar el Control de tus cuentas por cobrar. Que tal fue con el tema Anterior, ya lo viste?<\/p>\n<p style=\"text-align: justify;\">Si a un no has visto el tema 2 \u00abDise\u00f1ando la Hoja Articulos\u00bb, tan solo pulsa clic en el boton para ver el tema:<\/p>\n<p style=\"text-align: justify;\">Hola Soy <strong>Roger Perez<\/strong> y hoy vamos a dise\u00f1ar la Hoja seguimiento, la mas importante de todas, ya que este almacenara todos los datos.<\/p>\n<p style=\"text-align: justify;\">Para comenzar vamos a escribir en la celda A1 FECHA, en la B1 escribimos N\u00ba DE FACT, en la celda C1 escribimos FECHA DE VENC.<\/p>\n<p style=\"text-align: justify;\">En la Celda D1 escribimos DIAS DE MORA, en la celda E1 escribimos ESTADO, en la celda F1 escribimos N\u00ba CLIENTE.<\/p>\n<p style=\"text-align: justify;\">A continuaci\u00f3n, en la celda G1 escribimos NOMBRE DE CLIENTE, en la celda H1 escribimos C\u00d3DIGO, en la celda I1 escribimos NOMBRE DEL ART\u00cdCULO.<\/p>\n<p style=\"text-align: justify;\">En la Celda J1 escribimos DESCRIPCI\u00d3N, en la Celda K1 escribimos PRECIO UNIT., en la celda L1 escribimos CANTIDAD, en la Celda M1 IMPUESTOS y en la celda N1 total.<\/p>\n<p style=\"text-align: justify;\">Bien, ahora seleccionamos de la A1:N3 y nos ubicamos en la Pesta\u00f1a INSERTAR, pulsamos clic en el comando tabla, se presenta una ventana.&nbsp;<\/p>\n<p style=\"text-align: justify;\">Por lo tanto, dentro de este activamos con un check donde dice: La Tabla tiene encabezados. Te dejo una imagen:<\/p>\n<p><span style=\"width: 100%;\"><a href=\"https:\/\/aplicaexcelcontable.com\/blog\/wp-content\/uploads\/2019\/10\/Hoja-seguimiento-2.png\"><img loading=\"lazy\" decoding=\"async\" alt=\"\" width=\"628\" height=\"402\" title=\"Hoja seguimiento - 2\" data-id=\"44521\" src=\"https:\/\/aplicaexcelcontable.com\/blog\/wp-content\/uploads\/2019\/10\/Hoja-seguimiento-2.png\" style=\"width: 100%;\"><\/a><\/span><\/p>\n<h2 style=\"text-align: center;\">Seleccionado celdas en la Hoja seguimiento<\/h2>\n<p style=\"text-align: justify;\">Ahora, vamos a seleccionar de la A2:L2 y nos ubicamos en la Pesta\u00f1a VISTA y pulsamos clic en el comando Inmovilizar paneles, esto hara que siempre los encabezados est\u00e9n visibles.<\/p>\n<p><span style=\"width: 100%;\"><a href=\"https:\/\/aplicaexcelcontable.com\/blog\/wp-content\/uploads\/2019\/10\/Hoja-seguimiento-3.png\"><img loading=\"lazy\" decoding=\"async\" alt=\"Hoja seguimiento\" width=\"629\" height=\"276\" title=\"Hoja seguimiento - 3\" data-id=\"44523\" src=\"https:\/\/aplicaexcelcontable.com\/blog\/wp-content\/uploads\/2019\/10\/Hoja-seguimiento-3.png\" style=\"width: 100%;\"><\/a><\/span><\/p>\n<p>Hasta aqui con el tema de hoy, si te gusto, no olvides compartirlo con tus amigos de <a href=\"https:\/\/www.facebook.com\/AplicaExceContable\/\" target=\"_blank\" rel=\"noopener noreferrer\">facebook<\/a>.<\/p>\n<p>Saludos,<\/p>\n<p><strong>Roger Perez &#8211; Aplica Excel Contable<\/strong><\/p>\n","protected":false},"excerpt":{"rendered":"<p>Dise\u00f1ando la hoja seguimiento para el Control de Cuentas por Cobrar Estas listo para continuar con el tema 3 &#8211; Dise\u00f1o de la Hoja seguimiento ? Continuamos con mas del Curso Como llevar el Control de tus cuentas por cobrar. Que tal fue con el tema Anterior, ya lo viste? Si a un no has [&hellip;]<\/p>\n","protected":false},"author":1,"featured_media":0,"parent":0,"menu_order":0,"comment_status":"closed","ping_status":"closed","template":"","meta":{"footnotes":""},"class_list":["post-44510","page","type-page","status-publish","hentry","post-wrapper","thrv_wrapper"],"_links":{"self":[{"href":"https:\/\/aplicaexcelcontable.com\/blog\/wp-json\/wp\/v2\/pages\/44510","targetHints":{"allow":["GET"]}}],"collection":[{"href":"https:\/\/aplicaexcelcontable.com\/blog\/wp-json\/wp\/v2\/pages"}],"about":[{"href":"https:\/\/aplicaexcelcontable.com\/blog\/wp-json\/wp\/v2\/types\/page"}],"author":[{"embeddable":true,"href":"https:\/\/aplicaexcelcontable.com\/blog\/wp-json\/wp\/v2\/users\/1"}],"replies":[{"embeddable":true,"href":"https:\/\/aplicaexcelcontable.com\/blog\/wp-json\/wp\/v2\/comments?post=44510"}],"version-history":[{"count":0,"href":"https:\/\/aplicaexcelcontable.com\/blog\/wp-json\/wp\/v2\/pages\/44510\/revisions"}],"wp:attachment":[{"href":"https:\/\/aplicaexcelcontable.com\/blog\/wp-json\/wp\/v2\/media?parent=44510"}],"curies":[{"name":"wp","href":"https:\/\/api.w.org\/{rel}","templated":true}]}}