{"id":44286,"date":"2019-09-30T21:24:20","date_gmt":"2019-10-01T03:24:20","guid":{"rendered":"https:\/\/aplicaexcelcontable.com\/blog\/?page_id=44286"},"modified":"2024-10-29T17:51:06","modified_gmt":"2024-10-29T23:51:06","slug":"generar-informes-diarios-en-excel","status":"publish","type":"page","link":"https:\/\/aplicaexcelcontable.com\/blog\/generar-informes-diarios-en-excel","title":{"rendered":"Generar informes Diarios en Excel"},"content":{"rendered":"<h1 style=\"text-align: center;\">Generar informes Diarios en Excel &#8211; Video 3<\/h1>\n<p>Estas listo para ver el video 3 de como generar Informes Diarios en Excel? &nbsp; A continuaci\u00f3n, te dejo el video:<\/p>\n<p>Para ver &nbsp;los videos anteriores, tan solo pulsa clic en los botones que te dejo a continuaci\u00f3n:<\/p>\n<h2 style=\"text-align: center;\"><span style=\"font-weight: normal;\">Curso Avanzado &#8211;&nbsp;<\/span><\/h2>\n<h2 style=\"text-align: center;\"><span style=\"font-weight: normal;\">Como Crear tu Sistema Contable V6.0<\/span><\/h2>\n<p><span style=\"width: 100%;\"><a href=\"https:\/\/aplicaexcelcontable.com\/blog\/wp-content\/uploads\/2015\/12\/Aplicaexcelcontable128.png\"><img decoding=\"async\" alt=\"Generar Informes\" width=\"126\" height=\"90\" title=\"Aplicaexcelcontable128\" data-id=\"19546\" src=\"https:\/\/aplicaexcelcontable.com\/blog\/wp-content\/uploads\/2015\/12\/Aplicaexcelcontable128.png\" style=\"\" loading=\"lazy\"><\/a><\/span><\/p>\n<ul>\n<li><span>Dise\u00f1o del Sistema paso paso<\/span><\/li>\n<li><span>Formulaci\u00f3n del Sistema paso a paso<\/span><\/li>\n<li><span>Programaci\u00f3n del Sistema paso a paso<\/span><\/li>\n<\/ul>\n<h3 style=\"text-align: center;\">\u00bfQue Son las Excel Formulas?<\/h3>\n<p>Las Excel Formulas Son los que dan un tremendo poder a nuestras hojas de C\u00e1lculo. Sin las Formulas Nuestro Nuestras Hojas de C\u00e1lculo seria como cualquier otro documento creado en procesador de Palabra.<\/p>\n<p>Entonces:<\/p>\n<h3 style=\"text-align: center;\">\u00bfPara qu\u00e9 se utiliza las Excel Formulas?<\/h3>\n<p>Las Excel Formulas se utiliza para realizar C\u00e1lculos en los Datos de una Hoja y obtener resultados actualizado cada vez que los Datos Cambien.<\/p>\n<p>En Resumen, Las Excel formulas son c\u00f3digos que introducimos en una Celda, para que estos c\u00f3digos realicen algunos C\u00e1lculos y regrese los resultados desplegado en una Celda.<\/p>\n<p>Muy bien, ahora si vamos a comenzar con lo m\u00e1s esperado:<\/p>\n<h3 style=\"text-align: center;\">Las Excel Formulas para Generar Informes Diarios, Semanales o Mensuales.<\/h3>\n<p>Para Comenzar, vamos a Crear varios Nombres definido para utilizarlo dentro de las Excel Formulas.<\/p>\n<p>Para comenzar, seleccionamos de la B6:B23 y nos ubicamos en la Pesta\u00f1a Formulas, seleccionamos Asignar Nombre, dentro de la ventanita en Nombre escribimos CODIGOB y pulsamos en aceptar.<\/p>\n<p>En seguida, seleccionamos de la A6:A23 y nos ubicamos en la Pesta\u00f1a Formulas, seleccionamos Asignar Nombre, dentro de la ventanita en Nombre escribimos FECHAB y pulsamos en aceptar.<\/p>\n<p>Ahora, Seleccionamos de la H6:H23 y nos ubicamos en la Pesta\u00f1a Formulas, seleccionamos Asignar Nombre, dentro de la ventanita en Nombre escribimos MESB y pulsamos en aceptar.<\/p>\n<p>Seleccionamos de la H6:H23 y nos ubicamos en la Pesta\u00f1a Formulas, seleccionamos Asignar Nombre, dentro de la ventanita en Nombre escribimos MESB y pulsamos en aceptar.<\/p>\n<p>Seleccionamos de la G6:G23 y nos ubicamos en la Pesta\u00f1a Formulas, seleccionamos Asignar Nombre, dentro de la ventanita en Nombre escribimos SEMANAB y pulsamos en aceptar.<\/p>\n<p>A continuaci\u00f3n, Seleccionamos de la F6:F23 y nos ubicamos en la Pesta\u00f1a Formulas, seleccionamos Asignar Nombre, dentro de la ventanita en Nombre escribimos TOTAL y pulsamos en aceptar.<\/p>\n<h3 style=\"text-align: center;\">Creando Nombres definido para la Hoja Informes<\/h3>\n<p style=\"text-align: justify;\">Muy bien, ahora nos ubicamos en la Hoja Informe, para crear Nombres definidos.<\/p>\n<p style=\"text-align: justify;\">Para comenzar, seleccionamos la A4 y nos ubicamos en la Pesta\u00f1a Formulas, seleccionamos Asignar Nombre.<\/p>\n<p style=\"text-align: justify;\">Dentro de la ventanita en Nombre escribimos CODIGOR, donde dice se refiere a, borramos el signo d\u00f3lar que antepone al 4 y pulsamos en aceptar.<\/p>\n<p style=\"text-align: justify;\">Seleccionamos la B3 y nos ubicamos en la Pesta\u00f1a Formulas, seleccionamos Asignar Nombre, dentro de la ventanita en Nombre escribimos FECHAR y pulsamos en aceptar.<\/p>\n<p style=\"text-align: justify;\">A continuaci\u00f3n, seleccionamos la B1 y nos ubicamos en la Pesta\u00f1a Formulas, seleccionamos Asignar Nombre, dentro de la ventanita en Nombre escribimos MESR y pulsamos en aceptar.<\/p>\n<p style=\"text-align: justify;\">Seleccionamos la B2 y nos ubicamos en la Pesta\u00f1a Formulas, seleccionamos Asignar Nombre, dentro de la ventanita en Nombre escribimos SEMANAR y pulsamos en aceptar.<\/p>\n<h3 style=\"text-align: center;\">Formulas para la Hoja Informe<\/h3>\n<p style=\"text-align: justify;\">Muy bien, Ahora que ya tenemos los Nombres Definidos, nos ubicamos en la Hoja Informe y seleccionamos la Celda C5, dentro de este escribimos la siguiente Formula:<\/p>\n<p style=\"text-align: justify;\">=SUMAR.SI.CONJUNTO(TOTAL;CODIGOB;CODIGOR)<\/p>\n<p style=\"text-align: justify;\">Pulsamos enter y seleccionamos desde la C5:C9 y rellenamos la Formula hacia abajo.<\/p>\n<p style=\"text-align: justify;\">En la D4 escribimos la siguiente Formula:<\/p>\n<p style=\"text-align: justify;\">=SUMAR.SI.CONJUNTO(TOTAL;CODIGOB;CODIGOR;MESB;MESR)<\/p>\n<p style=\"text-align: justify;\">Pulsamos enter y seleccionamos desde la D5:D9 y rellenamos la Formula hacia abajo.<\/p>\n<p style=\"text-align: justify;\">En la Celda E4 escribimos la siguiente Formula:<\/p>\n<p style=\"text-align: justify;\">=SUMAR.SI.CONJUNTO(TOTAL;SEMANAB;SEMANAR;CODIGOB;CODIGOR)<\/p>\n<p style=\"text-align: justify;\">Pulsamos enter y seleccionamos desde la E5:E9 y rellenamos la Formula hacia abajo.<\/p>\n<p style=\"text-align: justify;\">En la Celda F4 escribimos la siguiente Formula:<\/p>\n<p style=\"text-align: justify;\">=SUMAR.SI.CONJUNTO(TOTAL;CODIGOB;CODIGOR;FECHAB;FECHAR)<\/p>\n<p style=\"text-align: justify;\">Pulsamos enter y seleccionamos desde la F5:F9 y rellenamos la Formula hacia abajo.<\/p>\n<h3 style=\"text-align: center;\">Probando que tal funciona las formulas<\/h3>\n<p style=\"text-align: justify;\">Ahora vamos a Probar que tal Funciona:<\/p>\n<p style=\"text-align: justify;\">Prueba 1: En la B3 escribimos la Fecha del d\u00eda que quieres saber el total de ventas por cada producto, en este caso 02\/10\/2015.<\/p>\n<p style=\"text-align: justify;\">En seguida, Prueba 2: En la B1 escribimos el n\u00famero del Mes y en la B2 el n\u00famero de la semana que querremos ver el informe, en este caso 2.<\/p>\n<p style=\"text-align: justify;\">Prueba 3: Si tan solo quieres ver el Informe Mensual, entonces, tan solo escribe 10 en la B1 y te mostrara el movimiento del Mes de Octubre.<\/p>\n<p style=\"text-align: justify;\">Hasta aqu\u00ed con este video, nos vemos en los proximos videos de <a href=\"https:\/\/www.facebook.com\/AplicaExceContable\/\" target=\"_blank\" rel=\"noopener\">Tips Excel<\/a>.Te Saluda,<\/p>\n<p><span style=\"width: 100%;\"><a href=\"https:\/\/aplicaexcelcontable.com\/blog\/wp-content\/uploads\/2018\/10\/Roger-Perez-150x150-1.png\" target=\"_blank\" rel=\"noopener\"><img decoding=\"async\" alt=\"Generar Informes\" width=\"150\" height=\"150\" title=\"Roger-Perez-150x150\" data-id=\"38243\" src=\"https:\/\/aplicaexcelcontable.com\/blog\/wp-content\/uploads\/2018\/10\/Roger-Perez-150x150-1.png\" style=\"\" loading=\"lazy\"><\/a><\/span><\/p>\n<p><strong>Roger Perez &#8211; Aplica Excel Contable<\/strong><\/p>\n","protected":false},"excerpt":{"rendered":"<p>Generar informes Diarios en Excel &#8211; Video 3 Estas listo para ver el video 3 de como generar Informes Diarios en Excel? &nbsp; A continuaci\u00f3n, te dejo el video: Para ver &nbsp;los videos anteriores, tan solo pulsa clic en los botones que te dejo a continuaci\u00f3n: Curso Avanzado &#8211;&nbsp; Como Crear tu Sistema Contable V6.0 [&hellip;]<\/p>\n","protected":false},"author":1,"featured_media":0,"parent":0,"menu_order":0,"comment_status":"closed","ping_status":"closed","template":"","meta":{"footnotes":""},"class_list":["post-44286","page","type-page","status-publish","hentry","post-wrapper","thrv_wrapper"],"_links":{"self":[{"href":"https:\/\/aplicaexcelcontable.com\/blog\/wp-json\/wp\/v2\/pages\/44286","targetHints":{"allow":["GET"]}}],"collection":[{"href":"https:\/\/aplicaexcelcontable.com\/blog\/wp-json\/wp\/v2\/pages"}],"about":[{"href":"https:\/\/aplicaexcelcontable.com\/blog\/wp-json\/wp\/v2\/types\/page"}],"author":[{"embeddable":true,"href":"https:\/\/aplicaexcelcontable.com\/blog\/wp-json\/wp\/v2\/users\/1"}],"replies":[{"embeddable":true,"href":"https:\/\/aplicaexcelcontable.com\/blog\/wp-json\/wp\/v2\/comments?post=44286"}],"version-history":[{"count":0,"href":"https:\/\/aplicaexcelcontable.com\/blog\/wp-json\/wp\/v2\/pages\/44286\/revisions"}],"wp:attachment":[{"href":"https:\/\/aplicaexcelcontable.com\/blog\/wp-json\/wp\/v2\/media?parent=44286"}],"curies":[{"name":"wp","href":"https:\/\/api.w.org\/{rel}","templated":true}]}}