{"id":44054,"date":"2019-08-24T20:53:16","date_gmt":"2019-08-25T02:53:16","guid":{"rendered":"https:\/\/aplicaexcelcontable.com\/blog\/?page_id=44054"},"modified":"2025-02-01T07:09:46","modified_gmt":"2025-02-01T13:09:46","slug":"fase-3-sistema-integrado","status":"publish","type":"page","link":"https:\/\/aplicaexcelcontable.com\/blog\/fase-3-sistema-integrado","title":{"rendered":"fase 3 Sistema Integrado"},"content":{"rendered":"<h1 style=\"text-align: center;\"><strong>Descarga el Sistema Integrado<\/strong>&nbsp;V7.0<\/h1>\n<p style=\"text-align: center;\">Genera tus estados financieros, lleva el control de tus inventarios, cuentas por cobrar y pagar de forma automatica.<\/p>\n<p style=\"\">Te gustar\u00eda descargar el Sistema Integrado V7.0 (Sistema Contable + Sistema de Facturacion e Inventario) con todas las funciones disponible para tu negocio ?<\/p>\n<p style=\"\">A continuaci\u00f3n, te dejo 3 videos, para que veas en tiempo real el funcionamiento del sistema integrado:<\/p>\n<p style=\"text-align: justify;\">Hola! soy <em><strong>Roger Perez <\/strong><\/em>CEO de Aplica Excel Contable y el encargado de guiarte paso a paso con la configuraci\u00f3n y personalizaci\u00f3n del Sistema Integrado v7.0 en excel.<\/p>\n<p><span><img decoding=\"async\" alt=\"\" data-id=\"47625\" width=\"146\" data-init-width=\"308\" height=\"146\" data-init-height=\"308\" title=\"Roger-Perez-1\" src=\"https:\/\/aplicaexcelcontable.com\/blog\/wp-content\/uploads\/2021\/12\/Roger-Perez-1-1.png\" data-width=\"146\" data-height=\"146\" style=\"aspect-ratio: auto 308 \/ 308;\" loading=\"lazy\" data-><\/span><\/p>\n<p style=\"\">Quieres llevar tu contabilidad de forma autom\u00e1tica y no lo has podido lograr ? quieres generar tus estados financieros de forma inmediata y no has podido ? quieres llevar el control de tus inventarios, cuentas por cobrar y pagar al dia y te queda poco tiempo para actualizarlo de forma manual ?<\/p>\n<p style=\"\">Toda la soluci\u00f3n esta en un software contable con la configuraci\u00f3n y personalizaci\u00f3n adecuada, pero cuanto cuesta un software contable ?<\/p>\n<p style=\"\">Los software contable tienen un costo muy elevado, el cual obstaculiza la adquisici\u00f3n a due\u00f1os de negocios de la mediana y peque\u00f1a empresa.<\/p>\n<p style=\"\">Pero hoy quiero ofrecerte una soluci\u00f3n para que lleves la contabilidad y el control de inventario de tu negocio de forma autom\u00e1tica.<\/p>\n<p style=\"\">Te presento:<\/p>\n<h2 style=\"text-align: center;\">El Sistema Integrado V7.0 en Excel<\/h2>\n<p style=\"\">Este sistema consta de 2 modulos: Modulo contable y el Modulo de Facturacion e Inventario.<\/p>\n<p><span><img decoding=\"async\" alt=\"\" data-id=\"47588\" width=\"838\" data-init-width=\"1087\" height=\"437\" data-init-height=\"567\" title=\"Sistema Integrado V7.0\" src=\"https:\/\/aplicaexcelcontable.com\/blog\/wp-content\/uploads\/2021\/12\/Sistema-Integrado-V7.0.png\" data-width=\"838\" data-height=\"437\" style=\"aspect-ratio: auto 1087 \/ 567;\" loading=\"lazy\" data-><\/span><\/p>\n<p style=\"\">Imag\u00ednate por un momento, guardar tus transacciones con tan solo un clic en el Libro Diario y que autom\u00e1ticamente se genere tu Libro mayor, Libro de Banco, Balance de comprobaci\u00f3n y tus estados financieros, te ahorraras mucho tiempo y trabajo.<\/p>\n<p style=\"\">A continuaci\u00f3n los detalles:<\/p>\n<h2 style=\"text-align: center;\">Caracter\u00edsticas del Sistema Integrado v7.0 en excel<\/h2>\n<ul>\n<li style=\"\"><span>7 Formularios para grabar tus transacciones:<\/span><\/li>\n<li style=\"\"><span>Formulario para grabar tus Saldos Iniciales.<\/span><\/li>\n<li style=\"\"><span>Formulario para grabar Polizas o Comprobantes de Diario.<\/span><\/li>\n<li style=\"\"><span>Formulario para grabar Polizas o Comprobantes de Ingreso.<\/span><\/li>\n<li style=\"\"><span>Formulario para grabar Polizas o Comprobantes de Egresos.<\/span><\/li>\n<li style=\"\"><span>Formularios para grabar Notas de Debito o Cr\u00e9dito.<\/span><\/li>\n<li style=\"\"><span>Libro Diario ( La Hoja Base donde se guardara todas las transacciones).<\/span><\/li>\n<li style=\"\"><span>Libro Mayor: Podras ver los detalles de cada cuenta.<\/span><\/li>\n<li style=\"\"><span>Balance de Comprobacion Resumen ( Debe, Haber y Saldo).<\/span><\/li>\n<li style=\"\"><span>Balance de Comprobaci\u00f3n de 8 Columnas.<\/span><\/li>\n<li style=\"\"><span>Balance de Comprobaci\u00f3n mensual.<\/span><\/li>\n<li><span>Contiene una Pesta\u00f1a especial dentro de la cinta de opciones llamado \u00abContabilidad\u00bb.<\/span><\/li>\n<li><span>Puedes llevar la Contabilidad de Varias empresas ( Multiempresa).<\/span><\/li>\n<\/ul>\n<ul>\n<li style=\"\"><span>Libro de Banco por cuenta.<\/span><\/li>\n<li style=\"\"><span>Resumen de Saldos de Cuentas Bancarias.<\/span><\/li>\n<li><span>&nbsp;Genera tu Balance General o Estado de situaci\u00f3n patrimonial.<\/span><\/li>\n<li style=\"\"><span>Genera tu Balance de Resultado o Estado de Resultado.<\/span><\/li>\n<li style=\"\"><span>Base de datos para clientes y Proveedores.<\/span><\/li>\n<li style=\"\"><span>Genera estados de cuenta de clientes y Proveedores.<\/span><\/li>\n<li style=\"\"><span>Resumen de Saldos de Clientes y Proveedores.<\/span><\/li>\n<li><span>Formularios para registrar Abonos de Clientes y Proveedores.<\/span><\/li>\n<li style=\"\"><span>Plan de cuentas Predeterminado ( Puedes sustituir o modificar el Plan de cuentas).<\/span><\/li>\n<li><span>Formulario para Cierre de Periodo Contable<\/span><\/li>\n<li style=\"\"><span>Manual del usuario de como utilizar el Sistema ( Explicado en video paso a paso.<\/span><\/li>\n<li><span>Soporte por chat, correo electr\u00f3nico y &nbsp;actualizaciones por 1 a\u00f1o.<\/span><\/li>\n<li><span>Puedes llevar el Sistema en tu Pen-drive (memoria USB) y utilizarlo en cualquier PC.<\/span><\/li>\n<\/ul>\n<ul>\n<li style=\"\"><span>8 Formularios para grabar tus transacciones:<\/span><\/li>\n<li style=\"\"><span>Formulario de Facturas de Compra.<\/span><\/li>\n<li style=\"\"><span>Formulario de Facturas de Venta.<\/span><\/li>\n<li style=\"\"><span>Formulario de Devoluci\u00f3n de compra y venta.<\/span><\/li>\n<li style=\"\"><span>Formulario de Cotizaci\u00f3n o Proformas.<\/span><\/li>\n<li style=\"\"><span>Formularios para Abono de clientes y proveedores.<\/span><\/li>\n<li style=\"\"><span>Formulario para grabar Saldo inicial de Inventario.<\/span><\/li>\n<li style=\"\"><span>Formulario para grabar saldo inicial de Cuentas por cobrar y pagar.<\/span><\/li>\n<li style=\"\"><span>Hoja Base para guardara toda la informaci\u00f3n.<\/span><\/li>\n<li style=\"\"><span>Hoja Base para Clientes y Proveedores.<\/span><\/li>\n<li style=\"\"><span>Resumen de Inventario (Entrada, Salida y Saldo).<\/span><\/li>\n<li><span>Hoja Base de Cotizaciones o proforma.<\/span><\/li>\n<li><span>Hoja de Catalogo de Productos ( Personalizable).<\/span><\/li>\n<\/ul>\n<ul>\n<li style=\"\"><span>Genera Kardex para cada producto o articulo.<\/span><\/li>\n<li style=\"\"><span>Resumen de Cuentas por cobrar.<\/span><\/li>\n<li><span>Resumen de cuentas por pagar.<\/span><\/li>\n<li style=\"\"><span>Genera Estado de cuentas por clientes y proveedores.<\/span><\/li>\n<li style=\"\"><span>Genera Reportes de compra y venta.<\/span><\/li>\n<li style=\"\"><span>Genera cierres de caja.<\/span><\/li>\n<li><span>Incluye una hoja para definir los Costos comerciales.<\/span><\/li>\n<li><span>Incluye formularios para Guardar nuevos clientes y Proveedores.<\/span><\/li>\n<li><span>Puedes llevar el Control de Inventario de varias empresas (Multiempresa).<\/span><\/li>\n<li><span>Contiene una Pesta\u00f1a especial dentro de la cinta de opciones llamado \u00abFacturaci\u00f3n\u00bb.<\/span><\/li>\n<li style=\"\"><span>Manual del usuario de como utilizar el Sistema ( Explicado en video paso a paso.<\/span><\/li>\n<li><span>Soporte por chat, correo electr\u00f3nico y &nbsp;actualizaciones por 1 a\u00f1o.<\/span><\/li>\n<li><span>Puedes llevar el Sistema en tu Pen-drive (memoria USB) y utilizarlo en cualquier PC.<\/span><\/li>\n<\/ul>\n<h2 style=\"text-align: center;\">Que dicen nuestros clientes<\/h2>\n<h1><em>\u00ab<\/em><\/h1>\n<p>Gracias al Sistema estoy llevando el control de mis compras y ventas de mercader\u00eda, me encanta lo facil de generar los Reportes de Venta y compra.<\/p>\n<p style=\"text-align: left;\"><span style=\"font-family: &quot;Playfair Display&quot;; font-weight: 400;\"><strong><em><span style=\"font-size: 20px;\">Alexa Rivera &#8211;&nbsp;<\/span><\/em><\/strong><\/span><span style=\"background-color: rgba(249, 239, 237, 0); font-size: 20px;\"><b>M\u00e9xico<\/b><\/span><\/p>\n<p style=\"text-align: left;\"><span style=\"font-family: &quot;Playfair Display&quot;; font-weight: 400;\"><strong><em><span style=\"font-size: 20px;\"><\/span><\/em><\/strong><\/span><span style=\"font-family: &quot;Playfair Display&quot;; font-weight: 400;\"><strong><em><span style=\"color: rgb(249, 239, 237);\">\/&nbsp;<\/span><\/em><\/strong><\/span><span style=\"font-family: Hind; font-weight: 400; font-size: 18px; color: rgb(249, 239, 237);\">Negocio Propio.<\/span><\/p>\n<h1><em>\u00ab<\/em><\/h1>\n<p>Que puedo decir Roger, es genial llevar el control de las ventas a cr\u00e9ditos &nbsp;y me parece muy bueno la hoja Resumen de Inventario, ya que me permite ver los saldos m\u00ednimos de productos.<\/p>\n<p style=\"text-align: left;\"><span style=\"font-family: &quot;Playfair Display&quot;; font-weight: 400;\"><strong><em><span style=\"font-size: 20px;\">Solano Castillo &#8211; Costa Rica<\/span><\/em><\/strong><\/span><span style=\"font-family: &quot;Playfair Display&quot;; font-weight: 400;\"><strong><em><span style=\"color: rgb(249, 239, 237);\">\/&nbsp;<\/span><\/em><\/strong><\/span><span style=\"font-family: Hind; font-weight: 400; font-size: 18px; color: rgb(249, 239, 237);\">Profesional Independiente<\/span><\/p>\n<h1><em>\u00ab<\/em><\/h1>\n<p>Recomiendo este sistema de Inventario es muy practico y f\u00e1cil de usar, el soporte que ofrece Aplica Excel Contable es muy personalizado, me parecio muy bien. Saludos y Abrazos!!<\/p>\n<p style=\"text-align: left;\"><span style=\"font-family: &quot;Playfair Display&quot;; font-weight: 400;\"><strong><em><span style=\"font-size: 20px;\">Ruby Peralta &#8211; Colombia<\/span><\/em><\/strong><\/span><span style=\"font-family: &quot;Playfair Display&quot;; font-weight: 400;\"><strong><em><span style=\"color: rgb(249, 239, 237);\">\/&nbsp;<\/span><\/em><\/strong><\/span><span style=\"font-family: Hind; font-weight: 400; font-size: 18px; color: rgb(249, 239, 237);\">Contadora<\/span><\/p>\n<h1><em>\u00ab<\/em><\/h1>\n<p>Me parece f\u00e1cil de usar y muy practico para llevar la contabilidad de mis clientes, agradezco a Roger Perez por compartir este sistema con los contables.<\/p>\n<p style=\"text-align: left;\"><span style=\"font-family: &quot;Playfair Display&quot;; font-weight: 400;\"><strong><em><span style=\"font-size: 20px;\">Anna Olson &#8211; Guatemala<\/span><\/em><\/strong><\/span><\/p>\n<p style=\"text-align: left;\"><span style=\"font-family: &quot;Playfair Display&quot;; font-weight: 400;\"><strong><em><span style=\"font-size: 20px;\"><\/span><\/em><\/strong><\/span><span style=\"font-family: &quot;Playfair Display&quot;; font-weight: 400;\"><strong><em><span style=\"color: rgb(249, 239, 237);\">\/&nbsp;<\/span><\/em><\/strong><\/span><span style=\"font-family: Hind; font-weight: 400; font-size: 18px; color: rgb(249, 239, 237);\">Contador Independiente<\/span><\/p>\n<h1><em>\u00ab<\/em><\/h1>\n<p>Agradecido con Aplica excel Contable por compartir esta herramienta, me ha permitido llevar la contabilidad de mi negocio actualizado. Lo recomiendo.<\/p>\n<p style=\"text-align: left;\"><span style=\"font-family: &quot;Playfair Display&quot;; font-weight: 400;\"><strong><em><span style=\"font-size: 20px;\">Paul White &#8211; El Salvador&nbsp;<\/span> <\/em><\/strong><\/span><span style=\"font-family: &quot;Playfair Display&quot;; font-weight: 400;\"><strong><em><\/em><\/strong><\/span><span style=\"font-family: &quot;Playfair Display&quot;; font-weight: 400;\"><strong><em><span style=\"color: rgb(249, 239, 237);\">\/&nbsp;<\/span><\/em><\/strong><\/span><span style=\"font-family: Hind; font-weight: 400; font-size: 18px; color: rgb(249, 239, 237);\">Due\u00f1o de Negocio<\/span><\/p>\n<h1><em>\u00ab<\/em><\/h1>\n<p>Es genial la atenci\u00f3n y apoyo brindada, me ayudaron a personalizar el plan de cuentas y a realizar otras configuraciones que solicite. Nuevamente gracias por el apoyo.<\/p>\n<p style=\"text-align: left;\"><span style=\"font-family: &quot;Playfair Display&quot;; font-weight: 400;\"><strong><em><span style=\"font-size: 20px;\">July Pavon &#8211; Colombia<\/span><\/em><\/strong><\/span><span style=\"font-family: &quot;Playfair Display&quot;; font-weight: 400;\"><strong><em><span style=\"color: rgb(249, 239, 237);\">\/&nbsp;<\/span><\/em><\/strong><\/span><span style=\"font-family: Hind; font-weight: 400; font-size: 18px; color: rgb(249, 239, 237);\">Contadora<\/span><\/p>\n<p style=\"\">Lo que estas apunto de comprar te permitir\u00e1 ahorrar mucho tiempo en tus labores, te permitir\u00e1 tener al d\u00eda los Reportes contables para su declaraci\u00f3n.<\/p>\n<p style=\"\">Y lo mas importante, te ahorraras miles de d\u00f3lares, evitando el pago de software costosos.<\/p>\n<h2 style=\"text-align: center;\">PLANES Y PRECIOS DEL SISTEMA<\/h2>\n<p style=\"text-align: center;\"><em><span style=\"text-decoration: underline;\">Un solo pago de 129 USD<\/span><\/em><\/p>\n<h2 style=\"text-align: center;\">Bono especial<\/h2>\n<p style=\"\">Al comprar el d\u00eda de hoy, te vamos a compartir de forma gratuita dos bonos valorados en 150 USD, pero solo por hoy ser\u00e1 gratis para ti:<\/p>\n<ul>\n<li style=\"\"><span>Descarga del Curso 1 y 2 de Programacion en excel ( PDF).<\/span><\/li>\n<li style=\"\"><span>Personalizaci\u00f3n del Plan de cuentas: Nos encargaremos de agregar tu plan de cuentas al sistema y entreg\u00e1rtelo ya listo con la configuraci\u00f3n recomendada.<\/span><\/li>\n<\/ul>\n<h2 style=\"text-align: center;\">Garant\u00eda de Satisfacci\u00f3n<\/h2>\n<h3 style=\"text-align: center;\"><strong>30 DIAS<\/strong> GARANTIA DE DEVOLUCION <img decoding=\"async\" role=\"img\" alt=\"\ud83d\udcb0\" src=\"https:\/\/s.w.org\/images\/core\/emoji\/13.1.0\/svg\/1f4b0.svg\" loading=\"lazy\"><\/h3>\n<p style=\"text-align: left;\">Si el sistema Integrado v7.0 no cumple con tus expectativas &nbsp;durante los primeros 30 d\u00edas despu\u00e9s de tu compra, puedes escribirnos a rogerperez@aplicaexcelcontable.com y te devolveremos tu dinero sin hacer preguntas.<\/p>\n<h2 style=\"text-align: center;\">Como me env\u00edan el Sistema Integrado despu\u00e9s del pago?<\/h2>\n<p style=\"\">Una vez completado el proceso de pago, en la misma pagina de confirmacion de pago, te he dejado un enlace, para crear tu nombre de usuario y contrase\u00f1a, al iniciar sesion te llevara a la zona de miembros y desde alli podras descargarlo:<\/p>\n<h2 style=\"text-align: center;\">Donde puedo ver el manual del usuario?<\/h2>\n<p style=\"\">Una vez completes el proceso de pago, un email ser\u00e1 enviado a tu bandeja de entrada con el Asunto: \u00abTus datos de acceso de la zona de Miembros\u00bb, dentro del email encontraras tus datos de acceso, <em><strong>Nombre de usuario y contrase\u00f1a<\/strong><\/em> para acceder a la Plataforma, una vez ingreses, podr\u00e1s ver los enlaces de videos:<\/p>\n<h2 style=\"text-align: center;\">Que contenido se comparte en el manual del usuario?<\/h2>\n<p style=\"\">Todo el contenido esta explicado en video paso a paso, a continuaci\u00f3n los detalles del contenido:<\/p>\n<ul>\n<li style=\"\"><span>Como modificar o personalizar tu plan de cuentas ( Catalogo Contable).<\/span><\/li>\n<li style=\"\"><span>Como actualizar las cuentas contables en el Balance de comprobaci\u00f3n.<\/span><\/li>\n<li style=\"\"><span>Como actualizar las cuentas contables en la Hoja Balance General y Balance de Resultado.<\/span><\/li>\n<li><span>Como configurar la Hoja Libro Diario.<\/span><\/li>\n<li><span>Como configurar la Hoja Seguimientos de Cuentas por cobrar y pagar.<\/span><\/li>\n<li><span>Como configurar la Hoja Base de Clientes y Proveedores.<\/span><\/li>\n<li><span>Pasos para agregar tu lista de clientes y Proveedores.<\/span><\/li>\n<li><span>Pasos para mostrar las cuentas contables dentro de una P\u00f3liza o comprobante.<\/span><\/li>\n<li><span>Pasos para grabar los Saldos Iniciales.<\/span><\/li>\n<li><span>Como crear un comprobante de Diario.<\/span><\/li>\n<\/ul>\n<ul>\n<li style=\"\"><span>Como crear un comprobante de Ingreso.<\/span><\/li>\n<li style=\"\"><span>Como crear un comprobante de Egreso.<\/span><\/li>\n<li style=\"\"><span>Como crear una Nota de Debito o Credito.<\/span><\/li>\n<li><span>Pasos para conciliar el saldo de las cuentas por cobrar.<\/span><\/li>\n<li><span>Pasos para conciliar el saldo de las cuentas por pagar.<\/span><\/li>\n<li><span>Como generar Reportes Contables.<\/span><\/li>\n<li><span>Como generar Reportes de Terceros.<\/span><\/li>\n<li><span>Pasos para mostrar las cuentas contables dentro de una P\u00f3liza o comprobante.<\/span><\/li>\n<li><span>Como agregar tu logo y &nbsp;el nombre de tu negocio en los encabezados de cada hoja.<\/span><\/li>\n<li><span>&nbsp;Pasos para realizar un cierre de periodo con el sistema.<\/span><\/li>\n<li><span>Como generar tus Saldos iniciales para un proximo Periodo contable.<\/span><\/li>\n<li><span>Pasos para modificar transacciones guardadas.<\/span><\/li>\n<\/ul>\n<ul>\n<li style=\"\"><span>Como modificar o personalizar tu catalogo de productos o art\u00edculos.<\/span><\/li>\n<li><span>Como trabajar con la hoja de Costo Comercial.<\/span><\/li>\n<li style=\"\"><span>Como actualizar la lisa de Productos en la hoja Resumen.<\/span><\/li>\n<li><span>Pasos para configurar la Hoja Base y Basec.<\/span><\/li>\n<li><span>Como agregar tu lista de clientes y proveedores.<\/span><\/li>\n<li><span>Como agregar tu logo de empresa en el Recibo ofcial de caja y egreso de caja.<\/span><\/li>\n<li><span>Pasos para agregar el Saldo inicial de Inventario.<\/span><\/li>\n<li><span>Pasos para agregar el Saldo inicial de cuentas por cobrar y pagar.<\/span><\/li>\n<li><span>Pasos para grabar una factura de compra.<\/span><\/li>\n<li><span>Como grabar una factura de venta.<\/span><\/li>\n<\/ul>\n<ul>\n<li style=\"\"><span>Como crear una de Devolucion de compra y venta.<\/span><\/li>\n<li style=\"\"><span>Como crear cotizaciones o proformas.<\/span><\/li>\n<li style=\"\"><span>Como generar un abono de cliente.<\/span><\/li>\n<li><span>Como generar un abono a proveedores.<\/span><\/li>\n<li><span>Pasos para generar reportes de Inventario.<\/span><\/li>\n<li><span>Como generar Reportes de Cuentas por cobrar y pagar.<\/span><\/li>\n<li><span>Como generar Reportes de compra.<\/span><\/li>\n<li><span>Pasos para &nbsp;generar Reportes de venta.<\/span><\/li>\n<li><span>Como hacer un cierre de caja.<\/span><\/li>\n<li><span>&nbsp;Pasos para agregar el nombre de tu negocio en la cada hoja.<\/span><\/li>\n<\/ul>\n<h2 style=\"text-align: center;\">Puedo hacer cambios en el Sistema Integrado ?<\/h2>\n<p style=\"\">Si puedes hacer cambios en el Sistema, a continuacion una lista de los cambios que puedes hacer facilmente:<\/p>\n<ul>\n<li style=\"\"><span>Puedes modificar o bien cambiar el Plan de Cuentas, catalogo de productos y reemplazarlo por el de tu preferencia.<\/span><\/li>\n<li style=\"\"><span>Puedes agregar tu Propio encabezado (Nombre del negocio, direccion, telefono).<\/span><\/li>\n<li style=\"\"><span>Puedes agregar tu propio logo de empresa o negocio.<\/span><\/li>\n<li><span>Y si los colores de botones no te gusta, puedes sustituirlo por el color de tu preferencia.<\/span><\/li>\n<\/ul>\n<h2 style=\"text-align: center;\">Preguntas Frecuentes<\/h2>\n<p><span><\/span><\/p>\n<h4 style=\"\">Puedo Cambiar mi Plan de Cuentas?<\/h4>\n<p style=\"text-align: justify;\">Si, puedes modificar el Plan de cuentas predeterminado o bien puedes agregar tu propio plan contable (PUC) de acuerdo a la naturaleza de tu negocio.<\/p>\n<p style=\"text-align: justify;\">Tambi\u00e9n, como parte del soporte, puedes solicitar que se agregue tu plan de cuentas al correo rogerperez@aplicaexcelcontable.com.<\/p>\n<p><span><\/span><\/p>\n<h4 style=\"\">En cuantas computadoras puedo utilizar el Sistema?<\/h4>\n<p>Podr\u00e1s utilizar el archivo en las computadoras que tu quieras.<\/p>\n<p><span><\/span><\/p>\n<h4 style=\"\">Este Sistema aplica o es valido para mi pais?<\/h4>\n<p style=\"text-align: justify;\">El Sistema Integrado V7.0 &nbsp;esta disponible para los usuarios de cualquier pa\u00eds que considere que le es de utilidad. Recomendamos ver los videos de presentaci\u00f3n, para su debida consideraci\u00f3n.<\/p>\n<p><span><\/span><\/p>\n<h4 style=\"\">Ofrecen una versi\u00f3n Demo?<\/h4>\n<p style=\"text-align: justify;\">No ofrecemos demo, solo presentacion en video.<\/p>\n<p><span><\/span><\/p>\n<h4 style=\"\">Como es el Proceso de Pago?<\/h4>\n<p style=\"text-align: justify;\"><em><strong>Primer paso:<\/strong><\/em> Eliges tu Plan de pago y pulsas clic en el bot\u00f3n Ordenar Ahora.<\/p>\n<p style=\"text-align: justify;\"><em><strong>Segundo paso:<\/strong><\/em> Completas el formulario de pago<\/p>\n<p style=\"text-align: justify;\"><em><strong>Tercer paso: <\/strong><\/em>Una vez completado el pago, en la misma pagina de pago, te compartir\u00e9 el enlace de descarga del Sistema Integrado V7.0.<\/p>\n<p><span><\/span><\/p>\n<h4 style=\"\">Cuales son las opciones de pago?<\/h4>\n<p style=\"text-align: justify;\">Las opciones de pago que ofrecemos actualmente es totalmente Online, aceptamos: <strong>Tarjeta de D\u00e9bitos o bien tarjetas de Cr\u00e9dito.<\/strong><\/p>\n<p><span><\/span><\/p>\n<h4 style=\"\">Puedo Pagar con Paypal?<\/h4>\n<p style=\"text-align: justify;\">Si, ahora puedes pagar con PayPal o bien con tarjeta de Debito o Cr\u00e9dito.<\/p>\n<p><span><\/span><\/p>\n<h4 style=\"\">Puedo pagar con mi moneda Local?<\/h4>\n<p style=\"text-align: justify;\">El pago es en d\u00f3lares, pero se te cobrara el equivalente en tu moneda local.<\/p>\n<p><span><\/span><\/p>\n<h4 style=\"\">Aceptan otras formas de pago?<\/h4>\n<p>Si, la otra forma de pago es por Western Union.<\/p>\n<p style=\"text-align: justify;\">Cualquier duda o pregunta, tan solo escribenos en el chat o bien al correo electronico rogerperez@aplicaexcelcontable.com.<\/p>\n<p style=\"text-align: justify;\">Saludos,<\/p>\n<p style=\"text-align: justify;\"><strong>Roger Perez &#8211; Aplica Excel Contable<\/strong><\/p>\n<p>\u00a9 2024, Aplica Excel Contable<\/p>\n","protected":false},"excerpt":{"rendered":"<p>Descarga el Sistema Integrado&nbsp;V7.0 Genera tus estados financieros, lleva el control de tus inventarios, cuentas por cobrar y pagar de forma automatica. Te gustar\u00eda descargar el Sistema Integrado V7.0 (Sistema Contable + Sistema de Facturacion e Inventario) con todas las funciones disponible para tu negocio ? A continuaci\u00f3n, te dejo 3 videos, para que veas [&hellip;]<\/p>\n","protected":false},"author":1,"featured_media":0,"parent":0,"menu_order":0,"comment_status":"closed","ping_status":"closed","template":"","meta":{"footnotes":""},"class_list":["post-44054","page","type-page","status-publish","hentry","post-wrapper","thrv_wrapper"],"_links":{"self":[{"href":"https:\/\/aplicaexcelcontable.com\/blog\/wp-json\/wp\/v2\/pages\/44054","targetHints":{"allow":["GET"]}}],"collection":[{"href":"https:\/\/aplicaexcelcontable.com\/blog\/wp-json\/wp\/v2\/pages"}],"about":[{"href":"https:\/\/aplicaexcelcontable.com\/blog\/wp-json\/wp\/v2\/types\/page"}],"author":[{"embeddable":true,"href":"https:\/\/aplicaexcelcontable.com\/blog\/wp-json\/wp\/v2\/users\/1"}],"replies":[{"embeddable":true,"href":"https:\/\/aplicaexcelcontable.com\/blog\/wp-json\/wp\/v2\/comments?post=44054"}],"version-history":[{"count":0,"href":"https:\/\/aplicaexcelcontable.com\/blog\/wp-json\/wp\/v2\/pages\/44054\/revisions"}],"wp:attachment":[{"href":"https:\/\/aplicaexcelcontable.com\/blog\/wp-json\/wp\/v2\/media?parent=44054"}],"curies":[{"name":"wp","href":"https:\/\/api.w.org\/{rel}","templated":true}]}}