{"id":41947,"date":"2019-03-27T20:42:01","date_gmt":"2019-03-28T02:42:01","guid":{"rendered":"https:\/\/aplicaexcelcontable.com\/blog\/?page_id=41947"},"modified":"2025-10-10T14:24:57","modified_gmt":"2025-10-10T20:24:57","slug":"curso-1-de-programacion-en-excel","status":"publish","type":"page","link":"https:\/\/aplicaexcelcontable.com\/blog\/curso-1-de-programacion-en-excel","title":{"rendered":"curso 1 de programacion en excel"},"content":{"rendered":"<p><!--StartFragment--><\/p>\n<h1 style=\"text-align: center;\">Como programar tus tareas Diarias en Excel<\/h1>\n<p><!--EndFragment--><\/p>\n<p style=\"text-align: justify;\">Te gustar\u00eda de una vez por todas aprender a programar tus tareas diarias en Excel paso a paso?<\/p>\n<p style=\"text-align: justify;\">Si tu respuesta es s\u00ed, entonces quiz\u00e1s este sea una de las cartas m\u00e1s importante que hayas le\u00eddo sobre el tema de automatizar tareas en Excel.<\/p>\n<p style=\"text-align: justify;\">Hola Soy Roger P\u00e9rez director de Aplica Excel Contable y el encargado de guiarte paso a paso en el curso de \u201cComo Programar tus tareas Diarias en Excel\u201d.<\/p>\n<p style=\"text-align: justify;\">Aplica Excel Contable, es la primera p\u00e1gina web en compartir temas relacionados de Excel y contabilidad desde el a\u00f1o 2010, con el \u00fanico objetivo de ayudar a los usuarios a Automatizar Plantillas en Excel.<\/p>\n<p><span style=\"width: 100%;\"><a href=\"https:\/\/aplicaexcelcontable.com\/blog\/wp-content\/uploads\/2018\/10\/Roger-Perez-150x150-1.png\" rel=\"\"><img decoding=\"async\" alt=\"\" width=\"287\" height=\"315\" title=\"Roger Perez (1)\" data-id=\"62409\" src=\"https:\/\/aplicaexcelcontable.com\/blog\/wp-content\/uploads\/2025\/04\/Roger-Perez-1.png\" style=\"aspect-ratio: auto 141 \/ 155;\" data-width=\"287\" data-height=\"315\" data-init-width=\"141\" data-init-height=\"155\" loading=\"lazy\" data-><\/a><\/span><\/p>\n<p>Haz sentido que has estado buscando informaci\u00f3n por internet de como programar tus tareas diarias en Excel y no has encontrado nada? o bien has aplicado un par de macros y no has logrado automatizar tus tareas en excel.<\/p>\n<p>Tambi\u00e9n has intentado ir a una academia o colegio y no has podido por falta de tiempo o bien por que era tan cara que no pudiste pagarlo.<\/p>\n<p>Sigues repitiendo tus labores diarios en excel totalmente manual?<\/p>\n<p>Hoy quiero cambiar todo esto para ti!<\/p>\n<p>Te presento el :<\/p>\n<p><!--StartFragment--><\/p>\n<h2 style=\"color: rgb(246, 16, 16) !important; --tcb-applied-color: rgb(246, 16, 16) !important;\" id=\"t-1760124754311\">\u201cCurso 1 de Programaci\u00f3n en Excel\u201d<\/h2>\n<p><!--EndFragment--><span><img decoding=\"async\" alt=\"\" data-id=\"65225\" width=\"258\" data-init-width=\"258\" height=\"350\" data-init-height=\"350\" title=\"Curso 1 VBA Publicidad\" loading=\"lazy\" src=\"https:\/\/aplicaexcelcontable.com\/blog\/wp-content\/uploads\/2025\/10\/Curso-1-VBA-Publicidad.png\" data-width=\"258\" data-height=\"350\" style=\"aspect-ratio: auto 258 \/ 350;\" data-init- data-><\/span><\/p>\n<p>Te ense\u00f1are verdaderamente a Automatizar tus labores diarios Diarios en Excel.<\/p>\n<p>Tambi\u00e9n ahorraras mas de 4 horas, en tus labores diarios al programar todas tus tareas en las celdas, rangos y hojas de excel.<\/p>\n<p>Y algo mucho m\u00e1s impresionante, estar\u00e1s en la capacidad de crear tus propias plantillas totalmente automatizadas.<\/p>\n<p>Imag\u00ednate por un momento, optimizar tus tareas diarias al 90% con programaci\u00f3n en Excel, podr\u00edas f\u00e1cilmente ahorrarte 4 horas de trabajo diario.<\/p>\n<p>Que har\u00edas con 4 horas de tiempo libre?<\/p>\n<p><span style=\"width: 100%;\"><a href=\"https:\/\/aplicaexcelcontable.com\/blog\/wp-content\/uploads\/2019\/03\/Tiempo-extra.jpg\" rel=\"\"><img loading=\"lazy\" decoding=\"async\" alt=\"\" width=\"256\" height=\"197\" title=\"Tiempo extra\" data-id=\"41983\" src=\"https:\/\/aplicaexcelcontable.com\/blog\/wp-content\/uploads\/2019\/03\/Tiempo-extra.jpg\" style=\"\"><\/a><\/span><\/p>\n<h2 id=\"t-1760124754312\" style=\"text-align: center;\"><strong>\u00bfQue har\u00edas con 4 horas de tu tiempo libre?<\/strong><\/h2>\n<p>En ese caso no le puedo ayudar, pero estoy seguro que ya tiene una o dos ideas en Mente \u00bfNo es cierto?<\/p>\n<p>Y es posible, muy posible hacer que excel trabaje para ti.<\/p>\n<p><strong>El Curso 1 de Programaci\u00f3n en Excel<\/strong>, est\u00e1 pensado para el usuario que jamas a programado en Excel para la automatizaci\u00f3n de sus tareas. Aunque usted a comprado cursos en el pasado, me atrevo a decirte que <strong>no ha estudiado algo como esto<\/strong>.<\/p>\n<p>Aprender\u00e1s a crear tus propias macros en excel para ejecutar autom\u00e1ticamente todas las acciones necesarias en tu Libro de Excel.<\/p>\n<p>Conocer\u00e1s los diferentes <strong>eventos, m\u00e9todos y propiedades para programar<\/strong> tus tareas diarias en Excel.<\/p>\n<p>Aplicaras <strong>c\u00f3digos de programaci\u00f3n a las Hojas de Excel<\/strong> para guardar datos de una hoja a otra.<\/p>\n<p>Activaras <strong>botones que con tan solo un clic imprima, guarde y borre datos<\/strong> en una determinada hoja de Excel.<\/p>\n<p>Y lo m\u00e1s impresionante, tendr\u00e1s la idea consolidada de Automatizar plantillas en Excel.<\/p>\n<p><!--StartFragment--><\/p>\n<h2 style=\"text-align: center;\" id=\"t-1760124754310\">\u00c9chale un vistazo a lo que aprender\u00e1s en el Curso:<\/h2>\n<p><!--EndFragment--><span style=\"width: 100%;\"><a href=\"https:\/\/aplicaexcelcontable.com\/blog\/wp-content\/uploads\/2019\/03\/Vistazo.jpg\" rel=\"\"><img loading=\"lazy\" decoding=\"async\" alt=\"\" width=\"189\" height=\"137\" title=\"Vistazo\" data-id=\"41989\" src=\"https:\/\/aplicaexcelcontable.com\/blog\/wp-content\/uploads\/2019\/03\/Vistazo.jpg\" style=\"aspect-ratio: auto 263 \/ 191;\" data-width=\"189\" data-height=\"137\" data-init-width=\"263\" data-init-height=\"191\" data-><\/a><\/span><\/p>\n<p>Lo primero que aprender\u00e1 en este curso es Como Programar en Excel.<\/p>\n<p><strong>Como Programar en Excel<\/strong>? Si, correcto, aprender\u00e1s los pasos de como programar en Excel.<\/p>\n<p>Lo m\u00e1s probable es que nunca has visto sobre programaci\u00f3n en excel en una universidad y no te culpo, asumo que no sabes nada de programaci\u00f3n en excel y aun asi habiendolo estudiado en la universidad, estoy seguro que no has conocido la dimensi\u00f3n de como programar en Excel.<\/p>\n<p>Asi que en el Curso 1 de Programacion en Excel, comenzamos conociendo el editor de Visual basic para Aplicaciones (VBA).<\/p>\n<p>\u00bfPor que?<\/p>\n<p>Porque, sencillamente, es la forma m\u00e1s f\u00e1cil de familiarizarnos con el entorno de VBA para programar en Excel.<\/p>\n<p>Por el momento es muy importante que usted conozca los diferentes eventos, m\u00e9todos y propiedades para programar en Excel.<\/p>\n<p>Tambi\u00e9n descubrir\u00e1s c\u00f3mo hacer referencias a objetos de excel: Libros, Hojas, celdas, rangos y objetos.<\/p>\n<p>Una vez que ya domines los dos puntos anteriores, vamos a ejecutar macros, vamos a ver donde colocar las macros, como crearlos, como ejecutarlos y como controlar su ejecuci\u00f3n.<\/p>\n<p><span style=\"width: 100%;\"><a href=\"https:\/\/aplicaexcelcontable.com\/blog\/wp-content\/uploads\/2019\/03\/Seguridad-VBA.jpg\" rel=\"\"><img loading=\"lazy\" decoding=\"async\" alt=\"\" width=\"284\" height=\"177\" title=\"Seguridad VBA\" data-id=\"41999\" src=\"https:\/\/aplicaexcelcontable.com\/blog\/wp-content\/uploads\/2019\/03\/Seguridad-VBA.jpg\" style=\"\"><\/a><\/span><\/p>\n<p>En este curso, vamos a ver como crear seguridad para los proyectos de VBA paso a paso.<\/p>\n<p>Y este punto es muy importante, proteger los proyectos de VBA, evita que otros usuarios no autorizados modifiquen todos los c\u00f3digos programados.<\/p>\n<p style=\"text-align: justify;\">Tambi\u00e9n descubrir\u00e1s el tratamiento de las diferentes variables dentro de la programaci\u00f3n en VBA.<\/p>\n<p style=\"text-align: justify;\">Continuando con el curso, vamos a ver como programar los libros de Excel:<\/p>\n<ul>\n<li>                    <span>Te ense\u00f1are c\u00f3mo Abrir libros con clave<\/span><\/li>\n<li>                    <span>Aplicaras los pasos de c\u00f3mo ejecutar una macro al abrir el libro<\/span><\/li>\n<li><span>Conocer\u00e1s los pasos de como incrementar un contador al abrir un libro<\/span><\/li>\n<li><span>Conocer\u00e1s los diferentes tipos de guardados de libro<\/span><\/li>\n<\/ul>\n<p style=\"text-align: justify;\">De igual forma, vamos a ver como programar Hojas de Excel, vamos a ver:<\/p>\n<ul>\n<li>                    <span>Como proteger y desproteger una hoja de excel<\/span><\/li>\n<li>                    <span>Como copiar hojas<\/span><\/li>\n<li>                    <span>Pasos para seleccionar hojas<\/span><\/li>\n<li>                    <span>Mostrar y ocultar hojas de Excel<\/span><\/li>\n<\/ul>\n<p>En seguida, conoceremos los pasos de como programar celdas y rangos dentro de Excel.<\/p>\n<p>Dentro del Curso 1 de programaci\u00f3n en Excel, aprender\u00e1s como trabajar con Bucles, conocido tambi\u00e9n como comandos especiales.<\/p>\n<p>Te llevaremos de la mano para que puedas insertar formulas en las celdas de Excel con programaci\u00f3n.<\/p>\n<p>Conocer\u00e1s los pasos de como controlar los errores dentro de VBA, comenzando por conocer los tipos de errores.<\/p>\n<p>Podr\u00e1s ver c\u00f3mo ocultar y mostrar las barras de desplazamientos, las pesta\u00f1as de hojas, encabezados de fila y columna y quitar las lineas de divisi\u00f3n.<\/p>\n<p>Para finalizar, aprender\u00e1s los siguientes temas:<\/p>\n<ul>\n<li>                    <span>C\u00f3mo copiar rango de datos de una hoja a la siguiente hoja.<\/span><\/li>\n<li>                    <span>Pasos para copiar solo valores (Pegado especial).<\/span><\/li>\n<li>                    <span>Copiar cierta fila en otro libro y conocer la ultima fila con datos.<\/span><\/li>\n<li><span>Crear libro con copia de un hoja.<\/span><\/li>\n<\/ul>\n<p>Estoy seguro que adem\u00e1s de todo lo que aprender\u00e1 y sobre todo el beneficio de la automatizaci\u00f3n de Excel con programaci\u00f3n, estoy seguro que uno de las cosas que mas le gustara es el precio del Curso.<\/p>\n<p>Porque podr\u00e1s descargar el <strong>Curso 1 de Programaci\u00f3n&nbsp;en Excel <\/strong>en formato PDF, por tan solo un pago \u00fanico de $ 47 USD.&nbsp;<\/p>\n<p style=\"\">Si as\u00ed es, por menos de lo que cuesta una cena familiar, podr\u00e1s acceder al <span style=\"color: var(--tcb-color-0);\">Curso 1 de Programaci\u00f3n en Excel<\/span>, donde <span style=\"color: var(--tcb-color-3);\">podr\u00e1s descubrir los verdaderos secretos de C\u00f3mo automatizar tus tareas diarias en Excel<\/span>.<\/p>\n<h2 id=\"t-1760124754313\" style=\"text-align: center;\">\u00bfPor que tan barato?<\/h2>\n<p style=\"color: rgb(10, 10, 1) !important; --tcb-applied-color: rgb(10, 10, 1) !important;\">A continuaci\u00f3n te voy a dar dos razones:<\/p>\n<ul>\n<li style=\"\">                    <span style=\"\">La informaci\u00f3n que recibir\u00e1s en este curso es totalmente invaluable.<\/span><\/li>\n<li style=\"\">                    <span style=\"\">El curso es un curso 100% de auto estudio, que me permite ahorrar costos de impresi\u00f3n y de distribuci\u00f3n.<\/span><\/li>\n<\/ul>\n<p><span><img loading=\"lazy\" decoding=\"async\" alt=\"\" width=\"205\" height=\"160\" title=\"red_s2_m\" data-id=\"5460\" src=\"\/\/aplicaexcelcontable.com\/blog\/wp-content\/uploads\/tcb_content_templates\/guaranteebox\/images\/red_s2_m.png\"><\/span><\/p>\n<h2 id=\"t-1760124754309\" style=\"text-align: center;\">Mi Garant\u00eda incondicional<\/h2>\n<p style=\"text-align: justify;\">Y a un as\u00ed te ofrezco mi garant\u00eda incondicional de la devoluci\u00f3n total de su dinero.Tienes 30 d\u00edas completo para poner a prueba el Curso 1 de Programaci\u00f3n en Excel. Si por cualquier raz\u00f3n, siente que el curso no le esta ense\u00f1ando a programar en Excel, tan solo escr\u00edbenos un email y te devolveremos el 100% de tu dinero.<\/p>\n<h3 style=\"text-align: center;\" id=\"t-1760124754314\">Esto es lo que debes de hacer ahora\u2026<\/h3>\n<p style=\"text-align: justify;\">Pulsa clic en el bot\u00f3n Ordenar Ahora para completar el proceso de pago:<\/p>\n<p style=\"text-align: justify;\">Una vez complete el proceso de pago, podr\u00e1s acceder a la descarga del PDF del curso de forma inmediata.<\/p>\n<p style=\"text-align: justify;\">Para poder automatizar tus Plantillas, es necesario e importante que domines la <strong>Programaci\u00f3n en Excel<\/strong>, toma acci\u00f3n hoy mismo y convi\u00e9rtete en un experto en programaci\u00f3n en excel:<\/p>\n<p style=\"text-align: justify;\">Cualquier duda o pregunta, puedes escr\u00edbenos en el chat o bien a rogerperez@aplicaexcelcontable.com.<\/p>\n<p style=\"text-align: justify;\">Te saluda,<\/p>\n<p style=\"text-align: justify;\"><strong>Roger Perez <\/strong><\/p>\n<p style=\"text-align: center;\"><em><strong>\u00bfQue Incluye el Curso?<\/strong><\/em><\/p>\n<p style=\"text-align: center;\">Precio normal $ <span style=\"text-decoration: line-through;\">47<\/span> USD<\/p>\n<p style=\"text-align: center;\">Hoy te ahorras 64% y solo&nbsp;<\/p>\n<p style=\"text-align: center;\"><span style=\"--tcb-text-highlight-color: rgb(228, 240, 15) !important;\">pagas $17 dolares<\/span><\/p>\n<p>[tcb-script type=\u00bbtext\/javascript\u00bb]var Tawk_API=Tawk_API||{}, Tawk_LoadStart=new Date();(function(){var s1=document.createElement(\u00abscript\u00bb),s0=document.getElementsByTagName(\u00abscript\u00bb)[0];s1.async=true;s1.src=&#8217;https:\/\/embed.tawk.to\/5730abe0cba28dd313b32bae\/1akdvkph8&#8242;;s1.charset=&#8217;UTF-8&#8242;;s1.setAttribute(&#8216;crossorigin&#8217;,&#8217;*&#8217;);s0.parentNode.insertBefore(s1,s0);})();[\/tcb-script]<\/p>\n","protected":false},"excerpt":{"rendered":"<p>Como programar tus tareas Diarias en Excel Te gustar\u00eda de una vez por todas aprender a programar tus tareas diarias en Excel paso a paso? Si tu respuesta es s\u00ed, entonces quiz\u00e1s este sea una de las cartas m\u00e1s importante que hayas le\u00eddo sobre el tema de automatizar tareas en Excel. Hola Soy Roger P\u00e9rez [&hellip;]<\/p>\n","protected":false},"author":1,"featured_media":0,"parent":0,"menu_order":0,"comment_status":"closed","ping_status":"closed","template":"","meta":{"footnotes":""},"class_list":["post-41947","page","type-page","status-publish","hentry","post-wrapper","thrv_wrapper"],"_links":{"self":[{"href":"https:\/\/aplicaexcelcontable.com\/blog\/wp-json\/wp\/v2\/pages\/41947","targetHints":{"allow":["GET"]}}],"collection":[{"href":"https:\/\/aplicaexcelcontable.com\/blog\/wp-json\/wp\/v2\/pages"}],"about":[{"href":"https:\/\/aplicaexcelcontable.com\/blog\/wp-json\/wp\/v2\/types\/page"}],"author":[{"embeddable":true,"href":"https:\/\/aplicaexcelcontable.com\/blog\/wp-json\/wp\/v2\/users\/1"}],"replies":[{"embeddable":true,"href":"https:\/\/aplicaexcelcontable.com\/blog\/wp-json\/wp\/v2\/comments?post=41947"}],"version-history":[{"count":14,"href":"https:\/\/aplicaexcelcontable.com\/blog\/wp-json\/wp\/v2\/pages\/41947\/revisions"}],"predecessor-version":[{"id":65239,"href":"https:\/\/aplicaexcelcontable.com\/blog\/wp-json\/wp\/v2\/pages\/41947\/revisions\/65239"}],"wp:attachment":[{"href":"https:\/\/aplicaexcelcontable.com\/blog\/wp-json\/wp\/v2\/media?parent=41947"}],"curies":[{"name":"wp","href":"https:\/\/api.w.org\/{rel}","templated":true}]}}