{"id":41191,"date":"2019-02-15T20:50:42","date_gmt":"2019-02-16T02:50:42","guid":{"rendered":"https:\/\/aplicaexcelcontable.com\/blog\/?page_id=41191"},"modified":"2025-01-08T13:46:56","modified_gmt":"2025-01-08T19:46:56","slug":"app-facturacion-e-inventario-basico","status":"publish","type":"page","link":"https:\/\/aplicaexcelcontable.com\/blog\/app-facturacion-e-inventario-basico","title":{"rendered":"App Facturacion e Inventario basico"},"content":{"rendered":"<p style=\"text-align: center;\">Descarga tu App Facturacion e Inventario Basico<\/p>\n<p style=\"text-align: justify;\">Estas listo para descargar tu App Facturacion e Inventario b\u00e1sico?<\/p>\n<p style=\"text-align: justify;\">A continuaci\u00f3n te dejo el enlace, para que puedas descargar la plantilla:<\/p>\n<p><span style=\"width: 100%;\"><img decoding=\"async\" loading=\"lazy\" alt=\"Sistsema Contable basico\" width=\"243\" height=\"108\" title=\"95b726dc3c1969d01cf23bb4c05b1c80.png\" src=\"\/\/i.pinimg.com\/originals\/95\/b7\/26\/95b726dc3c1969d01cf23bb4c05b1c80.png\" style=\"aspect-ratio: auto 300 \/ 133;\" data-width=\"243\" data-height=\"108\" data-init-width=\"300\" data-init-height=\"133\"><\/span><\/p>\n<p style=\"text-align: justify;\">A continuaci\u00f3n voy a compartirte los detalles de la App de Facturacion e Inventario B\u00e1sico:<\/p>\n<p><span style=\"width: 100%;\"><a href=\"https:\/\/aplicaexcelcontable.com\/blog\/wp-content\/uploads\/2018\/12\/Sistema-de-Facturacion-e-Inventario-Basico.png\" rel=\"\"><img decoding=\"async\" loading=\"lazy\" alt=\"App Facturacion e Inventario\" width=\"630\" height=\"268\" title=\"Sistema de Facturacion e Inventario Basico\" data-id=\"39910\" src=\"https:\/\/aplicaexcelcontable.com\/blog\/wp-content\/uploads\/2018\/12\/Sistema-de-Facturacion-e-Inventario-Basico.png\" style=\"\"><\/a><\/span><\/p>\n<p style=\"text-align: center;\"><strong><u>Manual del usuario<\/u><\/strong><\/p>\n<h2 style=\"text-align: center;\">Detalles de la App Facturacion e Inventario Basico<\/h2>\n<ul>\n<li style=\"\"><span>Tiene tres secciones: Facturaci\u00f3n, reportes y configuraciones<\/span><\/li>\n<li style=\"\"><span>Incluye 2 Formularios, para entrada (compras), para salidas (Ventas)<\/span><\/li>\n<li style=\"\"><span>Hoja para agregar tus Clientes y proveedores<\/span><\/li>\n<li style=\"\"><span>Tambi\u00e9n incluimos una Hoja exclusiva para Productos<\/span><\/li>\n<li style=\"\"><span>Y una muy especial de Resumen de Entrada y Salidas de Cada Producto o Articulo<\/span><\/li>\n<li style=\"\"><span>Un apartado muy especial de reportes para que puedas imprimir<\/span><\/li>\n<\/ul>\n<p style=\"text-align: justify;\">Por lo tanto, te recomendamos descargar la App Facturacion e Inventario b\u00e1sico de forma gratuita.<\/p>\n<p style=\"text-align: justify;\">Si te gusto el contenido de hoy, te invito a que lo compartas con tus amigos de <a href=\"https:\/\/www.facebook.com\/aplicaexcecontable\" style=\"outline: none;\" target=\"_blank\" rel=\"noopener\">facebook<\/a>, pulsando clic en el bot\u00f3n compartir:<\/p>\n<p style=\"text-align: justify;\">Para finalizar, cualquier duda o pregunta, tan solo <a href=\"https:\/\/aplicaexcelcontable.com\/blog\/contacto\" target=\"_blank\" style=\"outline: none;\" rel=\"noopener\">escr\u00edbenos en la pagina del chat<\/a> o bien a rogerperezb@gmail.com.<\/p>\n<p style=\"text-align: justify;\">Saludos,<\/p>\n<p style=\"text-align: justify;\"><strong>Roger Perez &#8211; Aplica Excel Contable<\/strong><\/p>\n","protected":false},"excerpt":{"rendered":"<p>Descarga tu App Facturacion e Inventario Basico Estas listo para descargar tu App Facturacion e Inventario b\u00e1sico? A continuaci\u00f3n te dejo el enlace, para que puedas descargar la plantilla: A continuaci\u00f3n voy a compartirte los detalles de la App de Facturacion e Inventario B\u00e1sico: Manual del usuario Detalles de la App Facturacion e Inventario Basico [&hellip;]<\/p>\n","protected":false},"author":1,"featured_media":0,"parent":0,"menu_order":0,"comment_status":"closed","ping_status":"closed","template":"","meta":{"footnotes":""},"class_list":["post-41191","page","type-page","status-publish","hentry","post-wrapper","thrv_wrapper"],"_links":{"self":[{"href":"https:\/\/aplicaexcelcontable.com\/blog\/wp-json\/wp\/v2\/pages\/41191","targetHints":{"allow":["GET"]}}],"collection":[{"href":"https:\/\/aplicaexcelcontable.com\/blog\/wp-json\/wp\/v2\/pages"}],"about":[{"href":"https:\/\/aplicaexcelcontable.com\/blog\/wp-json\/wp\/v2\/types\/page"}],"author":[{"embeddable":true,"href":"https:\/\/aplicaexcelcontable.com\/blog\/wp-json\/wp\/v2\/users\/1"}],"replies":[{"embeddable":true,"href":"https:\/\/aplicaexcelcontable.com\/blog\/wp-json\/wp\/v2\/comments?post=41191"}],"version-history":[{"count":0,"href":"https:\/\/aplicaexcelcontable.com\/blog\/wp-json\/wp\/v2\/pages\/41191\/revisions"}],"wp:attachment":[{"href":"https:\/\/aplicaexcelcontable.com\/blog\/wp-json\/wp\/v2\/media?parent=41191"}],"curies":[{"name":"wp","href":"https:\/\/api.w.org\/{rel}","templated":true}]}}