{"id":37636,"date":"2018-09-24T18:24:53","date_gmt":"2018-09-25T00:24:53","guid":{"rendered":"https:\/\/aplicaexcelcontable.com\/blog\/?page_id=37636"},"modified":"2025-12-31T09:00:26","modified_gmt":"2025-12-31T15:00:26","slug":"inicio","status":"publish","type":"page","link":"https:\/\/aplicaexcelcontable.com\/blog\/","title":{"rendered":"inicio"},"content":{"rendered":"<h1 style=\"text-align: center;\">Inicio &#8211; Art\u00edculos Recientes<\/h1>\n<p style=\"\"><span data-attr-link=\"1\" data-attr-rel=\"0\" data-attr-target=\"0\" data-extra_key=\"\" data-option-inline=\"1\" data-shortcode=\"tcb_post_categories\" data-shortcode-name=\"List of Categories\" data-attr-static-link=\"{&quot;className&quot;:&quot;&quot;,&quot;href&quot;:&quot;https:\/\/aplicaexcelcontable.com\/blog\/category\/funciones-excel&quot;,&quot;title&quot;:&quot;Funciones Excel&quot;,&quot;data-css&quot;:&quot;tve-u-193bb859ab4&quot;,&quot;class&quot;:&quot;&quot;}\" data-attr-css=\"tve-u-193bb859ab4\"><a href=\"https:\/\/aplicaexcelcontable.com\/blog\/category\/funciones-excel\" title=\"Funciones Excel\">Funciones Excel<\/a><\/span> <\/p>\n<h2 style=\"text-align: center;\"><span data-attr-link=\"0\" data-attr-rel=\"0\" data-attr-target=\"0\" data-extra_key=\"\" data-option-inline=\"1\" data-shortcode=\"tcb_post_title\" data-shortcode-name=\"Post title\">Funci\u00f3n ORDENAR en Excel<\/span><\/h2>\n<p><a href=\"https:\/\/aplicaexcelcontable.com\/blog\/funcion-ordenar-en-excel.html\" dynamic-postlink=\"tcb_post_the_permalink\" data-shortcode-id=\"59630\"><\/a><\/p>\n<p>C\u00f3mo usar la funci\u00f3n ORDENAR en Excel: Gu\u00eda completa paso <a href=\"https:\/\/aplicaexcelcontable.com\/blog\/funcion-ordenar-en-excel.html#more-65052\">&#8211; Clic para ver mas \u2192<\/a><\/p>\n<p style=\"\"><span data-attr-link=\"1\" data-attr-rel=\"0\" data-attr-target=\"0\" data-extra_key=\"\" data-option-inline=\"1\" data-shortcode=\"tcb_post_categories\" data-shortcode-name=\"List of Categories\" data-attr-static-link=\"{&quot;className&quot;:&quot;&quot;,&quot;href&quot;:&quot;https:\/\/aplicaexcelcontable.com\/blog\/category\/funciones-excel&quot;,&quot;title&quot;:&quot;Funciones Excel&quot;,&quot;data-css&quot;:&quot;tve-u-193bb859ab4&quot;,&quot;class&quot;:&quot;&quot;}\" data-attr-css=\"tve-u-193bb859ab4\"><a href=\"https:\/\/aplicaexcelcontable.com\/blog\/category\/funciones-excel\" title=\"Funciones Excel\">Funciones Excel<\/a><\/span> <\/p>\n<h2 style=\"text-align: center;\"><span data-attr-link=\"0\" data-attr-rel=\"0\" data-attr-target=\"0\" data-extra_key=\"\" data-option-inline=\"1\" data-shortcode=\"tcb_post_title\" data-shortcode-name=\"Post title\">Funci\u00f3n TOMAR en Excel<\/span><\/h2>\n<p><a href=\"https:\/\/aplicaexcelcontable.com\/blog\/funcion-tomar-en-excel.html\" dynamic-postlink=\"tcb_post_the_permalink\" data-shortcode-id=\"59630\"><\/a><\/p>\n<p>C\u00f3mo usar la funci\u00f3n TOMAR en Excel: gu\u00eda con ejemplos <a href=\"https:\/\/aplicaexcelcontable.com\/blog\/funcion-tomar-en-excel.html#more-64939\">&#8211; Clic para ver mas \u2192<\/a><\/p>\n<p style=\"\"><span data-attr-link=\"1\" data-attr-rel=\"0\" data-attr-target=\"0\" data-extra_key=\"\" data-option-inline=\"1\" data-shortcode=\"tcb_post_categories\" data-shortcode-name=\"List of Categories\" data-attr-static-link=\"{&quot;className&quot;:&quot;&quot;,&quot;href&quot;:&quot;https:\/\/aplicaexcelcontable.com\/blog\/category\/funciones-excel&quot;,&quot;title&quot;:&quot;Funciones Excel&quot;,&quot;data-css&quot;:&quot;tve-u-193bb859ab4&quot;,&quot;class&quot;:&quot;&quot;}\" data-attr-css=\"tve-u-193bb859ab4\"><a href=\"https:\/\/aplicaexcelcontable.com\/blog\/category\/calendario-en-excel\" title=\"Calendario en Excel\">Calendario en Excel<\/a>, <a href=\"https:\/\/aplicaexcelcontable.com\/blog\/category\/calendario-en-excel\/plantillas-de-calendario-en-excel\" title=\"Plantillas de Calendario en Excel\">Plantillas de Calendario en Excel<\/a><\/span> <\/p>\n<h2 style=\"text-align: center;\"><span data-attr-link=\"0\" data-attr-rel=\"0\" data-attr-target=\"0\" data-extra_key=\"\" data-option-inline=\"1\" data-shortcode=\"tcb_post_title\" data-shortcode-name=\"Post title\">Calendario 2026 en Excel<\/span><\/h2>\n<p><a href=\"https:\/\/aplicaexcelcontable.com\/blog\/calendario-2026-en-excel.html\" dynamic-postlink=\"tcb_post_the_permalink\" data-shortcode-id=\"59630\"><\/a><\/p>\n<p>Calendario 2026 en Excel: Descarga gratis y personaliza tu a\u00f1o\u00bfEstas <a href=\"https:\/\/aplicaexcelcontable.com\/blog\/calendario-2026-en-excel.html#more-64855\">&#8211; Clic para ver mas \u2192<\/a><\/p>\n<p style=\"\"><span data-attr-link=\"1\" data-attr-rel=\"0\" data-attr-target=\"0\" data-extra_key=\"\" data-option-inline=\"1\" data-shortcode=\"tcb_post_categories\" data-shortcode-name=\"List of Categories\" data-attr-static-link=\"{&quot;className&quot;:&quot;&quot;,&quot;href&quot;:&quot;https:\/\/aplicaexcelcontable.com\/blog\/category\/funciones-excel&quot;,&quot;title&quot;:&quot;Funciones Excel&quot;,&quot;data-css&quot;:&quot;tve-u-193bb859ab4&quot;,&quot;class&quot;:&quot;&quot;}\" data-attr-css=\"tve-u-193bb859ab4\"><a href=\"https:\/\/aplicaexcelcontable.com\/blog\/category\/plantillas-excel\/plantillas-excel-para-organizar-eventos\" title=\"Plantillas Excel para Organizar Eventos\">Plantillas Excel para Organizar Eventos<\/a><\/span> <\/p>\n<h2 style=\"text-align: center;\"><span data-attr-link=\"0\" data-attr-rel=\"0\" data-attr-target=\"0\" data-extra_key=\"\" data-option-inline=\"1\" data-shortcode=\"tcb_post_title\" data-shortcode-name=\"Post title\">Plantilla Excel lista de invitados<\/span><\/h2>\n<p><a href=\"https:\/\/aplicaexcelcontable.com\/blog\/plantilla-excel-lista-de-invitados.html\" dynamic-postlink=\"tcb_post_the_permalink\" data-shortcode-id=\"59630\"><\/a><\/p>\n<p>Plantilla Excel lista de invitados &#8211; Descarga gratuita y gu\u00eda <a href=\"https:\/\/aplicaexcelcontable.com\/blog\/plantilla-excel-lista-de-invitados.html#more-64560\">&#8211; Clic para ver mas \u2192<\/a><\/p>\n<p style=\"\"><span data-attr-link=\"1\" data-attr-rel=\"0\" data-attr-target=\"0\" data-extra_key=\"\" data-option-inline=\"1\" data-shortcode=\"tcb_post_categories\" data-shortcode-name=\"List of Categories\" data-attr-static-link=\"{&quot;className&quot;:&quot;&quot;,&quot;href&quot;:&quot;https:\/\/aplicaexcelcontable.com\/blog\/category\/funciones-excel&quot;,&quot;title&quot;:&quot;Funciones Excel&quot;,&quot;data-css&quot;:&quot;tve-u-193bb859ab4&quot;,&quot;class&quot;:&quot;&quot;}\" data-attr-css=\"tve-u-193bb859ab4\"><a href=\"https:\/\/aplicaexcelcontable.com\/blog\/category\/plantillas-excel\/plantillas-excel-para-organizar-eventos\" title=\"Plantillas Excel para Organizar Eventos\">Plantillas Excel para Organizar Eventos<\/a><\/span> <\/p>\n<h2 style=\"text-align: center;\"><span data-attr-link=\"0\" data-attr-rel=\"0\" data-attr-target=\"0\" data-extra_key=\"\" data-option-inline=\"1\" data-shortcode=\"tcb_post_title\" data-shortcode-name=\"Post title\">Plantilla Excel organizacion de eventos<\/span><\/h2>\n<p><a href=\"https:\/\/aplicaexcelcontable.com\/blog\/plantilla-excel-organizacion-de-eventos.html\" dynamic-postlink=\"tcb_post_the_permalink\" data-shortcode-id=\"59630\"><\/a><\/p>\n<p>Plantilla Excel organizacion de eventos &#8211; Gu\u00eda pr\u00e1ctica y recursos <a href=\"https:\/\/aplicaexcelcontable.com\/blog\/plantilla-excel-organizacion-de-eventos.html#more-64520\">&#8211; Clic para ver mas \u2192<\/a><\/p>\n<p style=\"\"><span data-attr-link=\"1\" data-attr-rel=\"0\" data-attr-target=\"0\" data-extra_key=\"\" data-option-inline=\"1\" data-shortcode=\"tcb_post_categories\" data-shortcode-name=\"List of Categories\" data-attr-static-link=\"{&quot;className&quot;:&quot;&quot;,&quot;href&quot;:&quot;https:\/\/aplicaexcelcontable.com\/blog\/category\/funciones-excel&quot;,&quot;title&quot;:&quot;Funciones Excel&quot;,&quot;data-css&quot;:&quot;tve-u-193bb859ab4&quot;,&quot;class&quot;:&quot;&quot;}\" data-attr-css=\"tve-u-193bb859ab4\"><a href=\"https:\/\/aplicaexcelcontable.com\/blog\/category\/plantillas-excel\/plantillas-excel-para-salud-y-bienestar\" title=\"Plantillas Excel para Salud y Bienestar\">Plantillas Excel para Salud y Bienestar<\/a><\/span> <\/p>\n<h2 style=\"text-align: center;\"><span data-attr-link=\"0\" data-attr-rel=\"0\" data-attr-target=\"0\" data-extra_key=\"\" data-option-inline=\"1\" data-shortcode=\"tcb_post_title\" data-shortcode-name=\"Post title\">Plantilla Excel rutinas de ejercicio<\/span><\/h2>\n<p><a href=\"https:\/\/aplicaexcelcontable.com\/blog\/plantilla-excel-rutinas-de-ejercicio.html\" dynamic-postlink=\"tcb_post_the_permalink\" data-shortcode-id=\"59630\"><\/a><\/p>\n<p>Plantilla Excel rutinas de ejercicio &#8211; Gu\u00eda pr\u00e1ctica y descargables\u00bfTe <a href=\"https:\/\/aplicaexcelcontable.com\/blog\/plantilla-excel-rutinas-de-ejercicio.html#more-64475\">&#8211; Clic para ver mas \u2192<\/a><\/p>\n<p><a href=\"javascript:void(0)\"><span><span>Load More<\/span><\/span><\/a><\/p>\n<h2 style=\"text-align: center;\">Inicio &#8211; Art\u00edculos Populares<\/h2>\n<p><a href=\"https:\/\/aplicaexcelcontable.com\/blog\/autosuma-en-varios-rangos.html\" dynamic-postlink=\"tcb_post_the_permalink\" data-shortcode-id=\"20767\"><\/a><\/p>\n<p style=\"text-align: center;\"><span data-shortcode=\"tcb_post_published_date\" data-shortcode-name=\"Post date\" data-extra_key=\"\" data-attr-type=\"published\" data-attr-date-format-select=\"F j, Y\" data-attr-date-format=\"F j, Y\" data-attr-show-time=\"0\" data-attr-time-format-select=\"g:i a\" data-attr-time-format=\"\" data-attr-link=\"0\" data-attr-target=\"1\" data-attr-rel=\"0\" data-option-inline=\"1\">octubre 12, 2016 <\/span><\/p>\n<h2 style=\"padding-top: 0px !important; margin-top: 0px !important; text-align: center;\"><span data-shortcode=\"tcb_post_title\" data-shortcode-name=\"Post title\" data-extra_key=\"\" data-attr-link=\"1\" data-attr-target=\"0\" data-attr-rel=\"0\" data-option-inline=\"1\" data-attr-static-link=\"{&quot;className&quot;:&quot;&quot;,&quot;href&quot;:&quot;https:\/\/aplicaexcelcontable.com\/blog\/autosuma-en-varios-rangos.html&quot;,&quot;title&quot;:&quot;Autosuma en varios rangos a la vez con multiseleccion&quot;,&quot;class&quot;:&quot;&quot;}\" data-attr-css=\"\"><a href=\"https:\/\/aplicaexcelcontable.com\/blog\/autosuma-en-varios-rangos.html\" title=\"Autosuma en varios rangos a la vez con multiseleccion\" data-css=\"\">Autosuma en varios rangos a la vez con multiseleccion<\/a><\/span><\/h2>\n<p>Como aplicar Autosuma en varios rangos a la <a href=\"https:\/\/aplicaexcelcontable.com\/blog\/autosuma-en-varios-rangos.html#more-23668\">=&gt;Ver mas aqu\u00ed \u2192<\/a><\/p>\n<p><a href=\"https:\/\/aplicaexcelcontable.com\/blog\/autosuma-en-varios-rangos.html\" style=\"\"><span>                    <\/span><span><span><\/span><\/span><\/a><a href=\"https:\/\/aplicaexcelcontable.com\/blog\/catalogos-de-cuentas-en-excel.html\" dynamic-postlink=\"tcb_post_the_permalink\" data-shortcode-id=\"20767\"><\/a><\/p>\n<p style=\"text-align: center;\"><span data-shortcode=\"tcb_post_published_date\" data-shortcode-name=\"Post date\" data-extra_key=\"\" data-attr-type=\"published\" data-attr-date-format-select=\"F j, Y\" data-attr-date-format=\"F j, Y\" data-attr-show-time=\"0\" data-attr-time-format-select=\"g:i a\" data-attr-time-format=\"\" data-attr-link=\"0\" data-attr-target=\"1\" data-attr-rel=\"0\" data-option-inline=\"1\">junio 23, 2014 <\/span><\/p>\n<h2 style=\"padding-top: 0px !important; margin-top: 0px !important; text-align: center;\"><span data-shortcode=\"tcb_post_title\" data-shortcode-name=\"Post title\" data-extra_key=\"\" data-attr-link=\"1\" data-attr-target=\"0\" data-attr-rel=\"0\" data-option-inline=\"1\" data-attr-static-link=\"{&quot;className&quot;:&quot;&quot;,&quot;href&quot;:&quot;https:\/\/aplicaexcelcontable.com\/blog\/autosuma-en-varios-rangos.html&quot;,&quot;title&quot;:&quot;Autosuma en varios rangos a la vez con multiseleccion&quot;,&quot;class&quot;:&quot;&quot;}\" data-attr-css=\"\"><a href=\"https:\/\/aplicaexcelcontable.com\/blog\/catalogos-de-cuentas-en-excel.html\" title=\"Catalogos de Cuentas en Excel\" data-css=\"\">Catalogos de Cuentas en Excel<\/a><\/span><\/h2>\n<p>El Cat\u00e1logos de Cuentas en la ContabilidadEs importante <a href=\"https:\/\/aplicaexcelcontable.com\/blog\/catalogos-de-cuentas-en-excel.html#more-16797\">=&gt;Ver mas aqu\u00ed \u2192<\/a><\/p>\n<p><a href=\"https:\/\/aplicaexcelcontable.com\/blog\/catalogos-de-cuentas-en-excel.html\" style=\"\"><span>                    <\/span><span><span><\/span><\/span><\/a><a href=\"https:\/\/aplicaexcelcontable.com\/blog\/cuadro-de-lista-en-libro-diario.html\" dynamic-postlink=\"tcb_post_the_permalink\" data-shortcode-id=\"20767\"><\/a><\/p>\n<p style=\"text-align: center;\"><span data-shortcode=\"tcb_post_published_date\" data-shortcode-name=\"Post date\" data-extra_key=\"\" data-attr-type=\"published\" data-attr-date-format-select=\"F j, Y\" data-attr-date-format=\"F j, Y\" data-attr-show-time=\"0\" data-attr-time-format-select=\"g:i a\" data-attr-time-format=\"\" data-attr-link=\"0\" data-attr-target=\"1\" data-attr-rel=\"0\" data-option-inline=\"1\">febrero 18, 2013 <\/span><\/p>\n<h2 style=\"padding-top: 0px !important; margin-top: 0px !important; text-align: center;\"><span data-shortcode=\"tcb_post_title\" data-shortcode-name=\"Post title\" data-extra_key=\"\" data-attr-link=\"1\" data-attr-target=\"0\" data-attr-rel=\"0\" data-option-inline=\"1\" data-attr-static-link=\"{&quot;className&quot;:&quot;&quot;,&quot;href&quot;:&quot;https:\/\/aplicaexcelcontable.com\/blog\/autosuma-en-varios-rangos.html&quot;,&quot;title&quot;:&quot;Autosuma en varios rangos a la vez con multiseleccion&quot;,&quot;class&quot;:&quot;&quot;}\" data-attr-css=\"\"><a href=\"https:\/\/aplicaexcelcontable.com\/blog\/cuadro-de-lista-en-libro-diario.html\" title=\"Cuadro de Lista en Tu Libro Diario\" data-css=\"\">Cuadro de Lista en Tu Libro Diario<\/a><\/span><\/h2>\n<p>Como crear un cuadro de lista en Libro <a href=\"https:\/\/aplicaexcelcontable.com\/blog\/cuadro-de-lista-en-libro-diario.html#more-214\">=&gt;Ver mas aqu\u00ed \u2192<\/a><\/p>\n<p><a href=\"https:\/\/aplicaexcelcontable.com\/blog\/cuadro-de-lista-en-libro-diario.html\" style=\"\"><span>                    <\/span><span><span><\/span><\/span><\/a><a href=\"https:\/\/aplicaexcelcontable.com\/blog\/formula-excel-sumar-si.html\" dynamic-postlink=\"tcb_post_the_permalink\" data-shortcode-id=\"20767\"><\/a><\/p>\n<p style=\"text-align: center;\"><span data-shortcode=\"tcb_post_published_date\" data-shortcode-name=\"Post date\" data-extra_key=\"\" data-attr-type=\"published\" data-attr-date-format-select=\"F j, Y\" data-attr-date-format=\"F j, Y\" data-attr-show-time=\"0\" data-attr-time-format-select=\"g:i a\" data-attr-time-format=\"\" data-attr-link=\"0\" data-attr-target=\"1\" data-attr-rel=\"0\" data-option-inline=\"1\">noviembre 24, 2014 <\/span><\/p>\n<h2 style=\"padding-top: 0px !important; margin-top: 0px !important; text-align: center;\"><span data-shortcode=\"tcb_post_title\" data-shortcode-name=\"Post title\" data-extra_key=\"\" data-attr-link=\"1\" data-attr-target=\"0\" data-attr-rel=\"0\" data-option-inline=\"1\" data-attr-static-link=\"{&quot;className&quot;:&quot;&quot;,&quot;href&quot;:&quot;https:\/\/aplicaexcelcontable.com\/blog\/autosuma-en-varios-rangos.html&quot;,&quot;title&quot;:&quot;Autosuma en varios rangos a la vez con multiseleccion&quot;,&quot;class&quot;:&quot;&quot;}\" data-attr-css=\"\"><a href=\"https:\/\/aplicaexcelcontable.com\/blog\/formula-excel-sumar-si.html\" title=\"Formula Excel SUMAR SI\" data-css=\"\">Formula Excel SUMAR SI<\/a><\/span><\/h2>\n<p>Como aplicar la formula excel SUMAR SI (SUMAR.SI)Te <a href=\"https:\/\/aplicaexcelcontable.com\/blog\/formula-excel-sumar-si.html#more-17473\">=&gt;Ver mas aqu\u00ed \u2192<\/a><\/p>\n<p><a href=\"https:\/\/aplicaexcelcontable.com\/blog\/formula-excel-sumar-si.html\" style=\"\"><span>                    <\/span><span><span><\/span><\/span><\/a><a href=\"https:\/\/aplicaexcelcontable.com\/blog\/tu-sistema-contable-en-excel.html\" dynamic-postlink=\"tcb_post_the_permalink\" data-shortcode-id=\"20767\"><\/a><\/p>\n<p style=\"text-align: center;\"><span data-shortcode=\"tcb_post_published_date\" data-shortcode-name=\"Post date\" data-extra_key=\"\" data-attr-type=\"published\" data-attr-date-format-select=\"F j, Y\" data-attr-date-format=\"F j, Y\" data-attr-show-time=\"0\" data-attr-time-format-select=\"g:i a\" data-attr-time-format=\"\" data-attr-link=\"0\" data-attr-target=\"1\" data-attr-rel=\"0\" data-option-inline=\"1\">febrero 15, 2013 <\/span><\/p>\n<h2 style=\"padding-top: 0px !important; margin-top: 0px !important; text-align: center;\"><span data-shortcode=\"tcb_post_title\" data-shortcode-name=\"Post title\" data-extra_key=\"\" data-attr-link=\"1\" data-attr-target=\"0\" data-attr-rel=\"0\" data-option-inline=\"1\" data-attr-static-link=\"{&quot;className&quot;:&quot;&quot;,&quot;href&quot;:&quot;https:\/\/aplicaexcelcontable.com\/blog\/autosuma-en-varios-rangos.html&quot;,&quot;title&quot;:&quot;Autosuma en varios rangos a la vez con multiseleccion&quot;,&quot;class&quot;:&quot;&quot;}\" data-attr-css=\"\"><a href=\"https:\/\/aplicaexcelcontable.com\/blog\/tu-sistema-contable-en-excel.html\" title=\"Incre\u00edble Sistema Contable en Excel\" data-css=\"\">Incre\u00edble Sistema Contable en Excel<\/a><\/span><\/h2>\n<p>Programa Contabilidad Excel: Impresionante Sistema Contable Excel Gratis <a href=\"https:\/\/aplicaexcelcontable.com\/blog\/tu-sistema-contable-en-excel.html#more-189\">=&gt;Ver mas aqu\u00ed \u2192<\/a><\/p>\n<p><a href=\"https:\/\/aplicaexcelcontable.com\/blog\/tu-sistema-contable-en-excel.html\" style=\"\"><span>                    <\/span><span><span><\/span><\/span><\/a><a href=\"https:\/\/aplicaexcelcontable.com\/blog\/aplicar-formato-condicional.html\" dynamic-postlink=\"tcb_post_the_permalink\" data-shortcode-id=\"20767\"><\/a><\/p>\n<p style=\"text-align: center;\"><span data-shortcode=\"tcb_post_published_date\" data-shortcode-name=\"Post date\" data-extra_key=\"\" data-attr-type=\"published\" data-attr-date-format-select=\"F j, Y\" data-attr-date-format=\"F j, Y\" data-attr-show-time=\"0\" data-attr-time-format-select=\"g:i a\" data-attr-time-format=\"\" data-attr-link=\"0\" data-attr-target=\"1\" data-attr-rel=\"0\" data-option-inline=\"1\">junio 1, 2016 <\/span><\/p>\n<h2 style=\"padding-top: 0px !important; margin-top: 0px !important; text-align: center;\"><span data-shortcode=\"tcb_post_title\" data-shortcode-name=\"Post title\" data-extra_key=\"\" data-attr-link=\"1\" data-attr-target=\"0\" data-attr-rel=\"0\" data-option-inline=\"1\" data-attr-static-link=\"{&quot;className&quot;:&quot;&quot;,&quot;href&quot;:&quot;https:\/\/aplicaexcelcontable.com\/blog\/autosuma-en-varios-rangos.html&quot;,&quot;title&quot;:&quot;Autosuma en varios rangos a la vez con multiseleccion&quot;,&quot;class&quot;:&quot;&quot;}\" data-attr-css=\"\"><a href=\"https:\/\/aplicaexcelcontable.com\/blog\/aplicar-formato-condicional.html\" title=\"Pasos para Aplicar Formato Condicional\" data-css=\"\">Pasos para Aplicar Formato Condicional<\/a><\/span><\/h2>\n<p>Como aplicar Formato Condicional y Segmentacion de DatosComencemos <a href=\"https:\/\/aplicaexcelcontable.com\/blog\/aplicar-formato-condicional.html#more-20767\">=&gt;Ver mas aqu\u00ed \u2192<\/a><\/p>\n<p><a href=\"https:\/\/aplicaexcelcontable.com\/blog\/aplicar-formato-condicional.html\" style=\"\"><span>                    <\/span><span><span><\/span><\/span><\/a><\/p>\n<p style=\"padding: 0px !important; margin: 0px !important;\"><strong>BUSCAR:<\/strong><\/p>\n<p><span><span>                    <\/span><\/span><span>Buscar<\/span><\/p>\n<h2 style=\"text-align: center;\">Cont\u00e1ctenos<\/h2>\n<p style=\"text-align: center; padding: 0px !important; margin: 0px !important;\"><strong>Opci\u00f3n 1: Whatsapp<\/strong><\/p>\n<p style=\"text-align: center; padding: 0px !important; margin: 0px !important;\"><strong>Opci\u00f3n 2: Chat de la pagina:<\/strong><\/p>\n<p style=\"text-align: center; padding: 0px !important; margin: 0px !important;\"><strong>Opci\u00f3n 3: Correo electronico:<\/strong><\/p>\n<p style=\"text-align: center; padding: 0px !important; margin: 0px !important;\"><strong>rogerperez@aplicaexcelcontable.com<\/strong><\/p>\n<p style=\"\"><em><strong>S\u00edguenos en:<\/strong><\/em><\/p>\n<p><a href=\"https:\/\/www.facebook.com\/aplicaexcecontable\" target=\"_blank\" rel=\"  noopener\"><\/a><a href=\"http:\/\/www.youtube.com\/user\/excelycontabilidad?sub_confirmation=1\" target=\"_blank\" rel=\"  noopener\"><\/a><\/p>\n<h3 style=\"text-align: center;\"><em><span style=\"--tcb-text-highlight-color: rgb(42, 187, 97) !important;\" data-tcb-highlight-animation=\"viewport_once\" data-svg-config=\"{&quot;animationCount&quot;:1,&quot;animationDuration&quot;:1,&quot;animationDelay&quot;:1,&quot;strokeWidth&quot;:&quot;3&quot;}\" data-text-highlight=\"bubble\">Cursos Avanzados<\/span><\/em><\/h3>\n<p style=\"text-align: center; padding: 0px !important; margin: 0px !important;\">En Aplica Excel Contable, ofrecemos varios cursos de nivel Avanzado.<\/p>\n<h5 style=\"text-align: center;\"><span data-svg-config=\"{&quot;animationCount&quot;:1,&quot;animationDuration&quot;:1,&quot;animationDelay&quot;:1,&quot;strokeWidth&quot;:&quot;5&quot;}\" data-tcb-highlight-animation=\"viewport_repeat\" data-text-highlight=\"double-line\" style=\"--tcb-text-highlight-color: rgb(252, 3, 3) !important;\">Mini Curso de Contabilidad<span style=\"\"><\/span><\/span><span style=\"--tcb-text-highlight-color: #2ABB61 !important;\"><\/span><span style=\"--tcb-text-highlight-color: #2ABB61 !important;\"><\/span><span style=\"--tcb-text-highlight-color: #2ABB61 !important;\"><\/span><span style=\"--tcb-text-highlight-color: #2ABB61 !important;\"><\/span><span style=\"--tcb-text-highlight-color: #2ABB61 !important;\"><\/span><span style=\"--tcb-text-highlight-color: #2ABB61 !important;\"><\/span><span style=\"--tcb-text-highlight-color: #2ABB61 !important;\"><\/span><span style=\"--tcb-text-highlight-color: #2ABB61 !important;\"><\/span><span style=\"--tcb-text-highlight-color: #2ABB61 !important;\"><\/span><span style=\"--tcb-text-highlight-color: #2ABB61 !important;\"><\/span><span style=\"--tcb-text-highlight-color: #2ABB61 !important;\"><\/span><span style=\"--tcb-text-highlight-color: #2ABB61 !important;\"><\/span><span style=\"--tcb-text-highlight-color: #2ABB61 !important;\"><\/span><span style=\"--tcb-text-highlight-color: #2ABB61 !important;\"><\/span><span style=\"--tcb-text-highlight-color: #2ABB61 !important;\"><\/span><span style=\"--tcb-text-highlight-color: #2ABB61 !important;\"><\/span><span style=\"--tcb-text-highlight-color: #2ABB61 !important;\"><\/span><span style=\"--tcb-text-highlight-color: #2ABB61 !important;\"><\/span><span style=\"--tcb-text-highlight-color: #2ABB61 !important;\"><\/span><span style=\"--tcb-text-highlight-color: rgb(235, 12, 18) !important;\"><\/span><\/h5>\n<p><span style=\"width: 100%;\"><a href=\"https:\/\/aplicaexcelcontable.com\/blog\/curso-gratis-contabilidad-basica-video1.html\" rel=\"\"><img decoding=\"async\" alt=\"inicio\" width=\"150\" height=\"100\" title=\"Curso de Contabilidad\" data-id=\"33374\" src=\"\/\/aplicaexcelcontable.com\/blog\/wp-content\/uploads\/2018\/02\/Curso-de-Contabilidad-150x100.jpg.webp\" style=\"aspect-ratio: auto 150 \/ 100;\" data-width=\"150\" data-height=\"100\" data-init-width=\"150\" data-init-height=\"100\" loading=\"lazy\"><\/a><\/span><\/p>\n<p style=\"text-align: justify; padding: 0px !important; margin: 0px !important;\">En este Mini Curso aprender\u00e1s a llevar el <strong>Control Total de tu Negocio<\/strong>,<strong>&nbsp;Empresa o Finanzas Personales, y muchos mas&#8230;<\/strong><\/p>\n<h3 style=\"text-align: center;\"><span style=\"--tcb-text-highlight-color: rgb(244, 245, 12) !important;\" data-tcb-highlight-animation=\"viewport_once\" data-svg-config=\"{&quot;animationCount&quot;:1,&quot;animationDuration&quot;:1,&quot;animationDelay&quot;:1,&quot;strokeWidth&quot;:5}\" data-text-highlight=\"circle\">Plantillas Gratis<\/span><\/h3>\n<p style=\"text-align: center; padding: 0px !important; margin: 0px !important;\">Te gustaria Descargar Aplicaciones para:<\/p>\n<ul>\n<li><span>Cuentas por Cobrar<\/span><\/li>\n<li><span>Control de Stock Basico<\/span><\/li>\n<li><span>Sistema Contable Basico&nbsp;<\/span><\/li>\n<li><span>Y 15 Apps esperan por ti<\/span><\/li>\n<\/ul>\n","protected":false},"excerpt":{"rendered":"<p>Inicio &#8211; Art\u00edculos Recientes Funciones Excel Funci\u00f3n ORDENAR en Excel C\u00f3mo usar la funci\u00f3n ORDENAR en Excel: Gu\u00eda completa paso &#8211; Clic para ver mas \u2192 Funciones Excel Funci\u00f3n TOMAR en Excel C\u00f3mo usar la funci\u00f3n TOMAR en Excel: gu\u00eda con ejemplos &#8211; Clic para ver mas \u2192 Calendario en Excel, Plantillas de Calendario en [&hellip;]<\/p>\n","protected":false},"author":1,"featured_media":0,"parent":0,"menu_order":0,"comment_status":"closed","ping_status":"closed","template":"","meta":{"footnotes":""},"class_list":["post-37636","page","type-page","status-publish","hentry","post-wrapper","thrv_wrapper"],"_links":{"self":[{"href":"https:\/\/aplicaexcelcontable.com\/blog\/wp-json\/wp\/v2\/pages\/37636","targetHints":{"allow":["GET"]}}],"collection":[{"href":"https:\/\/aplicaexcelcontable.com\/blog\/wp-json\/wp\/v2\/pages"}],"about":[{"href":"https:\/\/aplicaexcelcontable.com\/blog\/wp-json\/wp\/v2\/types\/page"}],"author":[{"embeddable":true,"href":"https:\/\/aplicaexcelcontable.com\/blog\/wp-json\/wp\/v2\/users\/1"}],"replies":[{"embeddable":true,"href":"https:\/\/aplicaexcelcontable.com\/blog\/wp-json\/wp\/v2\/comments?post=37636"}],"version-history":[{"count":6,"href":"https:\/\/aplicaexcelcontable.com\/blog\/wp-json\/wp\/v2\/pages\/37636\/revisions"}],"predecessor-version":[{"id":65399,"href":"https:\/\/aplicaexcelcontable.com\/blog\/wp-json\/wp\/v2\/pages\/37636\/revisions\/65399"}],"wp:attachment":[{"href":"https:\/\/aplicaexcelcontable.com\/blog\/wp-json\/wp\/v2\/media?parent=37636"}],"curies":[{"name":"wp","href":"https:\/\/api.w.org\/{rel}","templated":true}]}}