{"id":37121,"date":"2018-08-27T05:07:41","date_gmt":"2018-08-27T11:07:41","guid":{"rendered":"https:\/\/aplicaexcelcontable.com\/blog\/?page_id=37121"},"modified":"2023-11-15T20:39:18","modified_gmt":"2023-11-16T02:39:18","slug":"configurar-la-aplicacion-csb","status":"publish","type":"page","link":"https:\/\/aplicaexcelcontable.com\/blog\/configurar-la-aplicacion-csb","title":{"rendered":"configurar la aplicacion csb"},"content":{"rendered":"<p><span style=\"width: 100%;\"><a href=\"https:\/\/aplicaexcelcontable.com\/blog\/wp-content\/uploads\/2017\/12\/LogoblogAEC.jpg\" rel=\"\"><img decoding=\"async\" alt=\"\" width=\"201\" height=\"40\" title=\"LogoblogAEC\" data-id=\"27181\" src=\"\/\/aplicaexcelcontable.com\/blog\/wp-content\/uploads\/2017\/12\/LogoblogAEC.jpg\" style=\"aspect-ratio: auto 240 \/ 48;\" data-width=\"201\" data-height=\"40\" data-init-width=\"240\" data-init-height=\"48\" loading=\"lazy\" data-><\/a><\/span><\/p>\n<h2 style=\"text-align: center;\">Como configurar la aplicacion Control de Stock b\u00e1sico<\/h2>\n<p style=\"text-align: justify;\">Estas listo para ver los pasos de Como configurar la Aplicaci\u00f3n Control de Stock &nbsp;b\u00e1sico paso a paso:<\/p>\n<h2 style=\"text-align: center;\">Manual del Usuario<\/h2>\n<p><span><\/span><\/p>\n<h4>Pasos para Configurar la App<\/h4>\n<p><span><\/span><\/p>\n<h4>Grabar una Factura de Compra y Venta<\/h4>\n<p><span><\/span><\/p>\n<h4>Como Generar el Stock de Inventario<\/h4>\n<p><span><\/span><\/p>\n<h4>Video Adicional P\/usuarios Avanzados<\/h4>\n<h2 style=\"text-align: center;\">Pasos para configurar la App Control de Stock Basico<\/h2>\n<p style=\"text-align: justify;\">En este video, vamos a ver los primeros pasos para comenzar a operar con la Aplicaci\u00f3n.<\/p>\n<p style=\"text-align: justify;\">En primer lugar, vamos a Agregar tu Catalogo de Productos, en este caso escribimos el codigo, el nombre del producto y un comentario o descripci\u00f3n del producto.<\/p>\n<p style=\"text-align: justify;\">De esta forma terminas de agregar el cat\u00e1logo de producto ofrecido en tu negocio.<\/p>\n<p style=\"text-align: justify;\">Guardamos los cambios y en seguido nos vamos a Clientes, dentro de este, vamos a agregar la lista de clientes existentes y de igual forma, aqu\u00ed deber\u00e1s agregar los clientes nuevos.<\/p>\n<p style=\"text-align: justify;\">Guardamos los cambios y nos vamos a la hoja Proveedores, dentro de este vamos a agregar la lista de Proveedores con todos los detalles.<\/p>\n<p style=\"text-align: justify;\">Guardamos los cambios y estamos listo para comenzar a grabar las Facturas de compra y venta.<\/p>\n<p style=\"text-align: justify;\">Que tal te pareci\u00f3 el contenido del dia de hoy, te gusto? Si te gusto este primer video, te invito a compartirlo con tus amigos de facebook:<\/p>\n<p style=\"text-align: justify;\">Cualquier duda o pregunta, tan solo escr\u00edbenos en la <a href=\"https:\/\/www.facebook.com\/AplicaExceContable\/\" target=\"_blank\" rel=\"noopener\">secci\u00f3n<\/a> de comentarios o bien desde la pagina de contacto.<\/p>\n<p style=\"text-align: justify;\">Saludos,<\/p>\n<p style=\"text-align: justify;\"><strong>Roger Perez &#8211; Aplica Excel Contable<\/strong><\/p>\n<p>[tcb-script type=\u00bbtext\/javascript\u00bb]var Tawk_API=Tawk_API||{}, Tawk_LoadStart=new Date();(function(){var s1=document.createElement(\u00abscript\u00bb),s0=document.getElementsByTagName(\u00abscript\u00bb)[0];s1.async=true;s1.src=&#8217;https:\/\/embed.tawk.to\/5730abe0cba28dd313b32bae\/1akdvkph8&#8242;;s1.charset=&#8217;UTF-8&#8242;;s1.setAttribute(&#8216;crossorigin&#8217;,&#8217;*&#8217;);s0.parentNode.insertBefore(s1,s0);})();[\/tcb-script]<\/p>\n","protected":false},"excerpt":{"rendered":"<p>Como configurar la aplicacion Control de Stock b\u00e1sico Estas listo para ver los pasos de Como configurar la Aplicaci\u00f3n Control de Stock &nbsp;b\u00e1sico paso a paso: Manual del Usuario Pasos para Configurar la App Grabar una Factura de Compra y Venta Como Generar el Stock de Inventario Video Adicional P\/usuarios Avanzados Pasos para configurar la [&hellip;]<\/p>\n","protected":false},"author":1,"featured_media":0,"parent":0,"menu_order":0,"comment_status":"open","ping_status":"closed","template":"","meta":{"footnotes":""},"class_list":["post-37121","page","type-page","status-publish","hentry","post-wrapper","thrv_wrapper"],"_links":{"self":[{"href":"https:\/\/aplicaexcelcontable.com\/blog\/wp-json\/wp\/v2\/pages\/37121","targetHints":{"allow":["GET"]}}],"collection":[{"href":"https:\/\/aplicaexcelcontable.com\/blog\/wp-json\/wp\/v2\/pages"}],"about":[{"href":"https:\/\/aplicaexcelcontable.com\/blog\/wp-json\/wp\/v2\/types\/page"}],"author":[{"embeddable":true,"href":"https:\/\/aplicaexcelcontable.com\/blog\/wp-json\/wp\/v2\/users\/1"}],"replies":[{"embeddable":true,"href":"https:\/\/aplicaexcelcontable.com\/blog\/wp-json\/wp\/v2\/comments?post=37121"}],"version-history":[{"count":0,"href":"https:\/\/aplicaexcelcontable.com\/blog\/wp-json\/wp\/v2\/pages\/37121\/revisions"}],"wp:attachment":[{"href":"https:\/\/aplicaexcelcontable.com\/blog\/wp-json\/wp\/v2\/media?parent=37121"}],"curies":[{"name":"wp","href":"https:\/\/api.w.org\/{rel}","templated":true}]}}