{"id":36607,"date":"2015-12-29T09:05:31","date_gmt":"2015-12-29T15:05:31","guid":{"rendered":"https:\/\/aplicaexcelcontable.com\/blog\/?page_id=36607"},"modified":"2021-11-17T11:00:16","modified_gmt":"2021-11-17T17:00:16","slug":"control-de-stock-en-excel","status":"publish","type":"page","link":"https:\/\/aplicaexcelcontable.com\/blog\/control-de-stock-en-excel","title":{"rendered":"Control de stock en excel"},"content":{"rendered":"<h2 style=\"text-align: center;\">Ya Descargaste Tu Plantilla Control de Stock en Excel?<\/h2>\n<p style=\"text-align: justify;\">Para Descargar la Plantilla Control de Stock en Excel, tan solo haz clic en el enlace que he dejado abajo, en la secci\u00f3n donde apunta la flecha verde:<\/p>\n<p><span style=\"width: 100%;\"><img decoding=\"async\" loading=\"lazy\" alt=\"Sistsema Contable basico\" width=\"243\" height=\"108\" title=\"95b726dc3c1969d01cf23bb4c05b1c80.png\" src=\"\/\/i.pinimg.com\/originals\/95\/b7\/26\/95b726dc3c1969d01cf23bb4c05b1c80.png\" style=\"\" data-width=\"243\" data-height=\"108\" data-init-width=\"300\" data-init-height=\"133\"><\/span><\/p>\n<h2 style=\"text-align: center;\"><strong>Te Gustar\u00eda Descargar Mas Plantillas Excel?<\/strong><\/h2>\n<p style=\"text-align: justify;\">Te Recomendamos que descargues tambi\u00e9n, la plantilla Excel Sistema Contable B\u00e1sico.<\/p>\n<p style=\"text-align: justify;\">Pulsa en el boton para ir a Descargar:<\/p>\n<h2 style=\"text-align: center;\">Te recomendamos los siguientes cursos gratis<\/h2>\n<h2 style=\"text-align: center;\">Mini Curso de Contabilidad Basica<\/h2>\n<p><span style=\"width: 100%;\"><img decoding=\"async\" loading=\"lazy\" alt=\"Control de stock en excel\" width=\"275\" height=\"183\" title=\"Curso de Contabilidad\" data-id=\"33374\" src=\"\/\/aplicaexcelcontable.com\/blog\/wp-content\/uploads\/2018\/02\/Curso-de-Contabilidad.jpg\" style=\"\"><\/span><\/p>\n<p style=\"text-align: justify;\">En este Mini Curso aprender\u00e1s a llevar el <strong>Control Total de tu Negocio<\/strong>,<strong>&nbsp;Empresa o Finanzas Personales, y muchos mas&#8230;<\/strong><\/p>\n<h2 style=\"text-align: center;\">Curso de Reportes Semanales<\/h2>\n<p><span style=\"width: 100%;\"><img decoding=\"async\" loading=\"lazy\" alt=\"\" width=\"333\" height=\"171\" title=\"Informes Diarios\" data-id=\"33383\" src=\"\/\/aplicaexcelcontable.com\/blog\/wp-content\/uploads\/2018\/02\/Informes-Diarios.png\" style=\"\"><\/span><\/p>\n<p style=\"text-align: justify;\">En este Mini Curso aprender\u00e1s a crear un <strong>Resumen de Reportes Diarios<\/strong>,<strong> Semanales o bien Mensual atreves de las Excel Formulas<\/strong>, y mucho mas&#8230;<\/p>\n<h2 style=\"text-align: center;\">Mini Curso de Formulas SI<\/h2>\n<p><span style=\"width: 100%;\"><img decoding=\"async\" loading=\"lazy\" alt=\"\" width=\"286\" height=\"156\" title=\"Fx si\" data-id=\"33368\" src=\"\/\/aplicaexcelcontable.com\/blog\/wp-content\/uploads\/2018\/02\/Fx-si.png\" style=\"\"><\/span><\/p>\n<p style=\"text-align: justify;\">En este Mini Curso aprender\u00e1s a <strong>Sumar filas y columnas Alternativas<\/strong>, conocer\u00e1s los pasos para <strong>Sumar filas y Columnas Alternativas <\/strong>y muchos mas&#8230;<\/p>\n<p><span style=\"width: 100%;\"><img decoding=\"async\" loading=\"lazy\" alt=\"\" width=\"149\" height=\"149\" title=\"Minicurso\" data-id=\"33243\" src=\"\/\/aplicaexcelcontable.com\/blog\/wp-content\/uploads\/2018\/02\/Minicurso.png\" style=\"\"><\/span><\/p>\n<h1 style=\"text-align: center;\">Mini Curso de Formato Condicional<\/h1>\n<p style=\"text-align: justify;\">En este Mini Curso podras aprender como <strong>Resaltar errores en Excel<\/strong>, <strong>Duplicados en Excel<\/strong>, como crear un <strong>Diagrama de Gantt<\/strong> y mucho mas..&nbsp;<\/p>\n<p style=\"text-align: justify;\">Que tal te pareci\u00f3 el contenido de esta pagina? Te gusto la aplicaci\u00f3n Control de Stock en excel? si te gusto, pulsa clic en el boton compartir e invita a ver esta pagina a tus amigos:<\/p>\n<p style=\"text-align: justify;\">Cualquier duda o pregunta, tan solo escr\u00edbenos en la secci\u00f3n de comentarios, tambi\u00e9n puedes escribirnos en la sala de <a href=\"https:\/\/www.facebook.com\/AplicaExceContable\/\" target=\"_blank\" rel=\"noopener\">chat<\/a>.<\/p>\n<p style=\"text-align: justify;\">Para finalizar puedes contactarnos de forma segura al correo electronico rogerperezb@gmail.com y con mucho gusto te atendermos.<\/p>\n<p style=\"text-align: justify;\">Saludos,<\/p>\n<p style=\"text-align: justify;\"><strong>Roger Perez &#8211; Aplica Excel Contable<\/strong><\/p>\n","protected":false},"excerpt":{"rendered":"<p>Ya Descargaste Tu Plantilla Control de Stock en Excel? Para Descargar la Plantilla Control de Stock en Excel, tan solo haz clic en el enlace que he dejado abajo, en la secci\u00f3n donde apunta la flecha verde: Te Gustar\u00eda Descargar Mas Plantillas Excel? Te Recomendamos que descargues tambi\u00e9n, la plantilla Excel Sistema Contable B\u00e1sico. Pulsa [&hellip;]<\/p>\n","protected":false},"author":1,"featured_media":0,"parent":0,"menu_order":0,"comment_status":"open","ping_status":"closed","template":"","meta":{"footnotes":""},"class_list":["post-36607","page","type-page","status-publish","hentry","post-wrapper","thrv_wrapper"],"_links":{"self":[{"href":"https:\/\/aplicaexcelcontable.com\/blog\/wp-json\/wp\/v2\/pages\/36607","targetHints":{"allow":["GET"]}}],"collection":[{"href":"https:\/\/aplicaexcelcontable.com\/blog\/wp-json\/wp\/v2\/pages"}],"about":[{"href":"https:\/\/aplicaexcelcontable.com\/blog\/wp-json\/wp\/v2\/types\/page"}],"author":[{"embeddable":true,"href":"https:\/\/aplicaexcelcontable.com\/blog\/wp-json\/wp\/v2\/users\/1"}],"replies":[{"embeddable":true,"href":"https:\/\/aplicaexcelcontable.com\/blog\/wp-json\/wp\/v2\/comments?post=36607"}],"version-history":[{"count":0,"href":"https:\/\/aplicaexcelcontable.com\/blog\/wp-json\/wp\/v2\/pages\/36607\/revisions"}],"wp:attachment":[{"href":"https:\/\/aplicaexcelcontable.com\/blog\/wp-json\/wp\/v2\/media?parent=36607"}],"curies":[{"name":"wp","href":"https:\/\/api.w.org\/{rel}","templated":true}]}}