{"id":36493,"date":"2018-07-22T15:59:31","date_gmt":"2018-07-22T21:59:31","guid":{"rendered":"https:\/\/aplicaexcelcontable.com\/blog\/?page_id=36493"},"modified":"2023-10-11T13:14:47","modified_gmt":"2023-10-11T19:14:47","slug":"video-resaltar-fines-de-semana-en-excel","status":"publish","type":"page","link":"https:\/\/aplicaexcelcontable.com\/blog\/video-resaltar-fines-de-semana-en-excel","title":{"rendered":"Video resaltar fines de semana en excel"},"content":{"rendered":"<h2 style=\"text-align: center;\">Video resaltar fines de semana en Excel<\/h2>\n<p style=\"text-align: justify;\">Estas listo para ver el video resaltar fines de semana en excel paso a paso?<\/p>\n<p><span style=\"width: 100%;\"><a href=\"https:\/\/aplicaexcelcontable.com\/blog\/wp-content\/uploads\/2018\/07\/Ejemplo-Resaltar-Fines-de-semana-en-excel.xlsx\"><img decoding=\"async\" loading=\"lazy\" alt=\"Sistema contable basico\" width=\"64\" height=\"64\" title=\"33290234771_090c549156_s.jpg\" src=\"\/\/farm3.staticflickr.com\/2818\/33290234771_090c549156_s.jpg\" style=\"\"><\/a><\/span><\/p>\n<h1><a href=\"https:\/\/aplicaexcelcontable.com\/blog\/wp-content\/uploads\/2018\/07\/Ejemplo-Resaltar-Fines-de-semana-en-excel.xlsx\"><span style=\"font-size: 19px;\">Haz clic aqu\u00ed para Descargar el Archivo<\/span> <\/a><\/h1>\n<p><strong>Pulsa clic en el enlace o bien en la imagen para descargar el formato de Practica.<\/strong><\/p>\n<h2 style=\"text-align: center;\">Que tal te pareci\u00f3 el video?<\/h2>\n<p style=\"text-align: justify;\">Si te gusto, te invito a que nos sigas en <span style=\"color: rgb(0, 23, 255);\"><strong>facebook<\/strong><\/span> y<span style=\"color: rgb(241, 17, 17);\"><strong> youtube<\/strong><\/span>, tan solo pulsa clic en el boton y s\u00edguenos:<\/p>\n<h1><strong>S\u00edguenos en:<\/strong><\/h1>\n<p><a href=\"https:\/\/www.facebook.com\/aplicaexcecontable\" target=\"_blank\" rel=\"noopener\"><\/a><a href=\"http:\/\/www.youtube.com\/user\/excelycontabilidad?sub_confirmation=1\" target=\"_blank\" rel=\"noopener\"><\/a><\/p>\n<h2 style=\"text-align: center;\">Como resaltar fines de semana en excel<\/h2>\n<p><span style=\"width: 100%;\"><a href=\"https:\/\/aplicaexcelcontable.com\/blog\/wp-content\/uploads\/2018\/07\/Resaltar-fines-de-semana.png\" rel=\"\"><img decoding=\"async\" loading=\"lazy\" alt=\"Video resaltar fines de semana\" width=\"349\" height=\"248\" title=\"Resaltar fines de semana\" data-id=\"36405\" src=\"\/\/aplicaexcelcontable.com\/blog\/wp-content\/uploads\/2018\/07\/Resaltar-fines-de-semana.png\" style=\"\"><\/a><\/span><\/p>\n<p style=\"text-align: justify;\">En este apartado, te voy a compartir el video resaltar fines de semana en excel, es muy importante este video para todos los que trabajan en la elaboraci\u00f3n de planes de proyecto.<\/p>\n<p style=\"text-align: justify;\">Para comenzar hoy voy a compartirte los siguientes 6 consejos de como utilizar los formatos de fecha en formulas y formato condicional.<\/p>\n<p style=\"text-align: justify;\">Para ver el video, pulsa clic en el bot\u00f3n:<\/p>\n<h2><strong>Gu\u00edas<\/strong><\/h2>\n<h2><strong>E<\/strong><\/h2>\n<h2 style=\"text-align: center;\"><strong>Te ofrecemos Mini Cursos de Excel<\/strong><strong><\/strong><\/h2>\n<h2 style=\"text-align: center;\">Mini Curso de Contabilidad Basica<\/h2>\n<p><span style=\"width: 100%;\"><img decoding=\"async\" loading=\"lazy\" alt=\"\" width=\"275\" height=\"183\" title=\"Curso de Contabilidad\" data-id=\"33374\" src=\"\/\/aplicaexcelcontable.com\/blog\/wp-content\/uploads\/2018\/02\/Curso-de-Contabilidad.jpg\" style=\"\"><\/span><\/p>\n<p style=\"text-align: justify;\">En este Mini Curso aprender\u00e1s a llevar el <strong>Control Total de tu Negocio<\/strong>,<strong>&nbsp;Empresa o Finanzas Personales, y muchos mas&#8230;<\/strong><\/p>\n<h2 style=\"text-align: center;\">Dise\u00f1a tu Plantilla CXC<\/h2>\n<p><span style=\"width: 100%;\"><img decoding=\"async\" loading=\"lazy\" alt=\"\" width=\"630\" height=\"298\" title=\"Cuentas por Cobrar en Excel\" data-id=\"33410\" src=\"\/\/aplicaexcelcontable.com\/blog\/wp-content\/uploads\/2018\/02\/Cuentas-por-Cobrar-en-Excel-1.png\" style=\"\"><\/span><\/p>\n<p style=\"text-align: justify;\">En este Mini Curso podras aprender como <strong>Crear tu Plantilla Cuentas por Cobrar en Excel<\/strong>, encontraras <strong>16 videos pasos a paso<\/strong> y muchos mas&#8230;<\/p>\n<p style=\"text-align: justify;\">Por lo tanto, Si te gusto el contenido de hoy, te invito a que lo compartas con tus amigos en facebook, twiter o bien por correo electr\u00f3nico.<\/p>\n<p style=\"text-align: justify;\">Para finalizar, si tienes dudas o preguntas, <a href=\"https:\/\/www.facebook.com\/AplicaExceContable\/\" target=\"_blank\" rel=\"noopener\">no olvides <\/a>en escribirnos en la secci\u00f3n de comentarios o bien escr\u00edbenos en el chat o a mi correo electr\u00f3nico rogerperezb@gmail.com.<\/p>\n<p style=\"text-align: justify;\">Saludos,<\/p>\n<p style=\"text-align: justify;\"><strong>Roger Perez &#8211; Aplica Excel contable <\/strong><\/p>\n","protected":false},"excerpt":{"rendered":"<p>Video resaltar fines de semana en Excel Estas listo para ver el video resaltar fines de semana en excel paso a paso? Haz clic aqu\u00ed para Descargar el Archivo Pulsa clic en el enlace o bien en la imagen para descargar el formato de Practica. Que tal te pareci\u00f3 el video? Si te gusto, te [&hellip;]<\/p>\n","protected":false},"author":1,"featured_media":36538,"parent":0,"menu_order":0,"comment_status":"closed","ping_status":"closed","template":"","meta":{"footnotes":""},"class_list":["post-36493","page","type-page","status-publish","has-post-thumbnail","hentry","post-wrapper","thrv_wrapper"],"_links":{"self":[{"href":"https:\/\/aplicaexcelcontable.com\/blog\/wp-json\/wp\/v2\/pages\/36493","targetHints":{"allow":["GET"]}}],"collection":[{"href":"https:\/\/aplicaexcelcontable.com\/blog\/wp-json\/wp\/v2\/pages"}],"about":[{"href":"https:\/\/aplicaexcelcontable.com\/blog\/wp-json\/wp\/v2\/types\/page"}],"author":[{"embeddable":true,"href":"https:\/\/aplicaexcelcontable.com\/blog\/wp-json\/wp\/v2\/users\/1"}],"replies":[{"embeddable":true,"href":"https:\/\/aplicaexcelcontable.com\/blog\/wp-json\/wp\/v2\/comments?post=36493"}],"version-history":[{"count":0,"href":"https:\/\/aplicaexcelcontable.com\/blog\/wp-json\/wp\/v2\/pages\/36493\/revisions"}],"wp:featuredmedia":[{"embeddable":true,"href":"https:\/\/aplicaexcelcontable.com\/blog\/wp-json\/wp\/v2\/media\/36538"}],"wp:attachment":[{"href":"https:\/\/aplicaexcelcontable.com\/blog\/wp-json\/wp\/v2\/media?parent=36493"}],"curies":[{"name":"wp","href":"https:\/\/api.w.org\/{rel}","templated":true}]}}