{"id":36476,"date":"2018-07-22T09:51:29","date_gmt":"2018-07-22T15:51:29","guid":{"rendered":"https:\/\/aplicaexcelcontable.com\/blog\/?page_id=36476"},"modified":"2020-05-31T09:30:10","modified_gmt":"2020-05-31T15:30:10","slug":"video-valores-de-fecha-en-las-formulas","status":"publish","type":"page","link":"https:\/\/aplicaexcelcontable.com\/blog\/video-valores-de-fecha-en-las-formulas","title":{"rendered":"Video valores de fecha en las Formulas"},"content":{"rendered":"<h2 style=\"text-align: center;\">Video valores de fecha en las formulas Excel<\/h2>\n<p style=\"text-align: justify;\">Estas listo para ver el video valores de fecha en las formulas excel paso a paso?<\/p>\n<p><span style=\"width: 100%;\"><a href=\"https:\/\/aplicaexcelcontable.com\/blog\/wp-content\/uploads\/2018\/07\/Ejemplo-de-valores-de-fecha-en-formulas.xlsx\"><img loading=\"lazy\" decoding=\"async\" alt=\"Sistema contable basico\" width=\"64\" height=\"64\" title=\"33290234771_090c549156_s.jpg\" src=\"\/\/farm3.staticflickr.com\/2818\/33290234771_090c549156_s.jpg\" style=\"\"><\/a><\/span><\/p>\n<h1>\u200b<a href=\"https:\/\/aplicaexcelcontable.com\/blog\/wp-content\/uploads\/2018\/07\/Ejemplo-de-valores-de-fecha-en-formulas.xlsx\"><span style=\"font-size: 19px;\">Haz clic aqu\u00ed para Descargar el Archivo<\/span> <\/a><\/h1>\n<p><strong>Pulsa clic en el enlace o bien en la imagen para descargar el formato de Practica.<\/strong><\/p>\n<h2 style=\"text-align: center;\">Que tal te pareci\u00f3 el video?<\/h2>\n<p style=\"text-align: justify;\">Si te gusto, te invito a que nos sigas en <span style=\"color: rgb(0, 23, 255);\"><strong>facebook<\/strong><\/span> y<span style=\"color: rgb(241, 17, 17);\"><strong> youtube<\/strong><\/span>, tan solo pulsa en el boton y s\u00edguenos:<\/p>\n<h1><strong>S\u00edguenos en:<\/strong><\/h1>\n<p><a href=\"https:\/\/www.facebook.com\/aplicaexcecontable\" target=\"_blank\" rel=\"noopener noreferrer\"><\/a><a href=\"http:\/\/www.youtube.com\/user\/excelycontabilidad?sub_confirmation=1\" target=\"_blank\" rel=\"noopener noreferrer\"><\/a><\/p>\n<h2 style=\"text-align: center;\">Como utilizar los valores de fecha en las formulas excel<\/h2>\n<p><span style=\"width: 100%;\"><a href=\"https:\/\/aplicaexcelcontable.com\/blog\/wp-content\/uploads\/2018\/07\/Valores-de-Fecha-en-Formulas-excel.png\" rel=\"\"><img loading=\"lazy\" decoding=\"async\" alt=\"Video Valores de fecha\" width=\"463\" height=\"255\" title=\"Valores de Fecha en Formulas excel\" data-id=\"36364\" src=\"\/\/aplicaexcelcontable.com\/blog\/wp-content\/uploads\/2018\/07\/Valores-de-Fecha-en-Formulas-excel.png\" style=\"\"><\/a><\/span><\/p>\n<p style=\"text-align: justify;\">En este apartado, te voy a compartir el video valores de fecha en excel, para que puedas determinar el provecho que puedes sacarle a estos c\u00f3digos que traen cada fecha.<\/p>\n<p style=\"text-align: justify;\">Para comenzar hoy voy a compartirte los primeros 4 consejos de como utilizar los valores de fecha en las formulas de excel.<\/p>\n<p style=\"text-align: justify;\">Para ver el video, pulsa clic en el bot\u00f3n:<\/p>\n<h2 style=\"text-align: center;\"><strong>Mira los siguientes 6 Consejos:<\/strong><\/h2>\n<h2 style=\"text-align: center;\"><strong>Lo que podr\u00e1s&nbsp;ver:<\/strong><\/h2>\n<ul>\n<li><span>Extreaer el Dia de Semana apartir de una fecha.<\/span><\/li>\n<li><span>Resaltar fines de semana con FC.<\/span><\/li>\n<li><span>Como sumar y restar Fechas<\/span><\/li>\n<li><span>Ingresar una Fecha valida en una Celda<\/span><\/li>\n<li><span>Obtener la Fecha y hora Actual con Atajos<\/span><\/li>\n<\/ul>\n<h2 style=\"text-align: center;\"><strong>Te ofrecemos Mini Cursos de Excel<\/strong><strong>\u200b<\/strong><\/h2>\n<h2 style=\"text-align: center;\">Dise\u00f1a tu Sistema de Facturacion<\/h2>\n<p><span style=\"width: 100%;\"><img loading=\"lazy\" decoding=\"async\" alt=\"\" width=\"292\" height=\"172\" title=\"Sistema de Facturacion\" data-id=\"33397\" src=\"\/\/aplicaexcelcontable.com\/blog\/wp-content\/uploads\/2018\/02\/Sistema-de-Facturacion.jpg\" style=\"\"><\/span><\/p>\n<p style=\"text-align: justify;\">En este Mini Curso aprender\u00e1s a como crear <strong>Tu Sistema de Facturacion en Excel<\/strong>, y mucho mas&#8230;<\/p>\n<h2 style=\"text-align: center;\">Mini Curso de Formulas SI<\/h2>\n<p><span style=\"width: 100%;\"><img loading=\"lazy\" decoding=\"async\" alt=\"\" width=\"286\" height=\"156\" title=\"Fx si\" data-id=\"33368\" src=\"\/\/aplicaexcelcontable.com\/blog\/wp-content\/uploads\/2018\/02\/Fx-si.png\" style=\"\"><\/span><\/p>\n<p style=\"text-align: justify;\">En este Mini Curso aprender\u00e1s a <strong>Sumar filas y columnas Alternativas<\/strong>, conocer\u00e1s los pasos para <strong>Sumar filas y Columnas Alternativas <\/strong>y muchos mas&#8230;<\/p>\n<p style=\"text-align: justify;\">Por lo tanto, Si te gusto el contenido de hoy, te invito a que lo compartas con tus amigos en facebook, twiter o bien por correo electr\u00f3nico.<\/p>\n<p style=\"text-align: justify;\">Para finalizar, si tienes dudas o preguntas, <a href=\"https:\/\/www.facebook.com\/AplicaExceContable\/\" target=\"_blank\" rel=\"noopener noreferrer\">no olvides <\/a>en escribirnos en la secci\u00f3n de comentarios o bien escr\u00edbenos en el chat o a mi correo electr\u00f3nico rogerperezb@gmail.com.<\/p>\n<p style=\"text-align: justify;\">Saludos,<\/p>\n<p style=\"text-align: justify;\"><strong>Roger Perez &#8211; Aplica Excel contable <\/strong><\/p>\n","protected":false},"excerpt":{"rendered":"<p>Video valores de fecha en las formulas Excel Estas listo para ver el video valores de fecha en las formulas excel paso a paso? \u200bHaz clic aqu\u00ed para Descargar el Archivo Pulsa clic en el enlace o bien en la imagen para descargar el formato de Practica. Que tal te pareci\u00f3 el video? Si te [&hellip;]<\/p>\n","protected":false},"author":1,"featured_media":0,"parent":0,"menu_order":0,"comment_status":"closed","ping_status":"closed","template":"","meta":{"footnotes":""},"class_list":["post-36476","page","type-page","status-publish","hentry","post-wrapper","thrv_wrapper"],"_links":{"self":[{"href":"https:\/\/aplicaexcelcontable.com\/blog\/wp-json\/wp\/v2\/pages\/36476","targetHints":{"allow":["GET"]}}],"collection":[{"href":"https:\/\/aplicaexcelcontable.com\/blog\/wp-json\/wp\/v2\/pages"}],"about":[{"href":"https:\/\/aplicaexcelcontable.com\/blog\/wp-json\/wp\/v2\/types\/page"}],"author":[{"embeddable":true,"href":"https:\/\/aplicaexcelcontable.com\/blog\/wp-json\/wp\/v2\/users\/1"}],"replies":[{"embeddable":true,"href":"https:\/\/aplicaexcelcontable.com\/blog\/wp-json\/wp\/v2\/comments?post=36476"}],"version-history":[{"count":0,"href":"https:\/\/aplicaexcelcontable.com\/blog\/wp-json\/wp\/v2\/pages\/36476\/revisions"}],"wp:attachment":[{"href":"https:\/\/aplicaexcelcontable.com\/blog\/wp-json\/wp\/v2\/media?parent=36476"}],"curies":[{"name":"wp","href":"https:\/\/api.w.org\/{rel}","templated":true}]}}