{"id":36271,"date":"2018-06-29T14:33:03","date_gmt":"2018-06-29T20:33:03","guid":{"rendered":"https:\/\/aplicaexcelcontable.com\/blog\/?page_id=36271"},"modified":"2025-01-31T10:47:52","modified_gmt":"2025-01-31T16:47:52","slug":"plantillas-gratis","status":"publish","type":"page","link":"https:\/\/aplicaexcelcontable.com\/blog\/plantillas\/plantillas-gratis","title":{"rendered":"Plantillas Gratis"},"content":{"rendered":"<h1 style=\"text-align: center;\">Plantillas Gratis en Excel<\/h1>\n<p style=\"text-align: justify;\">Estas listo para descargar las Plantillas Gratis en<a href=\"https:\/\/www.facebook.com\/AplicaExceContable\/\" style=\"outline: none;\" target=\"_blank\" rel=\"noopener\"> Excel,<\/a> dentro de esta pagina encontraras una lista de 16 Plantillas en Excel:<\/p>\n<h2 style=\"text-align: center;\">Sistema Contable B\u00e1sico en excel<\/h2>\n<p><span><img decoding=\"async\" alt=\"Plantillas Gratis\" data-id=\"54892\" width=\"246\" data-init-width=\"627\" height=\"117\" data-init-height=\"299\" title=\"Sistema Contable Basico\" src=\"https:\/\/aplicaexcelcontable.com\/blog\/wp-content\/uploads\/2023\/10\/Sistema-Contable-Basico.png\" data-width=\"246\" data-height=\"117\" style=\"aspect-ratio: auto 627 \/ 299;\" data-link-wrap=\"true\" loading=\"lazy\"><\/span><\/p>\n<ul>\n<li style=\"\"><span>3 Polizas o Comprabantes.<\/span><\/li>\n<li style=\"\"><span>Libro Diario, Libro mayor.<\/span><\/li>\n<li style=\"\"><span>Balance de Comprobacion.<\/span><\/li>\n<\/ul>\n<h2 style=\"text-align: center;\">Plantilla Cuentas x Cobrar Basico<\/h2>\n<p><span><img decoding=\"async\" alt=\"Plantillas Gratis\" data-id=\"33599\" width=\"229\" data-init-width=\"630\" height=\"108\" data-init-height=\"298\" title=\"Control de Cuentas por Cobrar en Excel\" src=\"https:\/\/aplicaexcelcontable.com\/blog\/wp-content\/uploads\/2018\/02\/Control-de-Cuentas-por-Cobrar-en-Excel.png\" data-width=\"229\" data-height=\"108\" style=\"aspect-ratio: auto 630 \/ 298;\" data-link-wrap=\"true\" loading=\"lazy\"><\/span><\/p>\n<ul>\n<li style=\"\"><span>Hoja de Seguimientos.<\/span><\/li>\n<li style=\"\"><span>Hoja de clientes y Articulos.<\/span><\/li>\n<li style=\"\"><span>Resumen de Informes.<\/span><\/li>\n<\/ul>\n<h2 style=\"text-align: center;\">Sistema de Facturacion e Inventario<\/h2>\n<p><span><img decoding=\"async\" alt=\"Plantillas Gratis\" data-id=\"39910\" width=\"226\" data-init-width=\"630\" height=\"96\" data-init-height=\"268\" title=\"Sistema de Facturacion e Inventario Basico\" src=\"https:\/\/aplicaexcelcontable.com\/blog\/wp-content\/uploads\/2018\/12\/Sistema-de-Facturacion-e-Inventario-Basico.png\" data-width=\"226\" data-height=\"96\" style=\"aspect-ratio: auto 630 \/ 268;\" data-link-wrap=\"true\" loading=\"lazy\"><\/span><\/p>\n<ul>\n<li style=\"\"><span>Formulas de Compra y venta.<\/span><\/li>\n<li style=\"\"><span>Reportes de Inventario.<\/span><\/li>\n<li style=\"\"><span>Configuracion de Parametros.<\/span><\/li>\n<\/ul>\n<h2 style=\"text-align: center;\">Plantilla Libro Mayor en Excel<\/h2>\n<p><span><img decoding=\"async\" alt=\"Plantillas Gratis\" data-id=\"46529\" width=\"246\" data-init-width=\"258\" height=\"176\" data-init-height=\"185\" title=\"Botones del Libro Mayor\" src=\"https:\/\/aplicaexcelcontable.com\/blog\/wp-content\/uploads\/2021\/02\/Botones-del-Libro-Mayor.png\" data-width=\"246\" data-height=\"176\" style=\"aspect-ratio: auto 258 \/ 185;\" data-link-wrap=\"true\" loading=\"lazy\"><\/span><\/p>\n<ul>\n<li style=\"\"><span>Hoja Libro Diario.<\/span><\/li>\n<li style=\"\"><span>Hoja Libro Mayor.<\/span><\/li>\n<li style=\"\"><span>Mayorizacion con un clic.<\/span><\/li>\n<\/ul>\n<h2 style=\"text-align: center;\">Plantilla Libro Diario en Excel<\/h2>\n<p><span><img decoding=\"async\" alt=\"Plantillas Gratis\" data-id=\"46145\" width=\"200\" data-init-width=\"591\" height=\"93\" data-init-height=\"276\" title=\"Libro Diario en Excel\" src=\"https:\/\/aplicaexcelcontable.com\/blog\/wp-content\/uploads\/2020\/07\/Libro-Diario-en-Excel.png\" data-width=\"200\" data-height=\"93\" style=\"aspect-ratio: auto 591 \/ 276;\" data-link-wrap=\"true\" loading=\"lazy\"><\/span><\/p>\n<ul>\n<li style=\"\"><span>Boton Para Libro el Libro Diario.<\/span><\/li>\n<li style=\"\"><span>Podras registrar todas tus partidas contables.<\/span><\/li>\n<li style=\"\"><span>Contiene un resumen de cuentas.<\/span><\/li>\n<\/ul>\n<h2 style=\"text-align: center;\">Plantilla Control de Stock Basico<\/h2>\n<p><span><img decoding=\"async\" alt=\"Plantillas Gratis\" data-id=\"37233\" width=\"238\" data-init-width=\"630\" height=\"111\" data-init-height=\"294\" title=\"Control de Stock 630x294 (1)\" src=\"https:\/\/aplicaexcelcontable.com\/blog\/wp-content\/uploads\/2018\/09\/Control-de-Stock-630x294-1.png\" data-width=\"238\" data-height=\"111\" style=\"aspect-ratio: auto 630 \/ 294;\" data-link-wrap=\"true\" loading=\"lazy\"><\/span><\/p>\n<ul>\n<li style=\"\"><span>Listado de Productos.<\/span><\/li>\n<li style=\"\"><span>Listado de Clientes y Proveedores.<\/span><\/li>\n<li style=\"\"><span>Stock mas Ingresos y Egresos.<\/span><\/li>\n<\/ul>\n<h2 style=\"text-align: center; color: rgb(0, 9, 10) !important; --tcb-applied-color: rgb(0, 9, 10) !important;\">Plantillas Gratis de Ingresos y Egresos<\/h2>\n<p><span><img decoding=\"async\" alt=\"Plantillas Gratis\" data-id=\"46145\" width=\"200\" data-init-width=\"300\" height=\"93\" data-init-height=\"139\" title=\"Libro Diario en Excel\" src=\"https:\/\/aplicaexcelcontable.com\/blog\/wp-content\/uploads\/2013\/11\/Ingresos-y-Gastos1-300x139.png.webp\" data-width=\"200\" data-height=\"93\" style=\"aspect-ratio: auto 300 \/ 139;\" data-link-wrap=\"true\" loading=\"lazy\"><\/span><\/p>\n<ul>\n<li style=\"\"><span>Formulas para cargar Datos.<\/span><\/li>\n<li style=\"\"><span>Hoja de An\u00e1lisis.<\/span><\/li>\n<li style=\"\"><span>Grafico de Ingresos y Gastos.<\/span><\/li>\n<\/ul>\n<h2 style=\"text-align: center;\">Plantilla Planes de Cuota<\/h2>\n<p><span><img decoding=\"async\" alt=\"Plantillas Gratis\" data-id=\"37233\" width=\"238\" data-init-width=\"300\" height=\"137\" data-init-height=\"173\" title=\"Control de Stock 630x294 (1)\" src=\"https:\/\/aplicaexcelcontable.com\/blog\/wp-content\/uploads\/2013\/11\/Planes-de-Cuota1-300x173.png.webp\" data-width=\"238\" data-height=\"137\" style=\"aspect-ratio: auto 300 \/ 173;\" data-link-wrap=\"true\" loading=\"lazy\"><\/span><\/p>\n<ul>\n<li style=\"\"><span>Hoja de Planes de Cuota.<\/span><\/li>\n<li style=\"\"><span>Hoja de Feriados.<\/span><\/li>\n<li style=\"\"><span>Hoja Resumen.<\/span><\/li>\n<\/ul>\n<h2 style=\"text-align: center; color: rgb(0, 9, 10) !important; --tcb-applied-color: rgb(0, 9, 10) !important;\">Plantillas Gratis de Listado de Cobranza<\/h2>\n<p><span><img decoding=\"async\" alt=\"Plantillas Gratis\" data-id=\"46145\" width=\"200\" data-init-width=\"300\" height=\"113\" data-init-height=\"170\" title=\"Libro Diario en Excel\" src=\"https:\/\/aplicaexcelcontable.com\/blog\/wp-content\/uploads\/2013\/11\/Listado-de-Cobranza1-300x170.png.webp\" data-width=\"200\" data-height=\"113\" style=\"aspect-ratio: auto 300 \/ 170;\" data-link-wrap=\"true\" loading=\"lazy\"><\/span><\/p>\n<ul>\n<li style=\"\"><span>Hoja Base.<\/span><\/li>\n<li style=\"\"><span>Hoja Listado de Cobranza.<\/span><\/li>\n<li style=\"\"><span>Hoja Importante.<\/span><\/li>\n<\/ul>\n<h2 style=\"text-align: center;\">Plantilla Ordenes de Pedido<\/h2>\n<p><span><img decoding=\"async\" alt=\"Plantillas Gratis\" data-id=\"37233\" width=\"218\" data-init-width=\"300\" height=\"110\" data-init-height=\"152\" title=\"Control de Stock 630x294 (1)\" src=\"https:\/\/aplicaexcelcontable.com\/blog\/wp-content\/uploads\/2013\/11\/Ordenes-de-Pedido1-300x152.png.webp\" data-width=\"218\" data-height=\"110\" style=\"aspect-ratio: auto 300 \/ 152;\" data-link-wrap=\"true\" loading=\"lazy\"><\/span><\/p>\n<ul>\n<li style=\"\"><span>Materias Primas y Proveedores.<\/span><\/li>\n<li style=\"\"><span>Pedidos a Emitirse.<\/span><\/li>\n<li style=\"\"><span>Detalles de Materia Prima.<\/span><\/li>\n<\/ul>\n<h2 style=\"text-align: center; color: rgb(246, 249, 250) !important; --tcb-applied-color: rgb(246, 249, 250) !important;\">Plantillas Gratis de Asignaci\u00f3n de Costos<\/h2>\n<p><span><img decoding=\"async\" alt=\"Plantillas Gratis\" data-id=\"46145\" width=\"200\" data-init-width=\"300\" height=\"128\" data-init-height=\"192\" title=\"Libro Diario en Excel\" src=\"https:\/\/aplicaexcelcontable.com\/blog\/wp-content\/uploads\/2013\/11\/Asignacion-de-Costos1-300x192.png.webp\" data-width=\"200\" data-height=\"128\" style=\"aspect-ratio: auto 300 \/ 192;\" data-link-wrap=\"true\" loading=\"lazy\"><\/span><\/p>\n<ul>\n<li style=\"\"><span>Formulario Ingreso de datos.<\/span><\/li>\n<li style=\"\"><span>Centro de Costos.<\/span><\/li>\n<li style=\"\"><span>Informe de Costo.<\/span><\/li>\n<\/ul>\n<h2 style=\"text-align: center;\">Plantilla Administrador de Valores<\/h2>\n<p><span><img decoding=\"async\" alt=\"Plantillas Gratis\" data-id=\"37233\" width=\"218\" data-init-width=\"300\" height=\"153\" data-init-height=\"211\" title=\"Control de Stock 630x294 (1)\" src=\"https:\/\/aplicaexcelcontable.com\/blog\/wp-content\/uploads\/2013\/11\/Administrador-de-Valores1-300x211.png.webp\" data-width=\"218\" data-height=\"153\" style=\"aspect-ratio: auto 300 \/ 211;\" data-link-wrap=\"true\" loading=\"lazy\"><\/span><\/p>\n<ul>\n<li style=\"\"><span>Opci\u00f3n para Listado.<\/span><\/li>\n<li style=\"\"><span>Datos de Valores.<\/span><\/li>\n<li style=\"\"><span>Informe de Valores.<\/span><\/li>\n<\/ul>\n<h2 style=\"text-align: center; color: rgb(0, 9, 12) !important; --tcb-applied-color: rgb(0, 9, 12) !important;\">Plantilla Caja con Cuentas<\/h2>\n<p><span><img decoding=\"async\" alt=\"\" data-id=\"46145\" width=\"200\" data-init-width=\"300\" height=\"120\" data-init-height=\"180\" title=\"Libro Diario en Excel\" src=\"https:\/\/aplicaexcelcontable.com\/blog\/wp-content\/uploads\/2013\/11\/Caja-con-Cuentas1-300x180.png.webp\" data-width=\"200\" data-height=\"120\" style=\"aspect-ratio: auto 300 \/ 180;\" data-link-wrap=\"true\" loading=\"lazy\" data-><\/span><\/p>\n<ul>\n<li style=\"\"><span>Opci\u00f3n para Listado.<\/span><\/li>\n<li style=\"\"><span>Hoja de Movimientos.<\/span><\/li>\n<li style=\"\"><span>Informe de Res\u00famenes.<\/span><\/li>\n<\/ul>\n<h2 style=\"text-align: center;\">Plantilla Caja Diaria<\/h2>\n<p><span><img decoding=\"async\" alt=\"Plantillas Gratis\" data-id=\"37233\" width=\"218\" data-init-width=\"150\" height=\"129\" data-init-height=\"89\" title=\"Control de Stock 630x294 (1)\" src=\"https:\/\/aplicaexcelcontable.com\/blog\/wp-content\/uploads\/2018\/02\/Caja-Diaria-150x89.png.webp\" data-width=\"218\" data-height=\"129\" style=\"aspect-ratio: auto 150 \/ 89;\" data-link-wrap=\"true\" loading=\"lazy\"><\/span><\/p>\n<ul>\n<li style=\"\"><span>Hoja Importante.<\/span><\/li>\n<li><span>Hoja de Caja Diaria.<\/span><\/li>\n<li style=\"\"><span>Informes Diario.<\/span><\/li>\n<\/ul>\n<h2 style=\"text-align: center; color: rgb(0, 9, 12) !important; --tcb-applied-color: rgb(0, 9, 12) !important;\">Plantilla Equivalentes Monetarios<\/h2>\n<p><span><img decoding=\"async\" alt=\"Plantillas Gratis\" data-id=\"46145\" width=\"200\" data-init-width=\"285\" height=\"123\" data-init-height=\"175\" title=\"Libro Diario en Excel\" src=\"https:\/\/aplicaexcelcontable.com\/blog\/wp-content\/uploads\/2013\/11\/Equivalentes-Monetarias-285x175.png.webp\" data-width=\"200\" data-height=\"123\" style=\"aspect-ratio: auto 285 \/ 175;\" data-link-wrap=\"true\" loading=\"lazy\"><\/span><\/p>\n<ul>\n<li style=\"\"><span>Hoja de Datos.<\/span><\/li>\n<li style=\"\"><span>An\u00e1lisis de Variaci\u00f3n.<\/span><\/li>\n<li style=\"\"><span>Tabla de Conversi\u00f3n.<\/span><\/li>\n<\/ul>\n<h2 style=\"text-align: center;\">Plantilla Forma de Pago<\/h2>\n<p><span><img decoding=\"async\" alt=\"Plantillas Gratis\" data-id=\"37233\" width=\"218\" data-init-width=\"300\" height=\"125\" data-init-height=\"172\" title=\"Control de Stock 630x294 (1)\" src=\"https:\/\/aplicaexcelcontable.com\/blog\/wp-content\/uploads\/2013\/11\/Forma-de-Pago1-300x172.png.webp\" data-width=\"218\" data-height=\"125\" style=\"aspect-ratio: auto 300 \/ 172;\" data-link-wrap=\"true\" loading=\"lazy\"><\/span><\/p>\n<ul>\n<li style=\"\"><span>Hoja de Datos.<\/span><\/li>\n<li><span>Hoja de Feriados.<\/span><\/li>\n<li style=\"\"><span>Impresi\u00f3n 1 y 2.<\/span><\/li>\n<\/ul>\n<p style=\"text-align: justify;\">\u00bfQue tal te pareci\u00f3 las Plantillas gratis que descargaste? Te gusto? Si te gusto, tan solo comp\u00e1rtelo con tus amigos de Facebook, pulsando clic en el bot\u00f3n Compartir:<\/p>\n<p style=\"text-align: justify;\">Ya visitaste nuestra pagina de Facebook, ya viste nuestro canal de Youtube, pues ahora puedes seguirnos f\u00e1cilmente:<\/p>\n<h1><strong>S\u00edguenos en:<\/strong><\/h1>\n<p><a href=\"https:\/\/www.facebook.com\/aplicaexcecontable\" target=\"_blank\" rel=\"  noopener\"><\/a><a href=\"http:\/\/www.youtube.com\/user\/excelycontabilidad?sub_confirmation=1\" target=\"_blank\" rel=\"  noopener\"><\/a><\/p>\n<p style=\"\">Cualquier duda o pregunta, puedes escribirme directamente en la<span style=\"--tcb-text-highlight-color: rgb(237, 243, 13) !important;\"><\/span> <a href=\"https:\/\/aplicaexcelcontable.com\/blog\/contacto\" target=\"_blank\" style=\"outline: none;\"><span style=\"--tcb-text-highlight-color: rgb(231, 100, 224) !important;\" data-text-highlight=\"bubble\">pagina del chat<\/span><\/a>, directamente en <span style=\"--tcb-text-highlight-color: rgb(30, 184, 76) !important;\">whatsapp<\/span> o bien al correo electr\u00f3nico rogerperez@aplicaexcelcontable.com.<\/p>\n<p style=\"\">Te saluda,<\/p>\n<p style=\"\"><strong>Roger P\u00e9rez \u2013 Aplica Excel Contable<\/strong><\/p>\n","protected":false},"excerpt":{"rendered":"<p>Plantillas Gratis en Excel Estas listo para descargar las Plantillas Gratis en Excel, dentro de esta pagina encontraras una lista de 16 Plantillas en Excel: Sistema Contable B\u00e1sico en excel 3 Polizas o Comprabantes. Libro Diario, Libro mayor. Balance de Comprobacion. Plantilla Cuentas x Cobrar Basico Hoja de Seguimientos. Hoja de clientes y Articulos. Resumen [&hellip;]<\/p>\n","protected":false},"author":1,"featured_media":61420,"parent":3349,"menu_order":0,"comment_status":"closed","ping_status":"closed","template":"","meta":{"footnotes":""},"class_list":["post-36271","page","type-page","status-publish","has-post-thumbnail","hentry","post-wrapper","thrv_wrapper"],"_links":{"self":[{"href":"https:\/\/aplicaexcelcontable.com\/blog\/wp-json\/wp\/v2\/pages\/36271","targetHints":{"allow":["GET"]}}],"collection":[{"href":"https:\/\/aplicaexcelcontable.com\/blog\/wp-json\/wp\/v2\/pages"}],"about":[{"href":"https:\/\/aplicaexcelcontable.com\/blog\/wp-json\/wp\/v2\/types\/page"}],"author":[{"embeddable":true,"href":"https:\/\/aplicaexcelcontable.com\/blog\/wp-json\/wp\/v2\/users\/1"}],"replies":[{"embeddable":true,"href":"https:\/\/aplicaexcelcontable.com\/blog\/wp-json\/wp\/v2\/comments?post=36271"}],"version-history":[{"count":0,"href":"https:\/\/aplicaexcelcontable.com\/blog\/wp-json\/wp\/v2\/pages\/36271\/revisions"}],"up":[{"embeddable":true,"href":"https:\/\/aplicaexcelcontable.com\/blog\/wp-json\/wp\/v2\/pages\/3349"}],"wp:featuredmedia":[{"embeddable":true,"href":"https:\/\/aplicaexcelcontable.com\/blog\/wp-json\/wp\/v2\/media\/61420"}],"wp:attachment":[{"href":"https:\/\/aplicaexcelcontable.com\/blog\/wp-json\/wp\/v2\/media?parent=36271"}],"curies":[{"name":"wp","href":"https:\/\/api.w.org\/{rel}","templated":true}]}}