{"id":36231,"date":"2015-01-02T10:05:30","date_gmt":"2015-01-02T16:05:30","guid":{"rendered":"https:\/\/aplicaexcelcontable.com\/blog\/?page_id=36231"},"modified":"2025-09-29T21:23:15","modified_gmt":"2025-09-30T03:23:15","slug":"calendario-y-agenda-diaria-2015-en-excel","status":"publish","type":"page","link":"https:\/\/aplicaexcelcontable.com\/blog\/calendario-y-agenda-diaria-2015-en-excel","title":{"rendered":"Calendario y Agenda diaria 2015 en Excel"},"content":{"rendered":"<p><span style=\"width: 100%;\"><a href=\"https:\/\/aplicaexcelcontable.com\/blog\/wp-content\/uploads\/2017\/12\/LogoaecZA.png\" rel=\"\"><img decoding=\"async\" alt=\"\" width=\"185\" height=\"37\" title=\"LogoaecZA\" data-id=\"27442\" src=\"\/\/aplicaexcelcontable.com\/blog\/wp-content\/uploads\/2017\/12\/LogoaecZA.png\" style=\"aspect-ratio: auto 250 \/ 50;\" data-width=\"185\" data-height=\"37\" data-init-width=\"250\" data-init-height=\"50\" loading=\"lazy\" data-><\/a><\/span><\/p>\n<h1 style=\"text-align: center;\">Calendario y Agenda Diaria 2015 en Excel<\/h1>\n<p style=\"\">Estas listo para descargar el Calendario y Agenda diaria 2015 en Excel?<\/p>\n<p style=\"\">Comenzamos el A\u00f1o 2015 y es hora de organizar todas tus actividades: Cumplea\u00f1os, vacaciones, Dias Festivos, Reuniones, llamadas y mucho mas.<\/p>\n<p style=\"\">Pero para eso necesitas tener un calendario a mano y tambi\u00e9n una agenda Diaria para anotar todos tu eventos (actividades). Hoy voy a compartirte una Plantilla Excel que contiene el Calendario 2015 y una Agenda Diaria, para que puedas organizar tus actividades.<\/p>\n<h2 style=\"text-align: center;\">Que contiene el Calendario y Agenda Diaria 2015 en Excel?<\/h2>\n<p>Este Calendario 2015 contiene:<\/p>\n<ul>\n<li><span>Calendario Completo con espacio para escribir Notas<\/span><\/li>\n<li><span>1 Mini Calendario<\/span><\/li>\n<li><span>Calendario Mensual ampliado<\/span><\/li>\n<\/ul>\n<p>La agenda Diaria 2015 contiene:<\/p>\n<ul>\n<li><span>Diario Planificador de Eventos y Rasteador<\/span><\/li>\n<li><span>Funciona con cualquier a\u00f1o, solo debes de cambiar el a\u00f1o en la Tabla<\/span><\/li>\n<\/ul>\n<h3 style=\"text-align: center;\">Descarga el Calendario y Agenda Diaria 2015 en Excel<\/h3>\n<p><span style=\"width: 100%;\"><img decoding=\"async\" alt=\"Calendario y Agenda Diaria 2015\" width=\"559\" height=\"330\" title=\"6d126a88dc0077dd504afbb3c43b194b.png\" src=\"\/\/s-media-cache-ak0.pinimg.com\/originals\/6d\/12\/6a\/6d126a88dc0077dd504afbb3c43b194b.png\" style=\"aspect-ratio: auto 562 \/ 332;\" loading=\"lazy\" data-width=\"559\" data-height=\"330\" data-init-width=\"562\" data-init-height=\"332\"><\/span><a href=\"https:\/\/aplicaexcelcontable.com\/blog\/wp-content\/uploads\/2015\/01\/Calendario-en-Excel-2015.rar\" rel=\"\" target=\"_blank\"><\/a><\/p>\n<h2><a href=\"https:\/\/aplicaexcelcontable.com\/blog\/wp-content\/uploads\/2015\/01\/Calendario-en-Excel-2015.rar\" target=\"_blank\" style=\"outline: none;\">Haz clic aqu\u00ed para descargar el Calendario y Agenda 2015 en Excel<\/a><\/h2>\n<p>Tan solo al pulsar clic, podr\u00e1s descargar la Plantilla que contiene el Calendario 2015 y la Agenda Diaria 2015 en Excel.<\/p>\n<p style=\"text-align: justify;\">Que tal te pareci\u00f3 el Calendario 2015? Te gusto? Si te gusto, tan solo comp\u00e1rtelo con tus amigos de facebook, pulsando clic en el bot\u00f3n Compartir:<\/p>\n<p style=\"text-align: justify;\">No olvides compartir este calendario con tus amigos de <a href=\"https:\/\/www.facebook.com\/AplicaExceContable\/\" style=\"outline: none;\" target=\"_blank\" rel=\"noopener\">facebook<\/a> o bien por correo electr\u00f3nico, solo le compartes el enlace y listo.<\/p>\n<p style=\"text-align: justify;\">Tambien te invito a que me dejes tu comentario al final de esta pagina con tus dudas o criticas constructivas.<\/p>\n<p style=\"text-align: justify;\">Para finalizar, no dudes en escribirnos en el chat o bien a rogerperezb@gmail.com, y con mucho gusto atenderemos tus preguntas.<\/p>\n<p style=\"text-align: justify;\">Te Saluda,<\/p>\n<p style=\"text-align: justify;\">R<strong>oger Perez &#8211; Aplica Excel Contable<\/strong><\/p>\n","protected":false},"excerpt":{"rendered":"<p>Calendario y Agenda Diaria 2015 en Excel Estas listo para descargar el Calendario y Agenda diaria 2015 en Excel? Comenzamos el A\u00f1o 2015 y es hora de organizar todas tus actividades: Cumplea\u00f1os, vacaciones, Dias Festivos, Reuniones, llamadas y mucho mas. Pero para eso necesitas tener un calendario a mano y tambi\u00e9n una agenda Diaria para [&hellip;]<\/p>\n","protected":false},"author":1,"featured_media":58551,"parent":0,"menu_order":0,"comment_status":"open","ping_status":"closed","template":"","meta":{"footnotes":""},"class_list":["post-36231","page","type-page","status-publish","has-post-thumbnail","hentry","post-wrapper","thrv_wrapper"],"_links":{"self":[{"href":"https:\/\/aplicaexcelcontable.com\/blog\/wp-json\/wp\/v2\/pages\/36231","targetHints":{"allow":["GET"]}}],"collection":[{"href":"https:\/\/aplicaexcelcontable.com\/blog\/wp-json\/wp\/v2\/pages"}],"about":[{"href":"https:\/\/aplicaexcelcontable.com\/blog\/wp-json\/wp\/v2\/types\/page"}],"author":[{"embeddable":true,"href":"https:\/\/aplicaexcelcontable.com\/blog\/wp-json\/wp\/v2\/users\/1"}],"replies":[{"embeddable":true,"href":"https:\/\/aplicaexcelcontable.com\/blog\/wp-json\/wp\/v2\/comments?post=36231"}],"version-history":[{"count":6,"href":"https:\/\/aplicaexcelcontable.com\/blog\/wp-json\/wp\/v2\/pages\/36231\/revisions"}],"predecessor-version":[{"id":64917,"href":"https:\/\/aplicaexcelcontable.com\/blog\/wp-json\/wp\/v2\/pages\/36231\/revisions\/64917"}],"wp:featuredmedia":[{"embeddable":true,"href":"https:\/\/aplicaexcelcontable.com\/blog\/wp-json\/wp\/v2\/media\/58551"}],"wp:attachment":[{"href":"https:\/\/aplicaexcelcontable.com\/blog\/wp-json\/wp\/v2\/media?parent=36231"}],"curies":[{"name":"wp","href":"https:\/\/api.w.org\/{rel}","templated":true}]}}