{"id":35645,"date":"2017-03-11T11:58:54","date_gmt":"2017-03-11T17:58:54","guid":{"rendered":"https:\/\/aplicaexcelcontable.com\/blog\/?page_id=35645"},"modified":"2025-07-30T22:11:05","modified_gmt":"2025-07-31T04:11:05","slug":"inscripcionescc","status":"publish","type":"page","link":"https:\/\/aplicaexcelcontable.com\/blog\/inscripcionescc","title":{"rendered":"inscripcionescc"},"content":{"rendered":"<h2 style=\"text-align: center;\">Descarga tu Plantilla Control de Carteras version 2.0<\/h2>\n<h2 style=\"text-align: center;\">Donde puedo descargar la plantilla y ver los videos de ayuda?<\/h2>\n<p style=\"\">A continuaci\u00f3n, te dejo el enlace, para que puedas ver la zona ayuda, donde tendr\u00e1s acceso a todo el material de la Plantilla Control de Carteras v2.0:<\/p>\n<p style=\"text-align: justify;\">Te gustar\u00eda llevar el Control de cuentas por Cobrar de forma facil y totalmente sencillo?<\/p>\n<p style=\"text-align: justify;\">Si tienes un negocio y ofreces tus servicios al cr\u00e9dito, esta plantilla es para ti, a continuaci\u00f3n voy a compartirte las ventajas de estas Plantilla:<\/p>\n<ul>\n<li><span>Extrae la Lista de Facturas Vencidas por Clientes<\/span><\/li>\n<li><span>Extrae la Lista de Facturas Pendientes por Vencer<\/span><\/li>\n<li><span>Extrae la Cantidad de Abonos de un Cliente<\/span><\/li>\n<li><span>Extrae el Estado de Cuenta Completo de un cliente<\/span><\/li>\n<li><span>Alimenta tu Plantilla a trav\u00e9s de Formularios<\/span><\/li>\n<\/ul>\n<h2 style=\"text-align: center;\">Solo por un Pago \u00fanico de 37 USD<\/h2>\n<h2>Que incluye el Paquete?<\/h2>\n<ul>\n<li><span style=\"\">Descarga el Archivo Control de Carteras V2.0<\/span><\/li>\n<li><span>Multi &#8211; Empresa sin Limite (Podras crear las copias que quieras)<\/span><\/li>\n<li><span>Soporte Gratis por &#8211; 6 Meses<\/span><\/li>\n<li><span>Actualizaciones Gratis por &#8211; 6 Meses<\/span><\/li>\n<li><span>2 horas de Soporte por Teamviewer<\/span><\/li>\n<li><span>Acceso a los videos de ayuda (Manual del usuario)<\/span><\/li>\n<li><span>Ahora podr\u00e1s llevar el sistema en tu Pen-drive (Memoria USB)<\/span><\/li>\n<li><span>Pregunta por tu copia de office 365 (Activacion de office 365 solo para los primeros 20 en comprar).<\/span><\/li>\n<\/ul>\n<h2 style=\"text-align: center;\">Preguntas Frecuentes<\/h2>\n<p><span><\/span><\/p>\n<h4>Puedo Hacer cambios en la Aplicacion?<\/h4>\n<p style=\"text-align: justify; padding: 0px 0px 15px !important; margin: 0px !important;\">Si, puedes agregar tu propia lista de clientes, articulo, encabezados y otras formulas que quieras incluir.<\/p>\n<p><span><\/span><\/p>\n<h4>En cuantas computadoras puedo utilizar la Aplicacion?<\/h4>\n<p style=\"padding: 0px 0px 15px !important; margin: 0px !important;\">Puedes utilizarlo en las computadoras de tu preferencia.<\/p>\n<p><span><\/span><\/p>\n<h4>Como recibo la Aplicacion despu\u00e9s del pago?<\/h4>\n<p style=\"text-align: justify; padding: 0px 0px 15px !important; margin: 0px !important;\">Despu\u00e9s de completar el proceso de pago, inmediatamente seras enviado a la pagina de registro, en el siguiente enlace puedes ver un ejemplo de como es el proceso:<\/p>\n<p style=\"padding: 0px 0px 15px !important; margin: 0px !important;\"><a href=\"https:\/\/aplicaexcelcontable.com\/Alumnos\/procesodeaccesosc\" target=\"_blank\">https:\/\/aplicaexcelcontable.com\/Alumnos\/procesodeaccesosc<\/a><\/p>\n<p><span><\/span><\/p>\n<h4>La Aplicacion es valido para mi pais?<\/h4>\n<p style=\"text-align: justify; padding: 0px 0px 15px !important; margin: 0px !important;\">La aplicaci\u00f3n &nbsp;esta disponible para los usuarios de cualquier pa\u00eds que consideren que le es de utilidad. Recomendamos ver la presentaci\u00f3n de la aplicacion en el Video, para su debida consideraci\u00f3n.<\/p>\n<p><span><\/span><\/p>\n<h4>Ofrecen una versi\u00f3n Demo?<\/h4>\n<p style=\"text-align: justify; padding: 0px 0px 15px !important; margin: 0px !important;\">No, para la versi\u00f3n avanzada, solo ofrecemos la presentaci\u00f3n en video.<\/p>\n<p><span><\/span><\/p>\n<h4>Como es el Proceso de Pago?<\/h4>\n<p style=\"text-align: justify; padding: 0px 0px 15px !important; margin: 0px !important;\">En el siguiente enlace, puedes ver un ejemplo de como comprar en Aplica Excel Contable:<a href=\"https:\/\/aplicaexcelcontable.com\/blog\/como-comprar-en-aec\">&nbsp; <\/a><a href=\"https:\/\/aplicaexcelcontable.com\/blog\/como-comprar-en-aec\"><\/a><\/p>\n<p style=\"text-align: justify; padding: 0px 0px 15px !important; margin: 0px !important;\"><a href=\"https:\/\/aplicaexcelcontable.com\/blog\/como-comprar-en-aec\" style=\"outline: none;\"><strong>Pulsa aqu\u00ed para ver el proceso de pago \u2192<\/strong><\/a><\/p>\n<p><span><\/span><\/p>\n<h4>Cuales son las opciones de pago?<\/h4>\n<p style=\"text-align: justify; padding: 0px 0px 15px !important; margin: 0px !important;\">Las opciones de pago que ofrecemos actualmente es totalmente Online, aceptamos: <strong>Tarjeta de D\u00e9bitos o bien tarjetas de Cr\u00e9dito.<\/strong><\/p>\n<p><span><\/span><\/p>\n<h4>Puedo Pagar con Paypal?<\/h4>\n<p style=\"text-align: justify; padding: 0px 0px 15px !important; margin: 0px !important;\">Si, ahora puedes pagar con PayPal o bien con tarjeta de Debito o Cr\u00e9dito.<\/p>\n<p><span><\/span><\/p>\n<h4>Puedo pagar con mi moneda Local?<\/h4>\n<p style=\"text-align: justify; padding: 0px 0px 15px !important; margin: 0px !important;\">Totalmente, tu puedes elegir la moneda de tu localidad: Peso argentino, Peso mexicano, Peso Colombiano, Peso Chileno, Peso dominicano, Colones, Quetzal, Lempira, Euro, Dolares, C\u00f3rdobas, Bol\u00edvares Boliviana y mucho mas.<\/p>\n<p><span><\/span><\/p>\n<h4>Aceptan otras formas de pago?<\/h4>\n<p style=\"padding: 0px 0px 15px !important; margin: 0px !important;\">Si, la otra forma de pago es por Western Union.<\/p>\n<p style=\"padding: 0px 0px 15px !important; margin: 0px !important;\"><span style=\"color: rgb(7, 0, 0);\">Cualquier duda o pregunta, tan solo escribenos a rogerperezb@gmail.com o bien en el chat.<\/span><\/p>\n<p style=\"padding: 0px 0px 15px !important; margin: 0px !important;\"><span style=\"color: rgb(7, 0, 0);\">Saludos,<\/span><\/p>\n<p style=\"padding: 0px 0px 15px !important; margin: 0px !important;\"><strong>Roger Perez &#8211; Aplica Excel Contable<\/strong><\/p>\n","protected":false},"excerpt":{"rendered":"<p>Descarga tu Plantilla Control de Carteras version 2.0 Donde puedo descargar la plantilla y ver los videos de ayuda? A continuaci\u00f3n, te dejo el enlace, para que puedas ver la zona ayuda, donde tendr\u00e1s acceso a todo el material de la Plantilla Control de Carteras v2.0: Te gustar\u00eda llevar el Control de cuentas por Cobrar [&hellip;]<\/p>\n","protected":false},"author":1,"featured_media":0,"parent":0,"menu_order":0,"comment_status":"closed","ping_status":"closed","template":"","meta":{"footnotes":""},"class_list":["post-35645","page","type-page","status-publish","hentry","post-wrapper","thrv_wrapper"],"_links":{"self":[{"href":"https:\/\/aplicaexcelcontable.com\/blog\/wp-json\/wp\/v2\/pages\/35645","targetHints":{"allow":["GET"]}}],"collection":[{"href":"https:\/\/aplicaexcelcontable.com\/blog\/wp-json\/wp\/v2\/pages"}],"about":[{"href":"https:\/\/aplicaexcelcontable.com\/blog\/wp-json\/wp\/v2\/types\/page"}],"author":[{"embeddable":true,"href":"https:\/\/aplicaexcelcontable.com\/blog\/wp-json\/wp\/v2\/users\/1"}],"replies":[{"embeddable":true,"href":"https:\/\/aplicaexcelcontable.com\/blog\/wp-json\/wp\/v2\/comments?post=35645"}],"version-history":[{"count":1,"href":"https:\/\/aplicaexcelcontable.com\/blog\/wp-json\/wp\/v2\/pages\/35645\/revisions"}],"predecessor-version":[{"id":64227,"href":"https:\/\/aplicaexcelcontable.com\/blog\/wp-json\/wp\/v2\/pages\/35645\/revisions\/64227"}],"wp:attachment":[{"href":"https:\/\/aplicaexcelcontable.com\/blog\/wp-json\/wp\/v2\/media?parent=35645"}],"curies":[{"name":"wp","href":"https:\/\/api.w.org\/{rel}","templated":true}]}}