{"id":35032,"date":"2018-03-05T14:23:51","date_gmt":"2018-03-05T20:23:51","guid":{"rendered":"https:\/\/aplicaexcelcontable.com\/blog\/?page_id=35032"},"modified":"2023-10-31T14:53:09","modified_gmt":"2023-10-31T20:53:09","slug":"crear-un-comprobante-de-diario","status":"publish","type":"page","link":"https:\/\/aplicaexcelcontable.com\/blog\/crear-un-comprobante-de-diario","title":{"rendered":"Crear un comprobante de Diario"},"content":{"rendered":"<h1 style=\"text-align: center;\">Como crear un comprobante de Diario<\/h1>\n<p style=\"text-align: justify;\">En este art\u00edculo, vamos a ver <strong>Como crear un comprobante de Diario<\/strong>.<\/p>\n<p style=\"text-align: justify;\">En primer lugar veamos cu\u00e1ndo se debe de utilizar un comprobante de Diario.<\/p>\n<p style=\"text-align: justify;\">Pero antes, tengo una pregunta para ti, ya viste el tema anterior?<\/p>\n<p style=\"text-align: justify;\">\u2190 <span style=\"color: rgb(0, 0, 0); background-color: rgb(255, 232, 0);\"><a href=\"https:\/\/aplicaexcelcontable.com\/blog\/crear-un-comprobante-de-egreso\" style=\"outline: none;\"><strong><img decoding=\"async\" role=\"img\" alt=\"\ud83d\udc49\" src=\"https:\/\/s.w.org\/images\/core\/emoji\/14.0.0\/svg\/1f449.svg\">Pulsa para ver el tema anterior<\/strong><\/a><\/span> \u2192<\/p>\n<p style=\"text-align: justify;\">De forma resumida, este comprobante o P\u00f3liza se utiliza para registrar las operaciones referentes a movimientos empresariales que no implican dinero, ya sea en efectivo o interbancaria.<\/p>\n<p style=\"text-align: justify;\">Un ejemplo sobre este concepto, seria las Ventas al Cr\u00e9dito.<\/p>\n<p style=\"text-align: justify;\">Para poder generar un comprobante de diario, tan solo pulsamos clic en comando \u00abCDiario\u00bb de la Pesta\u00f1a Contabilidad.<\/p>\n<p style=\"text-align: justify;\">En seguida, escribimos el numero de comprobante, en este caso el numero 2.&nbsp;<\/p>\n<p style=\"text-align: justify;\">El numero del comprobante, siempre se reflejara en la celda D2.<\/p>\n<p style=\"text-align: justify;\">En seguida, vamos a escribir la fecha, en este caso vamos a escribir 18-01-2018.<\/p>\n<p style=\"text-align: justify;\">A continuaci\u00f3n, escribimos el concepto del comprobante: Ventas al cr\u00e9dito correspondiente al d\u00eda 18-01-2018.<\/p>\n<p><span><a href=\"https:\/\/aplicaexcelcontable.com\/blog\/wp-content\/uploads\/2018\/03\/Creando-Comprobante-de-Diario.png\" rel=\"\"><img decoding=\"async\" loading=\"lazy\" alt=\"\" width=\"544\" height=\"193\" title=\"Creando Comprobante de Diario\" data-id=\"35180\" src=\"\/\/aplicaexcelcontable.com\/blog\/wp-content\/uploads\/2018\/03\/Creando-Comprobante-de-Diario.png\"><\/a><\/span><\/p>\n<h2 style=\"text-align: center;\">Para continuar<\/h2>\n<p style=\"text-align: justify;\">Seleccionamos los c\u00f3digos que vamos a utilizar para la contabilizaci\u00f3n, en este caso voy a seleccionar dos c\u00f3digos.<\/p>\n<p style=\"text-align: justify;\">La primera es la cuenta de Cuentas por cobrar y la siguiente una cuenta de ingresos (Ventas).<\/p>\n<p style=\"text-align: justify;\">En seguida pulsamos clic sobre la celda descripci\u00f3n, para mostrar el nombre de cada cuenta.<\/p>\n<p><span><a href=\"https:\/\/aplicaexcelcontable.com\/blog\/wp-content\/uploads\/2018\/03\/Mostrando-Descripcion-de-cuenta.gif\" rel=\"\"><img decoding=\"async\" loading=\"lazy\" alt=\"Crear un comprobante de Diario\" width=\"624\" height=\"288\" title=\"Mostrando Descripcion de cuenta\" data-id=\"35183\" src=\"\/\/aplicaexcelcontable.com\/blog\/wp-content\/uploads\/2018\/03\/Mostrando-Descripcion-de-cuenta.gif\"><\/a><\/span><\/p>\n<p style=\"text-align: justify;\">Ahora, escribimos el valor de la transacci\u00f3n para cada cuenta.<\/p>\n<p style=\"text-align: justify;\">Si tienes alg\u00fan detalle que agregar, puedes escribirlo aqu\u00ed y si quieres agregar una nota, puedes hacerlo desde el cuadro de notas.<\/p>\n<p style=\"text-align: justify;\">Verificamos que todo est\u00e9 bien, y pulsamos clic en el bot\u00f3n imprimir, para imprimir el comprobante de Diario.<\/p>\n<p style=\"text-align: justify;\">En seguida, pulsamos clic en guardar, para que la transacci\u00f3n se guarde en el Libro Diario.<\/p>\n<p style=\"text-align: justify;\">Y para generar el espacio de un nuevo comprobante, tan solo pulsamos clic en el bot\u00f3n Nuevo.<\/p>\n<p style=\"text-align: justify;\">Con este paso, podr\u00e1s crear un comprobante de Diario, cada vez que lo necesites.<\/p>\n<p style=\"text-align: justify;\">Hasta aqu\u00ed con estos Tutoriales, cualquier <span style=\"color: rgb(0, 0, 0);\"><a href=\"https:\/\/www.facebook.com\/AplicaExceContable\/\" target=\"_blank\" rel=\"noopener\">duda<\/a><\/span> o pregunta, tan solo escr\u00edbenos en el Chat o bien a <strong>rogerperezb@gmail.com<\/strong>.<\/p>\n<p style=\"text-align: justify;\">Te Saluda,<\/p>\n<p style=\"text-align: justify;\"><strong>Roger Perez &#8211; Aplica Excel Contable<\/strong><\/p>\n","protected":false},"excerpt":{"rendered":"<p>Como crear un comprobante de Diario En este art\u00edculo, vamos a ver Como crear un comprobante de Diario. En primer lugar veamos cu\u00e1ndo se debe de utilizar un comprobante de Diario. Pero antes, tengo una pregunta para ti, ya viste el tema anterior? \u2190 Pulsa para ver el tema anterior \u2192 De forma resumida, este [&hellip;]<\/p>\n","protected":false},"author":1,"featured_media":0,"parent":0,"menu_order":0,"comment_status":"closed","ping_status":"closed","template":"","meta":{"footnotes":""},"class_list":["post-35032","page","type-page","status-publish","hentry","post-wrapper","thrv_wrapper"],"_links":{"self":[{"href":"https:\/\/aplicaexcelcontable.com\/blog\/wp-json\/wp\/v2\/pages\/35032","targetHints":{"allow":["GET"]}}],"collection":[{"href":"https:\/\/aplicaexcelcontable.com\/blog\/wp-json\/wp\/v2\/pages"}],"about":[{"href":"https:\/\/aplicaexcelcontable.com\/blog\/wp-json\/wp\/v2\/types\/page"}],"author":[{"embeddable":true,"href":"https:\/\/aplicaexcelcontable.com\/blog\/wp-json\/wp\/v2\/users\/1"}],"replies":[{"embeddable":true,"href":"https:\/\/aplicaexcelcontable.com\/blog\/wp-json\/wp\/v2\/comments?post=35032"}],"version-history":[{"count":0,"href":"https:\/\/aplicaexcelcontable.com\/blog\/wp-json\/wp\/v2\/pages\/35032\/revisions"}],"wp:attachment":[{"href":"https:\/\/aplicaexcelcontable.com\/blog\/wp-json\/wp\/v2\/media?parent=35032"}],"curies":[{"name":"wp","href":"https:\/\/api.w.org\/{rel}","templated":true}]}}