{"id":34982,"date":"2018-03-05T11:46:33","date_gmt":"2018-03-05T17:46:33","guid":{"rendered":"https:\/\/aplicaexcelcontable.com\/blog\/?page_id=34982"},"modified":"2023-10-31T14:54:46","modified_gmt":"2023-10-31T20:54:46","slug":"crear-un-comprobante-de-ingreso","status":"publish","type":"page","link":"https:\/\/aplicaexcelcontable.com\/blog\/crear-un-comprobante-de-ingreso","title":{"rendered":"Crear un comprobante de Ingreso"},"content":{"rendered":"<h1 style=\"text-align: center;\">Como crear un comprobante de Ingreso<\/h1>\n<p style=\"text-align: justify;\">En este art\u00edculo, vamos a ver <strong>Como crear un comprobante de Ingreso<\/strong>.<\/p>\n<p style=\"text-align: justify;\">En primer lugar veamos cu\u00e1ndo se debe de utilizar un comprobante de ingreso.<\/p>\n<p style=\"text-align: justify;\">Pero antes, tengo una pregunta para ti, ya viste el tema anterior?<\/p>\n<p style=\"text-align: justify;\"><strong>\u2190 <\/strong><span style=\"color: rgb(0, 0, 0);\"><a href=\"https:\/\/aplicaexcelcontable.com\/blog\/agregar-tu-balance-inicial\"><strong><span style=\"background-color: rgb(255, 241, 0);\">Clic aqu\u00ed para ver el tema anterior<\/span><\/strong><\/a><\/span><strong> \u2192<\/strong><\/p>\n<p style=\"text-align: justify;\">De forma resumida, <strong>este comprobante se utiliza para registrar las operaciones referentes a los ingresos de tu empresa o negocio<\/strong>, es decir, las entradas de dinero en efectivo, cheques y tarjetas.<\/p>\n<p style=\"text-align: justify;\">Para poder generar un comprobante de Ingreso, pulsamos clic en el comando <strong>CIngreso<\/strong> y nos llevara directamente al formulario.<\/p>\n<p><span><a href=\"https:\/\/aplicaexcelcontable.com\/blog\/wp-content\/uploads\/2018\/03\/Ir-a-Cingreso.png\" rel=\"\"><img decoding=\"async\" loading=\"lazy\" alt=\"Crear un comprobante de Ingreso\" width=\"336\" height=\"137\" title=\"Ir a Cingreso\" data-id=\"35089\" src=\"\/\/aplicaexcelcontable.com\/blog\/wp-content\/uploads\/2018\/03\/Ir-a-Cingreso.png\"><\/a><\/span><\/p>\n<p style=\"text-align: justify;\">Dentro de este, primero escribimos el numero de comprobante, en este caso el numero 1.&nbsp;<\/p>\n<p style=\"text-align: justify;\">El numero del comprobante siempre se reflejara en la celda D2.<\/p>\n<p style=\"text-align: justify;\">En seguida, vamos a escribir la fecha, en este caso vamos a escribir 02-01-2018.<\/p>\n<p style=\"text-align: justify;\">A continuaci\u00f3n, escribimos el concepto del comprobante: Ventas correspondiente al dia 02-01-2018.<\/p>\n<p style=\"text-align: justify;\">A continuaci\u00f3n seleccionamos los c\u00f3digos que vamos a utilizar para la contabilizaci\u00f3n, en este caso voy a seleccionar dos c\u00f3digos.<\/p>\n<p style=\"text-align: justify;\">La primera es la cuenta de Caja General y la siguiente una Cuenta de Ingresos.<\/p>\n<p><span><a href=\"https:\/\/aplicaexcelcontable.com\/blog\/wp-content\/uploads\/2018\/03\/Creando-Comprobante-de-Ingreso.png\" rel=\"\"><img decoding=\"async\" loading=\"lazy\" alt=\"\" width=\"520\" height=\"252\" title=\"Creando Comprobante de Ingreso\" data-id=\"35096\" src=\"\/\/aplicaexcelcontable.com\/blog\/wp-content\/uploads\/2018\/03\/Creando-Comprobante-de-Ingreso.png\"><\/a><\/span><\/p>\n<p style=\"text-align: justify;\">En seguida pulsamos clic sobre la celda descripci\u00f3n, para mostrar el nombre de cada cuenta.<\/p>\n<p><span><a href=\"https:\/\/aplicaexcelcontable.com\/blog\/wp-content\/uploads\/2018\/03\/Clic-en-el-boton-Descripcion.gif\" rel=\"\"><img decoding=\"async\" loading=\"lazy\" alt=\"\" width=\"624\" height=\"288\" title=\"Clic en el boton Descripcion\" data-id=\"35097\" src=\"\/\/aplicaexcelcontable.com\/blog\/wp-content\/uploads\/2018\/03\/Clic-en-el-boton-Descripcion.gif\"><\/a><\/span><\/p>\n<h2 style=\"text-align: center;\">Para continuar<\/h2>\n<p style=\"text-align: justify;\">Escribimos el valor de la transacci\u00f3n para cada cuenta.<\/p>\n<p style=\"text-align: justify;\">Si tienes alg\u00fan detalle que agregar, puedes escribirlo aqu\u00ed y si quieres agregar una nota, puedes hacerlo desde el cuadro de notas.<\/p>\n<p style=\"text-align: justify;\">Verificamos que todo est\u00e9 bien, y pulsamos clic en el bot\u00f3n imprimir, para imprimir el comprobante de ingreso.<\/p>\n<p style=\"text-align: justify;\">En seguida, pulsamos clic en guardar, para que la transacci\u00f3n se guarde en el Libro Diario.<\/p>\n<p style=\"text-align: justify;\">Y para generar el espacio de un nuevo comprobante, tan solo pulsamos clic en el bot\u00f3n Nuevo.<\/p>\n<p style=\"text-align: justify;\">Con este paso, podr\u00e1s crear un comprobante de ingreso, cada vez que lo necesites.<\/p>\n<p style=\"text-align: justify;\">Hasta aqu\u00ed con el articulo <strong>Como crear un Comprobante de Ingreso<\/strong>.<\/p>\n<p style=\"text-align: justify;\">Nos vemos en el Pr\u00f3ximo articulo, donde vamos a ver: <span style=\"color: rgb(0, 23, 255);\"><a href=\"https:\/\/aplicaexcelcontable.com\/blog\/crear-un-comprobante-de-egreso\" style=\"outline: none;\"><strong>Como crear un comprobante de Egreso<\/strong><\/a><\/span>.<\/p>\n<p style=\"text-align: justify;\">Cualquier <span style=\"color: rgb(0, 0, 0);\"><a href=\"https:\/\/www.facebook.com\/AplicaExceContable\/\" target=\"_blank\" rel=\"noopener\">duda<\/a><\/span> o pregunta, no dudes en escribirnos en el Chat o bien a <strong>rogerperezb@gmail.com<\/strong>.<\/p>\n<p style=\"text-align: justify;\">Te Saluda,<\/p>\n<p style=\"text-align: justify;\"><strong>Roger Perez &#8211; Aplica Excel Contable<\/strong><\/p>\n","protected":false},"excerpt":{"rendered":"<p>Como crear un comprobante de Ingreso En este art\u00edculo, vamos a ver Como crear un comprobante de Ingreso. En primer lugar veamos cu\u00e1ndo se debe de utilizar un comprobante de ingreso. Pero antes, tengo una pregunta para ti, ya viste el tema anterior? \u2190 Clic aqu\u00ed para ver el tema anterior \u2192 De forma resumida, [&hellip;]<\/p>\n","protected":false},"author":1,"featured_media":0,"parent":0,"menu_order":0,"comment_status":"closed","ping_status":"closed","template":"","meta":{"footnotes":""},"class_list":["post-34982","page","type-page","status-publish","hentry","post-wrapper","thrv_wrapper"],"_links":{"self":[{"href":"https:\/\/aplicaexcelcontable.com\/blog\/wp-json\/wp\/v2\/pages\/34982","targetHints":{"allow":["GET"]}}],"collection":[{"href":"https:\/\/aplicaexcelcontable.com\/blog\/wp-json\/wp\/v2\/pages"}],"about":[{"href":"https:\/\/aplicaexcelcontable.com\/blog\/wp-json\/wp\/v2\/types\/page"}],"author":[{"embeddable":true,"href":"https:\/\/aplicaexcelcontable.com\/blog\/wp-json\/wp\/v2\/users\/1"}],"replies":[{"embeddable":true,"href":"https:\/\/aplicaexcelcontable.com\/blog\/wp-json\/wp\/v2\/comments?post=34982"}],"version-history":[{"count":0,"href":"https:\/\/aplicaexcelcontable.com\/blog\/wp-json\/wp\/v2\/pages\/34982\/revisions"}],"wp:attachment":[{"href":"https:\/\/aplicaexcelcontable.com\/blog\/wp-json\/wp\/v2\/media?parent=34982"}],"curies":[{"name":"wp","href":"https:\/\/api.w.org\/{rel}","templated":true}]}}