{"id":34888,"date":"2018-03-05T09:54:38","date_gmt":"2018-03-05T15:54:38","guid":{"rendered":"https:\/\/aplicaexcelcontable.com\/blog\/?page_id=34888"},"modified":"2025-08-17T09:50:10","modified_gmt":"2025-08-17T15:50:10","slug":"actualizar-las-cuentas-contables","status":"publish","type":"page","link":"https:\/\/aplicaexcelcontable.com\/blog\/actualizar-las-cuentas-contables","title":{"rendered":"Actualizar las Cuentas Contables"},"content":{"rendered":"<h2 style=\"text-align: center;\">Como Actualizar las Cuentas Contables en la Hoja Balance de Comprobaci\u00f3n<\/h2>\n<p style=\"text-align: justify;\">Comencemos con el v\u00eddeo de como actualizar las cuentas contables en la Hoja Balance de Comprobaci\u00f3n:<\/p>\n<p style=\"text-align: justify;\">En este articulo vamos a ver Como Configurar y Personalizar tu Sistema Contable.<\/p>\n<p style=\"text-align: justify;\">Este es el segundo paso que debes de tomar en cuenta antes de empezar a contabilizar tus transacciones.&nbsp;<\/p>\n<p style=\"text-align: justify;\">Se trata de actualizar las Cuentas Contables en la Hoja Balance de Comprobaci\u00f3n.<\/p>\n<p style=\"text-align: justify;\">Para eso nos ubicamos en la Hoja balance de comprobaci\u00f3n pulsando clic en el bot\u00f3n Balance de Comprobaci\u00f3n.<\/p>\n<p style=\"text-align: justify;\">En las celdas del encabezado c\u00f3digo, puedes notar que estas celdas hacen referencia a la Hoja Plan de Cuentas.&nbsp;<\/p>\n<p><span><a href=\"https:\/\/aplicaexcelcontable.com\/blog\/wp-content\/uploads\/2018\/03\/Actualizar-cuentas-Balance-de-Comprobacion.png\" rel=\"\"><img decoding=\"async\" loading=\"lazy\" alt=\"Actualizar las Cuentas Contables\" width=\"595\" height=\"253\" title=\"Actualizar cuentas Balance de Comprobacion\" data-id=\"35034\" src=\"\/\/aplicaexcelcontable.com\/blog\/wp-content\/uploads\/2018\/03\/Actualizar-cuentas-Balance-de-Comprobacion.png\"><\/a><\/span><\/p>\n<p style=\"text-align: justify;\">De igual forma las celdas del encabezado CUENTAS hacen referencia a la Hoja Plan de cuentas.<\/p>\n<p style=\"text-align: justify;\">Tambi\u00e9n, puedes notar que en esta Hoja, tambi\u00e9n tenemos una fila resaltada en amarillo.&nbsp;<\/p>\n<p style=\"text-align: justify;\">Estas filas resaltadas separa a las cuentas reales y las cuentas nominales.<\/p>\n<p style=\"text-align: justify;\">Al final de la Tabla tambi\u00e9n tenemos otra fila resaltado en amarillo.<\/p>\n<p style=\"text-align: justify;\">Este indica el final del rango de las Cuentas Nominales o bien conocidos como las Cuentas de Resultado.<\/p>\n<p style=\"text-align: justify;\">Ahora bien, esta Tabla debe de contener todos las Cuentas Reflejadas en la Hoja Plan de Cuentas.<\/p>\n<p style=\"text-align: justify;\">Vamos a verificar que las cuentas Reales o cuentas Patrimoniales coincida totalmente con el total de cuentas reales en la Hoja Plan de cuentas, para eso vamos a mostrar todas las Hojas.<\/p>\n<h2 style=\"text-align: center;\">Para continuar<\/h2>\n<p style=\"text-align: justify;\">Nos ubicamos en la Hoja Men\u00fa y pulsamos clic en mostrar.<\/p>\n<p style=\"text-align: justify;\">Seleccionamos de la A2:A111 y verificamos la Barra de estados, en este caso cuanto es el total de Recuento, el cual equivale a las celdas seleccionadas, en este caso 110.<\/p>\n<p style=\"text-align: justify;\">De la misma forma, realizamos este mismo paso en la Hoja Balance.&nbsp;<\/p>\n<p style=\"text-align: justify;\">seleccionamos de la A9:A118 puedes notar que este caso tenemos 110 cuentas, todo esta en orden.<\/p>\n<p style=\"text-align: justify;\">Pero que pasa si le hemos agregado mas cuentas dentro del Plan Contable, espec\u00edficamente dentro de las cuentas reales, vamos a agregarle dos cuentas de Banco, para que puedas comprender lo que quiero explicarte.<\/p>\n<p style=\"text-align: justify;\">Al agregar dos cuentas mas, puedes notar que en la Hoja Plan de cuentas tenemos 112 cuentas y en el Balance de Comprobaci\u00f3n, solo 110.<\/p>\n<p style=\"text-align: justify;\">En este caso para poder actualizar las cuentas contables correctamente en el Balance de Comprobaci\u00f3n, tan solo insertamos dos filas mas por encima de la primera fila resaltada en amarillo.<\/p>\n<p style=\"text-align: justify;\">Ahora seleccionamos de la A9:B113 y pulsamos clic en el comando rellenar hacia abajo, puedes notar que la cuentas reales se actualizan correctamente.<\/p>\n<h2>Listo!<\/h2>\n<p style=\"text-align: justify;\">Ahora siguiendo estos mismos pasos debemos de actualizar tambi\u00e9n las cuentas Nominales o cuentas de resultado.<\/p>\n<p style=\"text-align: justify;\">Tan solo verificas la cantidad de cuentas que hay en la Hoja Plan de Cuentas y lo comparas con la cantidad de cuentas en la Hoja Balance.<\/p>\n<p style=\"text-align: justify;\">Si encuentras que tienes cuentas nuevas, tan solo solo te ubicamos en la ultima fila resaltado en amarillo e insertar la cantidad de fila a utilizar.<\/p>\n<p style=\"text-align: justify;\">Seleccionamos desde la Axxxx: Bxxxxx y rellenas las formulas hacia abajo.<\/p>\n<p style=\"text-align: justify;\">Listo, con estos pasos tu Balance de comprobaci\u00f3n estar\u00e1 listo y actualizado.<\/p>\n<p style=\"text-align: justify;\">Hasta aqu\u00ed con el articulo <strong>Como Actualizar las Cuentas Contables<\/strong>.<\/p>\n<p style=\"text-align: justify;\">Nos vemos en el Pr\u00f3ximo articulo, donde vamos a ver: <span style=\"color: rgb(0, 23, 255);\"><a href=\"https:\/\/aplicaexcelcontable.com\/blog\/agregar-tu-balance-inicial\"><strong>Como agregar tu Balance Inicial<\/strong><\/a><\/span>.<\/p>\n<p style=\"text-align: justify;\">Cualquier <span style=\"color: rgb(0, 0, 0);\"><a href=\"https:\/\/www.facebook.com\/AplicaExceContable\/\" target=\"_blank\" rel=\"noopener\">duda<\/a><\/span> o pregunta, no dudes en escribirnos en el Chat o bien a <strong>rogerperezb@gmail.com<\/strong>.<\/p>\n<p style=\"text-align: justify;\">Te Saluda,<\/p>\n<p style=\"text-align: justify;\"><strong>Roger Perez &#8211; Aplica Excel Contable<\/strong><\/p>\n","protected":false},"excerpt":{"rendered":"<p>Como Actualizar las Cuentas Contables en la Hoja Balance de Comprobaci\u00f3n Comencemos con el v\u00eddeo de como actualizar las cuentas contables en la Hoja Balance de Comprobaci\u00f3n: En este articulo vamos a ver Como Configurar y Personalizar tu Sistema Contable. Este es el segundo paso que debes de tomar en cuenta antes de empezar a [&hellip;]<\/p>\n","protected":false},"author":1,"featured_media":0,"parent":0,"menu_order":0,"comment_status":"closed","ping_status":"closed","template":"","meta":{"footnotes":""},"class_list":["post-34888","page","type-page","status-publish","hentry","post-wrapper","thrv_wrapper"],"_links":{"self":[{"href":"https:\/\/aplicaexcelcontable.com\/blog\/wp-json\/wp\/v2\/pages\/34888","targetHints":{"allow":["GET"]}}],"collection":[{"href":"https:\/\/aplicaexcelcontable.com\/blog\/wp-json\/wp\/v2\/pages"}],"about":[{"href":"https:\/\/aplicaexcelcontable.com\/blog\/wp-json\/wp\/v2\/types\/page"}],"author":[{"embeddable":true,"href":"https:\/\/aplicaexcelcontable.com\/blog\/wp-json\/wp\/v2\/users\/1"}],"replies":[{"embeddable":true,"href":"https:\/\/aplicaexcelcontable.com\/blog\/wp-json\/wp\/v2\/comments?post=34888"}],"version-history":[{"count":1,"href":"https:\/\/aplicaexcelcontable.com\/blog\/wp-json\/wp\/v2\/pages\/34888\/revisions"}],"predecessor-version":[{"id":64618,"href":"https:\/\/aplicaexcelcontable.com\/blog\/wp-json\/wp\/v2\/pages\/34888\/revisions\/64618"}],"wp:attachment":[{"href":"https:\/\/aplicaexcelcontable.com\/blog\/wp-json\/wp\/v2\/media?parent=34888"}],"curies":[{"name":"wp","href":"https:\/\/api.w.org\/{rel}","templated":true}]}}