{"id":34821,"date":"2018-03-04T21:06:02","date_gmt":"2018-03-05T03:06:02","guid":{"rendered":"https:\/\/aplicaexcelcontable.com\/blog\/?page_id=34821"},"modified":"2021-09-27T09:45:22","modified_gmt":"2021-09-27T15:45:22","slug":"como-crear-y-abrir-una-nueva-empresa","status":"publish","type":"page","link":"https:\/\/aplicaexcelcontable.com\/blog\/como-crear-y-abrir-una-nueva-empresa","title":{"rendered":"Como crear y abrir una Nueva Empresa"},"content":{"rendered":"<h2 style=\"text-align: center;\">Como crear y abrir una Nueva Empresa<\/h2>\n<p style=\"text-align: justify;\">En este art\u00edculo vamos a ver <strong>Como crear y abrir una Nueva Empresa<\/strong>.<\/p>\n<p style=\"text-align: justify;\">Para empezar a configurar una Contabilidad, debemos de crear el archivo correspondiente.<\/p>\n<p style=\"text-align: justify;\">Con este Sistema podr\u00e1s llevar la Contabilidad de M\u00faltiples Empresas, si brindas tus servicios como contador, esta opci\u00f3n te ser\u00e1 de mucha ayuda.<\/p>\n<p style=\"text-align: justify;\">Pero antes, tengo una pregunta para ti, ya viste el tema anterior?<\/p>\n<p style=\"text-align: justify;\"><a href=\"https:\/\/aplicaexcelcontable.com\/blog\/funciones-generales-del-sistema\" style=\"outline: none;\"><strong>Clic aqu\u00ed&nbsp;para ver el tema anterior \u2192<\/strong><\/a><\/p>\n<p style=\"text-align: justify;\">Para cada Contabilidad debemos de generar un archivo como empresa.&nbsp;<\/p>\n<p style=\"text-align: justify;\">Abrimos el Sistema, pulsando clic en el ejecutable, seleccionamos abrir original, una vez se cargue el archivo.<\/p>\n<p style=\"text-align: justify;\">En seguida, pulsamos Ctrl + G para generar la Nueva Empresa, en Nombre escribimos como ejemplo:<\/p>\n<p style=\"text-align: justify;\">Empresa1-2018 y guardamos el archivo, puedes notar que autom\u00e1ticamente el archivo toma el nombre de la Nueva Empresa.<\/p>\n<p style=\"text-align: justify;\">Con estos pasos puedes ir creando la lista de empresas, para las Contabilidades que deseas llevar.<\/p>\n<p style=\"text-align: justify;\">Ahora, veamos:<\/p>\n<p><span><a href=\"https:\/\/aplicaexcelcontable.com\/blog\/wp-content\/uploads\/2018\/03\/Nombre-del-Archivo.png\" rel=\"\"><img decoding=\"async\" loading=\"lazy\" alt=\"Crear y abrir una Nueva Empresa\" width=\"557\" height=\"417\" title=\"Nombre del Archivo\" data-id=\"34867\" src=\"\/\/aplicaexcelcontable.com\/blog\/wp-content\/uploads\/2018\/03\/Nombre-del-Archivo.png\"><\/a><\/span><\/p>\n<h2 style=\"text-align: center;\">Como abrir una Empresa<\/h2>\n<p style=\"text-align: justify;\">Para poder explicarte mejor este paso, debes de cerrar el archivo y volverlo a abrir.<\/p>\n<p style=\"text-align: justify;\">Al abrir nuevamente el archivo, puedes ver que se nos presenta tres opciones, escogemos la tercera opci\u00f3n, archivos guardados.<\/p>\n<p><span><a href=\"https:\/\/aplicaexcelcontable.com\/blog\/wp-content\/uploads\/2018\/03\/Seleccionando-empresa-para-abrir.png\" rel=\"\"><img decoding=\"async\" loading=\"lazy\" alt=\"\" width=\"443\" height=\"334\" title=\"Seleccionando empresa para abrir\" data-id=\"34871\" src=\"\/\/aplicaexcelcontable.com\/blog\/wp-content\/uploads\/2018\/03\/Seleccionando-empresa-para-abrir.png\"><\/a><\/span><\/p>\n<h2 style=\"text-align: center;\"><u><strong>Manual del Usuario<\/strong><\/u><\/h2>\n<p><span><\/span><\/p>\n<h4>Como instalar el Sistema<\/h4>\n<p>Visita el Siguiente enlace para ver el tema: <span style=\"color: rgb(0, 3, 8); background-color: rgb(249, 251, 6);\"><a href=\"https:\/\/aplicaexcelcontable.com\/blog\/instalar-el-sistema-contable-basico\"><b>Clic aqu\u00ed&nbsp;para ver \u2192<\/b><\/a><\/span><\/p>\n<p><span><\/span><\/p>\n<h4>Funciones Generales del Sistema<\/h4>\n<p>Visita el siguiente enlace para ver el tema 2: <span style=\"color: rgb(0, 2, 6); background-color: rgb(247, 249, 5);\"><a href=\"https:\/\/aplicaexcelcontable.com\/blog\/funciones-generales-del-sistema\"><b>Clic aqu\u00ed&nbsp;para ver \u2192<\/b><\/a><\/span><\/p>\n<p><span><\/span><\/p>\n<h4>Como crear y abrir una Empresa<\/h4>\n<p>Pulsa clic en el siguiente enlace, para ver el tema 3: <span style=\"color: rgb(0, 2, 4);\"><a href=\"https:\/\/aplicaexcelcontable.com\/blog\/como-crear-y-abrir-una-nueva-empresa\"><b><span style=\"background-color: rgb(249, 251, 5);\">Haz clic aqu\u00ed para ver \u2192<\/span><\/b><\/a><\/span><\/p>\n<p><span><\/span><\/p>\n<h4>Como personalizar tu Plan de Cuentas<\/h4>\n<p>Pulsa clic en el siguiente enlace para ver el tema 4: <span style=\"color: rgb(0, 3, 7);\"><a href=\"https:\/\/aplicaexcelcontable.com\/blog\/personalizar-tu-propio-plan-de-cuentas\"><b><span style=\"background-color: rgb(247, 249, 3);\">Clic aqu\u00ed para ver \u2192<\/span><\/b><\/a><\/span><\/p>\n<p><span><\/span><\/p>\n<h4>Como Actualizar las cuentas Contables<\/h4>\n<p>Pulsa en el siguiente enlace, para ver el tema 5: <span style=\"color: rgb(0, 3, 7);\"><a href=\"https:\/\/aplicaexcelcontable.com\/blog\/actualizar-las-cuentas-contables\"><strong><span style=\"background-color: rgb(245, 248, 9);\">Clic aqu\u00ed para ver \u2192<\/span><\/strong><\/a><\/span><\/p>\n<p><span><\/span><\/p>\n<h4>Como Agregar tus Saldos Iniciales<\/h4>\n<p>Pulsa en el siguiente enlace, para ver el tema 6: <span style=\"color: rgb(0, 3, 7);\"><a href=\"https:\/\/aplicaexcelcontable.com\/blog\/agregar-tu-balance-inicial\"><strong><span style=\"background-color: rgb(245, 248, 9);\">Clic aqu\u00ed para ver \u2192<\/span><\/strong><\/a><\/span><\/p>\n<p><span><\/span><\/p>\n<h4>Como crear una P\u00f3liza de Ingreso<\/h4>\n<p>Pulsa en el siguiente enlace, para ver el tema 7: <span style=\"color: rgb(0, 3, 7);\"><a href=\"https:\/\/aplicaexcelcontable.com\/blog\/crear-un-comprobante-de-ingreso\"><strong><span style=\"background-color: rgb(245, 248, 9);\">Clic aqu\u00ed para ver \u2192<\/span><\/strong><\/a><\/span><\/p>\n<p><span><\/span><\/p>\n<h4>Como crear una P\u00f3liza de Egreso<\/h4>\n<p>Pulsa en el siguiente enlace, para ver el tema 8: <span style=\"color: rgb(0, 3, 7);\"><a href=\"https:\/\/aplicaexcelcontable.com\/blog\/crear-un-comprobante-de-egreso\"><strong><span style=\"background-color: rgb(245, 248, 9);\">Clic aqu\u00ed para ver \u2192<\/span><\/strong><\/a><\/span><\/p>\n<p><span><\/span><\/p>\n<h4>Como crear una P\u00f3liza de Diario<\/h4>\n<p>Pulsa en el siguiente enlace, para ver el tema 9: <span style=\"color: rgb(0, 3, 7);\"><a href=\"https:\/\/aplicaexcelcontable.com\/blog\/crear-un-comprobante-de-diario\"><strong><span style=\"background-color: rgb(245, 248, 9);\">Clic aqu\u00ed para ver \u2192<\/span><\/strong><\/a><\/span><\/p>\n<p style=\"text-align: justify;\">Nos ubicamos en la carpeta del Sistema Contable B\u00e1sico y seleccionamos el archivo de la Empresa que deseamos abrir, en este caso Empresa1-2018 y pulsamos clic en abrir.<\/p>\n<p><span><a href=\"https:\/\/aplicaexcelcontable.com\/blog\/wp-content\/uploads\/2018\/03\/Abrir-una-empresa.png\" rel=\"\"><img decoding=\"async\" loading=\"lazy\" alt=\"\" width=\"630\" height=\"445\" title=\"Abrir una empresa\" data-id=\"34872\" src=\"\/\/aplicaexcelcontable.com\/blog\/wp-content\/uploads\/2018\/03\/Abrir-una-empresa.png\"><\/a><\/span><\/p>\n<p style=\"text-align: justify;\">Esperamos unos segundos y podr\u00e1s notar que el Sistema se abre con el nombre de la Empresa.<\/p>\n<p style=\"text-align: justify;\">Cada vez que guardes, debes de asegurarte que se selecciona el archivo, para poder reemplazar y guardar todos los cambios realizado en el archivo.<\/p>\n<p style=\"text-align: justify;\">Hasta aqu\u00ed con el tema de hoy, en el pr\u00f3ximo t\u00f3pico, vamos a ver los pasos de <strong>Como agregar o modificar tu Plan de Cuentas<\/strong>.<\/p>\n<p style=\"text-align: justify;\">Cualquier <span style=\"color: rgb(0, 0, 0);\"><a href=\"https:\/\/www.facebook.com\/AplicaExceContable\/\" target=\"_blank\" rel=\"noopener\">duda<\/a><\/span> o <a href=\"https:\/\/www.facebook.com\/AplicaExceContable\/\" target=\"_blank\" rel=\"noopener\">pregunta<\/a>, no dudes en escribirnos en el Chat o bien a <strong>rogerperezb@gmail.com<\/strong>.<\/p>\n<p style=\"text-align: justify;\">Te Saluda,<\/p>\n<p style=\"text-align: justify;\"><strong>Roger Perez &#8211; Aplica Excel Contable<\/strong><\/p>\n","protected":false},"excerpt":{"rendered":"<p>Como crear y abrir una Nueva Empresa En este art\u00edculo vamos a ver Como crear y abrir una Nueva Empresa. Para empezar a configurar una Contabilidad, debemos de crear el archivo correspondiente. Con este Sistema podr\u00e1s llevar la Contabilidad de M\u00faltiples Empresas, si brindas tus servicios como contador, esta opci\u00f3n te ser\u00e1 de mucha ayuda. [&hellip;]<\/p>\n","protected":false},"author":1,"featured_media":0,"parent":0,"menu_order":0,"comment_status":"closed","ping_status":"closed","template":"","meta":{"footnotes":""},"class_list":["post-34821","page","type-page","status-publish","hentry","post-wrapper","thrv_wrapper"],"_links":{"self":[{"href":"https:\/\/aplicaexcelcontable.com\/blog\/wp-json\/wp\/v2\/pages\/34821","targetHints":{"allow":["GET"]}}],"collection":[{"href":"https:\/\/aplicaexcelcontable.com\/blog\/wp-json\/wp\/v2\/pages"}],"about":[{"href":"https:\/\/aplicaexcelcontable.com\/blog\/wp-json\/wp\/v2\/types\/page"}],"author":[{"embeddable":true,"href":"https:\/\/aplicaexcelcontable.com\/blog\/wp-json\/wp\/v2\/users\/1"}],"replies":[{"embeddable":true,"href":"https:\/\/aplicaexcelcontable.com\/blog\/wp-json\/wp\/v2\/comments?post=34821"}],"version-history":[{"count":0,"href":"https:\/\/aplicaexcelcontable.com\/blog\/wp-json\/wp\/v2\/pages\/34821\/revisions"}],"wp:attachment":[{"href":"https:\/\/aplicaexcelcontable.com\/blog\/wp-json\/wp\/v2\/media?parent=34821"}],"curies":[{"name":"wp","href":"https:\/\/api.w.org\/{rel}","templated":true}]}}