{"id":34787,"date":"2018-03-04T21:35:47","date_gmt":"2018-03-05T03:35:47","guid":{"rendered":"https:\/\/aplicaexcelcontable.com\/blog\/?page_id=34787"},"modified":"2021-11-25T10:25:32","modified_gmt":"2021-11-25T16:25:32","slug":"funciones-generales-del-sistema","status":"publish","type":"page","link":"https:\/\/aplicaexcelcontable.com\/blog\/funciones-generales-del-sistema","title":{"rendered":"Funciones generales del Sistema"},"content":{"rendered":"<h2 style=\"text-align: center;\">Conociendo las funciones generales del Sistema<\/h2>\n<h2 style=\"text-align: center;\">Manual del usuario<strong><\/strong><\/h2>\n<p><span><\/span><\/p>\n<h4>Como instalar el Sistema<\/h4>\n<p>Visita el Siguiente enlace para ver el tema: <span style=\"color: rgb(0, 3, 8); background-color: rgb(249, 251, 6);\"><a href=\"https:\/\/aplicaexcelcontable.com\/blog\/instalar-el-sistema-contable-basico\"><strong>Clic aqu\u00ed&nbsp;para ver \u2192<\/strong><\/a><\/span><\/p>\n<p><span><\/span><\/p>\n<h4>Funciones Generales del Sistema<\/h4>\n<p>Visita el siguiente enlace para ver el tema 2: <span style=\"color: rgb(0, 2, 6); background-color: rgb(247, 249, 5);\"><a href=\"https:\/\/aplicaexcelcontable.com\/blog\/funciones-generales-del-sistema\"><strong>Clic aqu\u00ed&nbsp;para ver \u2192<\/strong><\/a><\/span><\/p>\n<p><span><\/span><\/p>\n<h4>Como crear y abrir una Empresa<\/h4>\n<p>Pulsa clic en el siguiente enlace, para ver el tema 3: <span style=\"color: rgb(0, 2, 4);\"><a href=\"https:\/\/aplicaexcelcontable.com\/blog\/como-crear-y-abrir-una-nueva-empresa\"><b><span style=\"background-color: rgb(249, 251, 5);\">Haz clic aqu\u00ed para ver \u2192<\/span><\/b><\/a><\/span><\/p>\n<p><span><\/span><\/p>\n<h4>Como personalizar tu Plan de Cuentas<\/h4>\n<p>Pulsa clic en el siguiente enlace para ver el tema 4: <span style=\"color: rgb(0, 3, 7);\"><a href=\"https:\/\/aplicaexcelcontable.com\/blog\/personalizar-tu-propio-plan-de-cuentas\"><strong><span style=\"background-color: rgb(247, 249, 3);\">Clic aqu\u00ed para ver \u2192<\/span><\/strong><\/a><\/span><\/p>\n<p><span><\/span><\/p>\n<h4>Como Actualizar las cuentas Contables<\/h4>\n<p>Pulsa en el siguiente enlace, para ver el tema 5: <span style=\"color: rgb(0, 3, 7);\"><a href=\"https:\/\/aplicaexcelcontable.com\/blog\/actualizar-las-cuentas-contables\"><strong><span style=\"background-color: rgb(245, 248, 9);\">Clic aqu\u00ed para ver \u2192<\/span><\/strong><\/a><\/span><\/p>\n<p><span><\/span><\/p>\n<h4>Como Agregar tus Saldos Iniciales<\/h4>\n<p>Pulsa en el siguiente enlace, para ver el tema 6: <span style=\"color: rgb(0, 3, 7);\"><a href=\"https:\/\/aplicaexcelcontable.com\/blog\/agregar-tu-balance-inicial\"><strong><span style=\"background-color: rgb(245, 248, 9);\">Clic aqu\u00ed para ver \u2192<\/span><\/strong><\/a><\/span><\/p>\n<p style=\"text-align: justify;\">En este art\u00edculo, te voy a compartir las funciones generales del Sistema contable b\u00e1sico.<\/p>\n<p style=\"text-align: justify;\">Pero antes, tengo una <span style=\"background-color: rgb(251, 251, 249);\">pregunta<\/span> para ti, ya viste el primer tema de como instalar el Sistema?<\/p>\n<p style=\"text-align: center;\"><strong>\u2192&nbsp;<a href=\"https:\/\/aplicaexcelcontable.com\/blog\/instalar-el-sistema-contable-basico\" style=\"outline: none;\"><span style=\"background-color: rgb(240, 251, 9);\">Haz clic aqu\u00ed para ver el tema 1<\/span><\/a>&nbsp;\u2192<\/strong><\/p>\n<p style=\"text-align: justify;\">Estas listo? Comencemos:<\/p>\n<p style=\"text-align: justify;\">Vamos a revisar todo lo que funciona en esta versi\u00f3n del Sistema Contable b\u00e1sico.<\/p>\n<p style=\"text-align: justify;\">Entonces, que es lo que funciona?<\/p>\n<p style=\"text-align: justify;\">De forma forma general veamos lo siguiente:<\/p>\n<p><span style=\"width: 100%;\"><a href=\"https:\/\/aplicaexcelcontable.com\/blog\/wp-content\/uploads\/2018\/03\/Funciones-generales.png\" rel=\"\"><img decoding=\"async\" loading=\"lazy\" alt=\"Funciones generales del Sistema\" width=\"589\" height=\"458\" title=\"Funciones generales\" data-id=\"34831\" src=\"\/\/aplicaexcelcontable.com\/blog\/wp-content\/uploads\/2018\/03\/Funciones-generales.png\" style=\"\"><\/a><\/span><\/p>\n<h2 style=\"text-align: center;\">Formularios de comprobantes o P\u00f3lizas<\/h2>\n<p style=\"text-align: justify;\">Los formularios de comprobantes que funcionan en esta versi\u00f3n son: Los comprobantes de Diario, Comprobantes de Egreso y comprobantes de Ingreso.<\/p>\n<p style=\"text-align: justify;\">Ahora, dentro de los formularios de comprobantes, hay tres botones que no est\u00e1n disponible para esta versi\u00f3n.<\/p>\n<p style=\"text-align: justify;\">Y me refiero a los botones: Nueva linea, Modificar y Control de Terceros.<\/p>\n<p><span><a href=\"https:\/\/aplicaexcelcontable.com\/blog\/wp-content\/uploads\/2018\/03\/Botones-Modificar-y-otros.png\" rel=\"\"><img decoding=\"async\" loading=\"lazy\" alt=\"Funciones generales del Sistema\" width=\"487\" height=\"235\" title=\"Botones Modificar y otros\" data-id=\"34835\" src=\"\/\/aplicaexcelcontable.com\/blog\/wp-content\/uploads\/2018\/03\/Botones-Modificar-y-otros.png\" data-width=\"487\" data-height=\"235\" data-init-width=\"487\" data-init-height=\"235\"><\/a><\/span><\/p>\n<h2 style=\"text-align: center;\"><strong><u>Manual del Usuario<\/u><\/strong><strong><u><\/u><u><strong><u><\/u><\/strong><\/u><\/strong><\/h2>\n<p><span><\/span><\/p>\n<h4>Como instalar el Sistema<\/h4>\n<p>Visita el Siguiente enlace para ver el tema: <span style=\"color: rgb(0, 3, 8); background-color: rgb(249, 251, 6);\"><a href=\"https:\/\/aplicaexcelcontable.com\/blog\/instalar-el-sistema-contable-basico\"><strong>Clic aqu\u00ed&nbsp;para ver \u2192<\/strong><\/a><\/span><\/p>\n<p><span><\/span><\/p>\n<h4>Funciones Generales del Sistema<\/h4>\n<p>Visita el siguiente enlace para ver el tema 2: <span style=\"color: rgb(0, 2, 6); background-color: rgb(247, 249, 5);\"><a href=\"https:\/\/aplicaexcelcontable.com\/blog\/funciones-generales-del-sistema\"><b>Clic aqu\u00ed&nbsp;para ver \u2192<\/b><\/a><\/span><\/p>\n<p><span><\/span><\/p>\n<h4>Como crear y abrir una Empresa<\/h4>\n<p>Pulsa clic en el siguiente enlace, para ver el tema 3: <span style=\"color: rgb(0, 2, 4);\"><a href=\"https:\/\/aplicaexcelcontable.com\/blog\/como-crear-y-abrir-una-nueva-empresa\"><b><span style=\"background-color: rgb(249, 251, 5);\">Haz clic aqu\u00ed para ver \u2192<\/span><\/b><\/a><\/span><\/p>\n<p><span><\/span><\/p>\n<h4>Como personalizar tu Plan de Cuentas<\/h4>\n<p>Pulsa clic en el siguiente enlace para ver el tema 4: <span style=\"color: rgb(0, 3, 7);\"><a href=\"https:\/\/aplicaexcelcontable.com\/blog\/personalizar-tu-propio-plan-de-cuentas\"><b><span style=\"background-color: rgb(247, 249, 3);\">Clic aqu\u00ed para ver \u2192<\/span><\/b><\/a><\/span><\/p>\n<p><span><\/span><\/p>\n<h4>Como Actualizar las cuentas Contables<\/h4>\n<p>Pulsa en el siguiente enlace, para ver el tema 5: <span style=\"color: rgb(0, 3, 7);\"><a href=\"https:\/\/aplicaexcelcontable.com\/blog\/actualizar-las-cuentas-contables\"><strong><span style=\"background-color: rgb(245, 248, 9);\">Clic aqu\u00ed para ver \u2192<\/span><\/strong><\/a><\/span><\/p>\n<p><span><\/span><\/p>\n<h4>Como Agregar tus Saldos Iniciales<\/h4>\n<p>Pulsa en el siguiente enlace, para ver el tema 6: <span style=\"color: rgb(0, 3, 7);\"><a href=\"https:\/\/aplicaexcelcontable.com\/blog\/agregar-tu-balance-inicial\"><strong><span style=\"background-color: rgb(245, 248, 9);\">Clic aqu\u00ed para ver \u2192<\/span><\/strong><\/a><\/span><\/p>\n<p><span><\/span><\/p>\n<h4>Como crear una P\u00f3liza de Ingreso<\/h4>\n<p>Pulsa en el siguiente enlace, para ver el tema 7: <span style=\"color: rgb(0, 3, 7);\"><a href=\"https:\/\/aplicaexcelcontable.com\/blog\/crear-un-comprobante-de-ingreso\"><strong><span style=\"background-color: rgb(245, 248, 9);\">Clic aqu\u00ed para ver \u2192<\/span><\/strong><\/a><\/span><\/p>\n<p><span><\/span><\/p>\n<h4>Como crear una P\u00f3liza de Egreso<\/h4>\n<p>Pulsa en el siguiente enlace, para ver el tema 8: <span style=\"color: rgb(0, 3, 7);\"><a href=\"https:\/\/aplicaexcelcontable.com\/blog\/crear-un-comprobante-de-egreso\"><strong><span style=\"background-color: rgb(245, 248, 9);\">Clic aqu\u00ed para ver \u2192<\/span><\/strong><\/a><\/span><\/p>\n<p><span><\/span><\/p>\n<h4>Como crear una P\u00f3liza de Diario<\/h4>\n<p>Pulsa en el siguiente enlace, para ver el tema 9: <span style=\"color: rgb(0, 3, 7);\"><a href=\"https:\/\/aplicaexcelcontable.com\/blog\/crear-un-comprobante-de-diario\"><strong><span style=\"background-color: rgb(245, 248, 9);\">Clic aqu\u00ed para ver \u2192<\/span><\/strong><\/a><\/span><\/p>\n<p style=\"text-align: justify;\">Un formulario adicional necesario que estar\u00e1 disponible para ti es el Formulario para agregar tus saldos iniciales:<\/p>\n<p><span><a href=\"https:\/\/aplicaexcelcontable.com\/blog\/wp-content\/uploads\/2018\/03\/Formulario-Saldos-Iniciales.png\" rel=\"\"><img decoding=\"async\" loading=\"lazy\" alt=\"\" width=\"620\" height=\"125\" title=\"Formulario Saldos Iniciales\" data-id=\"34840\" src=\"\/\/aplicaexcelcontable.com\/blog\/wp-content\/uploads\/2018\/03\/Formulario-Saldos-Iniciales.png\" data-width=\"620\" data-height=\"125\" data-init-width=\"620\" data-init-height=\"125\" data- data-init-><\/a><\/span><\/p>\n<p style=\"text-align: justify;\">Ahora veamos:<\/p>\n<h2 style=\"text-align: center;\">Libros que Funcionan en el Sistema<\/h2>\n<p style=\"text-align: justify;\">Que libros funcionan en el sistema contable b\u00e1sico?<\/p>\n<p style=\"text-align: justify;\">Dentro de este tendr\u00e1s disponible el Libro Diario y el Libro Mayor, tambi\u00e9n tendr\u00e1s disponible el Balance de comprobaci\u00f3n:<\/p>\n<p><span><a href=\"https:\/\/aplicaexcelcontable.com\/blog\/wp-content\/uploads\/2018\/03\/Libros-que-Funcionan.png\" rel=\"\"><img decoding=\"async\" loading=\"lazy\" alt=\"\" width=\"453\" height=\"219\" title=\"Libros que Funcionan\" data-id=\"34845\" src=\"\/\/aplicaexcelcontable.com\/blog\/wp-content\/uploads\/2018\/03\/Libros-que-Funcionan.png\" data-width=\"453\" data-height=\"219\" data-init-width=\"453\" data-init-height=\"219\" data- data-init-><\/a><\/span><\/p>\n<p style=\"text-align: justify;\">Y antes de terminar con la presentaci\u00f3n de las funciones que tienes disponible en este Sistema.<\/p>\n<p style=\"text-align: justify;\">vamos a revisar r\u00e1pidamente lo que funcionan en:<\/p>\n<h2 style=\"text-align: center;\">La pesta\u00f1a Contabilidad<\/h2>\n<p style=\"text-align: justify;\">En primer lugar, para explicarte lo que funciona en esta pesta\u00f1a, debemos de recordar todo lo que te compartir en los segundos anteriores.<\/p>\n<p style=\"text-align: justify;\">Dentro de este, tendras disponible el acceso a los Formularios de comprobantes de Diario, Ingresos, egresos, como pudimos ver, tambien podemos regresar a menu f\u00e1cilmente.<\/p>\n<p style=\"text-align: justify;\">Tambi\u00e9n, tenemos acceso al Plan Contable, Mayor, Balance y Diario.<\/p>\n<p><span><a href=\"https:\/\/aplicaexcelcontable.com\/blog\/wp-content\/uploads\/2018\/03\/Menu-Contable.png\" rel=\"\"><img decoding=\"async\" loading=\"lazy\" alt=\"\" width=\"623\" height=\"99\" title=\"Menu Contable\" data-id=\"34849\" src=\"\/\/aplicaexcelcontable.com\/blog\/wp-content\/uploads\/2018\/03\/Menu-Contable.png\" data-width=\"623\" data-height=\"99\" data-init-width=\"623\" data-init-height=\"99\" data- data-init-><\/a><\/span><\/p>\n<p style=\"text-align: justify;\">En conclusi\u00f3n, con el Sistema Contable b\u00e1sico, podr\u00e1s generar tus comprobantes de Diario, Ingresos y egresos, guardarlos al Diario y Generar las cuentas Mayores y el Balance de comprobaci\u00f3n.<\/p>\n<p style=\"text-align: justify;\">Est\u00e1s listo para iniciar?<\/p>\n<p style=\"text-align: justify;\">En el pr\u00f3ximo video, vamos a ver <strong>Como crear una nueva empresa en el sistema contable b\u00e1sico<\/strong>.<\/p>\n<p style=\"text-align: justify;\">Cualquier duda o <a href=\"https:\/\/www.facebook.com\/AplicaExceContable\/\" target=\"_blank\" rel=\"noopener\">pregunta<\/a>, tan solo escr\u00edbenos en el chat o bien a rogerperezb@gmail.com.<\/p>\n<p style=\"text-align: justify;\">Saludos,<\/p>\n<p style=\"text-align: justify;\"><strong>Roger Perez &#8211; Aplica Excel Contable<\/strong><\/p>\n","protected":false},"excerpt":{"rendered":"<p>Conociendo las funciones generales del Sistema Manual del usuario Como instalar el Sistema Visita el Siguiente enlace para ver el tema: Clic aqu\u00ed&nbsp;para ver \u2192 Funciones Generales del Sistema Visita el siguiente enlace para ver el tema 2: Clic aqu\u00ed&nbsp;para ver \u2192 Como crear y abrir una Empresa Pulsa clic en el siguiente enlace, para [&hellip;]<\/p>\n","protected":false},"author":1,"featured_media":0,"parent":0,"menu_order":0,"comment_status":"closed","ping_status":"closed","template":"","meta":{"footnotes":""},"class_list":["post-34787","page","type-page","status-publish","hentry","post-wrapper","thrv_wrapper"],"_links":{"self":[{"href":"https:\/\/aplicaexcelcontable.com\/blog\/wp-json\/wp\/v2\/pages\/34787","targetHints":{"allow":["GET"]}}],"collection":[{"href":"https:\/\/aplicaexcelcontable.com\/blog\/wp-json\/wp\/v2\/pages"}],"about":[{"href":"https:\/\/aplicaexcelcontable.com\/blog\/wp-json\/wp\/v2\/types\/page"}],"author":[{"embeddable":true,"href":"https:\/\/aplicaexcelcontable.com\/blog\/wp-json\/wp\/v2\/users\/1"}],"replies":[{"embeddable":true,"href":"https:\/\/aplicaexcelcontable.com\/blog\/wp-json\/wp\/v2\/comments?post=34787"}],"version-history":[{"count":0,"href":"https:\/\/aplicaexcelcontable.com\/blog\/wp-json\/wp\/v2\/pages\/34787\/revisions"}],"wp:attachment":[{"href":"https:\/\/aplicaexcelcontable.com\/blog\/wp-json\/wp\/v2\/media?parent=34787"}],"curies":[{"name":"wp","href":"https:\/\/api.w.org\/{rel}","templated":true}]}}