{"id":31992,"date":"2018-01-24T06:00:46","date_gmt":"2018-01-24T12:00:46","guid":{"rendered":"https:\/\/aplicaexcelcontable.com\/blog\/?page_id=31992"},"modified":"2024-11-28T22:21:41","modified_gmt":"2024-11-29T04:21:41","slug":"buscar-y-extraer-datos-duplicados-en-excel","status":"publish","type":"page","link":"https:\/\/aplicaexcelcontable.com\/blog\/buscar-y-extraer-datos-duplicados-en-excel","title":{"rendered":"Buscar y extraer datos Duplicados en Excel"},"content":{"rendered":"<h1 style=\"text-align: center;\">Como buscar y extraer Datos Duplicados en Excel<\/h1>\n<p style=\"text-align: justify;\">Comencemos con el video de como <strong>Buscar y extraer Datos Duplicados en Excel<\/strong> paso a paso:<\/p>\n<p><span style=\"width: 100%;\"><a href=\"https:\/\/aplicaexcelcontable.com\/blog\/wp-content\/uploads\/2017\/11\/Buscar-y-extraer-datos-duplicados.xlsx\"><img decoding=\"async\" alt=\"buscar y extraer datos duplicados en excel\" width=\"64\" height=\"64\" title=\"33290234771_090c549156_s.jpg\" src=\"\/\/farm3.staticflickr.com\/2818\/33290234771_090c549156_s.jpg\" style=\"\" loading=\"lazy\"><\/a><\/span><\/p>\n<h1><a href=\"https:\/\/aplicaexcelcontable.com\/blog\/wp-content\/uploads\/2017\/11\/Buscar-y-extraer-datos-duplicados.xlsx\" style=\"outline: none;\">Haz clic aqu\u00ed para Descargar el Archivo<\/a><\/h1>\n<p><strong>Haz clic en el enlace o bien en la imagen para descargar el archivo de los pasos de Buscar y extraer Datos en Excel.<\/strong><\/p>\n<p style=\"text-align: justify;\">Bienvenido al video 4 del Mini Curso de Formulas Excel SI.<\/p>\n<p style=\"text-align: justify;\">Antes de comenzar te invito a que veas el video anterio, \u00ab<a href=\"https:\/\/aplicaexcelcontable.com\/blog\/resumir-datos-con-formulas-excel\" style=\"outline: none;\"><strong><span>Como resumir datos con Formulas Excel CONTAR.SI y SUMAR.SI<\/span><\/strong><\/a>\u00ab.<\/p>\n<p style=\"text-align: justify;\">Comencemos:<\/p>\n<p style=\"text-align: justify;\">Te gustar\u00eda aprender a buscar y extraer datos duplicados?<\/p>\n<p style=\"text-align: justify;\">Las formulas Excel te pueden ayudar a extraer datos duplicados de un cliente o bien de una transacci\u00f3n.<\/p>\n<p style=\"text-align: justify;\">Hola soy Roger Perez y en este video voy a compartirte los pasos de Como buscar y extraer datos duplicados paso a paso.<\/p>\n<p style=\"text-align: justify;\">Est\u00e1s listo para ver los pasos de este nuevo truco?<\/p>\n<p style=\"text-align: justify;\">Comencemos:<\/p>\n<h2 style=\"text-align: center;\">Pasos para Buscar y extraer datos Duplicados en Excel<\/h2>\n<p style=\"text-align: justify;\">Para poder compartirte los pasos y llevarte directamente a la pr\u00e1ctica, he preparado un archivo excel para ti, te invito a que descargues el archivo, te he dejado el enlace justo debajo de este video en la secci\u00f3n de descripciones.<\/p>\n<p style=\"text-align: justify;\">Pausa este video y descarga el archivo.<\/p>\n<p style=\"text-align: justify;\">Muy bien, ya lo descargaste?<\/p>\n<p style=\"text-align: justify;\">Ahora, tan solo abre el archivo y activalo, dentro de este podr\u00e1s ver dos tablas que ya contienen datos.<\/p>\n<p style=\"text-align: justify;\">En este caso, voy a explicarte un caso muy particular que sucede muy a menudo y me refiero a una gran cantidad de duplicados.<\/p>\n<p style=\"text-align: justify;\">Por ejemplo, los datos como el numero de telefono del cliente que ha crecido a lo largo de un per\u00edodo de tiempo con nuevos n\u00fameros a\u00f1adidos en la parte inferior de la lista.<\/p>\n<p style=\"text-align: justify;\">Con n\u00fameros diferentes de un cliente, agregados de uno hasta cinco veces durante el periodo.<\/p>\n<p style=\"text-align: justify;\">Por lo tanto, podr\u00eda ser f\u00e1cil encontrar el primer n\u00famero del cliente, pero encontrar el segundo, tercero, cuarto o el en\u00e9simo n\u00famero ser\u00eda complicado.<\/p>\n<p style=\"text-align: justify;\">Pero hay uno soluci\u00f3n y se puede lograr mediante una combinaci\u00f3n de las Formulas Excel CONTAR.SI y BUSCARV<\/p>\n<p style=\"text-align: justify;\">Podemos Buscar una en\u00e9sima aparici\u00f3n de una lista utilizando la combinaci\u00f3n de estas dos formula.<\/p>\n<p style=\"text-align: justify;\">Entonces, veamos los pasos a seguir:<\/p>\n<h1 style=\"text-align: center;\">Formulas para Buscar y extraer datos Duplicados en Excel<\/h1>\n<p style=\"text-align: justify;\"><span style=\"color: rgb(0, 0, 0);\">En primer lugar, vamos a insertar una columna en la segunda tabla \u201cTelefonos de Clientes\u201d, para eso sigamos los siguientes pasos:<\/span><\/p>\n<p style=\"text-align: justify;\"><span style=\"color: rgb(0, 0, 0);\">Nos ubicamos en la celda G6 e insertamos una columna.<\/span><\/p>\n<p style=\"text-align: justify;\"><span style=\"color: rgb(0, 0, 0);\">En seguida, nombramos la columna como \u201cClientes1\u201d.<\/span><\/p>\n<p style=\"text-align: justify;\"><span style=\"color: rgb(0, 0, 0);\">Muy bien, ahora seleccionamos la celda G6 y escribimos la siguiente formula:<\/span><\/p>\n<p style=\"text-align: justify;\"><span style=\"color: rgb(0, 0, 0);\"><strong>=F6&amp;CONTAR.SI(F6:F26;F6) y pulsamos enter.<\/strong><\/span><\/p>\n<p style=\"text-align: justify;\"><span style=\"color: rgb(0, 0, 0);\">Esta formula te mostrara el n\u00famero de duplicados al final de cada nombre.<\/span><\/p>\n<p style=\"text-align: justify;\"><span style=\"color: rgb(0, 0, 0);\">Por lo tanto, el primer carlos Matuto se comvertira en Carlos Matute1, el segundo en 2 y asi hasta las veces de repeticiones existente en la lista.<\/span><\/p>\n<p style=\"text-align: justify;\"><span>Ahora veamos la formula que <\/span>nos facilitara extraer los numeros telefonicos de un cliente.<\/p>\n<h1 style=\"text-align: center;\">Formula para extraer los N\u00fameros Telef\u00f3nicos<\/h1>\n<p style=\"text-align: justify;\">A continuaci\u00f3n vamos a preparar la Tabla de B\u00fasqueda, donde vamos a extraer y mostrar los datos.<\/p>\n<p style=\"text-align: justify;\">Para eso, seleccionamos la celda C7 y escribimos la siguiente f\u00f3rmula:&nbsp;<\/p>\n<p><span><img decoding=\"async\" alt=\"buscar y extraer datos duplicados en excel\" width=\"438\" height=\"44\" title=\"Formulas\" data-id=\"32079\" src=\"\/\/aplicaexcelcontable.com\/blog\/wp-content\/uploads\/2018\/01\/Formulas.png\" data-width=\"438\" data-height=\"44\" data-init-width=\"438\" data-init-height=\"44\" loading=\"lazy\" style=\"aspect-ratio: auto 438 \/ 44;\"><\/span><\/p>\n<p style=\"text-align: justify;\">y pulsamos Enter.<\/p>\n<p style=\"text-align: justify;\">En seguida, seleccionamos de la C7 hasta la C10 y rellenamos la formula hacia abajo.<\/p>\n<p style=\"text-align: justify;\">Dentro de este, lo unico que cambiaremos es el numero 1 que esta entre comilla, segun el numero de repeticion del cliente.<\/p>\n<p style=\"text-align: justify;\">Por ejemplo en el numero 2, sustituimos 1 por 2 y nos quedara la formula de la siguiente manera:<\/p>\n<p><span><img decoding=\"async\" alt=\"buscar y extraer datos duplicados en excel\" width=\"438\" height=\"44\" title=\"Formulas Excel\" data-id=\"32080\" src=\"\/\/aplicaexcelcontable.com\/blog\/wp-content\/uploads\/2018\/01\/Formulas-Excel.png\" data-width=\"438\" data-height=\"44\" data-init-width=\"438\" data-init-height=\"44\" loading=\"lazy\" style=\"aspect-ratio: auto 438 \/ 44;\"><\/span><\/p>\n<p style=\"text-align: justify;\">Y de igual forma para el 3 y el 4.<\/p>\n<p style=\"text-align: justify;\">Si ya lo tienes listo, ahora nos ubicamos en la celda C5 y seleccionamos un nombre de la lista desplegable.<\/p>\n<p style=\"text-align: justify;\">Pulsa clic aqu\u00ed para ver Como Crear una Lista Desplegable.<\/p>\n<p style=\"text-align: justify;\">Puedes notar que se muestra todos los n\u00fameros telef\u00f3nicos del cliente.<\/p>\n<p style=\"text-align: justify;\">Ahora, si seleccionamos el siguiente, puedes notar que se muestra todos los numeros del cliente, pero en el 4 se muestra un error de formula.<\/p>\n<p style=\"text-align: justify;\">Esto se debe a que este numero no existe, solo tenemos tres numeros de telefonos del cliente dentro de la lista.<\/p>\n<p style=\"text-align: justify;\">Pero tengo buenas noticias para ti, este error lo puedes controlar f\u00e1cilmente con formato condicional, para eso visita el enlace que te he dejado en la secci\u00f3n de descripciones de este video, donde podr\u00e1s ver:<\/p>\n<p style=\"text-align: justify;\">Como ocultar errores de formula con formato condicional.<\/p>\n<p style=\"text-align: justify;\">Nos vemos en el proximo video donde vamos a ver \u00ab<strong>Como reducir la repetici\u00f3n de la Funcion SI en las F\u00f3rmulas<\/strong>\u00ab.<\/p>\n<p style=\"text-align: justify;\">Te Saluda,<\/p>\n<p style=\"text-align: justify;\"><strong>Roger Perez &#8211; Aplica Excel Contable<\/strong><\/p>\n<h1><strong>S\u00edguenos en:<\/strong><\/h1>\n<p><a href=\"https:\/\/www.facebook.com\/aplicaexcecontable\" target=\"_blank\" rel=\"  noopener\"><\/a><a href=\"http:\/\/www.youtube.com\/user\/excelycontabilidad?sub_confirmation=1\" target=\"_blank\" rel=\"  noopener\"><\/a><\/p>\n<h1 style=\"text-align: center;\"><a href=\"https:\/\/aplicaexcelcontable.com\/blog\/presentacionscv5\" style=\"outline: none;\">Sistema Contable Avanzado<\/a><\/h1>\n<p><span style=\"width: 100%;\"><a href=\"https:\/\/aplicaexcelcontable.com\/blog\/presentacionscv5\"><img decoding=\"async\" alt=\"Como acelerar el codigo\" width=\"431\" height=\"214\" title=\"Sistema Contable V5.0\" data-id=\"25779\" src=\"\/\/aplicaexcelcontable.com\/blog\/wp-content\/uploads\/2017\/06\/Sistema-Contable-V5.0.png\" style=\"\" loading=\"lazy\"><\/a><\/span><\/p>\n<ul>\n<li><span>Genera 5 tipos de comprobantes .<\/span><\/li>\n<li><span>Genera tus reportes Contables<\/span><\/li>\n<li><span>Extrae tus cuentas de Mayores con un clic<\/span><\/li>\n<li><span>Genera estado de cuenta por clientes<\/span><\/li>\n<li><span>Genera estado de Cuenta por Proveedores<\/span><\/li>\n<\/ul>\n","protected":false},"excerpt":{"rendered":"<p>Como buscar y extraer Datos Duplicados en Excel Comencemos con el video de como Buscar y extraer Datos Duplicados en Excel paso a paso: Haz clic aqu\u00ed para Descargar el Archivo Haz clic en el enlace o bien en la imagen para descargar el archivo de los pasos de Buscar y extraer Datos en Excel. [&hellip;]<\/p>\n","protected":false},"author":1,"featured_media":0,"parent":0,"menu_order":0,"comment_status":"open","ping_status":"closed","template":"","meta":{"footnotes":""},"class_list":["post-31992","page","type-page","status-publish","hentry","post-wrapper","thrv_wrapper"],"_links":{"self":[{"href":"https:\/\/aplicaexcelcontable.com\/blog\/wp-json\/wp\/v2\/pages\/31992","targetHints":{"allow":["GET"]}}],"collection":[{"href":"https:\/\/aplicaexcelcontable.com\/blog\/wp-json\/wp\/v2\/pages"}],"about":[{"href":"https:\/\/aplicaexcelcontable.com\/blog\/wp-json\/wp\/v2\/types\/page"}],"author":[{"embeddable":true,"href":"https:\/\/aplicaexcelcontable.com\/blog\/wp-json\/wp\/v2\/users\/1"}],"replies":[{"embeddable":true,"href":"https:\/\/aplicaexcelcontable.com\/blog\/wp-json\/wp\/v2\/comments?post=31992"}],"version-history":[{"count":0,"href":"https:\/\/aplicaexcelcontable.com\/blog\/wp-json\/wp\/v2\/pages\/31992\/revisions"}],"wp:attachment":[{"href":"https:\/\/aplicaexcelcontable.com\/blog\/wp-json\/wp\/v2\/media?parent=31992"}],"curies":[{"name":"wp","href":"https:\/\/api.w.org\/{rel}","templated":true}]}}