{"id":31408,"date":"2018-01-15T17:50:55","date_gmt":"2018-01-15T23:50:55","guid":{"rendered":"https:\/\/aplicaexcelcontable.com\/blog\/?page_id=31408"},"modified":"2024-01-17T08:56:58","modified_gmt":"2024-01-17T14:56:58","slug":"sumar-filas-y-columnas-alternativas","status":"publish","type":"page","link":"https:\/\/aplicaexcelcontable.com\/blog\/sumar-filas-y-columnas-alternativas","title":{"rendered":"Sumar filas y columnas alternativas"},"content":{"rendered":"<h1 style=\"text-align: center;\" id=\"t-1698346952670\">Como Sumar filas y Columnas Alternativas<\/h1>\n<p style=\"text-align: justify;\">Comencemos con el video de \u00abComo <strong>Sumar filas y columnas Alternativas<\/strong>\u00bb paso a paso:<\/p>\n<p><a href=\"https:\/\/aplicaexcelcontable.com\/blog\/wp-content\/uploads\/2017\/11\/Archivo-de-Practica-Sumar-Filas-y-columnas.xlsx\" target=\"_blank\" rel=\"noopener\"><\/a><\/p>\n<p style=\"text-align: center;\"><a href=\"https:\/\/aplicaexcelcontable.com\/blog\/wp-content\/uploads\/2017\/11\/Archivo-de-Practica-Sumar-Filas-y-columnas.xlsx\" target=\"_blank\" style=\"outline: none;\" rel=\"noopener\"><em><strong>Haz clic para descargar el archivo excel<\/strong><\/em><\/a><\/p>\n<p style=\"\">Pulsa clic en el enlace o bien en la imagen de excel para descargar el archivo de practica.<\/p>\n<p style=\"text-align: justify;\">Bienvenidos al Mini curso de Formulas Excel \u201cSi\u201d.<\/p>\n<p style=\"text-align: justify;\">Te gustarias aprender a sumar filas y columnas alternativas para extraer tus datos de venta?<\/p>\n<p style=\"text-align: justify;\">Podemos sumar valores segun una condicion dada, ya sea por regi\u00f3n, sucursal, tipo de producto, grupo de producto y mucho mas.<\/p>\n<p style=\"text-align: justify;\">Hola soy Roger Perez y te doy la mas cordial bienvenida al Mini curso de Formulas Excel SI.<\/p>\n<p style=\"text-align: justify;\">En este primer video del mini Curso de Formulas Excel \u201cSI\u201d, voy a compartirte los pasos de como Sumar Filas y Columnas Alternativas paso a paso.<\/p>\n<p style=\"text-align: justify;\">Estas listo?<\/p>\n<p style=\"text-align: justify;\">Comencemos:<\/p>\n<h2 style=\"text-align: center;\" id=\"t-1698346952661\">Pasos para Sumar filas y Columnas Alternativas<\/h2>\n<p style=\"text-align: justify;\">Para poder compartirte los pasos y llevarte directamente a la practica, he preparado un archivo excel para ti, te invito a que lo descargues pulsando clic en el enlace que te he dejado justo debajo de este video en la secci\u00f3n de Descripciones.<\/p>\n<p style=\"text-align: justify;\">Pausa este video y <a href=\"#descarga\" style=\"outline: none;\"><strong>descargalo<\/strong><\/a>.<\/p>\n<p style=\"text-align: justify;\">Muy bien, ya lo descargaste?<\/p>\n<p style=\"text-align: justify;\">Ahora, vamos a ver los pasos espec\u00edficos para sumar filas y columnas.<\/p>\n<p style=\"text-align: justify;\">Por lo tanto, de los datos de Ventas en el archivo, vamos a extraer las siguientes sumas:<\/p>\n<ul>\n<li><span>La Suma de Ventas por Regi\u00f3n<\/span><\/li>\n<li><span>La suma de Ventas por Productos<\/span><\/li>\n<li><span>Y la suma de ventas por grupo de Productos<\/span><\/li>\n<\/ul>\n<p style=\"text-align: justify;\">Veamos el primer punto:<\/p>\n<h2 style=\"text-align: center;\" id=\"t-1698346952662\">Como Sumar las ventas por Regi\u00f3n<\/h2>\n<p style=\"text-align: justify;\">En primer lugar, debemos de determinar en cu\u00e1ntas regiones se han realizado las ventas.En este caso son tres regiones: sur, norte y central.Y para extraer la suma de ventas por cada region, vamos a utilizar la funcion SUMAR.SI de excel.Veamos:<\/p>\n<h2 style=\"text-align: center;\" id=\"t-1698346952663\">Como sumar las ventas de la Regi\u00f3n Sur<\/h2>\n<p style=\"text-align: justify;\">Para eso vamos a utilizar la siguiente formula:<\/p>\n<p style=\"text-align: justify;\"><strong>=SUMAR.SI(F6:F20;\u00bbSUR\u00bb;G6:G20)<\/strong><\/p>\n<p style=\"text-align: justify;\">Y pulsamos enter.<\/p>\n<p style=\"text-align: justify;\">En seguida, puedes notar que autom\u00e1ticamente te extrae solo el valor de las ventas correspondientes a la regi\u00f3n Sur.<\/p>\n<p style=\"text-align: justify;\">Continuamos con las siguientes regiones, para eso utilizaremos la misma f\u00f3rmula, con la \u00fanica variaci\u00f3n de los criterios.<\/p>\n<h2 style=\"text-align: center;\" id=\"t-1698346952664\">Como sumar las ventas de la Regi\u00f3n Norte<\/h2>\n<p style=\"text-align: justify;\">Para sumar las ventas de la regi\u00f3n norte, vamos a utilizar la siguiente f\u00f3rmula:<\/p>\n<p style=\"text-align: justify;\"><strong>=SUMAR.SI(F6:F20;\u00bbNORTE\u00bb;G6:G20)<\/strong><\/p>\n<p style=\"text-align: justify;\">Y pulsamos enter.<\/p>\n<p style=\"text-align: justify;\">En seguida puedes notar que ya tenemos el total de ventas en la region norte.<\/p>\n<p style=\"text-align: justify;\">Ahora veamos:<\/p>\n<h2 style=\"text-align: center;\" id=\"t-1698346952665\">Como sumar las ventas de la Regi\u00f3n Central<\/h2>\n<p style=\"text-align: justify;\">Para sumar las ventas de la regi\u00f3n Central, vamos a utilizar la siguiente f\u00f3rmula:<\/p>\n<p style=\"text-align: justify;\"><strong>=SUMAR.SI(F6:F20;\u00bbCENTRAL\u00bb;G6:G20)<\/strong><\/p>\n<p style=\"text-align: justify;\">Y pulsamos enter, con estos pasos hemos extra\u00eddo la suma de ventas para cada regi\u00f3n.<\/p>\n<p style=\"text-align: justify;\">Ahora continuamos con la suma de los tipos de Productos.<\/p>\n<h2 style=\"text-align: center;\" id=\"t-1698346952666\">Como Sumar ventas por Producto<\/h2>\n<p style=\"text-align: justify;\">Para comenzar, debemos de verificar cu\u00e1ntos tipos d productos tenemos.<\/p>\n<p style=\"text-align: justify;\">En este caso solo tenemos tres productos y vamos a extraer el totalmente de ventas para cada producto.<\/p>\n<p style=\"text-align: justify;\">Veamos:<\/p>\n<h2 style=\"text-align: center; color: rgb(0, 7, 8) !important; --tcb-applied-color: rgb(0, 7, 8) !important;\" id=\"t-1698346952667\"><strong>Como sumar las Ventas del Producto Laptop HP<\/strong><\/h2>\n<p style=\"text-align: justify;\"><strong><\/strong>Para sumar la venta de todos los productos Laptop Hp, vamos a utilizar la siguiente formula:<\/p>\n<p style=\"text-align: justify;\"><strong>=SUMAR.SI(D6:D20;\u00bbLAPTOP HP\u00bb;G6:G20)<\/strong><\/p>\n<p style=\"text-align: justify;\">Y pulsamos enter para validar la formula, puedes notar que ahora se muestra el total de ventas del producto LAPTOP HP.<\/p>\n<p style=\"text-align: justify;\">Ahora, continuamos con la suma del segundo producto.<\/p>\n<h2 style=\"text-align: center; color: rgb(0, 9, 11) !important; --tcb-applied-color: rgb(0, 9, 11) !important;\" id=\"t-1698346952668\"><strong>Como sumar Ventas del Producto MODEM<\/strong><\/h2>\n<p style=\"text-align: justify;\">Para sumar la venta de todos los productos MODEM, vamos a utilizar la siguiente formula:<\/p>\n<p style=\"text-align: justify;\"><strong>=SUMAR.SI(D6:D20;\u00bbMODEM\u00bb;G6:G20)<\/strong><\/p>\n<p style=\"text-align: justify;\">Y pulsamos enter, puedes notar que hemos extra\u00eddo el total de ventas del producto MODEM.<\/p>\n<p style=\"text-align: justify;\">Ahora, vamos a extraer la suma de ventas del tercer producto:<\/p>\n<h2 style=\"text-align: center;\" id=\"t-1698346952669\"><strong>Como sumar Ventas del Producto TEL. CELULAR<\/strong><\/h2>\n<p style=\"text-align: justify;\">Para sumar la venta de tdos los productos CELULAR, vamos a utilizar la siguiente formula:<\/p>\n<p style=\"text-align: justify;\"><strong>=SUMAR.SI(D6:D20;\u00bbTEL. CELULAR\u00bb;G6:G20)<\/strong><\/p>\n<p style=\"text-align: justify;\">Y pulsamos enter, puedes notar que hemos extra\u00eddo el total de ventas del producto TEL. CELULAR.<\/p>\n<p style=\"text-align: justify;\">Que tal tu avance hasta este punto?<\/p>\n<p style=\"text-align: justify;\">Ahora vamos a continuar con la suma de ventas por Grupo de productos.Pero que tal si te dejamos este paso como una tarea?<\/p>\n<p style=\"text-align: justify;\">Ya tienes una tarea que presentar, lo \u00fanico que debes de hacer es calcular el total de ventas por cada grupo de Productos.<\/p>\n<p style=\"text-align: justify;\">Por lo tanto, cuando todo este listo, puedes enviarme tu tarea a <strong>rogerperezb@gmail.com<\/strong>.<\/p>\n<p style=\"text-align: justify;\">Nos vemos en el pr\u00f3ximo video, donde vamos a ver: \u00ab<strong>Como contar repeticiones de un elemento<\/strong>\u00ab.<\/p>\n<p style=\"text-align: justify;\">Saludos,<\/p>\n<p style=\"text-align: justify;\"><strong>Roger Perez &#8211; Aplica Excel Contable<\/strong><\/p>\n<p id=\"t-1698346952672\" style=\"\"><strong>S\u00edguenos en:<\/strong><\/p>\n<p><a href=\"https:\/\/www.facebook.com\/aplicaexcecontable\" target=\"_blank\" rel=\"noopener\"><\/a><a href=\"http:\/\/www.youtube.com\/user\/excelycontabilidad?sub_confirmation=1\" target=\"_blank\" rel=\"noopener\"><\/a><\/p>\n<p id=\"t-1698346952673\" style=\"text-align: center;\"><strong>76 Formulas Excel Aplicados<\/strong><\/p>\n<p><span style=\"width: 100%;\"><a href=\"https:\/\/gum.co\/wYmGe\" target=\"_blank\" rel=\"noopener\"><img loading=\"lazy\" decoding=\"async\" alt=\"Sumar filas y columnas alternativas\" width=\"276\" height=\"181\" title=\"8c320f1ed9a9fabfa47f82f19eb77641.png\" src=\"\/\/i.pinimg.com\/originals\/8c\/32\/0f\/8c320f1ed9a9fabfa47f82f19eb77641.png\" style=\"\"><\/a><\/span><\/p>\n<p style=\"text-align: center;\"><strong>Formulas Excel &#8211; totalmente Aplicado<\/strong><\/p>\n<p style=\"text-align: center;\"><strong>\u00abLa manera mas r\u00e1pida de aprender las Formulas de Excel\u00bb<\/strong><\/p>\n","protected":false},"excerpt":{"rendered":"<p>Como Sumar filas y Columnas Alternativas Comencemos con el video de \u00abComo Sumar filas y columnas Alternativas\u00bb paso a paso: Haz clic para descargar el archivo excel Pulsa clic en el enlace o bien en la imagen de excel para descargar el archivo de practica. Bienvenidos al Mini curso de Formulas Excel \u201cSi\u201d. Te gustarias [&hellip;]<\/p>\n","protected":false},"author":1,"featured_media":0,"parent":0,"menu_order":0,"comment_status":"open","ping_status":"closed","template":"","meta":{"footnotes":""},"class_list":["post-31408","page","type-page","status-publish","hentry","post-wrapper","thrv_wrapper"],"_links":{"self":[{"href":"https:\/\/aplicaexcelcontable.com\/blog\/wp-json\/wp\/v2\/pages\/31408","targetHints":{"allow":["GET"]}}],"collection":[{"href":"https:\/\/aplicaexcelcontable.com\/blog\/wp-json\/wp\/v2\/pages"}],"about":[{"href":"https:\/\/aplicaexcelcontable.com\/blog\/wp-json\/wp\/v2\/types\/page"}],"author":[{"embeddable":true,"href":"https:\/\/aplicaexcelcontable.com\/blog\/wp-json\/wp\/v2\/users\/1"}],"replies":[{"embeddable":true,"href":"https:\/\/aplicaexcelcontable.com\/blog\/wp-json\/wp\/v2\/comments?post=31408"}],"version-history":[{"count":0,"href":"https:\/\/aplicaexcelcontable.com\/blog\/wp-json\/wp\/v2\/pages\/31408\/revisions"}],"wp:attachment":[{"href":"https:\/\/aplicaexcelcontable.com\/blog\/wp-json\/wp\/v2\/media?parent=31408"}],"curies":[{"name":"wp","href":"https:\/\/api.w.org\/{rel}","templated":true}]}}