{"id":31276,"date":"2018-01-14T07:25:17","date_gmt":"2018-01-14T13:25:17","guid":{"rendered":"https:\/\/aplicaexcelcontable.com\/blog\/?page_id=31276"},"modified":"2023-11-28T15:01:30","modified_gmt":"2023-11-28T21:01:30","slug":"curso-como-crear-tu-sgfi","status":"publish","type":"page","link":"https:\/\/aplicaexcelcontable.com\/blog\/curso-como-crear-tu-sgfi","title":{"rendered":"Curso como crear tu SGFI"},"content":{"rendered":"<p><span style=\"width: 100%;\"><img loading=\"lazy\" decoding=\"async\" alt=\"Curso como crear tu SGFI\" width=\"126\" height=\"90\" title=\"CursoComoCreartusgfi128\" data-id=\"19691\" src=\"\/\/aplicaexcelcontable.com\/blog\/wp-content\/uploads\/2016\/01\/CursoComoCreartusgfi128.png\" style=\"\"><\/span><\/p>\n<h2 style=\"text-align: center;\">CURSO COMO CREAR TU SGFI<\/h2>\n<p style=\"text-align: center;\"><strong>Online, todo sobre Como Crear tu Sistema de Gestion &#8211; Facturacion e Inventario<\/strong><\/p>\n<h2 style=\"text-align: center;\">Como Puedo Acceder al Curso SGFI?<\/h2>\n<h2 style=\"text-align: center;\">Haz Clic en el Bot\u00f3n<\/h2>\n<h1 style=\"text-align: center;\"><span>Por un pago unico de 69 USD<\/span><\/h1>\n<h2 style=\"text-align: center;\"><strong>Como Crear tu SGFI es un Curso Online de Formaci\u00f3n Excel y Contabilidad<\/strong><\/h2>\n<p style=\"text-align: justify;\">Amigos lectores de <strong>aplicaexcelcontable.com<\/strong>, estoy muy contento de anunciar que el Curso de Formaci\u00f3n Como Crear Tu Sistema de Gestion &#8211; Facturacion e Inventario (SGFI) ya est\u00e1 Disponible para su consideraci\u00f3n. Por favor lea esta p\u00e1gina para comprender los beneficios de este curso online y como puede inscribirse.<\/p>\n<p style=\"text-align: justify;\">Haz clic aqu\u00ed si deseas omitir la historia y simplemente acceder al Curso Como Crear tu Sistema de Gestion &#8211; Facturacion e Inventario.<\/p>\n<h1 style=\"text-align: center;\"><strong>\u00bfQu\u00e9 es el Curso Como Crear Tu Sistema de Gestion &#8211; Facturacion e Inventario?<\/strong><\/h1>\n<p style=\"text-align: justify;\">Como Crear tu Sistema de Gestion &#8211; Facturacion e Inventario (SGFI) es el Curso de Formaci\u00f3n en l\u00ednea estructurada e integral para el Aprendizaje de Dise\u00f1o &#8211; Formulacion y Programacion de un Sistema de Facturacion, Inventario, Cuentas por Cobrar, Cuentas por Pagar, Resumen de utilidades y mucho mas. Incluye ejemplos para cada tema.<\/p>\n<p style=\"text-align: justify;\">El Objetivo del Curso Como Crear tu SGFI es hacer a los Contables y principiantes en Excel totalmente Productivos y eficientes en Excel.<\/p>\n<h2 style=\"text-align: center;\"><strong>\u00bfPor qu\u00e9 deber\u00edas Unirte al Curso Como Crear tu SGFI?<\/strong><\/h2>\n<p style=\"text-align: justify;\">En estos D\u00edas Cualquier Cargo Directivo o negocio propio requiere que trabaje con Datos. Excel sigue siendo la Herramienta m\u00e1s potente y f\u00e1cil de usar cuando se trata de analizar Datos. Crear tu Sistema de GFI de la Forma Adecuada y estructurada en Excel, no solo le ayudara a ahorrar tiempo, tambi\u00e9n te ayudara a mejorar tu trabajo de la forma que te ayuda a crear Facturas de Venta, Compras, Informes de Inventario, Informe de Utilidades, Kardex, Estado de cuenta de Clientes y Proveedores.<\/p>\n<p style=\"text-align: justify;\">Excel se puede aprender mediante la lectura de la secci\u00f3n de ayuda que incluye Excel o bien tambi\u00e9n podr\u00edas aprender visitando los blogs como aplicaexcelcontable.com\/blog.<\/p>\n<p style=\"text-align: justify;\">En la actualidad hay m\u00e1s de 320 art\u00edculos, videos, ejemplos en aplicaexcelcontable.com\/blog explicando casi todo el aspecto de Microsoft Excel y su relaci\u00f3n con la contabilidad. Estoy seguro que hay m\u00e1s de miles de art\u00edculos, gratuitas y divertidas en el Aprendizaje de Excel a trav\u00e9s de Internet. Tomar\u00eda Casi m\u00e1s de 6 meses si te dedicas a leer estos art\u00edculos para dominar algunos conceptos b\u00e1sicos de Excel e incluso entonces no lograras conocer algunas cosas importantes de Excel.<\/p>\n<p style=\"text-align: justify;\">Es por eso que Dise\u00f1e el Curso Como Crear tu Sistema de Gestion &#8211; Facturacion e Inventario. Este es un Curso estructurado con 4 Capitulos. Cada Capitulo contiene varios videos y ejemplos de archivos Excel para que puedas aprender a Dise\u00f1ar &#8211; Formular y Programar tu Sistema. Este es un programa intenso, concentrado y claramente definido para aprender a Dise\u00f1ar \u2013 Formular y programar Plantillas de Forma \u00datil y Divertido.<\/p>\n<h1 style=\"text-align: center;\"><strong>Cu\u00e1les son los temas que incluye el Curso Como Crear tu SGFI?<\/strong><\/h1>\n<p><span><img loading=\"lazy\" decoding=\"async\" alt=\"Curso como crear tu SGFI\" width=\"593\" height=\"210\" title=\"Como crear tu SGFI\" data-id=\"31285\" src=\"\/\/aplicaexcelcontable.com\/blog\/wp-content\/uploads\/2018\/01\/Como-crear-tu-SGFI.png\"><\/span><\/p>\n<h2 style=\"text-align: center;\"><strong>Que es lo que obtienes al Inscribirte al Curso Como Crear tu SGFI?<\/strong><\/h2>\n<ul>\n<li><span><strong>99 Videos tutoriales, 4 Capitulos de explicaciones de Dise\u00f1o \u2013 Formulaci\u00f3n \u2013 Programaci\u00f3n.<\/strong><\/span><\/li>\n<\/ul>\n<p style=\"text-align: justify;\">Todas las Lecciones est\u00e1n bien estructuradas en un Plan de Clase, con enlaces para ver, Descargar y Analizar.<\/p>\n<ul>\n<li><span><strong>Codigos de Programacion listos para Descargar (Macros)<\/strong><\/span><\/li>\n<\/ul>\n<p style=\"text-align: justify;\">Incluimos todos los Codigos de Programacion para Cada Boton: Guardar, Imprimir, Presentar Mayor y mucho mas.<\/p>\n<ul>\n<li><span><strong>6 Meses de Acceso a la Zona de Miembros<\/strong><\/span><\/li>\n<\/ul>\n<p style=\"text-align: justify;\">En la Zona de Miembros es donde encontraras todos los materiales, a los cuales podr\u00e1s acceder con tu Nombre de Usuario y Contrase\u00f1a. Cada estudiante tiene su propio Identificador: usuario y Contrase\u00f1a. En la Zona de Miembros, podr\u00e1s hacer preguntas relacionados al tema del Capitulo, discutir el contenido o compartir sus ideas o consejos con otros estudiantes. Tendr\u00e1s Acceso a la Zona de Miembros por 180 D\u00edas a partir de la fecha de inscripci\u00f3n.<\/p>\n<ul>\n<li><span><strong>Bono Gratis: Curso 1 de Programaci\u00f3n en VBA<\/strong><\/span><\/li>\n<\/ul>\n<p style=\"text-align: justify;\">Incluimos este Curso valorado en 47 USD totalmente gratis para los Alumnos de Aplica Excel Contable. Este Curso 1 de Programaci\u00f3n en VBA, te ayudara a dominar totalmente las Macros en Excel.<\/p>\n<ul>\n<li><span><strong>Bono Gratis: Incluimos el Sistema ya elaborado<\/strong><\/span><\/li>\n<\/ul>\n<p style=\"text-align: justify;\">Al inscribirte al Curso, desde la secci\u00f3n de Bonos podr\u00e1s Descargar el Sistema ya elaborado.<\/p>\n<ul>\n<li><span><strong>Bono Gratis: Incluimos el Sistema de Contabilidad en Excel + VBA<\/strong><\/span><\/li>\n<\/ul>\n<p style=\"text-align: justify;\">En la Secci\u00f3n de Bonos incluimos el Sistema Contable ya elaborado, listo para Descargarlo.<\/p>\n<ul>\n<li><span><strong>Mi Garant\u00eda incondicional de 30 D\u00edas<\/strong><\/span><\/li>\n<\/ul>\n<p style=\"text-align: justify;\">Cada Inscripci\u00f3n al Curso Como Crear tu SGFI, viene con una Garant\u00eda de devoluci\u00f3n de tu Dinero de 30 D\u00edas. Si el Curso no Cumple con todo lo prometido, tan solo nos escribes un correo electr\u00f3nico y te devolvemos tu dinero.<\/p>\n<h2 style=\"text-align: center;\">Inscribete al Curso Como Crear Tu Sistema de Gestion &#8211; Facturacion e Inventario<\/h2>\n<h2 style=\"text-align: center;\"><strong>Haz Clic en el Bot\u00f3n<\/strong><\/h2>\n<h1 style=\"text-align: center;\"><strong><\/strong><\/h1>\n<h1 style=\"text-align: center;\"><strong>Solo por un pago Unico de USD $ 69<\/strong><\/h1>\n<h2 style=\"text-align: center;\">Que Incluye el Curso?<\/h2>\n<ul>\n<li><span><strong>99 Videos Tutoriales<\/strong><\/span><\/li>\n<li><span><strong>6 Meses de Acceso Al Curso<\/strong><\/span><\/li>\n<li><span><strong>Soporte por Chat y Correo electronico<\/strong><\/span><\/li>\n<li><span><strong>Curso 1 de Programacion en VBA<\/strong><\/span><\/li>\n<li><span><strong>Sistema de Gestion Facturacion e Inventario ya eleborado<\/strong><\/span><\/li>\n<li><span><strong>Sistema Contable ya Eleborado<\/strong><\/span><\/li>\n<\/ul>\n<h2 style=\"text-align: center;\"><strong>C\u00f3mo Funciona el Proceso de Compra?<\/strong><\/h2>\n<p><span><img loading=\"lazy\" decoding=\"async\" alt=\"Curso como crear tu SGFI\" width=\"542\" height=\"309\" title=\"Proceso de Compra\" data-id=\"31288\" src=\"\/\/aplicaexcelcontable.com\/blog\/wp-content\/uploads\/2018\/01\/Proceso-de-Compra.png\"><\/span><\/p>\n<h2><strong>Preguntas Frecuentes:<\/strong><\/h2>\n<p style=\"text-align: justify;\">Aqu\u00ed he respondido a 4 preguntas frecuentas:<\/p>\n<ul>\n<li><span><strong>Cu\u00e1les son los M\u00e9todos de pagos que se aceptan?<\/strong><\/span><\/li>\n<\/ul>\n<p style=\"text-align: justify;\">Puedes Pagar Con tarjeta de D\u00e9bito, Cr\u00e9dito (VISA, MASTERCARD,AMEX, ETC) o bien con tu cuenta PayPal.<\/p>\n<ul>\n<li><span><strong>Que Versi\u00f3n de Excel se utiliza en el Curso?<\/strong><\/span><\/li>\n<\/ul>\n<p style=\"text-align: justify;\">El Curso Como Crear tu SGFI, funciona muy bien con las versiones 2010 y 2013. Si estas utilizando Excel 2007 todav\u00eda puedes Beneficiarte, excepto las \u00faltimas mejoras en formato condicional en la versi\u00f3n 2010 y 2013.<\/p>\n<ul>\n<li><span><strong>Los Videos Son Descargables?<\/strong><\/span><\/li>\n<\/ul>\n<p style=\"text-align: justify;\">Los videos no son descargables, solo podr\u00e1s ver los videos, una vez inicies sesi\u00f3n en tu cuenta.<\/p>\n<ul>\n<li><span><strong>Puedo Pagar en Mi moneda Local?<\/strong><\/span><\/li>\n<\/ul>\n<p style=\"text-align: justify;\">Totalmente, el precio del Curso esta establecido en D\u00f3lares Estado Unidense, pero dentro de la p\u00e1gina de pago, puedes elegir:&nbsp;<\/p>\n<p style=\"text-align: justify;\">\u2192 <strong>Peso Argentino, Bol\u00edvares de Bolivia, Peso Chileno, Peso Colombiano, Colones de Costa Rica, Peso Dominicano, Euro, Quetzal de Guatemala, Lempira Hondure\u00f1a, Peso Mexicano, C\u00f3rdobas Nicarag\u00fcense y el D\u00f3lar Estadounidense.<\/strong><\/p>\n<p style=\"text-align: justify;\">Si en la lista no aparece tu moneda local, tan solo selecciona d\u00f3lares estadounidense y procesa el pago.<\/p>\n<h2 style=\"text-align: center;\"><strong>Problemas durante el Proceso de Inscripci\u00f3n?<\/strong><\/h2>\n<p style=\"text-align: justify;\">Si tienes problemas durante el proceso de inscripci\u00f3n, tan solo escr\u00edbenos a rogerperez@aplicaexcelcontable.com o bien en el chat y con mucho gusto te responderemos a tus preguntas.<\/p>\n<p style=\"text-align: justify;\">Espero verte en el Curso Como Crear tu Sistema de Gestion &#8211; Facturacion e Inventario.<\/p>\n<p style=\"text-align: justify;\">Te Saluda<\/p>\n<p style=\"text-align: justify;\"><strong>Roger Perez &#8211; Aplica Excel Contable<\/strong><\/p>\n","protected":false},"excerpt":{"rendered":"<p>CURSO COMO CREAR TU SGFI Online, todo sobre Como Crear tu Sistema de Gestion &#8211; Facturacion e Inventario Como Puedo Acceder al Curso SGFI? Haz Clic en el Bot\u00f3n Por un pago unico de 69 USD Como Crear tu SGFI es un Curso Online de Formaci\u00f3n Excel y Contabilidad Amigos lectores de aplicaexcelcontable.com, estoy muy [&hellip;]<\/p>\n","protected":false},"author":1,"featured_media":0,"parent":0,"menu_order":0,"comment_status":"closed","ping_status":"closed","template":"","meta":{"footnotes":""},"class_list":["post-31276","page","type-page","status-publish","hentry","post-wrapper","thrv_wrapper"],"_links":{"self":[{"href":"https:\/\/aplicaexcelcontable.com\/blog\/wp-json\/wp\/v2\/pages\/31276","targetHints":{"allow":["GET"]}}],"collection":[{"href":"https:\/\/aplicaexcelcontable.com\/blog\/wp-json\/wp\/v2\/pages"}],"about":[{"href":"https:\/\/aplicaexcelcontable.com\/blog\/wp-json\/wp\/v2\/types\/page"}],"author":[{"embeddable":true,"href":"https:\/\/aplicaexcelcontable.com\/blog\/wp-json\/wp\/v2\/users\/1"}],"replies":[{"embeddable":true,"href":"https:\/\/aplicaexcelcontable.com\/blog\/wp-json\/wp\/v2\/comments?post=31276"}],"version-history":[{"count":0,"href":"https:\/\/aplicaexcelcontable.com\/blog\/wp-json\/wp\/v2\/pages\/31276\/revisions"}],"wp:attachment":[{"href":"https:\/\/aplicaexcelcontable.com\/blog\/wp-json\/wp\/v2\/media?parent=31276"}],"curies":[{"name":"wp","href":"https:\/\/api.w.org\/{rel}","templated":true}]}}