{"id":29268,"date":"2017-12-30T16:23:16","date_gmt":"2017-12-30T22:23:16","guid":{"rendered":"https:\/\/aplicaexcelcontable.com\/blog\/?page_id=29268"},"modified":"2021-11-21T16:48:38","modified_gmt":"2021-11-21T22:48:38","slug":"plantillas-excel-caja-diaria","status":"publish","type":"page","link":"https:\/\/aplicaexcelcontable.com\/blog\/plantillas-excel-caja-diaria","title":{"rendered":"Plantillas excel caja diaria"},"content":{"rendered":"<h1 style=\"text-align: center;\">Descarga &#8211; Plantillas Excel Caja Diaria<\/h1>\n<p style=\"text-align: justify;\">Estas listo para descargar tus plantillas excel caja Diaria? Para descargar la Plantilla tan solo pulsa clic en el enlace que te he dejado abajo, en la secci\u00f3n donde aparece una flecha verde hacia abajo:<\/p>\n<h1>Te recomendamos el Sistema:<\/h1>\n<h1 style=\"text-align: center;\"><a href=\"https:\/\/aplicaexcelcontable.com\/blog\/presentacionscv5\" style=\"outline: none;\">Sistema Contable Avanzado<\/a><\/h1>\n<p><span style=\"width: 100%;\"><a href=\"https:\/\/aplicaexcelcontable.com\/blog\/presentacionscv5\"><img decoding=\"async\" loading=\"lazy\" alt=\"Sistema Contable Fase Dos\" width=\"431\" height=\"214\" title=\"Sistema Contable V5.0\" data-id=\"25779\" src=\"\/\/aplicaexcelcontable.com\/blog\/wp-content\/uploads\/2017\/06\/Sistema-Contable-V5.0.png\" style=\"\"><\/a><\/span><\/p>\n<ul>\n<li><span>Genera 5 tipos de comprobantes .<\/span><\/li>\n<li><span>Genera tus reportes Contables<\/span><\/li>\n<li><span>Extrae tus cuentas de Mayores con un clic<\/span><\/li>\n<li><span>Genera estado de cuenta por clientes<\/span><\/li>\n<li><span>Genera estado de Cuenta por Proveedores<\/span><\/li>\n<\/ul>\n<p><span style=\"width: 100%;\"><img decoding=\"async\" loading=\"lazy\" alt=\"\" width=\"292\" height=\"129\" title=\"95b726dc3c1969d01cf23bb4c05b1c80.png\" src=\"\/\/i.pinimg.com\/originals\/95\/b7\/26\/95b726dc3c1969d01cf23bb4c05b1c80.png\" style=\"\" data-width=\"292\" data-height=\"129\" data-init-width=\"300\" data-init-height=\"133\" data-><\/span><span style=\"width: 100%;\"><a href=\"http:\/\/aplicaexcelcontable.com\/blog\/wp-content\/uploads\/2014\/01\/Caja-Diaria.xls\"><img decoding=\"async\" loading=\"lazy\" alt=\"Plantillas Excel Caja Diaria\" width=\"64\" height=\"64\" title=\"33290234771_090c549156_s.jpg\" src=\"\/\/farm3.staticflickr.com\/2818\/33290234771_090c549156_s.jpg\" style=\"\"><\/a><\/span><\/p>\n<h1>\u200b<a href=\"http:\/\/aplicaexcelcontable.com\/blog\/wp-content\/uploads\/2014\/01\/Caja-Diaria.xls\">Haz clic aqu\u00ed para Descargar el Archivo <\/a><\/h1>\n<p><strong>Haz clic en el enlace o bien en la imagen para descargar tus plantillas excel caja diaria.<\/strong><\/p>\n<h1>Te gustar\u00eda descargar mas plantilla excel?<\/h1>\n<p style=\"text-align: justify;\">Es importante que descargues tambi\u00e9n, la plantilla Excel Formas de Pago.<\/p>\n<p style=\"text-align: justify;\">Pulsa en el bot\u00f3n para ir a Descargar <img decoding=\"async\" role=\"img\" alt=\"\ud83d\udc47\" src=\"https:\/\/s.w.org\/images\/core\/emoji\/13.1.0\/svg\/1f447.svg\"><\/p>\n<h1>Plantilla Cuentas por cobrar en Excel<\/h1>\n<p style=\"text-align: justify;\">Te Recomendamos que descargues tambi\u00e9n, la plantilla Excel Cuentas por cobrar, pulsa en el boton para ir a Descargar <img decoding=\"async\" role=\"img\" alt=\"\ud83d\udc47\" src=\"https:\/\/s.w.org\/images\/core\/emoji\/13.1.0\/svg\/1f447.svg\"><\/p>\n<h1 style=\"text-align: center;\">Tambi\u00e9n, te recomendamos los siguientes art\u00edculos<\/h1>\n<ul>\n<li><span><strong>\u200b<a href=\"https:\/\/aplicaexcelcontable.com\/blog\/ocultar-errores-de-formulas-al-imprimir.html\" style=\"outline: none;\">Pasos para Ocultar errores de Formulas al Imprimir &#8211; Consejo r\u00e1pido &nbsp;que te ayudara a ocultar los errores.<\/a><\/strong><\/span><\/li>\n<li><span>\u200b<a href=\"https:\/\/aplicaexcelcontable.com\/blog\/personalizar-comentarios-excel.html\" style=\"outline: none;\"><strong>Como personalizar Comentarios Excel &#8211; Consejo r\u00e1pido que te ayudara a personalizar comentarios<\/strong><strong>.<\/strong><\/a><strong>&nbsp;<\/strong><\/span><\/li>\n<li><span>\u200b<a href=\"https:\/\/aplicaexcelcontable.com\/blog\/imprimir-comentarios-excel.html\" style=\"outline: none;\"><strong>Como imprimir Comentarios Excel &#8211; Consejo r\u00e1pido que te ayudara a imprimir comentarios.<\/strong><\/a><\/span><\/li>\n<li><span><strong>\u200b<a href=\"https:\/\/aplicaexcelcontable.com\/blog\/formateo-de-hojas-multiples.html\">Pasos para aplicar formato de Hojas M\u00faltiple &#8211; aplica formatos similares a m\u00faltiples hojas de Excel.<\/a><\/strong>&nbsp;<\/span><\/li>\n<li><span><a href=\"https:\/\/aplicaexcelcontable.com\/blog\/crear-mejores-hojas-de-excel.html\"><strong>7 Consejos para crear mejores hojas de Excel.&nbsp;<\/strong><\/a><\/span><\/li>\n<li><span><a href=\"https:\/\/aplicaexcelcontable.com\/blog\/atajos-de-formatos-en-excel.html\"><strong><span style=\"color: rgb(7, 0, 0);\">Atajos de Formato en Excel.<\/span><\/strong><\/a>&nbsp;<\/span><\/li>\n<li><span><strong>Aplicar&nbsp;<a href=\"https:\/\/aplicaexcelcontable.com\/blog\/formato-rapido-con-doble-clic.html\">Formato r\u00e1pido con doble clic<\/a><\/strong><\/span><\/li>\n<\/ul>\n<p>Por lo tanto:<\/p>\n<p>Que tal te pareci\u00f3 el contenido de hoy? Te gusto? Lograste descargar la Plantilla Caja Diaria?<\/p>\n<p>Si tienes dudas o pregunta, tan solo escr\u00edbenos en la sala de chat o bien env\u00edanos un correo electr\u00f3nico a <strong>rogerperez@aplicaexcelcontable.com<\/strong>.<\/p>\n<p>Para finalizar, te invito a visitar nuestra pagina de facebook, <a href=\"https:\/\/www.facebook.com\/AplicaExceContable\/\" target=\"_blank\" rel=\"noopener\"><strong>pulsando clic aqu\u00ed.<\/strong><\/a><\/p>\n<p>Saludos,<\/p>\n<p><strong>Roger Perez &#8211; Aplica Excel Contable<\/strong><\/p>\n","protected":false},"excerpt":{"rendered":"<p>Descarga &#8211; Plantillas Excel Caja Diaria Estas listo para descargar tus plantillas excel caja Diaria? Para descargar la Plantilla tan solo pulsa clic en el enlace que te he dejado abajo, en la secci\u00f3n donde aparece una flecha verde hacia abajo: Te recomendamos el Sistema: Sistema Contable Avanzado Genera 5 tipos de comprobantes . Genera [&hellip;]<\/p>\n","protected":false},"author":1,"featured_media":0,"parent":0,"menu_order":0,"comment_status":"closed","ping_status":"closed","template":"","meta":{"footnotes":""},"class_list":["post-29268","page","type-page","status-publish","hentry","post-wrapper","thrv_wrapper"],"_links":{"self":[{"href":"https:\/\/aplicaexcelcontable.com\/blog\/wp-json\/wp\/v2\/pages\/29268","targetHints":{"allow":["GET"]}}],"collection":[{"href":"https:\/\/aplicaexcelcontable.com\/blog\/wp-json\/wp\/v2\/pages"}],"about":[{"href":"https:\/\/aplicaexcelcontable.com\/blog\/wp-json\/wp\/v2\/types\/page"}],"author":[{"embeddable":true,"href":"https:\/\/aplicaexcelcontable.com\/blog\/wp-json\/wp\/v2\/users\/1"}],"replies":[{"embeddable":true,"href":"https:\/\/aplicaexcelcontable.com\/blog\/wp-json\/wp\/v2\/comments?post=29268"}],"version-history":[{"count":0,"href":"https:\/\/aplicaexcelcontable.com\/blog\/wp-json\/wp\/v2\/pages\/29268\/revisions"}],"wp:attachment":[{"href":"https:\/\/aplicaexcelcontable.com\/blog\/wp-json\/wp\/v2\/media?parent=29268"}],"curies":[{"name":"wp","href":"https:\/\/api.w.org\/{rel}","templated":true}]}}