{"id":28673,"date":"2017-12-29T06:48:03","date_gmt":"2017-12-29T12:48:03","guid":{"rendered":"https:\/\/aplicaexcelcontable.com\/blog\/?page_id=28673"},"modified":"2021-08-30T09:08:43","modified_gmt":"2021-08-30T15:08:43","slug":"presentacion-sistema-integrado","status":"publish","type":"page","link":"https:\/\/aplicaexcelcontable.com\/blog\/presentacion-sistema-integrado","title":{"rendered":"Presentacion sistema integrado"},"content":{"rendered":"<p><span style=\"width: 100%;\"><img loading=\"lazy\" decoding=\"async\" alt=\"Sistema Integrado\" width=\"512\" height=\"512\" title=\"Sistema Integrado\" data-id=\"19136\" src=\"\/\/aplicaexcelcontable.com\/blog\/wp-content\/uploads\/2014\/03\/Sistema-Integrado.png\" style=\"\"><\/span><\/p>\n<h1 style=\"text-align: center;\">Sistema integrado (Contable + Facturaci\u00f3n)<\/h1>\n<h1 style=\"text-align: center;\">Mira la Presentaci\u00f3n del Sistema Integrado<\/h1>\n<h1 style=\"text-align: center;\">Solo por un pago de 129 USD<\/h1>\n<h1 style=\"text-align: center;\">Como acceder al sistema y los v\u00eddeos?<\/h1>\n<h1 style=\"text-align: center;\"><strong>Descarga hoy el sistema integrado + 148 videos tutoriales<\/strong><\/h1>\n<p style=\"text-align: justify;\">Quieres descargar el Sistema Integrado? Pues hoy puedes ser el primero en Descargarlo, tan solo debes tomar acci\u00f3n, si as\u00ed es, solo <a href=\"#ordenar\"><strong>haz clic aqu\u00ed para ordenar tu copia<\/strong><\/a>.<\/p>\n<h1 style=\"text-align: center;\"><strong>Bonos que recibes hoy al descargar el sistema integrado!<\/strong><\/h1>\n<ul>\n<li><span><span style=\"font-family: ;\"><strong>El PDF completo del Curso Aplica Excel Contable + Plantilla.<\/strong><\/span><\/span><\/li>\n<li><span><strong>El PDF completo del Curso como crear tu SGFI + Plantilla.<\/strong><\/span><\/li>\n<li><span><strong>El PDF completo del Curso 1 de programaci\u00f3n&nbsp;en Excel + VBA<\/strong><\/span><\/li>\n<\/ul>\n<h1 style=\"text-align: center;\"><strong>Bonos extras que recibir\u00e1s cada 12 dias al descargar el sistema integrado<\/strong><\/h1>\n<ul>\n<li><span><strong>Video Como Crear Tu Flujo de Caja en Excel paso a paso<\/strong><\/span><\/li>\n<li><span><strong>Video Como Crear el Punto de Equilibrio en Excel<\/strong><\/span><\/li>\n<li><span><strong>Tres Videos de Formulas Excel Aplicado (SUMAR.SI, SUMAR.SI.CONJUNTO,BUSCARV)<\/strong><\/span><\/li>\n<li><span><strong>Modulo 1 del Curso AEC ( 5 Videos paso a paso)<\/strong><\/span><\/li>\n<li><span><strong>Modulo 2 del Curso AEC (13 Videos Paso a paso)<\/strong><\/span><\/li>\n<li><span><strong>Modulo 3 del Curso AEC (12 Videos Paso a Paso)<\/strong><\/span><\/li>\n<li><span><strong>Curso 76 Formulas Excel Aplicado en PDF<\/strong><\/span><\/li>\n<li><span><strong>Curso 2 de Programacion en Excel + VBA<\/strong><\/span><\/li>\n<\/ul>\n<p style=\"text-align: justify;\">Puedes ordenar tu copia, pulsando clic en el bot\u00f3n Ordenar Ahora, tan solo sigues el proceso de pago y acceder\u00e1s inmediatamente a la Zona de Miembros.<\/p>\n<p style=\"text-align: justify;\">Donde Podr\u00e1s descargar el Sistema Integrado y ver los videos tutoriales para cada Modulo:<\/p>\n<ul>\n<li style=\"text-align: justify;\">Sistema Contable&nbsp;<\/li>\n<li style=\"text-align: justify;\">Sistema de Gesti\u00f3n &#8211; Facturaci\u00f3n e Inventario&nbsp;<\/li>\n<li style=\"text-align: justify;\">Pasos para integrar los Sistemas<\/li>\n<\/ul>\n<h1>Para Finalizar :<\/h1>\n<p style=\"text-align: justify;\">Si tienes preguntas o dudas, solo escr\u00edbenos a rogerperez@aplicaexcelcontable.com, o bien, a info@aplicaexcelcontable.com.<\/p>\n<p style=\"text-align: justify;\">Tambi\u00e9n puedes contactarnos en el chat y escribirnos tus dudas o preguntas sobre el Sistema, para eso tan solo pulsa <a href=\"https:\/\/aplicaexcelcontable.com\/soporte\/\" target=\"_blank\" rel=\"noopener\"><strong><span style=\"color: rgb(0, 48, 254);\">clic&nbsp;<\/span><\/strong><b>aqu\u00ed<\/b>.<\/a><\/p>\n<p style=\"text-align: justify;\"><span style=\"font-size: 1em;\">Tambien puedes visitar nuestra pagina de facebook, <\/span><a href=\"https:\/\/www.facebook.com\/AplicaExceContable\/\" style=\"font-family: Roboto, sans-serif; font-size: 1em;\" target=\"_blank\" rel=\"noopener\"><strong><span>pulsando clic aqui<\/span><\/strong><\/a><span style=\"font-size: 1em;\">.<\/span><\/p>\n<p><span style=\"width: 100%;\"><img loading=\"lazy\" decoding=\"async\" alt=\"Sistema Integrado\" width=\"308\" height=\"308\" title=\"Roger-Perez\" data-id=\"28228\" src=\"\/\/aplicaexcelcontable.com\/blog\/wp-content\/uploads\/2017\/12\/Roger-Perez.png\" style=\"\"><\/span><\/p>\n<p><strong>Roger Perez &#8211; Aplica Excel Contable<\/strong><\/p>\n","protected":false},"excerpt":{"rendered":"<p>Sistema integrado (Contable + Facturaci\u00f3n) Mira la Presentaci\u00f3n del Sistema Integrado Solo por un pago de 129 USD Como acceder al sistema y los v\u00eddeos? Descarga hoy el sistema integrado + 148 videos tutoriales Quieres descargar el Sistema Integrado? Pues hoy puedes ser el primero en Descargarlo, tan solo debes tomar acci\u00f3n, si as\u00ed es, [&hellip;]<\/p>\n","protected":false},"author":1,"featured_media":0,"parent":0,"menu_order":0,"comment_status":"closed","ping_status":"closed","template":"","meta":{"footnotes":""},"class_list":["post-28673","page","type-page","status-publish","hentry","post-wrapper","thrv_wrapper"],"_links":{"self":[{"href":"https:\/\/aplicaexcelcontable.com\/blog\/wp-json\/wp\/v2\/pages\/28673","targetHints":{"allow":["GET"]}}],"collection":[{"href":"https:\/\/aplicaexcelcontable.com\/blog\/wp-json\/wp\/v2\/pages"}],"about":[{"href":"https:\/\/aplicaexcelcontable.com\/blog\/wp-json\/wp\/v2\/types\/page"}],"author":[{"embeddable":true,"href":"https:\/\/aplicaexcelcontable.com\/blog\/wp-json\/wp\/v2\/users\/1"}],"replies":[{"embeddable":true,"href":"https:\/\/aplicaexcelcontable.com\/blog\/wp-json\/wp\/v2\/comments?post=28673"}],"version-history":[{"count":0,"href":"https:\/\/aplicaexcelcontable.com\/blog\/wp-json\/wp\/v2\/pages\/28673\/revisions"}],"wp:attachment":[{"href":"https:\/\/aplicaexcelcontable.com\/blog\/wp-json\/wp\/v2\/media?parent=28673"}],"curies":[{"name":"wp","href":"https:\/\/api.w.org\/{rel}","templated":true}]}}