{"id":28522,"date":"2017-12-28T20:50:10","date_gmt":"2017-12-29T02:50:10","guid":{"rendered":"https:\/\/aplicaexcelcontable.com\/blog\/?page_id=28522"},"modified":"2023-11-28T15:09:58","modified_gmt":"2023-11-28T21:09:58","slug":"cursos-en-pdf","status":"publish","type":"page","link":"https:\/\/aplicaexcelcontable.com\/blog\/cursos-en-pdf","title":{"rendered":"Cursos en PDF"},"content":{"rendered":"<p><span style=\"width: 100%;\"><a href=\"https:\/\/aplicaexcelcontable.com\/blog\/wp-content\/uploads\/2017\/12\/LogoblogAEC.jpg\" rel=\"\"><img loading=\"lazy\" decoding=\"async\" alt=\"\" width=\"240\" height=\"48\" title=\"LogoblogAEC\" data-id=\"27181\" src=\"\/\/aplicaexcelcontable.com\/blog\/wp-content\/uploads\/2017\/12\/LogoblogAEC.jpg\" style=\"\"><\/a><\/span><\/p>\n<h1 style=\"text-align: center;\">Lista de Cursos en PDF<\/h1>\n<p style=\"text-align: justify;\">Este es la lista de cursos en PDF, selecciona el Curso de tu preferencia e inscribete a la Descarga:<\/p>\n<h3 style=\"text-align: center;\">DISE\u00d1A TU SISTEMA CONTABLE<\/h3>\n<h3 style=\"text-align: center;\">PASO A PASO<\/h3>\n<p><span style=\"width: 100%;\"><a href=\"https:\/\/gum.co\/RgPC\" rel=\"noopener\" target=\"_blank\"><img loading=\"lazy\" decoding=\"async\" alt=\"Cursos en PDF\" width=\"630\" height=\"319\" title=\"Tu Sistema Contable Basico\" data-id=\"18880\" src=\"\/\/aplicaexcelcontable.com\/blog\/wp-content\/uploads\/2013\/10\/Tu-Sistema-Contable-Basico.png\" style=\"\"><\/a><\/span><\/p>\n<p style=\"text-align: center;\">Incluye 3 cursos en 1:<\/p>\n<ul>\n<li><span>Dise\u00f1a tu Sistema Contable Avanzado<\/span><\/li>\n<li><span>Curso Basico &#8211; Avanzado de Excel<\/span><\/li>\n<li><span>Curso Basico de VBA y Contabilidad<\/span><\/li>\n<\/ul>\n<h3 style=\"text-align: center;\">DISE\u00d1A TU SISTEMA DE FACTURACIONE INVENTARIO<\/h3>\n<p><span style=\"width: 100%;\"><a href=\"https:\/\/gum.co\/LENJo\" rel=\"noopener\" target=\"_blank\"><img loading=\"lazy\" decoding=\"async\" alt=\"\" width=\"630\" height=\"337\" title=\"Sistema de Facturacion Basico - copia\" data-id=\"18821\" src=\"\/\/aplicaexcelcontable.com\/blog\/wp-content\/uploads\/2013\/07\/Sistema-de-Facturacion-Basico-copia.png\" style=\"\"><\/a><\/span><\/p>\n<p style=\"text-align: center;\">Incluye 3 Cap\u00edtulos paso a paso:<\/p>\n<ul>\n<li><span>Dise\u00f1o del Sistema de GFI.<\/span><\/li>\n<li><span>Formulacion del Sistema de GFI.<\/span><\/li>\n<li><span>Programacion del Sistema de GFI.<\/span><\/li>\n<\/ul>\n<h3 style=\"text-align: center;\">Curso 1 de <span>Programaci\u00f3n en Excel + <\/span><\/h3>\n<h3 style=\"text-align: center;\"><span>VBA<\/span><\/h3>\n<p><span><a href=\"https:\/\/gum.co\/BIYt\" rel=\"noopener\" target=\"_blank\"><img loading=\"lazy\" decoding=\"async\" alt=\"\" width=\"126\" height=\"87\" title=\"Cursodeprogramacionenvba128\" data-id=\"19762\" src=\"\/\/aplicaexcelcontable.com\/blog\/wp-content\/uploads\/2016\/01\/Cursodeprogramacionenvba128.png\"><\/a><\/span><\/p>\n<p>20 Cap\u00edtulos Explicados paso a paso:<\/p>\n<ul>\n<li><span>Programaci\u00f3n desde cero<\/span><\/li>\n<li><span>Los Eventos, m\u00e9todos y Propiedades<\/span><\/li>\n<li><span>Programa todo lo que quieras en Excel<\/span><\/li>\n<\/ul>\n<h3 style=\"text-align: center;\">Curso 2 de Programaci\u00f3n en Excel +<\/h3>\n<h3 style=\"text-align: center;\">VBA<\/h3>\n<p><span style=\"width: 100%;\"><a href=\"https:\/\/gum.co\/YSJQR\" rel=\"noopener\" target=\"_blank\"><img loading=\"lazy\" decoding=\"async\" alt=\"\" width=\"126\" height=\"87\" title=\"Cursodeprogramacionenvba128\" data-id=\"19762\" src=\"\/\/aplicaexcelcontable.com\/blog\/wp-content\/uploads\/2016\/01\/Cursodeprogramacionenvba128.png\" style=\"\"><\/a><\/span><\/p>\n<p>30 Cap\u00edtulos Explicados paso a paso:<\/p>\n<ul>\n<li><span>Todos los 20 Cap\u00edtulos del Curso 1<\/span><\/li>\n<li><span>10 Nuevos Cap\u00edtulos disponibles para ti<\/span><\/li>\n<li><span>Incluye complementos de Excel<\/span><\/li>\n<\/ul>\n<h3 style=\"text-align: center;\"><strong>Dise\u00f1a tu Plantilla Control <\/strong><\/h3>\n<h3 style=\"text-align: center;\"><strong>de Carteras<\/strong><\/h3>\n<p><span style=\"width: 100%;\"><a href=\"https:\/\/gum.co\/TkjEp\" target=\"_blank\" rel=\"noopener\"><img loading=\"lazy\" decoding=\"async\" alt=\"\" width=\"300\" height=\"125\" title=\"827541ef1f4e39dd739968c4f38ca06c.png\" src=\"\/\/i.pinimg.com\/originals\/82\/75\/41\/827541ef1f4e39dd739968c4f38ca06c.png\" style=\"\"><\/a><\/span><\/p>\n<p>3 cap\u00edtulos explicados paso a paso:<\/p>\n<ul>\n<li><span>Controla tus Ventas a Credito.<\/span><\/li>\n<li><span>Establece fecha de vencimiento&nbsp;<\/span><\/li>\n<li><span>Genera estado de cuenta por cliente.<\/span><\/li>\n<\/ul>\n<h3 style=\"text-align: center;\">76 Formulas Excel Aplicados<\/h3>\n<h3 style=\"text-align: center;\">&nbsp;paso a paso<\/h3>\n<p><span style=\"width: 100%;\"><a href=\"https:\/\/gum.co\/wYmGe\" target=\"_blank\" rel=\"noopener\"><img loading=\"lazy\" decoding=\"async\" alt=\"\" width=\"276\" height=\"181\" title=\"8c320f1ed9a9fabfa47f82f19eb77641.png\" src=\"\/\/i.pinimg.com\/originals\/8c\/32\/0f\/8c320f1ed9a9fabfa47f82f19eb77641.png\" style=\"\"><\/a><\/span><\/p>\n<p style=\"text-align: center;\"><strong>Formulas Excel &#8211; totalmente Aplicado<\/strong><\/p>\n<p style=\"text-align: center;\"><strong>\u00abLa manera mas r\u00e1pida de aprender las Formulas de Excel\u00bb<\/strong><\/p>\n","protected":false},"excerpt":{"rendered":"<p>Lista de Cursos en PDF Este es la lista de cursos en PDF, selecciona el Curso de tu preferencia e inscribete a la Descarga: DISE\u00d1A TU SISTEMA CONTABLE PASO A PASO Incluye 3 cursos en 1: Dise\u00f1a tu Sistema Contable Avanzado Curso Basico &#8211; Avanzado de Excel Curso Basico de VBA y Contabilidad DISE\u00d1A TU [&hellip;]<\/p>\n","protected":false},"author":1,"featured_media":0,"parent":0,"menu_order":0,"comment_status":"closed","ping_status":"closed","template":"","meta":{"footnotes":""},"class_list":["post-28522","page","type-page","status-publish","hentry","post-wrapper","thrv_wrapper"],"_links":{"self":[{"href":"https:\/\/aplicaexcelcontable.com\/blog\/wp-json\/wp\/v2\/pages\/28522","targetHints":{"allow":["GET"]}}],"collection":[{"href":"https:\/\/aplicaexcelcontable.com\/blog\/wp-json\/wp\/v2\/pages"}],"about":[{"href":"https:\/\/aplicaexcelcontable.com\/blog\/wp-json\/wp\/v2\/types\/page"}],"author":[{"embeddable":true,"href":"https:\/\/aplicaexcelcontable.com\/blog\/wp-json\/wp\/v2\/users\/1"}],"replies":[{"embeddable":true,"href":"https:\/\/aplicaexcelcontable.com\/blog\/wp-json\/wp\/v2\/comments?post=28522"}],"version-history":[{"count":0,"href":"https:\/\/aplicaexcelcontable.com\/blog\/wp-json\/wp\/v2\/pages\/28522\/revisions"}],"wp:attachment":[{"href":"https:\/\/aplicaexcelcontable.com\/blog\/wp-json\/wp\/v2\/media?parent=28522"}],"curies":[{"name":"wp","href":"https:\/\/api.w.org\/{rel}","templated":true}]}}