{"id":28492,"date":"2017-12-27T11:09:56","date_gmt":"2017-12-27T17:09:56","guid":{"rendered":"https:\/\/aplicaexcelcontable.com\/blog\/?page_id=28492"},"modified":"2023-11-03T15:44:26","modified_gmt":"2023-11-03T21:44:26","slug":"alimentar-la-hoja-seguimiento-video-4","status":"publish","type":"page","link":"https:\/\/aplicaexcelcontable.com\/blog\/alimentar-la-hoja-seguimiento-video-4","title":{"rendered":"Como alimentar la hoja seguimiento video 4"},"content":{"rendered":"<h1 style=\"text-align: center;\">Como alimentar la hoja seguimiento<\/h1>\n<p style=\"text-align: justify;\">Comenzamos con el v\u00eddeo de como alimentar la hoja seguimiento:<\/p>\n<h1 style=\"text-align: center;\">Plantilla Avanzada<\/h1>\n<p><span><img decoding=\"async\" alt=\"La hoja seguimiento\" width=\"294\" height=\"123\" title=\"827541ef1f4e39dd739968c4f38ca06c.png\" src=\"\/\/i.pinimg.com\/originals\/82\/75\/41\/827541ef1f4e39dd739968c4f38ca06c.png\" data-width=\"294\" data-height=\"123\" data-init-width=\"300\" data-init-height=\"125\" loading=\"lazy\" style=\"aspect-ratio: auto 300 \/ 125;\"><\/span><span><img decoding=\"async\" alt=\"La hoja seguimiento\" width=\"295\" height=\"131\" title=\"95b726dc3c1969d01cf23bb4c05b1c80.png\" src=\"\/\/i.pinimg.com\/originals\/95\/b7\/26\/95b726dc3c1969d01cf23bb4c05b1c80.png\" data-width=\"295\" data-height=\"131\" data-init-width=\"300\" data-init-height=\"133\" loading=\"lazy\" style=\"aspect-ratio: auto 300 \/ 133;\"><\/span><\/p>\n<p style=\"text-align: justify;\">Bienvenido a este v\u00eddeo.<\/p>\n<p style=\"text-align: justify;\">Hola Soy Roger Perez desde Aplica Excel Contable.<\/p>\n<p style=\"text-align: justify;\">En primer lugar:<\/p>\n<p style=\"text-align: justify;\">En este v\u00eddeo, vamos a mostrarte c\u00f3mo alimentar la hoja seguimiento.<\/p>\n<p style=\"text-align: justify;\">No olvides que es muy importante aplicar los pasos explicados en el v\u00eddeo 3, ya viste el v\u00eddeo 3?<\/p>\n<p style=\"text-align: justify;\">Si a un no lo has visto, justo al lado de este v\u00eddeo, esta el bot\u00f3n para ir a ver el video 3, comencemos:<\/p>\n<h1 style=\"text-align: center;\">Pasos para mostrarte como alimentar la hoja seguimiento<\/h1>\n<p style=\"text-align: justify;\">En este v\u00eddeo comenzaremos con lo mas importante que son las formas de alimentar la hoja seguimiento.<\/p>\n<p style=\"text-align: justify;\">Voy a mostrarte dos Formas de alimentar la hoja Seguimiento:<\/p>\n<h1 style=\"text-align: center;\">Primera Forma de Alimentar la Hoja Seguimiento<\/h1>\n<p style=\"text-align: justify;\">Para comenzar ingresamos la Fecha de Facturaci\u00f3n, escribimos el nombre de la Factura, la Fecha de vencimiento del Cr\u00e9dito el numero del cliente, c\u00f3digo del articulo, cantidad y listo, hemos alimentado la primera factura.Este es la primera forma.<\/p>\n<p style=\"text-align: justify;\">Ahora veamos la segunda forma:<\/p>\n<h2 style=\"text-align: center;\">Segunda Forma de Alimentar la Hoja Seguimiento<\/h2>\n<p style=\"text-align: justify;\">Esta forma tiene como objetivo evitar borrar formulas dentro de la tabla, como peque\u00f1a desventaja a considerar es que debemos de memorizar los codigos de cliente y articulos.<\/p>\n<p style=\"text-align: justify;\">Bien, como primer paso nos ubicamos en la Barra de Acceso rapido, agregar mas comando y agregamos el comando Formularios.<\/p>\n<p style=\"text-align: justify;\">Ahora, tan solo seleciconamos de la A1:N3 y pulsamos clic en el comando Formulario, puedes notar que se presenta una ventana o Formulario, desde esta ventana podemos agregar, modificar o eliminar datos de la tabla.<\/p>\n<p style=\"text-align: justify;\">Bien, vamos a ingresar una nueva factura, para eso pulsamos clic en Nuevo e ingresamos los datos, si tienes nuevas facturas que ingresar pulsamos clic en nuevo y veras que los datos se agregan autom\u00e1ticamente o bien cerramos.<\/p>\n<p style=\"text-align: justify;\">Bien, eso es todo para este paso, escoge la forma que mas te convenga para alimentar la hoja Seguimiento.<\/p>\n<p style=\"text-align: justify;\">Nos vemos en el siguiente v\u00eddeo donde vamos a ver Como Mostrar los Diferentes Estados de Cr\u00e9dito.<\/p>\n<p style=\"text-align: justify;\">Por lo tanto:<\/p>\n<p style=\"text-align: justify;\">Cualquier duda o pregunta tan solo escr\u00edbenos en la secci\u00f3n de comentario de bajo de esta Pagina.<\/p>\n<p style=\"text-align: justify;\">Tambi\u00e9n puedes escribirnos en el chat o bien puedes enviarnos tu email a rogerperez@aplicaexcelcontable.com.<\/p>\n<p style=\"text-align: justify;\">Para finalizar te invitamos a que visites nuestra pagina de Facebook, <a href=\"https:\/\/www.facebook.com\/AplicaExceContable\/\" target=\"_blank\" rel=\"noopener\"><strong>pulsando clic aqui<\/strong><\/a>.<\/p>\n<h1 style=\"text-align: center;\">Te recomendamos los Siguientes Articulos:<\/h1>\n<ul>\n<li><span><a href=\"https:\/\/aplicaexcelcontable.com\/blog\/crear-mejores-hojas-de-excel.html\"><strong>7 Consejos para crear mejores hojas de Excel.<\/strong><\/a><\/span><\/li>\n<li><span><a href=\"https:\/\/aplicaexcelcontable.com\/blog\/imprimir-comentarios-excel.html\" style=\"outline: none;\"><strong>Como imprimir Comentarios Excel &#8211; Consejo r\u00e1pido que te ayudara a imprimir comentarios.<\/strong><\/a><\/span><\/li>\n<li><span><a href=\"https:\/\/aplicaexcelcontable.com\/blog\/formateo-de-hojas-multiples.html\" style=\"outline: none;\"><strong>Pasos para aplicar formato de Hojas M\u00faltiple &#8211; aplica formatos similares a m\u00faltiples hojas de Excel.<\/strong><\/a><\/span><\/li>\n<\/ul>\n<p style=\"text-align: justify;\"><span style=\"color: rgb(11, 0, 0);\">Te saluda,<\/span><strong>Roger Perez &#8211; Aplica Excel Contable<\/strong><\/p>\n","protected":false},"excerpt":{"rendered":"<p>Como alimentar la hoja seguimiento Comenzamos con el v\u00eddeo de como alimentar la hoja seguimiento: Plantilla Avanzada Bienvenido a este v\u00eddeo. Hola Soy Roger Perez desde Aplica Excel Contable. En primer lugar: En este v\u00eddeo, vamos a mostrarte c\u00f3mo alimentar la hoja seguimiento. No olvides que es muy importante aplicar los pasos explicados en el [&hellip;]<\/p>\n","protected":false},"author":1,"featured_media":0,"parent":0,"menu_order":0,"comment_status":"closed","ping_status":"closed","template":"","meta":{"footnotes":""},"class_list":["post-28492","page","type-page","status-publish","hentry","post-wrapper","thrv_wrapper"],"_links":{"self":[{"href":"https:\/\/aplicaexcelcontable.com\/blog\/wp-json\/wp\/v2\/pages\/28492","targetHints":{"allow":["GET"]}}],"collection":[{"href":"https:\/\/aplicaexcelcontable.com\/blog\/wp-json\/wp\/v2\/pages"}],"about":[{"href":"https:\/\/aplicaexcelcontable.com\/blog\/wp-json\/wp\/v2\/types\/page"}],"author":[{"embeddable":true,"href":"https:\/\/aplicaexcelcontable.com\/blog\/wp-json\/wp\/v2\/users\/1"}],"replies":[{"embeddable":true,"href":"https:\/\/aplicaexcelcontable.com\/blog\/wp-json\/wp\/v2\/comments?post=28492"}],"version-history":[{"count":0,"href":"https:\/\/aplicaexcelcontable.com\/blog\/wp-json\/wp\/v2\/pages\/28492\/revisions"}],"wp:attachment":[{"href":"https:\/\/aplicaexcelcontable.com\/blog\/wp-json\/wp\/v2\/media?parent=28492"}],"curies":[{"name":"wp","href":"https:\/\/api.w.org\/{rel}","templated":true}]}}