{"id":28184,"date":"2015-12-15T10:14:45","date_gmt":"2015-12-15T16:14:45","guid":{"rendered":"https:\/\/aplicaexcelcontable.com\/blog\/?page_id=28184"},"modified":"2023-11-08T15:04:38","modified_gmt":"2023-11-08T21:04:38","slug":"sistema-contable-basico","status":"publish","type":"page","link":"https:\/\/aplicaexcelcontable.com\/blog\/sistema-contable-basico","title":{"rendered":"Sistema contable basico"},"content":{"rendered":"<h1 style=\"text-align: center;\" id=\"t-1697465697651\">Descarga el Sistema Contable Basico<\/h1>\n<p style=\"text-align: center;\"><strong>(Con el Diario &#8211; Mayor y Balance de comprobaci\u00f3n)<\/strong><\/p>\n<p>Te gustaria tener un sistema contable basico para llevar la contabilidad de tu negocio o la contabilidad de tus clientes ?<\/p>\n<p><span><img decoding=\"async\" alt=\"Sistema Contable Basico\" data-id=\"54892\" width=\"627\" data-init-width=\"627\" height=\"299\" data-init-height=\"299\" title=\"Sistema Contable Basico\" loading=\"lazy\" src=\"https:\/\/aplicaexcelcontable.com\/blog\/wp-content\/uploads\/2023\/10\/Sistema-Contable-Basico.png\" data-width=\"627\" data-height=\"299\" style=\"aspect-ratio: auto 627 \/ 299;\"><\/span><\/p>\n<p style=\"\">Hola soy Roger Perez y en este articulo, te voy a compartir el sistema contable basico y las instrucciones especificas de su personalizacion y los pasos para operar con el sistema.<\/p>\n<p style=\"\">A continuacion el contenido de este articulo:<\/p>\n<p>Listo para iniciar, veamos el tema principal:<\/p>\n<h2 style=\"text-align: center;\" id=\"t-1697465697655\">Enlace de descarga del Sistema Contable basico<\/h2>\n<p>Para descargar el sistema contable basico, tan solo pulsa clic en el boton azul \u00abHaz clic aqui para descargar el archivo y sigue las instrucciones.<\/p>\n<p><span style=\"width: 100%;\"><img decoding=\"async\" loading=\"lazy\" alt=\"Sistsema Contable basico\" width=\"243\" height=\"108\" title=\"95b726dc3c1969d01cf23bb4c05b1c80.png\" src=\"\/\/i.pinimg.com\/originals\/95\/b7\/26\/95b726dc3c1969d01cf23bb4c05b1c80.png\" style=\"aspect-ratio: auto 300 \/ 133;\" data-width=\"243\" data-height=\"108\" data-init-width=\"300\" data-init-height=\"133\"><\/span><\/p>\n<p style=\"text-align: justify;\">Para Descargar el sistema contable basico, tan solo haz clic en el enlace que he dejado abajo, en la secci\u00f3n donde aparece una flecha verde hacia abajo:<\/p>\n<h2 id=\"t-1697465697652\" style=\"text-align: center;\">Instrucciones de como utilizar el sistema contable basico:<\/h2>\n<p style=\"text-align: justify;\">Es muy importante configurar el sistema contable basico, antes de empezar a utilizarlo, en este apartado vamos a ver todos los pasos necesario para comenzar a utililizar el sistema:<\/p>\n<h3 style=\"text-align: center;\" id=\"t-1697465697656\">Conociendo las funciones del sistema contable basico<\/h3>\n<p style=\"text-align: justify;\">Conocer las funcionalidades basicas del sistema, te permitira manejar y propiarte lo que debes de configurar primero para iniciar con las contabilizaciones. <a href=\"https:\/\/aplicaexcelcontable.com\/blog\/funciones-del-sistema-contable.html\" target=\"_blank\" style=\"outline: none;\" rel=\"noopener\">Pulsa clic aqui para ver el video<\/a> o bien clic en el boton:<\/p>\n<p style=\"\">Ahora veamos el siguiente tema:<\/p>\n<h3 style=\"text-align: center;\" id=\"t-1697465697657\">Personalizando el plan de cuentas del Sistema Contable Basico<\/h3>\n<p>Despues de conocer cuales son las funciones del sistema contable basico, ahora debes de proceder con el plan de cuentas, debes de personalizar o agregar tu propio plan de cuentas. <a href=\"https:\/\/aplicaexcelcontable.com\/blog\/personalizar-tu-propio-plan-de-cuentas\" target=\"_blank\" style=\"outline: none;\" rel=\"noopener\">Pulsa clic aqui para ver el video<\/a> o bien clic en el boton:<\/p>\n<p>Una vez actualizado tu plan de cuentas, el siguiente paso es llevar todas estas cuentas al Balance de comprobacion, entonces veamos:<\/p>\n<h3 id=\"t-1697465697658\" style=\"text-align: center;\">Como actualizar las cuentas contables en el Balance de comprobacion<\/h3>\n<p>Para poner en marcha el sistema contable, el segundo paso es actualizar el plan de cuentas dentro del balance de comprobacion.<\/p>\n<p>A continuacion te dejo el <a href=\"https:\/\/aplicaexcelcontable.com\/blog\/actualizar-las-cuentas-contables\" target=\"_blank\" style=\"outline: none;\" rel=\"noopener\">enlace del video<\/a> donde se explica todo el proceso de la actualizacion del plan contable:<\/p>\n<p>Ahora, vamos a iniciar con las transacciones de saldos iniciales, veamos:<\/p>\n<h3 style=\"text-align: center;\" id=\"t-1697465697660\">Como agregar los saldos iniciales&nbsp;<\/h3>\n<p>Antes de empezar a grabar diversas partidas contables, lo primero que debes de hacer es agregar tus saldos iniciales de cada cuenta.<\/p>\n<p>No olvides que solo debes de agregar las cuentas reales (Activos, pasivos y capital). <a href=\"https:\/\/aplicaexcelcontable.com\/blog\/agregar-tu-balance-inicial\" target=\"_blank\" rel=\"noopener\">Pulsa clic aqui para ver mas detalles<\/a>.&nbsp;<\/p>\n<p>Ahora, voy a regalarte el enlace de dos plantillas gratis en excel. Estas listo para descargarlo ?<\/p>\n<p>Veamos:<\/p>\n<h2 style=\"text-align: center;\" id=\"t-1697465697659\">Te gustaria descargar mas plantillas de excel ?<\/h2>\n<h3 id=\"t-1697465697653\" style=\"text-align: center;\">Descarga la Plantilla de Recibos en excel<\/h3>\n<p style=\"text-align: justify;\">Es importante que descargues tambi\u00e9n, la plantilla Excel <a href=\"https:\/\/aplicaexcelcontable.com\/blog\/plantillas-excel-recibos.html\" target=\"_blank\" style=\"outline: none;\" rel=\"noopener\">Recibos<\/a>, haz clic en el bot\u00f3n para ir a Descargar:<\/p>\n<h3 id=\"t-1697465697654\" style=\"text-align: center;\">Plantilla Cuentas por cobrar en excel<\/h3>\n<p style=\"text-align: justify;\">Te Recomendamos que descargues tambien, la plantilla Excel Cuentas por cobrar, haz clic en el boton para ir a Descargar:<\/p>\n<p style=\"text-align: justify;\">En conclucion, debes de conocer, que el sistema contable basico te genera el Libro Diario, el Libro Mayor y el Balance de comprobaci\u00f3n.<\/p>\n<p style=\"text-align: justify;\">Tambi\u00e9n, tendras disponible el Formulario comprobante de diario, comprobante de ingreso y comprobantes de egresos.<\/p>\n<p style=\"text-align: justify;\">Estos formulario te serviran para agregar tus transacciones al Libro Diario.<\/p>\n<p style=\"text-align: justify;\">Es importante que veas los videos tutoriales de configuracion y personalizacion, dentro de este podras ver los siguientes temas:<\/p>\n<ul>\n<li><span>Como activar las macros del Sistemas<\/span><\/li>\n<li><span>Como modificar y personalizar el Plan de cuentas<\/span><\/li>\n<li><span>Pasos para modificar las validaciones de datos<\/span><\/li>\n<li><span>Como guardar y modificar Asientos contables en el Diario<\/span><\/li>\n<li><span>Como mostrar una cuenta de Mayor<\/span><\/li>\n<li><span>Pasos para generar los estados financieros<\/span><\/li>\n<\/ul>\n<p style=\"text-align: justify;\">Para finalizar te invito a visitar nuestra pagina de facebook, para que puedas recibir notificaciones de nuevas publicaciones y trucos de excel.&nbsp;<\/p>\n<p style=\"text-align: justify;\">Para eso <a href=\"https:\/\/www.facebook.com\/AplicaExceContable\/\" target=\"_blank\" rel=\"noopener\"><strong>pulsa clic&nbsp;<\/strong><\/a><b>aqu\u00ed<\/b>.<\/p>\n<p style=\"text-align: justify;\">Cualquier duda o pregunta, tan solo escr\u00edbenos en el chat o bien env\u00edanos un correo electr\u00f3nico a rogerperez@aplicaexcelcontable.com.<\/p>\n<p style=\"text-align: justify;\">Saludos,<\/p>\n<p style=\"text-align: justify;\"><strong>Roger Perez &#8211; <\/strong><strong>Aplica Excel Contable<\/strong><\/p>\n","protected":false},"excerpt":{"rendered":"<p>Descarga el Sistema Contable Basico (Con el Diario &#8211; Mayor y Balance de comprobaci\u00f3n) Te gustaria tener un sistema contable basico para llevar la contabilidad de tu negocio o la contabilidad de tus clientes ? Hola soy Roger Perez y en este articulo, te voy a compartir el sistema contable basico y las instrucciones especificas [&hellip;]<\/p>\n","protected":false},"author":1,"featured_media":54892,"parent":0,"menu_order":0,"comment_status":"closed","ping_status":"closed","template":"","meta":{"footnotes":""},"class_list":["post-28184","page","type-page","status-publish","has-post-thumbnail","hentry","post-wrapper","thrv_wrapper"],"_links":{"self":[{"href":"https:\/\/aplicaexcelcontable.com\/blog\/wp-json\/wp\/v2\/pages\/28184","targetHints":{"allow":["GET"]}}],"collection":[{"href":"https:\/\/aplicaexcelcontable.com\/blog\/wp-json\/wp\/v2\/pages"}],"about":[{"href":"https:\/\/aplicaexcelcontable.com\/blog\/wp-json\/wp\/v2\/types\/page"}],"author":[{"embeddable":true,"href":"https:\/\/aplicaexcelcontable.com\/blog\/wp-json\/wp\/v2\/users\/1"}],"replies":[{"embeddable":true,"href":"https:\/\/aplicaexcelcontable.com\/blog\/wp-json\/wp\/v2\/comments?post=28184"}],"version-history":[{"count":0,"href":"https:\/\/aplicaexcelcontable.com\/blog\/wp-json\/wp\/v2\/pages\/28184\/revisions"}],"wp:featuredmedia":[{"embeddable":true,"href":"https:\/\/aplicaexcelcontable.com\/blog\/wp-json\/wp\/v2\/media\/54892"}],"wp:attachment":[{"href":"https:\/\/aplicaexcelcontable.com\/blog\/wp-json\/wp\/v2\/media?parent=28184"}],"curies":[{"name":"wp","href":"https:\/\/api.w.org\/{rel}","templated":true}]}}