{"id":27395,"date":"2017-12-11T10:48:17","date_gmt":"2017-12-11T16:48:17","guid":{"rendered":"https:\/\/aplicaexcelcontable.com\/blog\/?page_id=27395"},"modified":"2026-01-16T21:49:14","modified_gmt":"2026-01-17T03:49:14","slug":"curso-sistema-c","status":"publish","type":"page","link":"https:\/\/aplicaexcelcontable.com\/blog\/curso-sistema-c","title":{"rendered":"Curso sistema c"},"content":{"rendered":"<h1 style=\"text-align: center;\">CURSO COMO CREAR TU SISTEMA CONTABLE V1.0<\/h1>\n<p style=\"text-align: center;\"><em><strong>Dise\u00f1a tu Sistema Contable V1.0 paso a paso<\/strong><\/em><\/p>\n<p><span style=\"--tcb-applied-color: rgb(59, 59, 59)  !important; color: rgb(8, 0, 0); font-size: 22px;\">El Curso como crear tu Sistema contable V1.0 consta de 73 Videos Tutoriales y hoy voy a compartirte los primeros 4 Videos del Curso.El Curso consta de 4 etapas:<\/span><\/p>\n<ul>\n<li><span style=\"--tcb-applied-color: rgb(59, 59, 59)  !important; color: rgb(8, 0, 0); font-size: 22px;\">Dise\u00f1o<\/span><\/li>\n<li><span style=\"--tcb-applied-color: rgb(59, 59, 59)  !important; color: rgb(8, 0, 0); font-size: 22px;\">Formulaci\u00f3n<\/span><\/li>\n<li><span style=\"--tcb-applied-color: rgb(59, 59, 59)  !important; color: rgb(8, 0, 0); font-size: 22px;\">Programaci\u00f3n<\/span><\/li>\n<li><span style=\"--tcb-applied-color: rgb(59, 59, 59)  !important; color: rgb(8, 0, 0); font-size: 22px;\">Y manual del usuario (Configuraci\u00f3n y personalizaci\u00f3n)<\/span><\/li>\n<\/ul>\n<h2 style=\"text-align: center;\">Video 1:<\/h2>\n<p style=\"\">Comenzamos con el video 1 Insertando Hojas, Nombrando Hojas y Dise\u00f1ando el Formulario D ( Comprobante de Diario), te invito a que veas el video, esta explicado paso a paso:<\/p>\n<h2 style=\"text-align: center;\">Video 2:<\/h2>\n<p style=\"\">En el video 2 vamos a Definir el \u00e1rea de Impresi\u00f3n del formulario Asiento de Diario, es Decir el Dise\u00f1o de Impresi\u00f3n del Comprobante Asiento de Diario. Tambi\u00e9n en este video vamos a Dise\u00f1ar el Formulario Comprobante de Ingreso, Comprobante de Egreso, Comprobante nota de D\u00e9bito , te invito a que empieces a ver el video 2, esta explicado paso a paso:<\/p>\n<h2 style=\"text-align: center;\">Video 3:<\/h2>\n<p style=\"\">En el video 3 vamos a Dise\u00f1ar el Formulario Comprobante nota de Cr\u00e9dito, la Hoja libro Diario, Libro Mayor, Balance de Comprobacion, Vamos a crear y montar el Plan de Cuentas, te invito a que empieces a ver el video 3, esta explicado paso a paso:<\/p>\n<h2 style=\"text-align: center;\">Video 4:<\/h2>\n<p style=\"\">En el video 4 vamos a Dise\u00f1ar la Hoja Estado de Resultado y Balance General, para concluir con el Dise\u00f1o del Sistema y pasar a la siguiente etapa \u00abFormulando &#8211; Tu Sistema Contable\u00bb vamos a insertar el Plan de cuentas en los cuadro de lista de los formularios, te invito a que empieces a ver el video 4, esta explicado paso a paso:<\/p>\n<h2 style=\"text-align: center;\">Video 5:<\/h2>\n<p style=\"\">Para continuar viendo los siguientes videos, suscribete en el siguiente formulario y sigue las instrucciones:<\/p>\n<p style=\"\">Cualquier duda o pregunta, no dudes en escribirnos por el chat o bien por el correo electr\u00f3nico <em><strong>rogerperez@aplicaexcelcontable.com<\/strong><\/em>.Saludos,<\/p>\n<p><span style=\"width: 100%;\"><a href=\"https:\/\/aplicaexcelcontable.com\/blog\/wp-content\/uploads\/2018\/07\/Roger-Perez-150x150.png\" rel=\"\"><img decoding=\"async\" alt=\"\" width=\"150\" height=\"150\" title=\"Roger Perez 150x150\" src=\"\/\/aplicaexcelcontable.com\/blog\/wp-content\/uploads\/2018\/07\/Roger-Perez-150x150.png\" style=\"\" data-id=\"36334\" loading=\"lazy\"><\/a><\/span><\/p>\n<p style=\"\"><strong>Roger Perez &#8211; CEO Aplica Excel Contable<\/strong><\/p>\n","protected":false},"excerpt":{"rendered":"<p>CURSO COMO CREAR TU SISTEMA CONTABLE V1.0 Dise\u00f1a tu Sistema Contable V1.0 paso a paso El Curso como crear tu Sistema contable V1.0 consta de 73 Videos Tutoriales y hoy voy a compartirte los primeros 4 Videos del Curso.El Curso consta de 4 etapas: Dise\u00f1o Formulaci\u00f3n Programaci\u00f3n Y manual del usuario (Configuraci\u00f3n y personalizaci\u00f3n) Video [&hellip;]<\/p>\n","protected":false},"author":1,"featured_media":0,"parent":0,"menu_order":0,"comment_status":"open","ping_status":"closed","template":"","meta":{"footnotes":""},"class_list":["post-27395","page","type-page","status-publish","hentry","post-wrapper","thrv_wrapper"],"_links":{"self":[{"href":"https:\/\/aplicaexcelcontable.com\/blog\/wp-json\/wp\/v2\/pages\/27395","targetHints":{"allow":["GET"]}}],"collection":[{"href":"https:\/\/aplicaexcelcontable.com\/blog\/wp-json\/wp\/v2\/pages"}],"about":[{"href":"https:\/\/aplicaexcelcontable.com\/blog\/wp-json\/wp\/v2\/types\/page"}],"author":[{"embeddable":true,"href":"https:\/\/aplicaexcelcontable.com\/blog\/wp-json\/wp\/v2\/users\/1"}],"replies":[{"embeddable":true,"href":"https:\/\/aplicaexcelcontable.com\/blog\/wp-json\/wp\/v2\/comments?post=27395"}],"version-history":[{"count":7,"href":"https:\/\/aplicaexcelcontable.com\/blog\/wp-json\/wp\/v2\/pages\/27395\/revisions"}],"predecessor-version":[{"id":65448,"href":"https:\/\/aplicaexcelcontable.com\/blog\/wp-json\/wp\/v2\/pages\/27395\/revisions\/65448"}],"wp:attachment":[{"href":"https:\/\/aplicaexcelcontable.com\/blog\/wp-json\/wp\/v2\/media?parent=27395"}],"curies":[{"name":"wp","href":"https:\/\/api.w.org\/{rel}","templated":true}]}}