{"id":27202,"date":"2017-12-05T13:33:45","date_gmt":"2017-12-05T19:33:45","guid":{"rendered":"https:\/\/aplicaexcelcontable.com\/blog\/?page_id=27202"},"modified":"2026-01-23T10:51:08","modified_gmt":"2026-01-23T16:51:08","slug":"diseno-hoja-clientes","status":"publish","type":"page","link":"https:\/\/aplicaexcelcontable.com\/blog\/diseno-hoja-clientes","title":{"rendered":"Dise\u00f1o hoja clientes"},"content":{"rendered":"<h1 style=\"text-align: center;\"><strong>Pasos para el Dise\u00f1o Hoja clientes<\/strong><\/h1>\n<p>Comencemos con los pasos para el dise\u00f1o hoja clientes, este curso consta de 16 videos y este es el primer video:<\/p>\n<h1 style=\"text-align: center;\"><strong>Descripci\u00f3n general del video<\/strong><\/h1>\n<p>En primer lugar, vamos a insertar las hojas necesarias para comenzar a dise\u00f1ar la Plantilla de cuentas por cobrar.<\/p>\n<p>Por lo tanto,&nbsp; en seguida vamos a ver los pasos de como dise\u00f1ar la Hoja Clientes paso a paso.<\/p>\n<p>Dentro de este curso encontraras 16 videos pasos a paso, para poder recibir todos los enlaces de cada video, tan solo suscribete a nuestro bolet\u00edn &nbsp;e inmediatamente te llegara los primeros enlaces:<\/p>\n<h2 style=\"text-align: center;\">Curso de Reportes Semanales<\/h2>\n<p><span style=\"width: 100%;\"><img decoding=\"async\" alt=\"\" width=\"333\" height=\"171\" title=\"Informes Diarios\" data-id=\"33383\" src=\"\/\/aplicaexcelcontable.com\/blog\/wp-content\/uploads\/2018\/02\/Informes-Diarios.png\" style=\"\" loading=\"lazy\"><\/span><\/p>\n<p style=\"text-align: justify;\">En este Mini Curso aprender\u00e1s a crear un <strong>Resumen de Reportes Diarios<\/strong>,<strong> Semanales o bien Mensual atreves de las Excel Formulas<\/strong>, y mucho mas&#8230;<\/p>\n<h1><strong>Te recomendamos tambi\u00e9n:<\/strong><\/h1>\n<p>Un curso muy importante que debes de tener en cuenta para la creacion de Informes diarios, semanales y Mensuales es el curso llamado:<\/p>\n<p style=\"text-align: center;\"><a href=\"https:\/\/aplicaexcelcontable.com\/blog\/excel-formulas-para-informes-diarios-y-semanales.html\"><strong>\u00abFormulas para crear Informes Diarios y Semanales\u00bb.<\/strong><\/a><\/p>\n<p>Que tal te pareci\u00f3 este primer video? Te gusto?<\/p>\n<p>Si te gusto, te invito a que lo compartas con tus amigos de facebook, pulsando clic en el boton compartir:<\/p>\n<p>Para terminar, quiero invitarte a visitar nuestra pagina de facebook, <a href=\"https:\/\/www.facebook.com\/AplicaExceContable\/\" target=\"_blank\" rel=\"noopener\"><strong>pulsando clic aqu\u00ed.<\/strong><\/a><\/p>\n<p>En conclusi\u00f3n, hemos avanzado con el dise\u00f1o hoja clientes, en el siguiente video vamos a ver como dise\u00f1ar la hoja articulo.<\/p>\n<p>Saludos,<\/p>\n<p><strong>Roger Perez &#8211; Aplica Excel Contable<\/strong><\/p>\n<p><strong>PD:&nbsp;<\/strong>Si tienes dudas o preguntas, relacionado con este primer video no dudes en escribirnos en la seccion de comentarios.<\/p>\n<p>Por lo tanto:<\/p>\n<p style=\"text-align: center;\">No olvides dejar tus comentarios&nbsp;<\/p>\n<h1><strong>S\u00edguenos en:<\/strong><\/h1>\n<p><a href=\"https:\/\/www.facebook.com\/aplicaexcecontable\" target=\"_blank\" rel=\"  noopener\"><\/a><a href=\"http:\/\/www.youtube.com\/user\/excelycontabilidad?sub_confirmation=1\" target=\"_blank\" rel=\"  noopener\"><\/a><\/p>\n<p style=\"text-align: center;\"><strong>Ver todos los videos del Curso<\/strong><\/p>\n","protected":false},"excerpt":{"rendered":"<p>Pasos para el Dise\u00f1o Hoja clientes Comencemos con los pasos para el dise\u00f1o hoja clientes, este curso consta de 16 videos y este es el primer video: Descripci\u00f3n general del video En primer lugar, vamos a insertar las hojas necesarias para comenzar a dise\u00f1ar la Plantilla de cuentas por cobrar. Por lo tanto,&nbsp; en seguida [&hellip;]<\/p>\n","protected":false},"author":1,"featured_media":0,"parent":0,"menu_order":0,"comment_status":"open","ping_status":"closed","template":"","meta":{"footnotes":""},"class_list":["post-27202","page","type-page","status-publish","hentry","post-wrapper","thrv_wrapper"],"_links":{"self":[{"href":"https:\/\/aplicaexcelcontable.com\/blog\/wp-json\/wp\/v2\/pages\/27202","targetHints":{"allow":["GET"]}}],"collection":[{"href":"https:\/\/aplicaexcelcontable.com\/blog\/wp-json\/wp\/v2\/pages"}],"about":[{"href":"https:\/\/aplicaexcelcontable.com\/blog\/wp-json\/wp\/v2\/types\/page"}],"author":[{"embeddable":true,"href":"https:\/\/aplicaexcelcontable.com\/blog\/wp-json\/wp\/v2\/users\/1"}],"replies":[{"embeddable":true,"href":"https:\/\/aplicaexcelcontable.com\/blog\/wp-json\/wp\/v2\/comments?post=27202"}],"version-history":[{"count":1,"href":"https:\/\/aplicaexcelcontable.com\/blog\/wp-json\/wp\/v2\/pages\/27202\/revisions"}],"predecessor-version":[{"id":65470,"href":"https:\/\/aplicaexcelcontable.com\/blog\/wp-json\/wp\/v2\/pages\/27202\/revisions\/65470"}],"wp:attachment":[{"href":"https:\/\/aplicaexcelcontable.com\/blog\/wp-json\/wp\/v2\/media?parent=27202"}],"curies":[{"name":"wp","href":"https:\/\/api.w.org\/{rel}","templated":true}]}}