{"id":26937,"date":"2017-11-21T11:06:05","date_gmt":"2017-11-21T17:06:05","guid":{"rendered":"https:\/\/aplicaexcelcontable.com\/blog\/?page_id=26937"},"modified":"2024-01-15T09:34:19","modified_gmt":"2024-01-15T15:34:19","slug":"ejemplo-de-barra-de-progreso-en-excel","status":"publish","type":"page","link":"https:\/\/aplicaexcelcontable.com\/blog\/ejemplo-de-barra-de-progreso-en-excel","title":{"rendered":"Ejemplo de barra de progreso en excel"},"content":{"rendered":"<h1 style=\"text-align: center;\">Ejemplo de Barra de Progreso en Excel<\/h1>\n<p style=\"text-align: justify;\">Comencemos con el video de Ejemplo de Barra de progreso en Excel:<\/p>\n<p><span style=\"width: 100%;\"><a href=\"https:\/\/aplicaexcelcontable.com\/blog\/wp-content\/uploads\/2017\/11\/Ejemplo-barra-de-estado-en-Excel.xlsx\"><img decoding=\"async\" loading=\"lazy\" alt=\"Ejemplo de Barra de progreso\" width=\"64\" height=\"64\" title=\"33290234771_090c549156_s.jpg\" src=\"\/\/farm3.staticflickr.com\/2818\/33290234771_090c549156_s.jpg\" style=\"\"><\/a><\/span><\/p>\n<h1><a href=\"https:\/\/aplicaexcelcontable.com\/blog\/wp-content\/uploads\/2017\/11\/Ejemplo-barra-de-estado-en-Excel.xlsx\">Haz clic aqu\u00ed para Descargar el Archivo <\/a><\/h1>\n<p><strong>Haz clic en el enlace o bien en la imagen para descargar el archivo de practica Barra de progreso en Excel.<\/strong><\/p>\n<h1 style=\"text-align: center;\"><strong>Como Crear Validaci\u00f3n de Datos Din\u00e1mico<\/strong><\/h1>\n<p style=\"text-align: justify;\">Para ver los pasos de como hacer una Validaci\u00f3n Din\u00e1mica, tan solo pulsa clic en el bot\u00f3n ver video:<\/p>\n<h1 style=\"text-align: center;\"><b>Como aplicar la Funci\u00f3n&nbsp;SI y BuscarV<\/b><\/h1>\n<p style=\"text-align: justify;\">Para ver los pasos de como aplicar la funcion SI y la Funcion BuscarV, tan solo pulsa clic en el bot\u00f3n ver video:<\/p>\n<h1 style=\"text-align: center;\">Descripci\u00f3n del Video Ejemplo de Barra de Progreso en Excel<\/h1>\n<p style=\"text-align: justify;\">En primer lugar, voy a mostrarte los pasos de como crear una barra de progreso en Excel paso a paso.<\/p>\n<p style=\"text-align: justify;\">Por lo tanto, el ejemplo de barra de progreso te lo voy a mostrar en un archivo excel ya preelaborado, tan solo podras descargarlo e utilizarlo.<\/p>\n<h1 style=\"text-align: center;\">Sistema Contable V6.0<\/h1>\n<p><span style=\"width: 100%;\"><a href=\"https:\/\/aplicaexcelcontable.com\/blog\/plantilla-contable-version-5-0.html\"><img decoding=\"async\" loading=\"lazy\" alt=\"Ejemplo de Barra de Progreso en Excel\" width=\"219\" height=\"109\" title=\"b48700d0b785828232c7626c68dd6c28.png\" src=\"\/\/i.pinimg.com\/originals\/b4\/87\/00\/b48700d0b785828232c7626c68dd6c28.png\" style=\"\" data-width=\"219\" data-height=\"109\" data-init-width=\"431\" data-init-height=\"214\"><\/a><\/span><\/p>\n<ul>\n<li>  <span>Genera Tus Cuentas Mayores<\/span><\/li>\n<li>  <span>Genera tu Balance de Resultado<\/span><\/li>\n<li>  <span>Imprime tu Balance General<\/span><\/li>\n<li>  <span>Lleva el Control de Tus Cuentas por Cobrar y Pagar<\/span><\/li>\n<\/ul>\n<p>Por consiguiente, Que tal te parecio el video? Te gusto?<\/p>\n<p>Si te gusto te invito a que lo compartas con tus amigos <a href=\"#principio\"><strong>pulsando clic aqui<\/strong><\/a>.<\/p>\n<p>Para finalizar, te invito a visitar nuestra pagina de facebook, <a href=\"https:\/\/www.facebook.com\/AplicaExceContable\/\" target=\"_blank\" rel=\"noopener\"><strong>pulsando clic aqui<\/strong><\/a>.<\/p>\n<p>Por lo tanto, Cualquier duda o pregunta, tan solo escr\u00edbenos en el chat o bien enviamos un correo electr\u00f3nico.<\/p>\n<p>Saludos,<\/p>\n<p><strong>Roger Perez &#8211; Aplica Excel Contable<\/strong><\/p>\n","protected":false},"excerpt":{"rendered":"<p>Ejemplo de Barra de Progreso en Excel Comencemos con el video de Ejemplo de Barra de progreso en Excel: Haz clic aqu\u00ed para Descargar el Archivo Haz clic en el enlace o bien en la imagen para descargar el archivo de practica Barra de progreso en Excel. Como Crear Validaci\u00f3n de Datos Din\u00e1mico Para ver [&hellip;]<\/p>\n","protected":false},"author":1,"featured_media":0,"parent":0,"menu_order":0,"comment_status":"closed","ping_status":"closed","template":"","meta":{"footnotes":""},"class_list":["post-26937","page","type-page","status-publish","hentry","post-wrapper","thrv_wrapper"],"_links":{"self":[{"href":"https:\/\/aplicaexcelcontable.com\/blog\/wp-json\/wp\/v2\/pages\/26937","targetHints":{"allow":["GET"]}}],"collection":[{"href":"https:\/\/aplicaexcelcontable.com\/blog\/wp-json\/wp\/v2\/pages"}],"about":[{"href":"https:\/\/aplicaexcelcontable.com\/blog\/wp-json\/wp\/v2\/types\/page"}],"author":[{"embeddable":true,"href":"https:\/\/aplicaexcelcontable.com\/blog\/wp-json\/wp\/v2\/users\/1"}],"replies":[{"embeddable":true,"href":"https:\/\/aplicaexcelcontable.com\/blog\/wp-json\/wp\/v2\/comments?post=26937"}],"version-history":[{"count":0,"href":"https:\/\/aplicaexcelcontable.com\/blog\/wp-json\/wp\/v2\/pages\/26937\/revisions"}],"wp:attachment":[{"href":"https:\/\/aplicaexcelcontable.com\/blog\/wp-json\/wp\/v2\/media?parent=26937"}],"curies":[{"name":"wp","href":"https:\/\/api.w.org\/{rel}","templated":true}]}}