{"id":26445,"date":"2017-10-25T16:08:32","date_gmt":"2017-10-25T22:08:32","guid":{"rendered":"https:\/\/aplicaexcelcontable.com\/blog\/?page_id=26445"},"modified":"2024-01-31T14:41:41","modified_gmt":"2024-01-31T20:41:41","slug":"limitaciones-del-formato-condicional","status":"publish","type":"page","link":"https:\/\/aplicaexcelcontable.com\/blog\/limitaciones-del-formato-condicional","title":{"rendered":"limitaciones del Formato Condicional"},"content":{"rendered":"<h1 style=\"text-align: center;\"><strong>VIDEO 3 &#8211; Limitaciones del Formato Condicional<\/strong><\/h1>\n<p style=\"text-align: justify;\">Comenzamos con el video de las limitaciones del Formato Condicional:<\/p>\n<p style=\"text-align: justify;\">Bienvenido a este video 3 del Mini Curso de Formato Condicional.<\/p>\n<p style=\"text-align: justify;\">En este video vamos a ver Cuales son las limitaciones del Formato Condicional en Excel.<\/p>\n<p style=\"text-align: justify;\">Antes de enumerar las limitaciones, quiero compartirte:<\/p>\n<h1>Los Tipos de Condiciones de Formato Condicional<\/h1>\n<p style=\"text-align: justify;\">Dentro de este encontramos dos tipos de condiciones:<strong>Condiciones de valor basados en Celdas:<\/strong> Estas condiciones prueban en el valor de la celda en s\u00ed. As\u00ed que si se seleccionas un grupo de Celdas, y mencionas la condici\u00f3n de entre 15 y 25, todas las celdas con valores entre 15 y 25 tendr\u00e1n el formato que especifiques.<strong>Condiciones basadas en F\u00f3rmula:<\/strong> A veces necesitamos m\u00e1s flexibilidad en algunas condiciones simples. Es entonces cuando las f\u00f3rmulas vienen a lo pr\u00e1ctico.<strong>Las F\u00f3rmulas de formato condicional<\/strong> tienden a ser un poco complicadas y puede ser dif\u00edcil de aprender o utilizar si usted es nuevo o esta comenzando en Excel.Pero son muy \u00fatiles e intuitivas, si se utilizan una vez que necesites crear condiciones m\u00e1s flexibles.Ahora si, vamos a conocer las:<\/p>\n<h1 style=\"text-align: center;\">Sistema Contable V9.0<\/h1>\n<p><span style=\"width: 100%;\"><a href=\"https:\/\/aplicaexcelcontable.com\/blog\/sistema-contable-en-excel-v9\" target=\"_blank\" rel=\"noopener\"><img decoding=\"async\" alt=\"limitaciones del Formato Condicional\" width=\"219\" height=\"109\" title=\"b48700d0b785828232c7626c68dd6c28.png\" src=\"\/\/i.pinimg.com\/originals\/b4\/87\/00\/b48700d0b785828232c7626c68dd6c28.png\" style=\"aspect-ratio: auto 431 \/ 214;\" data-width=\"219\" data-height=\"109\" data-init-width=\"431\" data-init-height=\"214\" loading=\"lazy\"><\/a><\/span><\/p>\n<ul>\n<li>  <span>Genera Tus Cuentas Mayores<\/span><\/li>\n<li>  <span>Genera tu Balance de Resultado<\/span><\/li>\n<li>  <span>Imprime tu Balance General<\/span><\/li>\n<li>  <span>Lleva el Control de Tus Cuentas por Cobrar y Pagar<\/span><\/li>\n<\/ul>\n<p><strong><\/p>\n<h1 dir=\"ltr\" style=\"text-align: center;\">Limitaciones del Formato Condicional<\/h1>\n<p><\/strong><\/p>\n<p><span style=\"color: rgb(8, 1, 1);\">Parar comenzar voy a mencionar una ventaja del Formato Condicional para las versiones actuales, Excel 2007,2010,2013 y 2016.Dentro de estas versiones, puedes crear la cantidad de Formato Condicional de tu preferencia.<\/span><\/p>\n<p><span style=\"color: rgb(8, 1, 1);\">Entonces:<\/span><\/p>\n<p><span style=\"color: rgb(8, 1, 1);\">En versiones anteriores al 2007 todo los formatos condicionales estaban litadas a 3 Condiciones nada mas.Actualmente todo esto ha sido superado y puedes crear la cantidad de formato condicional de tu preferencia.Y a continuaci\u00f3n voy a mencionarte las limitaciones del Formato condicional:<\/span><\/p>\n<ol>\n<li><span style=\"color: rgb(8, 1, 1);\"><strong>Solo se puede aplicar a Celdas de Excel<\/strong><\/span><\/li>\n<li><span style=\"color: rgb(8, 1, 1);\"><strong>No se puede aplicar a Objetos<\/strong><\/span><\/li>\n<li><span style=\"color: rgb(8, 1, 1);\"><strong>No se puede aplicar a Gr\u00e1ficos.<\/strong><\/span><\/li>\n<\/ol>\n<p><span style=\"color: rgb(8, 1, 1);\"><strong><\/strong>Sin embargo, todas estas limitaciones se puede superar con VBA.<\/span><\/p>\n<p><span style=\"color: rgb(8, 1, 1);\">Ok, suficiente teoria, ahora abre un libro de excel y trata de aplicar todos los pasos que aprendiste en los ejemplos de Formato condicional.<\/span><\/p>\n<p><span style=\"color: rgb(8, 1, 1);\">En conclusi\u00f3n, Nos vemos en el proximo videos, donde vamos a ver el Primer Truco de Formato Condicional.<\/span><\/p>\n<p>Que tal te parecio este primer video? Te gusto?<\/p>\n<p>Si te gusto compartelo con tus amigos de Facebook, pulsando clic en el boton Compartir:<\/p>\n<p style=\"text-align: justify;\">Para terminar, te invito a seguirnos en Facebook, para eso tan solo <a href=\"https:\/\/www.facebook.com\/AplicaExceContable\/\" target=\"_blank\" rel=\"noopener\"><strong>pulsa clic aqui y visitanos.<\/strong><\/a><\/p>\n<p style=\"text-align: justify;\">Cualquier duda o pregunta, tan solo escribenos en el chat.<\/p>\n<p style=\"text-align: justify;\">Saludos,<\/p>\n<p style=\"text-align: justify;\"><strong>Roger Perez &#8211; Aplica Excel Contable<\/strong><\/p><\/p>\n","protected":false},"excerpt":{"rendered":"<p>VIDEO 3 &#8211; Limitaciones del Formato Condicional Comenzamos con el video de las limitaciones del Formato Condicional: Bienvenido a este video 3 del Mini Curso de Formato Condicional. En este video vamos a ver Cuales son las limitaciones del Formato Condicional en Excel. Antes de enumerar las limitaciones, quiero compartirte: Los Tipos de Condiciones de [&hellip;]<\/p>\n","protected":false},"author":1,"featured_media":0,"parent":0,"menu_order":0,"comment_status":"closed","ping_status":"closed","template":"","meta":{"footnotes":""},"class_list":["post-26445","page","type-page","status-publish","hentry","post-wrapper","thrv_wrapper"],"_links":{"self":[{"href":"https:\/\/aplicaexcelcontable.com\/blog\/wp-json\/wp\/v2\/pages\/26445","targetHints":{"allow":["GET"]}}],"collection":[{"href":"https:\/\/aplicaexcelcontable.com\/blog\/wp-json\/wp\/v2\/pages"}],"about":[{"href":"https:\/\/aplicaexcelcontable.com\/blog\/wp-json\/wp\/v2\/types\/page"}],"author":[{"embeddable":true,"href":"https:\/\/aplicaexcelcontable.com\/blog\/wp-json\/wp\/v2\/users\/1"}],"replies":[{"embeddable":true,"href":"https:\/\/aplicaexcelcontable.com\/blog\/wp-json\/wp\/v2\/comments?post=26445"}],"version-history":[{"count":0,"href":"https:\/\/aplicaexcelcontable.com\/blog\/wp-json\/wp\/v2\/pages\/26445\/revisions"}],"wp:attachment":[{"href":"https:\/\/aplicaexcelcontable.com\/blog\/wp-json\/wp\/v2\/media?parent=26445"}],"curies":[{"name":"wp","href":"https:\/\/api.w.org\/{rel}","templated":true}]}}