{"id":13150,"date":"2019-06-04T18:16:17","date_gmt":"2019-06-05T00:16:17","guid":{"rendered":"https:\/\/aplicaexcelcontable.com\/Alumnos\/?page_id=13150"},"modified":"2022-12-10T07:09:35","modified_gmt":"2022-12-10T13:09:35","slug":"inicio-2","status":"publish","type":"page","link":"https:\/\/aplicaexcelcontable.com\/Alumnos\/","title":{"rendered":"Inicio"},"content":{"rendered":"<p><span style=\"width: 100%;\"><a href=\"https:\/\/aplicaexcelcontable.com\/Alumnos\/wp-content\/uploads\/2017\/12\/LogoaecZA.png\" rel=\"\"><img loading=\"lazy\" decoding=\"async\" alt=\"\" width=\"250\" height=\"50\" title=\"LogoaecZA\" data-id=\"11205\" src=\"https:\/\/aplicaexcelcontable.com\/Alumnos\/wp-content\/uploads\/2017\/12\/LogoaecZA.png\" style=\"\"><\/a><\/span><\/p>\n<h1 style=\"text-align: center;\">Zona de Alumnos &#8211; Accede al Curso de Tu Preferencia<\/h1>\n<p style=\"text-align: justify;\">Bienvenidos a la Zona de Alumnos, para poder acceder a tu cuenta y disfrutar de los videos y los materiales adicionales del curso en la cual estas inscrito, tan solo inicia sesion en el formulario que te he dejado al lado derecho:<\/p>\n<h2 style=\"text-align: center;\">Iniciar Sesi\u00f3n<\/h2>\n<div class=\"WishListMember_LoginMergeCode\"><form action=\"https:\/\/aplicaexcelcontable.com\/Alumnos\/wp-login.php\" method=\"post\" class=\"wlm_inpageloginform\">\n<input type=\"hidden\" name=\"wlm_redirect_to\" value=\"wishlistmember\" \/>\n<input type=\"hidden\" name=\"redirect_to\" value=\"wishlistmember\" \/>\n<div class=\"wlm3-form\">\n<div class=\"wlm3-form-group\"><label>Username or Email Address<\/label><input name=\"log\" class=\" wlm3-form-field fld\" id=\"wlm_form_field_log\" type=\"text\" value=\"\"><\/div>\n<div class=\"wlm3-form-group\"><label>Password<\/label><span class=\"wishlist-member-login-password\"><input name=\"pwd\" class=\" wlm3-form-field fld\" id=\"wlm_form_field_pwd\" type=\"password\" value=\"\"><a href=\"#\" class=\"dashicons dashicons-visibility\" aria-hidden=\"true\"><\/a><\/span><\/div>\n\n<div class=\"wlm3-form-group\"><label><input name=\"rememberme\" class=\" form-checkbox fld\" id=\"wlm_form_field_rememberme\" type=\"checkbox\"  value=\"forever\"> Remember Me<\/label><\/div>\n<p><input name=\"wp-submit\" class=\"\" id=\"wlm_form_field_wp-submit\" type=\"submit\" value=\"Login\"><\/p>\n\n<p>\n<a href=\"https:\/\/aplicaexcelcontable.com\/Alumnos\/wp-login.php?action=lostpassword\">Lost your Password?<\/a>\n<\/p>\n<\/div>\n<\/form><\/div>\n<p><strong><span style=\"color: rgb(244, 9, 9);\">Nota:<\/span><\/strong><span style=\"font-size: 11px;\"><span style=\"color: rgb(3, 0, 0);\">Si tienes problema para iniciar sesi\u00f3n, tan solo escr\u00edbenos en el chat.<\/span><\/span><a href=\"https:\/\/tawk.to\/chat\/575312e58e99d8cc697fda00\/1ake86ijp\" target=\"_blank\" style=\"outline: none;\" rel=\"noopener\"><span style=\"font-size: 11px;\"><span style=\"color: rgb(3, 0, 0);\">&nbsp;<\/span><\/span><span style=\"font-size: 13px;\"><span style=\"color: rgb(3, 0, 0);\"><strong>Chatear Ahora <img decoding=\"async\" role=\"img\" alt=\"\ud83d\udc48\" src=\"https:\/\/s.w.org\/images\/core\/emoji\/13.0.0\/svg\/1f448.svg\"><\/strong><\/span><\/span><\/a><\/p>\n<h2 style=\"text-align: center;\"><strong><em>Cursos Avanzados &nbsp;que ofrecemos dentro de la Plataforma de Alumnos<\/em><\/strong><strong><\/strong><\/h2>\n<h2 style=\"text-align: center;\">Curso como crear tu Sistema Contable V6.0<\/h2>\n<p style=\"text-align: justify;\">En el Curso como crear tu Sistema contable V6.0, podr\u00e1s ver 120 videos, donde podr\u00e1s: dise\u00f1ar, formular y programar tu sistema contable versi\u00f3n 6 paso a paso:<\/p>\n<h2 style=\"text-align: center;\">Curso como crear tu Sistema de GFI&nbsp;&nbsp;<\/h2>\n<p style=\"text-align: justify;\">En el Curso Como crear tu Sistema de Gesti\u00f3n &#8211; Facturaci\u00f3n e Inventario , podr\u00e1s dise\u00f1ar, formular y programar tu sistema de GFI &nbsp;paso a paso:<\/p>\n<h2 style=\"text-align: center;\">Curso como crear tu App CC V1.0<\/h2>\n<p style=\"text-align: justify;\">En el Curso Como crear tu Aplicaci\u00f3n Control de Carteras V1.0, podr\u00e1s dise\u00f1ar, formular y programar tu App CC V1.0 paso a paso:<\/p>\n<h2 style=\"text-align: center;\">Membresia VIP<\/h2>\n<p style=\"text-align: justify;\">Accede a todos los Cursos y Aplicaciones que ofrecemos en la plataformar, por un periodo de 2 a\u00f1os, ver detalles:<\/p>\n","protected":false},"excerpt":{"rendered":"<p>Zona de Alumnos &#8211; Accede al Curso de Tu Preferencia Bienvenidos a la Zona de Alumnos, para poder acceder a tu cuenta y disfrutar de los videos y los materiales adicionales del curso en la cual estas inscrito, tan solo inicia sesion en el formulario que te he dejado al lado derecho: Iniciar Sesi\u00f3n Nota:Si [&hellip;]<\/p>\n","protected":false},"author":1,"featured_media":0,"parent":0,"menu_order":0,"comment_status":"closed","ping_status":"closed","template":"","meta":{"footnotes":""},"class_list":["post-13150","page","type-page","status-publish","hentry","post-wrapper","thrv_wrapper"],"yoast_head":"<!-- This site is optimized with the Yoast SEO Premium plugin v22.8 (Yoast SEO v22.8) - https:\/\/yoast.com\/wordpress\/plugins\/seo\/ -->\n<title>Inicio - ZONA DE MIEMBROS<\/title>\n<meta name=\"robots\" content=\"index, follow, max-snippet:-1, max-image-preview:large, max-video-preview:-1\" \/>\n<link rel=\"canonical\" href=\"https:\/\/aplicaexcelcontable.com\/Alumnos\/\" \/>\n<meta property=\"og:locale\" content=\"es_ES\" \/>\n<meta property=\"og:type\" content=\"article\" \/>\n<meta property=\"og:title\" content=\"Inicio\" \/>\n<meta property=\"og:description\" content=\"Zona de Alumnos &#8211; Accede al Curso de Tu Preferencia Bienvenidos a la Zona de Alumnos, para poder acceder a tu cuenta y disfrutar de los videos y los materiales adicionales del curso en la cual estas inscrito, tan solo inicia sesion en el formulario que te he dejado al lado derecho: Iniciar Sesi\u00f3n Nota:Si [&hellip;]\" \/>\n<meta property=\"og:url\" content=\"https:\/\/aplicaexcelcontable.com\/Alumnos\/\" \/>\n<meta property=\"og:site_name\" content=\"ZONA DE MIEMBROS\" \/>\n<meta property=\"article:modified_time\" content=\"2022-12-10T13:09:35+00:00\" \/>\n<meta property=\"og:image\" content=\"https:\/\/aplicaexcelcontable.com\/Alumnos\/wp-content\/uploads\/2017\/12\/LogoaecZA.png\" \/>\n<meta name=\"twitter:card\" content=\"summary_large_image\" \/>\n<meta name=\"twitter:label1\" content=\"Tiempo de lectura\" \/>\n\t<meta name=\"twitter:data1\" content=\"1 minuto\" \/>\n<script type=\"application\/ld+json\" class=\"yoast-schema-graph\">{\"@context\":\"https:\/\/schema.org\",\"@graph\":[{\"@type\":\"WebPage\",\"@id\":\"https:\/\/aplicaexcelcontable.com\/Alumnos\/\",\"url\":\"https:\/\/aplicaexcelcontable.com\/Alumnos\/\",\"name\":\"Inicio - ZONA DE MIEMBROS\",\"isPartOf\":{\"@id\":\"https:\/\/aplicaexcelcontable.com\/Alumnos\/#website\"},\"primaryImageOfPage\":{\"@id\":\"https:\/\/aplicaexcelcontable.com\/Alumnos\/#primaryimage\"},\"image\":{\"@id\":\"https:\/\/aplicaexcelcontable.com\/Alumnos\/#primaryimage\"},\"thumbnailUrl\":\"https:\/\/aplicaexcelcontable.com\/Alumnos\/wp-content\/uploads\/2017\/12\/LogoaecZA.png\",\"datePublished\":\"2019-06-05T00:16:17+00:00\",\"dateModified\":\"2022-12-10T13:09:35+00:00\",\"breadcrumb\":{\"@id\":\"https:\/\/aplicaexcelcontable.com\/Alumnos\/#breadcrumb\"},\"inLanguage\":\"es\",\"potentialAction\":[{\"@type\":\"ReadAction\",\"target\":[\"https:\/\/aplicaexcelcontable.com\/Alumnos\/\"]}]},{\"@type\":\"ImageObject\",\"inLanguage\":\"es\",\"@id\":\"https:\/\/aplicaexcelcontable.com\/Alumnos\/#primaryimage\",\"url\":\"https:\/\/aplicaexcelcontable.com\/Alumnos\/wp-content\/uploads\/2017\/12\/LogoaecZA.png\",\"contentUrl\":\"https:\/\/aplicaexcelcontable.com\/Alumnos\/wp-content\/uploads\/2017\/12\/LogoaecZA.png\"},{\"@type\":\"BreadcrumbList\",\"@id\":\"https:\/\/aplicaexcelcontable.com\/Alumnos\/#breadcrumb\",\"itemListElement\":[{\"@type\":\"ListItem\",\"position\":1,\"name\":\"Portada\",\"item\":\"https:\/\/aplicaexcelcontable.com\/Alumnos\/\"},{\"@type\":\"ListItem\",\"position\":2,\"name\":\"Inicio\"}]},{\"@type\":\"WebSite\",\"@id\":\"https:\/\/aplicaexcelcontable.com\/Alumnos\/#website\",\"url\":\"https:\/\/aplicaexcelcontable.com\/Alumnos\/\",\"name\":\"ZONA DE MIEMBROS\",\"description\":\"TU META ES\u2026 AUTOMATIZAR PLANTILLAS EXCEL\",\"potentialAction\":[{\"@type\":\"SearchAction\",\"target\":{\"@type\":\"EntryPoint\",\"urlTemplate\":\"https:\/\/aplicaexcelcontable.com\/Alumnos\/?s={search_term_string}\"},\"query-input\":\"required name=search_term_string\"}],\"inLanguage\":\"es\"}]}<\/script>\n<!-- \/ Yoast SEO Premium plugin. -->","yoast_head_json":{"title":"Inicio - ZONA DE MIEMBROS","robots":{"index":"index","follow":"follow","max-snippet":"max-snippet:-1","max-image-preview":"max-image-preview:large","max-video-preview":"max-video-preview:-1"},"canonical":"https:\/\/aplicaexcelcontable.com\/Alumnos\/","og_locale":"es_ES","og_type":"article","og_title":"Inicio","og_description":"Zona de Alumnos &#8211; Accede al Curso de Tu Preferencia Bienvenidos a la Zona de Alumnos, para poder acceder a tu cuenta y disfrutar de los videos y los materiales adicionales del curso en la cual estas inscrito, tan solo inicia sesion en el formulario que te he dejado al lado derecho: Iniciar Sesi\u00f3n Nota:Si [&hellip;]","og_url":"https:\/\/aplicaexcelcontable.com\/Alumnos\/","og_site_name":"ZONA DE MIEMBROS","article_modified_time":"2022-12-10T13:09:35+00:00","og_image":[{"url":"https:\/\/aplicaexcelcontable.com\/Alumnos\/wp-content\/uploads\/2017\/12\/LogoaecZA.png"}],"twitter_card":"summary_large_image","twitter_misc":{"Tiempo de lectura":"1 minuto"},"schema":{"@context":"https:\/\/schema.org","@graph":[{"@type":"WebPage","@id":"https:\/\/aplicaexcelcontable.com\/Alumnos\/","url":"https:\/\/aplicaexcelcontable.com\/Alumnos\/","name":"Inicio - ZONA DE MIEMBROS","isPartOf":{"@id":"https:\/\/aplicaexcelcontable.com\/Alumnos\/#website"},"primaryImageOfPage":{"@id":"https:\/\/aplicaexcelcontable.com\/Alumnos\/#primaryimage"},"image":{"@id":"https:\/\/aplicaexcelcontable.com\/Alumnos\/#primaryimage"},"thumbnailUrl":"https:\/\/aplicaexcelcontable.com\/Alumnos\/wp-content\/uploads\/2017\/12\/LogoaecZA.png","datePublished":"2019-06-05T00:16:17+00:00","dateModified":"2022-12-10T13:09:35+00:00","breadcrumb":{"@id":"https:\/\/aplicaexcelcontable.com\/Alumnos\/#breadcrumb"},"inLanguage":"es","potentialAction":[{"@type":"ReadAction","target":["https:\/\/aplicaexcelcontable.com\/Alumnos\/"]}]},{"@type":"ImageObject","inLanguage":"es","@id":"https:\/\/aplicaexcelcontable.com\/Alumnos\/#primaryimage","url":"https:\/\/aplicaexcelcontable.com\/Alumnos\/wp-content\/uploads\/2017\/12\/LogoaecZA.png","contentUrl":"https:\/\/aplicaexcelcontable.com\/Alumnos\/wp-content\/uploads\/2017\/12\/LogoaecZA.png"},{"@type":"BreadcrumbList","@id":"https:\/\/aplicaexcelcontable.com\/Alumnos\/#breadcrumb","itemListElement":[{"@type":"ListItem","position":1,"name":"Portada","item":"https:\/\/aplicaexcelcontable.com\/Alumnos\/"},{"@type":"ListItem","position":2,"name":"Inicio"}]},{"@type":"WebSite","@id":"https:\/\/aplicaexcelcontable.com\/Alumnos\/#website","url":"https:\/\/aplicaexcelcontable.com\/Alumnos\/","name":"ZONA DE MIEMBROS","description":"TU META ES\u2026 AUTOMATIZAR PLANTILLAS EXCEL","potentialAction":[{"@type":"SearchAction","target":{"@type":"EntryPoint","urlTemplate":"https:\/\/aplicaexcelcontable.com\/Alumnos\/?s={search_term_string}"},"query-input":"required name=search_term_string"}],"inLanguage":"es"}]}},"_links":{"self":[{"href":"https:\/\/aplicaexcelcontable.com\/Alumnos\/wp-json\/wp\/v2\/pages\/13150","targetHints":{"allow":["GET"]}}],"collection":[{"href":"https:\/\/aplicaexcelcontable.com\/Alumnos\/wp-json\/wp\/v2\/pages"}],"about":[{"href":"https:\/\/aplicaexcelcontable.com\/Alumnos\/wp-json\/wp\/v2\/types\/page"}],"author":[{"embeddable":true,"href":"https:\/\/aplicaexcelcontable.com\/Alumnos\/wp-json\/wp\/v2\/users\/1"}],"replies":[{"embeddable":true,"href":"https:\/\/aplicaexcelcontable.com\/Alumnos\/wp-json\/wp\/v2\/comments?post=13150"}],"version-history":[{"count":33,"href":"https:\/\/aplicaexcelcontable.com\/Alumnos\/wp-json\/wp\/v2\/pages\/13150\/revisions"}],"predecessor-version":[{"id":14805,"href":"https:\/\/aplicaexcelcontable.com\/Alumnos\/wp-json\/wp\/v2\/pages\/13150\/revisions\/14805"}],"wp:attachment":[{"href":"https:\/\/aplicaexcelcontable.com\/Alumnos\/wp-json\/wp\/v2\/media?parent=13150"}],"curies":[{"name":"wp","href":"https:\/\/api.w.org\/{rel}","templated":true}]}}