{"id":12661,"date":"2019-02-21T11:32:33","date_gmt":"2019-02-21T17:32:33","guid":{"rendered":"https:\/\/aplicaexcelcontable.com\/Alumnos\/?page_id=12661"},"modified":"2019-08-20T14:09:01","modified_gmt":"2019-08-20T20:09:01","slug":"videoscursocontabilidadb","status":"publish","type":"page","link":"https:\/\/aplicaexcelcontable.com\/Alumnos\/videoscursocontabilidadb","title":{"rendered":"VideoscursocontabilidadB"},"content":{"rendered":"<h2 style=\"text-align: center;\">Curso B\u00e1sico de Contabilidad<\/h2>\n<p>Hola [wp_eMember_first_name]!<\/p>\n<p>Bienvenido al Curso B\u00e1sico de contabilidad, dentro de este curso, te voy a compartir 11 videos mas una secci\u00f3n de complementos:<\/p>\n<p style=\"text-align: justify;\">En este video vamos las generalidades de la contabilidad.<\/p>\n<p style=\"text-align: justify;\">En este video vamos a ver la teor\u00eda del Cargo y el Abono.<\/p>\n<p style=\"text-align: justify;\">En este video vamos a ver como crear tu Plan de Cuentas paso a paso.<\/p>\n<p style=\"text-align: justify;\">En este video vamos a ver como aplicar el sistema decimal para un PC.<\/p>\n<p style=\"text-align: justify;\">En este video vamos a ver como crear tu Plan de cuentas en excel.<\/p>\n<p style=\"text-align: justify;\">En este video vamos a conocer el Ciclo contable paso a paso.<\/p>\n<p style=\"text-align: justify;\">En este video vamos a ver como contabilizar transacciones.<\/p>\n<p style=\"text-align: justify;\">En este video, vamos a contabilizar transacciones parte 2.<\/p>\n<p style=\"text-align: justify;\">En este video vamos a contabilizar transacciones parte 3.<\/p>\n<p style=\"text-align: justify;\">En este video vamos a ver como hacer el pase del Libro Diario al Libro Mayor.<\/p>\n<p style=\"text-align: justify;\">En este video vamos a ver, como crear los estados financieros.<\/p>\n","protected":false},"excerpt":{"rendered":"<p>Curso B\u00e1sico de Contabilidad Hola [wp_eMember_first_name]! Bienvenido al Curso B\u00e1sico de contabilidad, dentro de este curso, te voy a compartir 11 videos mas una secci\u00f3n de complementos: En este video vamos las generalidades de la contabilidad. En este video vamos a ver la teor\u00eda del Cargo y el Abono. En este video vamos a ver [&hellip;]<\/p>\n","protected":false},"author":1,"featured_media":0,"parent":0,"menu_order":0,"comment_status":"closed","ping_status":"closed","template":"","meta":{"footnotes":""},"class_list":["post-12661","page","type-page","status-publish","hentry","post-wrapper","thrv_wrapper"],"yoast_head":"<!-- This site is optimized with the Yoast SEO Premium plugin v22.8 (Yoast SEO v22.8) - https:\/\/yoast.com\/wordpress\/plugins\/seo\/ -->\n<title>VideoscursocontabilidadB - ZONA DE MIEMBROS<\/title>\n<meta name=\"robots\" content=\"index, follow, max-snippet:-1, max-image-preview:large, max-video-preview:-1\" \/>\n<link rel=\"canonical\" href=\"https:\/\/aplicaexcelcontable.com\/Alumnos\/videoscursocontabilidadb\" \/>\n<meta property=\"og:locale\" content=\"es_ES\" \/>\n<meta property=\"og:type\" content=\"article\" \/>\n<meta property=\"og:title\" content=\"VideoscursocontabilidadB\" \/>\n<meta property=\"og:description\" content=\"Curso B\u00e1sico de Contabilidad Hola [wp_eMember_first_name]! Bienvenido al Curso B\u00e1sico de contabilidad, dentro de este curso, te voy a compartir 11 videos mas una secci\u00f3n de complementos: En este video vamos las generalidades de la contabilidad. En este video vamos a ver la teor\u00eda del Cargo y el Abono. En este video vamos a ver [&hellip;]\" \/>\n<meta property=\"og:url\" content=\"https:\/\/aplicaexcelcontable.com\/Alumnos\/videoscursocontabilidadb\" \/>\n<meta property=\"og:site_name\" content=\"ZONA DE MIEMBROS\" \/>\n<meta property=\"article:modified_time\" content=\"2019-08-20T20:09:01+00:00\" \/>\n<meta name=\"twitter:card\" content=\"summary_large_image\" \/>\n<meta name=\"twitter:label1\" content=\"Tiempo de lectura\" \/>\n\t<meta name=\"twitter:data1\" content=\"1 minuto\" \/>\n<script type=\"application\/ld+json\" class=\"yoast-schema-graph\">{\"@context\":\"https:\/\/schema.org\",\"@graph\":[{\"@type\":\"WebPage\",\"@id\":\"https:\/\/aplicaexcelcontable.com\/Alumnos\/videoscursocontabilidadb\",\"url\":\"https:\/\/aplicaexcelcontable.com\/Alumnos\/videoscursocontabilidadb\",\"name\":\"VideoscursocontabilidadB - ZONA DE MIEMBROS\",\"isPartOf\":{\"@id\":\"https:\/\/aplicaexcelcontable.com\/Alumnos\/#website\"},\"datePublished\":\"2019-02-21T17:32:33+00:00\",\"dateModified\":\"2019-08-20T20:09:01+00:00\",\"breadcrumb\":{\"@id\":\"https:\/\/aplicaexcelcontable.com\/Alumnos\/videoscursocontabilidadb#breadcrumb\"},\"inLanguage\":\"es\",\"potentialAction\":[{\"@type\":\"ReadAction\",\"target\":[\"https:\/\/aplicaexcelcontable.com\/Alumnos\/videoscursocontabilidadb\"]}]},{\"@type\":\"BreadcrumbList\",\"@id\":\"https:\/\/aplicaexcelcontable.com\/Alumnos\/videoscursocontabilidadb#breadcrumb\",\"itemListElement\":[{\"@type\":\"ListItem\",\"position\":1,\"name\":\"Portada\",\"item\":\"https:\/\/aplicaexcelcontable.com\/Alumnos\/\"},{\"@type\":\"ListItem\",\"position\":2,\"name\":\"VideoscursocontabilidadB\"}]},{\"@type\":\"WebSite\",\"@id\":\"https:\/\/aplicaexcelcontable.com\/Alumnos\/#website\",\"url\":\"https:\/\/aplicaexcelcontable.com\/Alumnos\/\",\"name\":\"ZONA DE MIEMBROS\",\"description\":\"TU META ES\u2026 AUTOMATIZAR PLANTILLAS EXCEL\",\"potentialAction\":[{\"@type\":\"SearchAction\",\"target\":{\"@type\":\"EntryPoint\",\"urlTemplate\":\"https:\/\/aplicaexcelcontable.com\/Alumnos\/?s={search_term_string}\"},\"query-input\":\"required name=search_term_string\"}],\"inLanguage\":\"es\"}]}<\/script>\n<!-- \/ Yoast SEO Premium plugin. -->","yoast_head_json":{"title":"VideoscursocontabilidadB - ZONA DE MIEMBROS","robots":{"index":"index","follow":"follow","max-snippet":"max-snippet:-1","max-image-preview":"max-image-preview:large","max-video-preview":"max-video-preview:-1"},"canonical":"https:\/\/aplicaexcelcontable.com\/Alumnos\/videoscursocontabilidadb","og_locale":"es_ES","og_type":"article","og_title":"VideoscursocontabilidadB","og_description":"Curso B\u00e1sico de Contabilidad Hola [wp_eMember_first_name]! Bienvenido al Curso B\u00e1sico de contabilidad, dentro de este curso, te voy a compartir 11 videos mas una secci\u00f3n de complementos: En este video vamos las generalidades de la contabilidad. En este video vamos a ver la teor\u00eda del Cargo y el Abono. En este video vamos a ver [&hellip;]","og_url":"https:\/\/aplicaexcelcontable.com\/Alumnos\/videoscursocontabilidadb","og_site_name":"ZONA DE MIEMBROS","article_modified_time":"2019-08-20T20:09:01+00:00","twitter_card":"summary_large_image","twitter_misc":{"Tiempo de lectura":"1 minuto"},"schema":{"@context":"https:\/\/schema.org","@graph":[{"@type":"WebPage","@id":"https:\/\/aplicaexcelcontable.com\/Alumnos\/videoscursocontabilidadb","url":"https:\/\/aplicaexcelcontable.com\/Alumnos\/videoscursocontabilidadb","name":"VideoscursocontabilidadB - ZONA DE MIEMBROS","isPartOf":{"@id":"https:\/\/aplicaexcelcontable.com\/Alumnos\/#website"},"datePublished":"2019-02-21T17:32:33+00:00","dateModified":"2019-08-20T20:09:01+00:00","breadcrumb":{"@id":"https:\/\/aplicaexcelcontable.com\/Alumnos\/videoscursocontabilidadb#breadcrumb"},"inLanguage":"es","potentialAction":[{"@type":"ReadAction","target":["https:\/\/aplicaexcelcontable.com\/Alumnos\/videoscursocontabilidadb"]}]},{"@type":"BreadcrumbList","@id":"https:\/\/aplicaexcelcontable.com\/Alumnos\/videoscursocontabilidadb#breadcrumb","itemListElement":[{"@type":"ListItem","position":1,"name":"Portada","item":"https:\/\/aplicaexcelcontable.com\/Alumnos\/"},{"@type":"ListItem","position":2,"name":"VideoscursocontabilidadB"}]},{"@type":"WebSite","@id":"https:\/\/aplicaexcelcontable.com\/Alumnos\/#website","url":"https:\/\/aplicaexcelcontable.com\/Alumnos\/","name":"ZONA DE MIEMBROS","description":"TU META ES\u2026 AUTOMATIZAR PLANTILLAS EXCEL","potentialAction":[{"@type":"SearchAction","target":{"@type":"EntryPoint","urlTemplate":"https:\/\/aplicaexcelcontable.com\/Alumnos\/?s={search_term_string}"},"query-input":"required name=search_term_string"}],"inLanguage":"es"}]}},"_links":{"self":[{"href":"https:\/\/aplicaexcelcontable.com\/Alumnos\/wp-json\/wp\/v2\/pages\/12661","targetHints":{"allow":["GET"]}}],"collection":[{"href":"https:\/\/aplicaexcelcontable.com\/Alumnos\/wp-json\/wp\/v2\/pages"}],"about":[{"href":"https:\/\/aplicaexcelcontable.com\/Alumnos\/wp-json\/wp\/v2\/types\/page"}],"author":[{"embeddable":true,"href":"https:\/\/aplicaexcelcontable.com\/Alumnos\/wp-json\/wp\/v2\/users\/1"}],"replies":[{"embeddable":true,"href":"https:\/\/aplicaexcelcontable.com\/Alumnos\/wp-json\/wp\/v2\/comments?post=12661"}],"version-history":[{"count":18,"href":"https:\/\/aplicaexcelcontable.com\/Alumnos\/wp-json\/wp\/v2\/pages\/12661\/revisions"}],"predecessor-version":[{"id":13226,"href":"https:\/\/aplicaexcelcontable.com\/Alumnos\/wp-json\/wp\/v2\/pages\/12661\/revisions\/13226"}],"wp:attachment":[{"href":"https:\/\/aplicaexcelcontable.com\/Alumnos\/wp-json\/wp\/v2\/media?parent=12661"}],"curies":[{"name":"wp","href":"https:\/\/api.w.org\/{rel}","templated":true}]}}